{"id":3343,"date":"2025-08-27T05:46:24","date_gmt":"2025-08-27T05:46:24","guid":{"rendered":"https:\/\/ecavix.com\/?post_type=product&#038;p=3343"},"modified":"2025-08-27T06:10:43","modified_gmt":"2025-08-27T06:10:43","slug":"48v-100ah-5kwh-server-rack-lifepo4-batter","status":"publish","type":"product","link":"https:\/\/ecavix.com\/ro\/product\/48v-100ah-5kwh-server-rack-lifepo4-batter\/","title":{"rendered":"Baterie LiFePO4 48v\/51.2V 100Ah pentru rack de server: Solu\u021bia final\u0103 de stocare a energiei solare de 5kWh"},"content":{"rendered":"<br \/>\n<article>\n<header>\n<h1>Baterie LiFePO4 48V 100Ah pentru rack de server: Solu\u021bia final\u0103 de stocare a energiei solare de 5kWh<\/h1>\n<\/header>\n<section>\n<p>The <strong>Baterie LiFePO4 48V 100Ah 5kWh pentru rack server<\/strong> reprezint\u0103 o tehnologie de stocare a energiei de ultim\u0103 genera\u021bie, conceput\u0103 pentru sistemele solare moderne de acas\u0103. Construit\u0103 cu celule premium litiu-fier-fosfat \u0219i sisteme inteligente de gestionare a bateriei, aceast\u0103 solu\u021bie montat\u0103 pe raft ofer\u0103 performan\u021be excep\u021bionale, longevitate \u0219i fiabilitate pentru aplica\u021bii reziden\u021biale \u0219i comerciale de stocare a energiei.<\/p>\n<\/section>\n<section>\n<h2>Tehnologie LiFePO4 avansat\u0103 pentru performan\u021be superioare<\/h2>\n<p>Bateria noastr\u0103 de rack pentru servere utilizeaz\u0103 <strong>Celule LiFePO4 de calitate A<\/strong> provenite de la produc\u0103tori de top din industrie, precum CATL. Aceast\u0103 tehnologie avansat\u0103 de litiu-fier-fosfat asigur\u0103 siguran\u021b\u0103 optim\u0103, stabilitate termic\u0103 \u0219i densitate energetic\u0103. Sistemul inteligent integrat BMS (Battery Management System) cu protocoale de comunicare RS485\/CAN men\u021bine un echilibru perfect al celulelor, oferind \u00een acela\u0219i timp o protec\u021bie complet\u0103 \u00eempotriva supra\u00eenc\u0103rc\u0103rii, supradesc\u0103rc\u0103rii \u0219i sc\u0103p\u0103rii termice.<\/p>\n<\/section>\n<p><img decoding=\"async\" src=\"https:\/\/ecavix.com\/wp-content\/uploads\/2025\/08\/rack-mounted-lithium-Battery-13-.webp\" alt=\"Baterie LiFePO4 48V\/51.2V 100Ah pentru rack server\" width=\"1100\" height=\"1100\" class=\"aligncenter size-full wp-image-3345\" srcset=\"https:\/\/ecavix.com\/wp-content\/uploads\/2025\/08\/rack-mounted-lithium-Battery-13-.webp 1100w, https:\/\/ecavix.com\/wp-content\/uploads\/2025\/08\/rack-mounted-lithium-Battery-13--300x300.webp 300w, https:\/\/ecavix.com\/wp-content\/uploads\/2025\/08\/rack-mounted-lithium-Battery-13--1024x1024.webp 1024w, https:\/\/ecavix.com\/wp-content\/uploads\/2025\/08\/rack-mounted-lithium-Battery-13--150x150.webp 150w, https:\/\/ecavix.com\/wp-content\/uploads\/2025\/08\/rack-mounted-lithium-Battery-13--768x768.webp 768w, https:\/\/ecavix.com\/wp-content\/uploads\/2025\/08\/rack-mounted-lithium-Battery-13--600x600.webp 600w, https:\/\/ecavix.com\/wp-content\/uploads\/2025\/08\/rack-mounted-lithium-Battery-13--100x100.webp 100w\" sizes=\"(max-width: 1100px) 100vw, 1100px\" \/><\/p>\n<section>\n<h2>Caracteristici \u0219i specifica\u021bii cheie<\/h2>\n<h3>Longevitate \u0219i fiabilitate excep\u021bionale<\/h3>\n<ul>\n<li><strong>Durata de via\u021b\u0103 a designului de peste 12 ani<\/strong> elimin\u0103 costurile frecvente de \u00eenlocuire<\/li>\n<li><strong>6.500+ durat\u0103 de via\u021b\u0103 cu ciclu ad\u00e2nc<\/strong> asigur\u0103 performan\u021be constante \u00een timp<\/li>\n<li><strong>Func\u021bionare f\u0103r\u0103 \u00eentre\u021binere<\/strong> reduce cerin\u021bele de servicii curente<\/li>\n<li><strong>Garan\u021bie complet\u0103 de 10 ani<\/strong> cu suport tehnic \u0219i \u00eenlocuire gratuit\u0103 a componentelor<\/li>\n<\/ul>\n<h3>Integrarea inteligent\u0103 a tehnologiei<\/h3>\n<ul>\n<li><strong>BMS inteligent \u00eencorporat<\/strong> cu capacit\u0103\u021bi de autoechilibrare<\/li>\n<li><strong>Afi\u0219aj digital LCD<\/strong> pentru monitorizarea \u00een timp real a st\u0103rii bateriei<\/li>\n<li><strong>Comunicare RS485\/CAN<\/strong> pentru integrarea perfect\u0103 a sistemului<\/li>\n<li><strong>Circuite de protec\u021bie avansate<\/strong> protec\u021bie \u00eempotriva defec\u021biunilor electrice<\/li>\n<\/ul>\n<h3>Proiectare scalabil\u0103 \u0219i eficient\u0103 din punct de vedere spa\u021bial<\/h3>\n<ul>\n<li><strong>Configura\u021bie montat\u0103 pe raft<\/strong> optimizeaz\u0103 utilizarea spa\u021biului<\/li>\n<li><strong>Suport pentru conexiuni paralele<\/strong> pentru p\u00e2n\u0103 la 10 baterii<\/li>\n<li><strong>Capacitate extensibil\u0103<\/strong> cre\u0219te \u00een func\u021bie de nevoile tale energetice<\/li>\n<li><strong>Compatibilitate cu rack-ul standard pentru servere<\/strong> asigur\u0103 o instalare u\u0219oar\u0103<\/li>\n<\/ul>\n<\/section>\n<section>\n<h2>De ce s\u0103 alege\u021bi bateriile LiFePO4 montate pe raft?<\/h2>\n<h3>Optimizarea spa\u021biului<\/h3>\n<p>The <strong>design rack server<\/strong> maximizeaz\u0103 capacitatea de stocare a energiei, minimiz\u00e2nd \u00een acela\u0219i timp cerin\u021bele de spa\u021biu. Mai multe baterii pot fi stivuite vertical \u00een configura\u021bii standard de rack de 19 inch, f\u0103c\u00e2nd aceast\u0103 solu\u021bie ideal\u0103 pentru locuin\u021be, birouri \u0219i instala\u021bii comerciale cu spa\u021biu limitat.<\/p>\n<h3>Profil de siguran\u021b\u0103 superior<\/h3>\n<p><strong>Chimia LiFePO4<\/strong> ofer\u0103 cele mai \u00eenalte standarde de siguran\u021b\u0103 dintre tehnologiile bateriilor cu litiu. Cu o stabilitate termic\u0103 excelent\u0103 \u0219i f\u0103r\u0103 risc de dereglare termic\u0103 \u00een condi\u021bii normale de func\u021bionare, aceste baterii ofer\u0103 lini\u0219te pentru instala\u021biile reziden\u021biale.<\/p>\n<h3>Investi\u021bie rentabil\u0103 pe termen lung<\/h3>\n<p>De\u0219i investi\u021bia ini\u021bial\u0103 poate fi mai mare dec\u00e2t \u00een cazul bateriilor tradi\u021bionale plumb-acid, <strong>Durat\u0103 de via\u021b\u0103 de 12 ani \u0219i 6.500+ cicluri de via\u021b\u0103<\/strong> ofer\u0103 o valoare excep\u021bional\u0103 \u00een timp. Reducerea frecven\u021bei de \u00eenlocuire \u0219i a cerin\u021belor de \u00eentre\u021binere duce la costuri totale de proprietate semnificativ mai mici.<\/p>\n<\/section>\n<section>\n<h2>Aplica\u021bii versatile pentru sistemele energetice moderne<\/h2>\n<h3>Stocarea energiei reziden\u021biale<\/h3>\n<ul>\n<li><strong>Sisteme de stocare a energiei solare la domiciliu<\/strong><\/li>\n<li><strong>Energie de rezerv\u0103 pentru aparatele esen\u021biale<\/strong><\/li>\n<li><strong>Optimizarea energiei \u00een func\u021bie de timpul de utilizare<\/strong><\/li>\n<li><strong>Aplica\u021bii legate la re\u021bea \u0219i \u00een afara re\u021belei<\/strong><\/li>\n<\/ul>\n<h3>Utiliz\u0103ri comerciale \u0219i industriale<\/h3>\n<ul>\n<li><strong>Sisteme UPS<\/strong> pentru alimentare ne\u00eentrerupt\u0103<\/li>\n<li><strong>Echipamente de telecomunica\u021bii<\/strong> alimentare de rezerv\u0103<\/li>\n<li><strong>Sta\u021bii de emisie-recep\u021bie de baz\u0103<\/strong> stocarea energiei<\/li>\n<li><strong>Biroul central<\/strong> sisteme de alimentare<\/li>\n<li><strong>Aplica\u021bii de comutare<\/strong> \u0219i echipamente de comunicare<\/li>\n<\/ul>\n<h3>Aplica\u021bii specializate<\/h3>\n<ul>\n<li><strong>Stabilizarea re\u021belei de energie electric\u0103<\/strong><\/li>\n<li><strong>Ma\u0219ini de birou bazate pe microprocesor<\/strong><\/li>\n<li><strong>Infrastructura critic\u0103<\/strong> sisteme de rezerv\u0103<\/li>\n<\/ul>\n<\/section>\n<section>\n<h2>Asigurarea calit\u0103\u021bii \u0219i certific\u0103ri<\/h2>\n<p>noastre <strong>rack server baterii LiFePO4<\/strong> \u00eendeplinesc standardele interna\u021bionale riguroase de siguran\u021b\u0103 \u0219i calitate. Certific\u0103rile cuprinz\u0103toare includ:<\/p>\n<ul>\n<li><strong>Certificare CE<\/strong> pentru conformitatea cu pia\u021ba european\u0103<\/li>\n<li><strong>Listare UL<\/strong> pentru standardele de siguran\u021b\u0103 nord-americane<\/li>\n<li><strong>Documenta\u021bie MSDS<\/strong> pentru manipulare \u0219i transport \u00een condi\u021bii de siguran\u021b\u0103<\/li>\n<li><strong>Certificare UN38.3<\/strong> pentru conformitatea transportului maritim interna\u021bional<\/li>\n<li><strong>Managementul calit\u0103\u021bii ISO<\/strong> standarde<\/li>\n<li><strong>Standarde interna\u021bionale IEC<\/strong> conformitate<\/li>\n<\/ul>\n<\/section>\n<section>\n<h2>Servicii de personalizare \u0219i OEM<\/h2>\n<p>\u00cen\u021belegem c\u0103 fiecare proiect de stocare a energiei are cerin\u021be unice. Echipa noastr\u0103 de ingineri ofer\u0103 servicii complete <strong>servicii de personalizare<\/strong> inclusiv:<\/p>\n<ul>\n<li>Specifica\u021bii personalizate de tensiune \u0219i curent<\/li>\n<li>Configura\u021bii personalizate ale capacit\u0103\u021bii<\/li>\n<li>Dimensiuni fizice \u0219i aspect modificate<\/li>\n<li>Servicii de produc\u021bie OEM\/ODM<\/li>\n<li>Op\u021biuni de etichetare privat\u0103<\/li>\n<\/ul>\n<\/section>\n<section>\n<h2>Instalarea \u0219i integrarea sistemului<\/h2>\n<p>The <strong>Design de 48V montat pe rack<\/strong> asigur\u0103 o integrare perfect\u0103 cu invertoarele solare \u0219i sistemele de gestionare a energiei existente. Factorul de form\u0103 standardizat simplific\u0103 instalarea, \u00een timp ce BMS-ul inteligent ofer\u0103 compatibilitate plug-and-play cu majoritatea controlorilor de \u00eenc\u0103rcare solar\u0103 \u0219i a sistemelor de invertoare.<\/p>\n<\/section>\n<section>\n<h2>Concluzii: Stocarea energiei pentru viitor<\/h2>\n<p>The <strong>Baterie LiFePO4 48V 100Ah 5kWh pentru rack server<\/strong> reprezint\u0103 apogeul tehnologiei moderne de stocare a energiei. Datorit\u0103 duratei sale de via\u021b\u0103 excep\u021bionale, sistemului inteligent de gestionare \u0219i designului scalabil, aceast\u0103 solu\u021bie ofer\u0103 stocare fiabil\u0103 \u0219i pe termen lung a energiei pentru aplica\u021bii reziden\u021biale \u0219i comerciale. Sus\u021binut\u0103 de garan\u021bii complete \u0219i de asisten\u021b\u0103 tehnic\u0103 profesional\u0103, este alegerea inteligent\u0103 pentru to\u021bi cei care se g\u00e2ndesc serios la independen\u021ba energetic\u0103 durabil\u0103.<\/p>\n<\/section>\n<footer>\n<p><em>Contacta\u021bi-ne ast\u0103zi pentru a afla mai multe despre gama noastr\u0103 complet\u0103 de solu\u021bii de baterii LiFePO4 \u0219i descoperi\u021bi cum bateria noastr\u0103 de 5kWh pentru rack de server v\u0103 poate transforma capacit\u0103\u021bile de stocare a energiei.<\/em><\/p>\n<\/footer>\n<\/article>","protected":false},"excerpt":{"rendered":"<p>48V 100Ah Server Rack LiFePO4 Battery: The Ultimate 5kWh Solar Energy Storage Solution The 48V 100Ah 5kWh server rack LiFePO4 battery represents cutting-edge energy storage technology designed for modern home solar systems. Built with premium lithium iron phosphate cells and intelligent battery management systems, this rack-mounted solution delivers exceptional performance, longevity, and reliability for residential&hellip;&nbsp;<a href=\"https:\/\/ecavix.com\/ro\/product\/48v-100ah-5kwh-server-rack-lifepo4-batter\/\" rel=\"bookmark\"><span class=\"screen-reader-text\">Baterie LiFePO4 48v\/51.2V 100Ah pentru rack de server: Solu\u021bia final\u0103 de stocare a energiei solare de 5kWh<\/span><\/a><\/p>","protected":false},"featured_media":3348,"comment_status":"closed","ping_status":"closed","template":"","meta":{"_uag_custom_page_level_css":"","neve_meta_sidebar":"","neve_meta_container":"","neve_meta_enable_content_width":"off","neve_meta_content_width":100,"neve_meta_title_alignment":"","neve_meta_author_avatar":"","neve_post_elements_order":"","neve_meta_disable_header":"","neve_meta_disable_footer":"","neve_meta_disable_title":""},"product_brand":[],"product_cat":[82,84],"product_tag":[],"class_list":{"0":"post-3343","1":"product","2":"type-product","3":"status-publish","4":"has-post-thumbnail","6":"product_cat-residential-storage-battery","7":"product_cat-rack-mount-battery-residential-storage-battery","9":"first","10":"instock","11":"shipping-taxable","12":"product-type-simple"},"uagb_featured_image_src":{"full":["https:\/\/ecavix.com\/wp-content\/uploads\/2025\/08\/5kwh-Sever-Rack-Battery-BE51100-001.webp",1000,1000,false],"thumbnail":["https:\/\/ecavix.com\/wp-content\/uploads\/2025\/08\/5kwh-Sever-Rack-Battery-BE51100-001-150x150.webp",150,150,true],"medium":["https:\/\/ecavix.com\/wp-content\/uploads\/2025\/08\/5kwh-Sever-Rack-Battery-BE51100-001-300x300.webp",300,300,true],"medium_large":["https:\/\/ecavix.com\/wp-content\/uploads\/2025\/08\/5kwh-Sever-Rack-Battery-BE51100-001-768x768.webp",768,768,true],"large":["https:\/\/ecavix.com\/wp-content\/uploads\/2025\/08\/5kwh-Sever-Rack-Battery-BE51100-001.webp",1000,1000,false],"1536x1536":["https:\/\/ecavix.com\/wp-content\/uploads\/2025\/08\/5kwh-Sever-Rack-Battery-BE51100-001.webp",1000,1000,false],"2048x2048":["https:\/\/ecavix.com\/wp-content\/uploads\/2025\/08\/5kwh-Sever-Rack-Battery-BE51100-001.webp",1000,1000,false],"trp-custom-language-flag":["https:\/\/ecavix.com\/wp-content\/uploads\/2025\/08\/5kwh-Sever-Rack-Battery-BE51100-001.webp",12,12,false],"neve-blog":["https:\/\/ecavix.com\/wp-content\/uploads\/2025\/08\/5kwh-Sever-Rack-Battery-BE51100-001-930x620.webp",930,620,true],"woocommerce_thumbnail":["https:\/\/ecavix.com\/wp-content\/uploads\/2025\/08\/5kwh-Sever-Rack-Battery-BE51100-001-300x300.webp",300,300,true],"woocommerce_single":["https:\/\/ecavix.com\/wp-content\/uploads\/2025\/08\/5kwh-Sever-Rack-Battery-BE51100-001-600x600.webp",600,600,true],"woocommerce_gallery_thumbnail":["https:\/\/ecavix.com\/wp-content\/uploads\/2025\/08\/5kwh-Sever-Rack-Battery-BE51100-001-100x100.webp",100,100,true]},"uagb_author_info":{"display_name":"solvitaenergylimited@gmail.com","author_link":"https:\/\/ecavix.com\/ro\/author\/"},"uagb_comment_info":0,"uagb_excerpt":"48V 100Ah Server Rack LiFePO4 Battery: The Ultimate 5kWh Solar Energy Storage Solution The 48V 100Ah 5kWh server rack LiFePO4 battery represents cutting-edge energy storage technology designed for modern home solar systems. Built with premium lithium iron phosphate cells and intelligent battery management systems, this rack-mounted solution delivers exceptional performance, longevity, and reliability for residential&hellip;&nbsp;48v\/51.2V&hellip;","_links":{"self":[{"href":"https:\/\/ecavix.com\/ro\/wp-json\/wp\/v2\/product\/3343","targetHints":{"allow":["GET"]}}],"collection":[{"href":"https:\/\/ecavix.com\/ro\/wp-json\/wp\/v2\/product"}],"about":[{"href":"https:\/\/ecavix.com\/ro\/wp-json\/wp\/v2\/types\/product"}],"replies":[{"embeddable":true,"href":"https:\/\/ecavix.com\/ro\/wp-json\/wp\/v2\/comments?post=3343"}],"wp:featuredmedia":[{"embeddable":true,"href":"https:\/\/ecavix.com\/ro\/wp-json\/wp\/v2\/media\/3348"}],"wp:attachment":[{"href":"https:\/\/ecavix.com\/ro\/wp-json\/wp\/v2\/media?parent=3343"}],"wp:term":[{"taxonomy":"product_brand","embeddable":true,"href":"https:\/\/ecavix.com\/ro\/wp-json\/wp\/v2\/product_brand?post=3343"},{"taxonomy":"product_cat","embeddable":true,"href":"https:\/\/ecavix.com\/ro\/wp-json\/wp\/v2\/product_cat?post=3343"},{"taxonomy":"product_tag","embeddable":true,"href":"https:\/\/ecavix.com\/ro\/wp-json\/wp\/v2\/product_tag?post=3343"}],"curies":[{"name":"wp","href":"https:\/\/api.w.org\/{rel}","templated":true}]}}