{"id":3250,"date":"2025-08-18T02:36:34","date_gmt":"2025-08-18T02:36:34","guid":{"rendered":"https:\/\/ecavix.com\/?post_type=product&#038;p=3250"},"modified":"2025-08-18T07:12:32","modified_gmt":"2025-08-18T07:12:32","slug":"ecavix-25-6v-200ah-plumb-acid-de-inlocuire","status":"publish","type":"product","link":"https:\/\/ecavix.com\/ro\/product\/ecavix-25-6v-200ah-lead-acid-replacement\/","title":{"rendered":"Ecavix 25.6v 200ah Plumb Acid de \u00eenlocuire"},"content":{"rendered":"<br \/>\n<h1>Ecavix 25.6v 200ah Plumb Acid de \u00eenlocuire<\/h1>\n<div class=\"section\">\n<p>The <span class=\"highlight\">Ecavix 25.6v 200ah Plumb Acid de \u00eenlocuire<\/span> este proiectat pentru o densitate energetic\u0103 ridicat\u0103, siguran\u021b\u0103 \u0219i performan\u021b\u0103 pe cicluri lungi. Av\u00e2nd un comportament electrochimic stabil \u0219i rezisten\u021b\u0103 termic\u0103, acesta func\u021bioneaz\u0103 fiabil \u00een medii solicitante. Este ideal pentru o gam\u0103 larg\u0103 de aplica\u021bii, inclusiv m\u0103tur\u0103toare, vehicule de agrement, stivuitoare, iahturi, AGV-uri \u0219i multe altele.<\/p>\n<\/p><\/div>\n<h2>Caracteristici principale<\/h2>\n<ul>\n<li>Chimia avansat\u0103 LiFePO4 ofer\u0103 stabilitate termic\u0103 \u0219i chimic\u0103 ridicat\u0103.<\/li>\n<li>Sistem BMS intern pentru protec\u021bie complet\u0103 \u00eempotriva supra\u00eenc\u0103rc\u0103rii, supradesc\u0103rc\u0103rii, v\u00e2rfurilor de curent \u0219i fluctua\u021biilor de temperatur\u0103.<\/li>\n<li>Durat\u0103 de via\u021b\u0103 lung\u0103 - peste 3000 de cicluri la o ad\u00e2ncime de desc\u0103rcare de 80% (DOD).<\/li>\n<li>Tensiunea de desc\u0103rcare stabil\u0103 asigur\u0103 o putere constant\u0103 p\u00e2n\u0103 la golirea complet\u0103.<\/li>\n<li>F\u0103r\u0103 metale toxice - sigure pentru mediu \u0219i reciclabile.<\/li>\n<li>Designul compact, de \u00eenalt\u0103 integrare, economise\u0219te spa\u021biu de instalare.<\/li>\n<li>Func\u021bionare f\u0103r\u0103 \u00eentre\u021binere \u0219i f\u0103r\u0103 efect de memorie.<\/li>\n<\/ul>\n<h2>Ecavix 25.6v 200ah Plumb Acid Aplica\u021bii de \u00eenlocuire<\/h2>\n<ul>\n<li>M\u0103tur\u0103toare \u0219i aspiratoare<\/li>\n<li>Vehicule de agrement \u0219i rulote<\/li>\n<li>Stivuitoare \u0219i AGV-uri<\/li>\n<li>Iahturi \u0219i echipamente marine<\/li>\n<li>Vehicule electrice cu trei\/patru ro\u021bi<\/li>\n<li>Sisteme de stocare a energiei \u00een afara re\u021belei<\/li>\n<\/ul>\n<h2>Specifica\u021bii tehnice<\/h2>\n<table>\n<tr>\n<th>Marca<\/th>\n<td>Ecavix<\/td>\n<\/tr>\n<tr>\n<th>Capacitatea pachetului de baterii<\/th>\n<td>2560Wh<\/td>\n<\/tr>\n<tr>\n<th>Tensiunea pachetului de baterii<\/th>\n<td>25.6V<\/td>\n<\/tr>\n<tr>\n<th>Capacitatea pachetului de baterii<\/th>\n<td>200Ah<\/td>\n<\/tr>\n<tr>\n<th>Tehnologia celular\u0103<\/th>\n<td>LiFePO4<\/td>\n<\/tr>\n<tr>\n<th>Opera\u021biunea Life<\/th>\n<td>10+ ani<\/td>\n<\/tr>\n<tr>\n<th>Durata de via\u021b\u0103 a ciclului de func\u021bionare<\/th>\n<td>De peste 3000 de ori<\/td>\n<\/tr>\n<tr>\n<th>Configura\u021bie pachet unic<\/th>\n<td>8 celule \u00een serie<\/td>\n<\/tr>\n<tr>\n<th>Tensiunea limit\u0103 a \u00eenc\u0103rc\u0103torului<\/th>\n<td>29.2V<\/td>\n<\/tr>\n<tr>\n<th>Tensiunea de deconectare a desc\u0103rc\u0103rii<\/th>\n<td>20V<\/td>\n<\/tr>\n<tr>\n<th>Curentul de \u00eenc\u0103rcare al acumulatorului (Max.)<\/th>\n<td>50A<\/td>\n<\/tr>\n<tr>\n<th>Curentul de desc\u0103rcare al acumulatorului (Max.)<\/th>\n<td>100A<\/td>\n<\/tr>\n<tr>\n<th>Temperatura de \u00eenc\u0103rcare<\/th>\n<td>0~65\u2103<\/td>\n<\/tr>\n<tr>\n<th>Temperatura de desc\u0103rcare<\/th>\n<td>-20~65\u2103<\/td>\n<\/tr>\n<tr>\n<th>Paralel\/Serie<\/th>\n<td>Sus\u021binut<\/td>\n<\/tr>\n<tr>\n<th>Tip de montare<\/th>\n<td>Instalare gratuit\u0103<\/td>\n<\/tr>\n<tr>\n<th>Greutate<\/th>\n<td>28Kg<\/td>\n<\/tr>\n<tr>\n<th>Dimensiuni<\/th>\n<td>L405 \u00d7 W345 \u00d7 H163 mm<\/td>\n<\/tr>\n<tr>\n<th>Certificatele<\/th>\n<td>CE, ROHS, UN38.3, MSDS<\/td>\n<\/tr>\n<\/table>","protected":false},"excerpt":{"rendered":"<p>Ecavix 25.6v 200ah plumb acid de \u00eenlocuire ofer\u0103 densitate mare de energie, siguran\u021b\u0103 excelent\u0103, durat\u0103 lung\u0103 de via\u021b\u0103 \u0219i este ideal pentru RV, stivuitoare, iahturi \u0219i m\u0103tur\u0103toare.<\/p>","protected":false},"featured_media":3271,"comment_status":"closed","ping_status":"closed","template":"","meta":{"_uag_custom_page_level_css":"","neve_meta_sidebar":"","neve_meta_container":"","neve_meta_enable_content_width":"off","neve_meta_content_width":100,"neve_meta_title_alignment":"","neve_meta_author_avatar":"","neve_post_elements_order":"","neve_meta_disable_header":"","neve_meta_disable_footer":"","neve_meta_disable_title":""},"product_brand":[],"product_cat":[81,82],"product_tag":[],"class_list":{"0":"post-3250","1":"product","2":"type-product","3":"status-publish","4":"has-post-thumbnail","6":"product_cat-lead-acid-replacement","7":"product_cat-residential-storage-battery","9":"first","10":"instock","11":"shipping-taxable","12":"product-type-simple"},"uagb_featured_image_src":{"full":["https:\/\/ecavix.com\/wp-content\/uploads\/2025\/08\/03-3-scaled.jpg",2560,1844,false],"thumbnail":["https:\/\/ecavix.com\/wp-content\/uploads\/2025\/08\/03-3-150x150.jpg",150,150,true],"medium":["https:\/\/ecavix.com\/wp-content\/uploads\/2025\/08\/03-3-300x216.jpg",300,216,true],"medium_large":["https:\/\/ecavix.com\/wp-content\/uploads\/2025\/08\/03-3-768x553.jpg",768,553,true],"large":["https:\/\/ecavix.com\/wp-content\/uploads\/2025\/08\/03-3-1024x738.jpg",1024,738,true],"1536x1536":["https:\/\/ecavix.com\/wp-content\/uploads\/2025\/08\/03-3-1536x1107.jpg",1536,1107,true],"2048x2048":["https:\/\/ecavix.com\/wp-content\/uploads\/2025\/08\/03-3-2048x1475.jpg",2048,1475,true],"trp-custom-language-flag":["https:\/\/ecavix.com\/wp-content\/uploads\/2025\/08\/03-3-scaled.jpg",18,12,false],"neve-blog":["https:\/\/ecavix.com\/wp-content\/uploads\/2025\/08\/03-3-930x620.jpg",930,620,true],"woocommerce_thumbnail":["https:\/\/ecavix.com\/wp-content\/uploads\/2025\/08\/03-3-300x300.jpg",300,300,true],"woocommerce_single":["https:\/\/ecavix.com\/wp-content\/uploads\/2025\/08\/03-3-600x432.jpg",600,432,true],"woocommerce_gallery_thumbnail":["https:\/\/ecavix.com\/wp-content\/uploads\/2025\/08\/03-3-100x100.jpg",100,100,true]},"uagb_author_info":{"display_name":"solvitaenergylimited@gmail.com","author_link":"https:\/\/ecavix.com\/ro\/author\/"},"uagb_comment_info":0,"uagb_excerpt":"Ecavix 25.6v 200ah Lead Acid Replacement offers high energy density, excellent safety, long cycle life, and is ideal for RVs, forklifts, yachts, and sweepers.","_links":{"self":[{"href":"https:\/\/ecavix.com\/ro\/wp-json\/wp\/v2\/product\/3250","targetHints":{"allow":["GET"]}}],"collection":[{"href":"https:\/\/ecavix.com\/ro\/wp-json\/wp\/v2\/product"}],"about":[{"href":"https:\/\/ecavix.com\/ro\/wp-json\/wp\/v2\/types\/product"}],"replies":[{"embeddable":true,"href":"https:\/\/ecavix.com\/ro\/wp-json\/wp\/v2\/comments?post=3250"}],"wp:featuredmedia":[{"embeddable":true,"href":"https:\/\/ecavix.com\/ro\/wp-json\/wp\/v2\/media\/3271"}],"wp:attachment":[{"href":"https:\/\/ecavix.com\/ro\/wp-json\/wp\/v2\/media?parent=3250"}],"wp:term":[{"taxonomy":"product_brand","embeddable":true,"href":"https:\/\/ecavix.com\/ro\/wp-json\/wp\/v2\/product_brand?post=3250"},{"taxonomy":"product_cat","embeddable":true,"href":"https:\/\/ecavix.com\/ro\/wp-json\/wp\/v2\/product_cat?post=3250"},{"taxonomy":"product_tag","embeddable":true,"href":"https:\/\/ecavix.com\/ro\/wp-json\/wp\/v2\/product_tag?post=3250"}],"curies":[{"name":"wp","href":"https:\/\/api.w.org\/{rel}","templated":true}]}}