{"id":3076,"date":"2025-08-05T08:44:08","date_gmt":"2025-08-05T08:44:08","guid":{"rendered":"https:\/\/ecavix.com\/?post_type=product&#038;p=3076"},"modified":"2025-08-12T06:33:14","modified_gmt":"2025-08-12T06:33:14","slug":"48v-51-2v-100ah-5kwh-stivuibil-acasa-baterie","status":"publish","type":"product","link":"https:\/\/ecavix.com\/ro\/product\/48v-51-2v-100ah-5kwh-stackable-home-battery\/","title":{"rendered":"Baterie litiu stivuibil\u0103 48V\/51.2v 100ah"},"content":{"rendered":"<br \/>\n<h1>Baterie litiu stivuibil\u0103 48V\/51.2v 100ah<\/h1>\n<p>Pentru sistemul de stocare a energiei solare acas\u0103 ESS<\/p>\n<div class=\"container\">\n<h2>Prezentare general\u0103 a produsului<\/h2>\n<p>\n    Bateria casnic\u0103 stivuibil\u0103 de 5,12 kWh produs\u0103 de Ecavix suport\u0103 utilizarea \u00een paralel.<br \/>\n    Pot fi conectate p\u00e2n\u0103 la cinci baterii de 5,12 kWh pentru a ajunge la o capacitate total\u0103 de 25 kWh.<br \/>\n    Acest design modular asigur\u0103 flexibilitate \u0219i adaptabilitate pentru diverse nevoi de stocare a energiei.\n  <\/p>\n<h2>Configura\u021bii de baterii stivuibile<\/h2>\n<ul>\n<li>Baterie de cas\u0103 stivuibil\u0103 x 1P - 51.2V 100Ah - 5.12kWh<\/li>\n<li>Baterie de cas\u0103 stivuibil\u0103 x 2P - 51.2V 200Ah - 10.24kWh<\/li>\n<li>Baterie de cas\u0103 stivuibil\u0103 x 3P - 51.2V 300Ah - 15.36kWh<\/li>\n<li>Baterie de cas\u0103 stivuibil\u0103 x 4P - 51.2V 400Ah - 20.48kWh<\/li>\n<li>Baterie de cas\u0103 stivuibil\u0103 x 5P - 51.2V 500Ah - 25.6kWh<\/li>\n<\/ul>\n<h2>Avantaje cheie<\/h2>\n<ul>\n<li>Design stivuibil \u0219i mobil pentru economisirea spa\u021biului<\/li>\n<li>Construit cu celule LiFePO4 de calitate A \u0219i garan\u021bie de 10 ani<\/li>\n<li>Durat\u0103 de via\u021b\u0103 de peste 6.500 de cicluri ad\u00e2nci \u0219i durat\u0103 de via\u021b\u0103 de peste 12 ani<\/li>\n<li>BMS inteligent pentru supratensiune, supracurent, supra\u00eenc\u0103rcare, etc.<\/li>\n<li>Suport\u0103 comunicarea RS485, CAN \u0219i WiFi<\/li>\n<li>Extensibil \u00een paralel p\u00e2n\u0103 la 25,6kWh<\/li>\n<li>Personalizabil de c\u0103tre echipa de ingineri profesioni\u0219ti<\/li>\n<\/ul>\n<h2>BMS inteligent \u00eencorporat<\/h2>\n<p>\n    Sistemul inteligent integrat de gestionare a bateriei (BMS) ofer\u0103 protec\u021bie \u00een timp real<br \/>\n    \u00eempotriva supratensiunii, supracurentului, supradesc\u0103rc\u0103rii, supra\u00eenc\u0103lzirii \u0219i altor anomalii.\n  <\/p>\n<h2>Baterie mobil\u0103<\/h2>\n<p>\n    Designul de stivuire are scripe\u021bi monta\u021bi \u00een partea de jos pentru mobilitate interioar\u0103 convenabil\u0103.<br \/>\n    Ecranul LCD integrat permite monitorizarea \u0219i gestionarea bateriei \u00een timp real.\n  <\/p>\n<h2>Scenarii de aplicare<\/h2>\n<ul>\n<li>Stocarea energiei \u00een gospod\u0103rii<\/li>\n<li>Sisteme de stocare a energiei solare<\/li>\n<li>Stocarea energiei \u00een scopuri comerciale<\/li>\n<li>Sisteme UPS<\/li>\n<li>Birouri centrale \u0219i sta\u021bii de telecomunica\u021bii<\/li>\n<li>Infrastructura de energie electric\u0103<\/li>\n<\/ul>\n<p class=\"note\">\n    Un video demonstrativ este disponibil pentru a ar\u0103ta starea de func\u021bionare a bateriilor stivuibile Ecavix atunci c\u00e2nd sunt conectate la un invertor.\n  <\/p>\n<\/div>","protected":false},"excerpt":{"rendered":"<p>Baterie de litiu stivuibil\u0103 48V\/51.2v 100ah pentru Ecavix Home Solar Energy Storage System ESS, Bateria casnic\u0103 stivuibil\u0103 5.12kWh produs\u0103 de Ecavix suport\u0103 utilizarea \u00een paralel.<br \/>\n    Pot fi conectate p\u00e2n\u0103 la cinci baterii de 5,12 kWh pentru a ajunge la o capacitate total\u0103 de 25 kWh.<br \/>\n    Acest design modular asigur\u0103 flexibilitate \u0219i adaptabilitate pentru diverse nevoi de stocare a energiei.<\/p>","protected":false},"featured_media":3077,"comment_status":"closed","ping_status":"closed","template":"","meta":{"_uag_custom_page_level_css":"","neve_meta_sidebar":"","neve_meta_container":"","neve_meta_enable_content_width":"off","neve_meta_content_width":100,"neve_meta_title_alignment":"","neve_meta_author_avatar":"","neve_post_elements_order":"","neve_meta_disable_header":"","neve_meta_disable_footer":"","neve_meta_disable_title":""},"product_brand":[],"product_cat":[82,86],"product_tag":[],"class_list":{"0":"post-3076","1":"product","2":"type-product","3":"status-publish","4":"has-post-thumbnail","6":"product_cat-residential-storage-battery","7":"product_cat-stacked-battery-residential-storage-battery","9":"first","10":"instock","11":"shipping-taxable","12":"product-type-simple"},"uagb_featured_image_src":{"full":["https:\/\/ecavix.com\/wp-content\/uploads\/2025\/08\/Stackable-Home-Battery-HS51100-05-.jpg",1000,1000,false],"thumbnail":["https:\/\/ecavix.com\/wp-content\/uploads\/2025\/08\/Stackable-Home-Battery-HS51100-05--150x150.jpg",150,150,true],"medium":["https:\/\/ecavix.com\/wp-content\/uploads\/2025\/08\/Stackable-Home-Battery-HS51100-05--300x300.jpg",300,300,true],"medium_large":["https:\/\/ecavix.com\/wp-content\/uploads\/2025\/08\/Stackable-Home-Battery-HS51100-05--768x768.jpg",768,768,true],"large":["https:\/\/ecavix.com\/wp-content\/uploads\/2025\/08\/Stackable-Home-Battery-HS51100-05-.jpg",1000,1000,false],"1536x1536":["https:\/\/ecavix.com\/wp-content\/uploads\/2025\/08\/Stackable-Home-Battery-HS51100-05-.jpg",1000,1000,false],"2048x2048":["https:\/\/ecavix.com\/wp-content\/uploads\/2025\/08\/Stackable-Home-Battery-HS51100-05-.jpg",1000,1000,false],"trp-custom-language-flag":["https:\/\/ecavix.com\/wp-content\/uploads\/2025\/08\/Stackable-Home-Battery-HS51100-05-.jpg",12,12,false],"neve-blog":["https:\/\/ecavix.com\/wp-content\/uploads\/2025\/08\/Stackable-Home-Battery-HS51100-05--930x620.jpg",930,620,true],"woocommerce_thumbnail":["https:\/\/ecavix.com\/wp-content\/uploads\/2025\/08\/Stackable-Home-Battery-HS51100-05--300x300.jpg",300,300,true],"woocommerce_single":["https:\/\/ecavix.com\/wp-content\/uploads\/2025\/08\/Stackable-Home-Battery-HS51100-05--600x600.jpg",600,600,true],"woocommerce_gallery_thumbnail":["https:\/\/ecavix.com\/wp-content\/uploads\/2025\/08\/Stackable-Home-Battery-HS51100-05--100x100.jpg",100,100,true]},"uagb_author_info":{"display_name":"solvitaenergylimited@gmail.com","author_link":"https:\/\/ecavix.com\/ro\/author\/"},"uagb_comment_info":0,"uagb_excerpt":"Stackable Lithium Battery 48V\/51.2v 100ah for Ecavix Home Solar Energy Storage System ESS, The 5.12kWh stackable home battery produced by Ecavix supports parallel use. Up to five 5.12kWh batteries can be connected to reach a total capacity of 25kWh. This modular design ensures flexibility and adaptability for various energy storage needs.","_links":{"self":[{"href":"https:\/\/ecavix.com\/ro\/wp-json\/wp\/v2\/product\/3076","targetHints":{"allow":["GET"]}}],"collection":[{"href":"https:\/\/ecavix.com\/ro\/wp-json\/wp\/v2\/product"}],"about":[{"href":"https:\/\/ecavix.com\/ro\/wp-json\/wp\/v2\/types\/product"}],"replies":[{"embeddable":true,"href":"https:\/\/ecavix.com\/ro\/wp-json\/wp\/v2\/comments?post=3076"}],"wp:featuredmedia":[{"embeddable":true,"href":"https:\/\/ecavix.com\/ro\/wp-json\/wp\/v2\/media\/3077"}],"wp:attachment":[{"href":"https:\/\/ecavix.com\/ro\/wp-json\/wp\/v2\/media?parent=3076"}],"wp:term":[{"taxonomy":"product_brand","embeddable":true,"href":"https:\/\/ecavix.com\/ro\/wp-json\/wp\/v2\/product_brand?post=3076"},{"taxonomy":"product_cat","embeddable":true,"href":"https:\/\/ecavix.com\/ro\/wp-json\/wp\/v2\/product_cat?post=3076"},{"taxonomy":"product_tag","embeddable":true,"href":"https:\/\/ecavix.com\/ro\/wp-json\/wp\/v2\/product_tag?post=3076"}],"curies":[{"name":"wp","href":"https:\/\/api.w.org\/{rel}","templated":true}]}}