{"id":3069,"date":"2025-08-05T08:29:58","date_gmt":"2025-08-05T08:29:58","guid":{"rendered":"https:\/\/ecavix.com\/?post_type=product&#038;p=3069"},"modified":"2025-08-12T06:32:21","modified_gmt":"2025-08-12T06:32:21","slug":"51-2v-100ah-200ah-baterie-cu-baza-la-sol-ecavix","status":"publish","type":"product","link":"https:\/\/ecavix.com\/ro\/product\/51-2v-100ah-200ah-ground-base-battery-ecavix\/","title":{"rendered":"Baterie de baz\u0103 la sol 51.2V 100Ah\uff0c51.2V 200ah"},"content":{"rendered":"<h1>Baterie de baz\u0103 la sol 51.2V 100Ah\uff0c51.2V 200ah<\/h1>\n<p>\n    <a href=\"\/ro\/\">Ecavix pe vertical\u0103<\/a> <span class=\"highlight\">Baterie de baz\u0103 la sol 51.2V 100Ah\uff0c51.2V 200ah<\/span> este construit pentru stocarea energiei \u00een scopuri reziden\u021biale \u0219i comerciale, oferind capacit\u0103\u021bi modulare de la <strong>5,12KWh p\u00e2n\u0103 la 10,24KWh<\/strong>. Se adopt\u0103 gradul A <strong>LiFePO4<\/strong> cu siguran\u021b\u0103 \u0219i durabilitate remarcabile. Cu cicluri de via\u021b\u0103 lungi, protec\u021bie BMS inteligent\u0103 \u0219i capacitate paralel\u0103 flexibil\u0103, aceast\u0103 baterie este ideal\u0103 pentru energie de rezerv\u0103, ESS solar \u0219i aplica\u021bii off-grid.\n  <\/p>\n<h2>Baterie de baz\u0103 la sol Caracteristici principale<\/h2>\n<ul>\n<li>Celule noi din fosfat de fier \u0219i litiu de grad A.<\/li>\n<li>BMS inteligent cu monitorizare \u00een timp real \u0219i echilibrare pasiv\u0103.<\/li>\n<li>Durat\u0103 de via\u021b\u0103 ridicat\u0103: 6500+ ori, durat\u0103 de via\u021b\u0103 de 12 ani.<\/li>\n<li>Suport\u0103 p\u00e2n\u0103 la 15 unit\u0103\u021bi \u00een paralel pentru extinderea u\u0219oar\u0103 a capacit\u0103\u021bii.<\/li>\n<li>Chimia termo-stabil\u0103 asigur\u0103 siguran\u021b\u0103 maxim\u0103.<\/li>\n<li>Complet personalizabil: tensiune, curent, porturi, dimensiune, Bluetooth, \u00eenc\u0103lzire, etc.<\/li>\n<li>Servicii OEM\/ODM disponibile pentru proiecte industriale \u0219i reziden\u021biale.<\/li>\n<\/ul>\n<h2>Sistem scalabil de stocare a energiei<\/h2>\n<p>Pute\u021bi combina mai multe unit\u0103\u021bi \u00een paralel pentru a satisface diverse cerin\u021be energetice:<\/p>\n<ul>\n<li>3 \u00d7 51.2V 200Ah \u2192 <strong>30.72kWh<\/strong><\/li>\n<li>15 \u00d7 10.24kWh unit\u0103\u021bi \u2192 <strong>153.6kWh<\/strong> ESS la scar\u0103 larg\u0103<\/li>\n<\/ul>\n<p><img decoding=\"async\" src=\"https:\/\/ecavix.com\/wp-content\/uploads\/2025\/08\/01-1-249x300.jpg\" style='width:100%;height:auto:margin:auto' alt=\"Baterie de baz\u0103 la sol\" width=\"249\" height=\"300\" class=\"alignnone size-medium wp-image-3070\" srcset=\"https:\/\/ecavix.com\/wp-content\/uploads\/2025\/08\/01-1-249x300.jpg 249w, https:\/\/ecavix.com\/wp-content\/uploads\/2025\/08\/01-1-850x1024.jpg 850w, https:\/\/ecavix.com\/wp-content\/uploads\/2025\/08\/01-1-768x925.jpg 768w, https:\/\/ecavix.com\/wp-content\/uploads\/2025\/08\/01-1-1275x1536.jpg 1275w, https:\/\/ecavix.com\/wp-content\/uploads\/2025\/08\/01-1-1700x2048.jpg 1700w, https:\/\/ecavix.com\/wp-content\/uploads\/2025\/08\/01-1-600x723.jpg 600w\" sizes=\"(max-width: 249px) 100vw, 249px\" \/><\/p>\n<h2>Specifica\u021bii tehnice<\/h2>\n<table>\n<tr>\n<th>Model Serie<\/th>\n<td>DL-LFP-LVM10 \/ LVM15 \/ LVM15L<\/td>\n<\/tr>\n<tr>\n<th>Tensiune nominal\u0103<\/th>\n<td>51.2V<\/td>\n<\/tr>\n<tr>\n<th>Intervalul capacit\u0103\u021bii nominale<\/th>\n<td>200Ah p\u00e2n\u0103 la 600Ah<\/td>\n<\/tr>\n<tr>\n<th>Capacitatea energetic\u0103<\/th>\n<td>10.24kWh ~ 32kWh<\/td>\n<\/tr>\n<tr>\n<th>Tip de celul\u0103<\/th>\n<td>LiFePO4 (clasa A)<\/td>\n<\/tr>\n<tr>\n<th>Ciclul de via\u021b\u0103<\/th>\n<td>\u2265 6500 de cicluri<\/td>\n<\/tr>\n<tr>\n<th>Design Life<\/th>\n<td>12 ani<\/td>\n<\/tr>\n<tr>\n<th>Unit\u0103\u021bi paralele maxime<\/th>\n<td>15<\/td>\n<\/tr>\n<tr>\n<th>Comunicare<\/th>\n<td>RS485 \/ CAN<\/td>\n<\/tr>\n<tr>\n<th>Tip de montare<\/th>\n<td>Vertical \/ Pe podea<\/td>\n<\/tr>\n<tr>\n<th>Temperatura de \u00eenc\u0103rcare<\/th>\n<td>0\u2103 ~ 45\u2103<\/td>\n<\/tr>\n<tr>\n<th>Temperatura de desc\u0103rcare<\/th>\n<td>-20\u2103 ~ 55\u2103<\/td>\n<\/tr>\n<tr>\n<th>Op\u021biuni de personalizare<\/th>\n<td>Bluetooth, \u00cenc\u0103lzire, Aspect, Porturi, Dimensiune<\/td>\n<\/tr>\n<tr>\n<th>Certific\u0103ri<\/th>\n<td>CE, UN38.3, MSDS, RoHS<\/td>\n<\/tr>\n<\/table>\n<h2>Configura\u021bii disponibile<\/h2>\n<ul>\n<li>51.2V 200Ah - 10.24kWh<\/li>\n<li>51.2V 230Ah - 11.78kWh<\/li>\n<li>51.2V 280Ah - 14.34kWh<\/li>\n<li>51.2V 305Ah - 15.62kWh<\/li>\n<li>51.2V 314Ah - 16.07kWh<\/li>\n<li>Alte capacit\u0103\u021bi: 28kWh, 32kWh (personalizate)<\/li>\n<\/ul>\n<h2>Aplica\u021bii<\/h2>\n<ul>\n<li>Sistem de stocare a energiei solare la domiciliu (ESS)<\/li>\n<li>Energie de rezerv\u0103 pentru uz reziden\u021bial \u0219i comercial<\/li>\n<li>Microgrile \u0219i sisteme de alimentare \u00een afara re\u021belei<\/li>\n<li>UPS \u0219i schimbarea energiei pentru reducerea v\u00e2rfurilor de consum<\/li>\n<\/ul>\n<h2>De ce s\u0103 alege\u021bi Ecavix Energy?<\/h2>\n<ul>\n<li>Peste 11 ani de experien\u021b\u0103 \u00een fabricarea bateriilor cu litiu<\/li>\n<li>Interval larg de tensiune: 12V p\u00e2n\u0103 la 96V LiFePO4 \u0219i sisteme de stocare a energiei<\/li>\n<li>Echipa intern\u0103 de ingineri pentru personalizare OEM\/ODM flexibil\u0103<\/li>\n<li>Garan\u021bie de 10 ani pentru servicii post-v\u00e2nzare<\/li>\n<li>Potrivire strict\u0103 a celulelor \u0219i echilibrare inteligent\u0103 pentru consisten\u021ba bateriei<\/li>\n<\/ul>","protected":false},"excerpt":{"rendered":"<p>Baterie vertical\u0103 de litiu de 51,2 V cu capacit\u0103\u021bi de la 5,12KWh la 10,24KWh Ground Base Battery, utiliz\u00e2nd celule LiFePO4 de calitate A, protec\u021bie BMS, expansiune paralel\u0103 \u0219i durat\u0103 lung\u0103 de via\u021b\u0103. Ideal pentru ESS solar \u0219i backup.<\/p>","protected":false},"featured_media":3070,"comment_status":"closed","ping_status":"closed","template":"","meta":{"_uag_custom_page_level_css":"","neve_meta_sidebar":"","neve_meta_container":"","neve_meta_enable_content_width":"off","neve_meta_content_width":100,"neve_meta_title_alignment":"","neve_meta_author_avatar":"","neve_post_elements_order":"","neve_meta_disable_header":"","neve_meta_disable_footer":"","neve_meta_disable_title":""},"product_brand":[],"product_cat":[103,82],"product_tag":[],"class_list":{"0":"post-3069","1":"product","2":"type-product","3":"status-publish","4":"has-post-thumbnail","6":"product_cat-ground-base-battery","7":"product_cat-residential-storage-battery","9":"first","10":"instock","11":"shipping-taxable","12":"product-type-simple"},"uagb_featured_image_src":{"full":["https:\/\/ecavix.com\/wp-content\/uploads\/2025\/08\/01-1-scaled.jpg",2125,2560,false],"thumbnail":["https:\/\/ecavix.com\/wp-content\/uploads\/2025\/08\/01-1-150x150.jpg",150,150,true],"medium":["https:\/\/ecavix.com\/wp-content\/uploads\/2025\/08\/01-1-249x300.jpg",249,300,true],"medium_large":["https:\/\/ecavix.com\/wp-content\/uploads\/2025\/08\/01-1-768x925.jpg",768,925,true],"large":["https:\/\/ecavix.com\/wp-content\/uploads\/2025\/08\/01-1-850x1024.jpg",850,1024,true],"1536x1536":["https:\/\/ecavix.com\/wp-content\/uploads\/2025\/08\/01-1-1275x1536.jpg",1275,1536,true],"2048x2048":["https:\/\/ecavix.com\/wp-content\/uploads\/2025\/08\/01-1-1700x2048.jpg",1700,2048,true],"trp-custom-language-flag":["https:\/\/ecavix.com\/wp-content\/uploads\/2025\/08\/01-1-scaled.jpg",10,12,false],"neve-blog":["https:\/\/ecavix.com\/wp-content\/uploads\/2025\/08\/01-1-930x620.jpg",930,620,true],"woocommerce_thumbnail":["https:\/\/ecavix.com\/wp-content\/uploads\/2025\/08\/01-1-300x300.jpg",300,300,true],"woocommerce_single":["https:\/\/ecavix.com\/wp-content\/uploads\/2025\/08\/01-1-600x723.jpg",600,723,true],"woocommerce_gallery_thumbnail":["https:\/\/ecavix.com\/wp-content\/uploads\/2025\/08\/01-1-100x100.jpg",100,100,true]},"uagb_author_info":{"display_name":"solvitaenergylimited@gmail.com","author_link":"https:\/\/ecavix.com\/ro\/author\/"},"uagb_comment_info":0,"uagb_excerpt":"51.2V vertical lithium battery with capacities from 5.12KWh to 10.24KWh Ground Base Battery, using Grade A LiFePO4 cells, BMS protection, parallel expansion, and long lifespan. Ideal for solar ESS and backup.","_links":{"self":[{"href":"https:\/\/ecavix.com\/ro\/wp-json\/wp\/v2\/product\/3069","targetHints":{"allow":["GET"]}}],"collection":[{"href":"https:\/\/ecavix.com\/ro\/wp-json\/wp\/v2\/product"}],"about":[{"href":"https:\/\/ecavix.com\/ro\/wp-json\/wp\/v2\/types\/product"}],"replies":[{"embeddable":true,"href":"https:\/\/ecavix.com\/ro\/wp-json\/wp\/v2\/comments?post=3069"}],"wp:featuredmedia":[{"embeddable":true,"href":"https:\/\/ecavix.com\/ro\/wp-json\/wp\/v2\/media\/3070"}],"wp:attachment":[{"href":"https:\/\/ecavix.com\/ro\/wp-json\/wp\/v2\/media?parent=3069"}],"wp:term":[{"taxonomy":"product_brand","embeddable":true,"href":"https:\/\/ecavix.com\/ro\/wp-json\/wp\/v2\/product_brand?post=3069"},{"taxonomy":"product_cat","embeddable":true,"href":"https:\/\/ecavix.com\/ro\/wp-json\/wp\/v2\/product_cat?post=3069"},{"taxonomy":"product_tag","embeddable":true,"href":"https:\/\/ecavix.com\/ro\/wp-json\/wp\/v2\/product_tag?post=3069"}],"curies":[{"name":"wp","href":"https:\/\/api.w.org\/{rel}","templated":true}]}}