{"id":2693,"date":"2025-07-22T06:08:42","date_gmt":"2025-07-22T06:08:42","guid":{"rendered":"https:\/\/ecavix.com\/?post_type=product&#038;p=2693"},"modified":"2025-08-12T06:31:24","modified_gmt":"2025-08-12T06:31:24","slug":"25-6v-200ah-5-12kwh-montare-pe-perete-baterie-solara-ess-dl-lfp-hw25200","status":"publish","type":"product","link":"https:\/\/ecavix.com\/ro\/product\/25-6v-200ah-5-12kwh-wall-mount-solar-battery-ess-dl-lfp-hw25200\/","title":{"rendered":"Baterie litiu cu montare pe perete 25.6V 200Ah 5.12kWh"},"content":{"rendered":"<br \/>\n<h1>Baterie litiu cu montare pe perete 25.6V 200Ah 5.12kWh<\/h1>\n<p>\n    The <span class=\"highlight\">Baterie litiu cu montare pe perete 25.6V 200Ah 5.12kWh<\/span> este proiectat pentru nevoile de stocare a energiei din sectorul reziden\u021bial \u0219i din \u00eentreprinderile mici. Cu o capacitate de <strong>5.12kWh<\/strong>, ofer\u0103 o solu\u021bie stabil\u0103 \u0219i eficient\u0103 de alimentare de rezerv\u0103 \u00een timpul \u00eentreruperilor, asigur\u00e2nd independen\u021ba energetic\u0103 \u0219i flexibilitatea re\u021belei.\n  <\/p>\n<h2>Avantaje cheie<\/h2>\n<ul>\n<li>Design compact montat pe perete - economise\u0219te spa\u021biu \u0219i este u\u0219or de instalat.<\/li>\n<li>BMS \u00eencorporat pentru protec\u021bie la supra\u00eenc\u0103rcare, supradesc\u0103rcare \u0219i scurtcircuit.<\/li>\n<li>Durat\u0103 de via\u021b\u0103 ridicat\u0103 de peste 6500 de cicluri - fiabilitate de lung\u0103 durat\u0103.<\/li>\n<li>Sprijin\u0103 extinderea paralel\u0103 pentru a m\u0103ri stocarea energiei.<\/li>\n<li>Compatibil cu invertoarele RS485 \u0219i CAN (de exemplu, Deye).<\/li>\n<li>Func\u021bionare f\u0103r\u0103 \u00eentre\u021binere \u0219i stabilitate termic\u0103 excelent\u0103.<\/li>\n<\/ul>\n<h2>Baterie litiu cu montare pe perete 25.6V 200Ah 5.12kWh Aplica\u021bii<\/h2>\n<ul>\n<li>Stocarea energiei \u00een gospod\u0103rii<\/li>\n<li>Sistem de rezerv\u0103 UPS<\/li>\n<li>Sistem de stocare a energiei solare<\/li>\n<li>Sta\u021bii de emisie-recep\u021bie de baz\u0103<\/li>\n<li>Sisteme de alimentare cu energie electric\u0103<\/li>\n<li>Echipamente de telecomunica\u021bii<\/li>\n<li>Aplica\u021bii de comutare \u0219i altele<\/li>\n<\/ul>\n<h2>Specifica\u021bii tehnice ale produsului<\/h2>\n<table>\n<tr>\n<th>Model<\/th>\n<td>DL-LFP-HW25200<\/td>\n<\/tr>\n<tr>\n<th>Tensiune nominal\u0103<\/th>\n<td>25.6V<\/td>\n<\/tr>\n<tr>\n<th>Capacitate nominal\u0103<\/th>\n<td>200Ah<\/td>\n<\/tr>\n<tr>\n<th>Energie<\/th>\n<td>5.12kWh<\/td>\n<\/tr>\n<tr>\n<th>Tip de celul\u0103<\/th>\n<td>LiFePO4<\/td>\n<\/tr>\n<tr>\n<th>Ciclul de via\u021b\u0103<\/th>\n<td>\u2265 6500 de cicluri<\/td>\n<\/tr>\n<tr>\n<th>Via\u021ba proiectat\u0103<\/th>\n<td>12 ani<\/td>\n<\/tr>\n<tr>\n<th>Curent maxim de \u00eenc\u0103rcare<\/th>\n<td>100A<\/td>\n<\/tr>\n<tr>\n<th>Curent maxim de desc\u0103rcare<\/th>\n<td>200A<\/td>\n<\/tr>\n<tr>\n<th>\u00cenc\u0103rcare recomandat\u0103<\/th>\n<td>3-5kW<\/td>\n<\/tr>\n<tr>\n<th>Tensiunea de oprire a \u00eenc\u0103rc\u0103rii<\/th>\n<td>28,8V \u00b10,2V<\/td>\n<\/tr>\n<tr>\n<th>Tensiunea de deconectare a desc\u0103rc\u0103rii<\/th>\n<td>22,4V \u00b10,2V<\/td>\n<\/tr>\n<tr>\n<th>Terminal<\/th>\n<td>M8<\/td>\n<\/tr>\n<tr>\n<th>Material carcas\u0103<\/th>\n<td>Cutie de metal<\/td>\n<\/tr>\n<tr>\n<th>Comunicare<\/th>\n<td>RS485 \/ CAN<\/td>\n<\/tr>\n<tr>\n<th>Temperatura de \u00eenc\u0103rcare<\/th>\n<td>0 ~ 45\u2103<\/td>\n<\/tr>\n<tr>\n<th>Temperatura de desc\u0103rcare<\/th>\n<td>5 ~ 55\u2103<\/td>\n<\/tr>\n<tr>\n<th>Culoare<\/th>\n<td>Alb + negru<\/td>\n<\/tr>\n<tr>\n<th>Greutate<\/th>\n<td>36 \u00b10,5 kg<\/td>\n<\/tr>\n<tr>\n<th>Dimensiuni (L\u00d7W\u00d7H)<\/th>\n<td>730 \u00d7 330 \u00d7 145\/180 mm<\/td>\n<\/tr>\n<tr>\n<th>Tip de montare<\/th>\n<td>Montat pe perete<\/td>\n<\/tr>\n<\/table>\n<h2>Alte modele orizontale cu montare pe perete<\/h2>\n<ul>\n<li><strong>DL-LFP-HW51200<\/strong> - 51.2V 200Ah (10.24kWh)<\/li>\n<li><strong>DL-LFP-HW25200<\/strong> - 25.6V 200Ah (5.12kWh)<\/li>\n<\/ul>\n<h2>De ce s\u0103 alege\u021bi Delong Energy?<\/h2>\n<ul>\n<li>Peste 11 ani de experien\u021b\u0103 \u00een fabricarea bateriilor cu litiu.<\/li>\n<li>Gam\u0103 larg\u0103 de produse: 12V-96V litiu, ESS, b\u0103nci de energie portabile.<\/li>\n<li>Suport\u0103 servicii OEM, ODM \u0219i OBM.<\/li>\n<li>Personalizare disponibil\u0103 pentru tensiune, curent, capacitate \u0219i aspect.<\/li>\n<li>Garan\u021bie post-v\u00e2nzare de 10 ani cu suport tehnic profesional.<\/li>\n<\/ul>","protected":false},"excerpt":{"rendered":"<p>Baterie litiu cu montare pe perete 25,6V 200Ah 5,12kWh pentru stocarea energiei menajere. Sigur, compact, cu durat\u0103 lung\u0103 de via\u021b\u0103, compatibil cu invertorul. Backup ideal pentru locuin\u021be \u0219i \u00eentreprinderi mici.<\/p>","protected":false},"featured_media":3053,"comment_status":"closed","ping_status":"closed","template":"","meta":{"_uag_custom_page_level_css":"","neve_meta_sidebar":"","neve_meta_container":"","neve_meta_enable_content_width":"off","neve_meta_content_width":100,"neve_meta_title_alignment":"","neve_meta_author_avatar":"","neve_post_elements_order":"","neve_meta_disable_header":"","neve_meta_disable_footer":"","neve_meta_disable_title":""},"product_brand":[],"product_cat":[82,85],"product_tag":[],"class_list":{"0":"post-2693","1":"product","2":"type-product","3":"status-publish","4":"has-post-thumbnail","6":"product_cat-residential-storage-battery","7":"product_cat-wall-mounted-battery-residential-storage-battery","9":"first","10":"instock","11":"shipping-taxable","12":"product-type-simple"},"uagb_featured_image_src":{"full":["https:\/\/ecavix.com\/wp-content\/uploads\/2025\/07\/01-2-scaled.jpg",2560,2188,false],"thumbnail":["https:\/\/ecavix.com\/wp-content\/uploads\/2025\/07\/01-2-150x150.jpg",150,150,true],"medium":["https:\/\/ecavix.com\/wp-content\/uploads\/2025\/07\/01-2-300x256.jpg",300,256,true],"medium_large":["https:\/\/ecavix.com\/wp-content\/uploads\/2025\/07\/01-2-768x656.jpg",768,656,true],"large":["https:\/\/ecavix.com\/wp-content\/uploads\/2025\/07\/01-2-1024x875.jpg",1024,875,true],"1536x1536":["https:\/\/ecavix.com\/wp-content\/uploads\/2025\/07\/01-2-1536x1313.jpg",1536,1313,true],"2048x2048":["https:\/\/ecavix.com\/wp-content\/uploads\/2025\/07\/01-2-2048x1750.jpg",2048,1750,true],"trp-custom-language-flag":["https:\/\/ecavix.com\/wp-content\/uploads\/2025\/07\/01-2-scaled.jpg",14,12,false],"neve-blog":["https:\/\/ecavix.com\/wp-content\/uploads\/2025\/07\/01-2-930x620.jpg",930,620,true],"woocommerce_thumbnail":["https:\/\/ecavix.com\/wp-content\/uploads\/2025\/07\/01-2-300x300.jpg",300,300,true],"woocommerce_single":["https:\/\/ecavix.com\/wp-content\/uploads\/2025\/07\/01-2-600x513.jpg",600,513,true],"woocommerce_gallery_thumbnail":["https:\/\/ecavix.com\/wp-content\/uploads\/2025\/07\/01-2-100x100.jpg",100,100,true]},"uagb_author_info":{"display_name":"solvitaenergylimited@gmail.com","author_link":"https:\/\/ecavix.com\/ro\/author\/"},"uagb_comment_info":0,"uagb_excerpt":"Wall Mount Lithium Battery 25.6V 200Ah 5.12kWh for household energy storage. Safe, compact, long life, inverter compatible. Ideal backup for homes and small businesses.","_links":{"self":[{"href":"https:\/\/ecavix.com\/ro\/wp-json\/wp\/v2\/product\/2693","targetHints":{"allow":["GET"]}}],"collection":[{"href":"https:\/\/ecavix.com\/ro\/wp-json\/wp\/v2\/product"}],"about":[{"href":"https:\/\/ecavix.com\/ro\/wp-json\/wp\/v2\/types\/product"}],"replies":[{"embeddable":true,"href":"https:\/\/ecavix.com\/ro\/wp-json\/wp\/v2\/comments?post=2693"}],"wp:featuredmedia":[{"embeddable":true,"href":"https:\/\/ecavix.com\/ro\/wp-json\/wp\/v2\/media\/3053"}],"wp:attachment":[{"href":"https:\/\/ecavix.com\/ro\/wp-json\/wp\/v2\/media?parent=2693"}],"wp:term":[{"taxonomy":"product_brand","embeddable":true,"href":"https:\/\/ecavix.com\/ro\/wp-json\/wp\/v2\/product_brand?post=2693"},{"taxonomy":"product_cat","embeddable":true,"href":"https:\/\/ecavix.com\/ro\/wp-json\/wp\/v2\/product_cat?post=2693"},{"taxonomy":"product_tag","embeddable":true,"href":"https:\/\/ecavix.com\/ro\/wp-json\/wp\/v2\/product_tag?post=2693"}],"curies":[{"name":"wp","href":"https:\/\/api.w.org\/{rel}","templated":true}]}}