{"id":2657,"date":"2025-07-22T03:05:02","date_gmt":"2025-07-22T03:05:02","guid":{"rendered":"https:\/\/ecavix.com\/?post_type=product&#038;p=2657"},"modified":"2026-01-21T09:02:20","modified_gmt":"2026-01-21T09:02:20","slug":"baterie-12v-100ah-lfp","status":"publish","type":"product","link":"https:\/\/ecavix.com\/ro\/product\/12v-100ah-lfp-battery\/","title":{"rendered":"Ecavix 12v 100ah plumb acid de \u00eenlocuire"},"content":{"rendered":"<br \/>\n<h1>Ecavix 12v 100ah plumb acid de \u00eenlocuire<\/h1>\n<div class=\"section\">\n<p>The <span class=\"highlight\">Ecavix 12v 100ah plumb acid de \u00eenlocuire<\/span> este o solu\u021bie energetic\u0103 de \u00eenalt\u0103 performan\u021b\u0103 \u0219i f\u0103r\u0103 \u00eentre\u021binere, proiectat\u0103 folosind tehnologia avansat\u0103 litiu-fier-fosfat. Comparativ cu bateriile tradi\u021bionale VRLA AGM, aceasta ofer\u0103 o durat\u0103 de via\u021b\u0103 mai lung\u0103, o siguran\u021b\u0103 mai mare \u0219i o toleran\u021b\u0103 mai mare la temperatur\u0103. Este ideal\u0103 pentru RV-uri, rulote, b\u0103rci, sisteme solare \u0219i configura\u021bii off-grid.<\/p>\n<p>Echipat cu <strong>Monitorizare Bluetooth<\/strong> \u0219i un BMS robust, acesta ofer\u0103 protec\u021bie complet\u0103, inclusiv supra\u00eenc\u0103rcare, subtensiune, supradesc\u0103rcare \u0219i gestionare termic\u0103. Cu o durat\u0103 de via\u021b\u0103 de peste <strong>6000 de cicluri la 80% DOD<\/strong>, aceast\u0103 baterie ofer\u0103 cel mai bun raport cost-eficien\u021b\u0103 pentru utilizarea energiei pe termen lung, f\u0103r\u0103 a fi nevoie de \u00eentre\u021binere regulat\u0103 sau udare.<\/p>\n<\/p><\/div>\n<h2>Caracteristici \u0219i beneficii ale produsului<\/h2>\n<ul class=\"feature-list\">\n<li>BMS avansat \u00eencorporat cu func\u021bii complete de protec\u021bie: supra\/subtensiune, supracurent, supra\u00eenc\u0103lzire, scurtcircuit \u0219i multe altele.<\/li>\n<li>Durat\u0103 lung\u0103 de via\u021b\u0103: p\u00e2n\u0103 la <strong>6000+ cicluri<\/strong>, semnificativ mai lungi dec\u00e2t bateriile plumb-acid.<\/li>\n<li>Suport pentru modul Bluetooth pentru monitorizare \u00een timp real.<\/li>\n<li>F\u0103r\u0103 \u00eentre\u021binere, f\u0103r\u0103 efect de memorie \u0219i materiale reciclabile 99%.<\/li>\n<li>Func\u021bioneaz\u0103 \u00eentr-o gam\u0103 larg\u0103 de temperaturi de la -20\u00b0C la 65\u00b0C.<\/li>\n<li>Poate fi extins p\u00e2n\u0103 la <strong>4 \u00een serie \u0219i 4 \u00een paralel<\/strong> (Max 4S4P pentru 400Ah &amp; 51.2V).<\/li>\n<li>Design u\u0219or, compact \u0219i rezistent la coroziune.<\/li>\n<\/ul>\n<h2>Scenarii de aplicare<\/h2>\n<ul class=\"application-list\">\n<li>Vehicule de agrement \u0219i rulote<\/li>\n<li>Marin\u0103 \u0219i b\u0103rci<\/li>\n<li>Sisteme solare off-grid<\/li>\n<li>Rulote \u0219i rulote<\/li>\n<li>Stivuitoare electrice<\/li>\n<li>Motoare de trolling<\/li>\n<li>C\u0103rucioare de golf \u0219i motociclete electronice<\/li>\n<\/ul>\n<h2>Specifica\u021bii tehnice<\/h2>\n<table>\n<tr>\n<th>Marca<\/th>\n<td>Ecavix <\/td>\n<\/tr>\n<tr>\n<th>Tensiune nominal\u0103<\/th>\n<td>12.8V<\/td>\n<\/tr>\n<tr>\n<th>Capacitate nominal\u0103<\/th>\n<td>100Ah \/ 1280Wh<\/td>\n<\/tr>\n<tr>\n<th>Tip de celul\u0103<\/th>\n<td>3.2V 100Ah LiFePO4<\/td>\n<\/tr>\n<tr>\n<th>Curent maxim de \u00eenc\u0103rcare<\/th>\n<td>50A (0,5C)<\/td>\n<\/tr>\n<tr>\n<th>Curent maxim de desc\u0103rcare<\/th>\n<td>100A (1C)<\/td>\n<\/tr>\n<tr>\n<th>Intervalul de tensiune<\/th>\n<td>10V - 14,6V<\/td>\n<\/tr>\n<tr>\n<th>Ciclul de via\u021b\u0103<\/th>\n<td>&gt;6000 cicluri (@80% DOD, 0.2C, 25\u00b0C)<\/td>\n<\/tr>\n<tr>\n<th>Dimensiuni<\/th>\n<td>L330 \u00d7 W173 \u00d7 H220 mm<\/td>\n<\/tr>\n<tr>\n<th>Greutate net\u0103<\/th>\n<td>12 kg<\/td>\n<\/tr>\n<tr>\n<th>Temperatura de func\u021bionare<\/th>\n<td>\u00cenc\u0103rcare: 0\u00b0C~65\u00b0C, Desc\u0103rcare: -20\u00b0C~65\u00b0C<\/td>\n<\/tr>\n<tr>\n<th>Expandabil<\/th>\n<td>Suport\u0103 p\u00e2n\u0103 la 4S4P<\/td>\n<\/tr>\n<tr>\n<th>Monitorizarea Bluetooth<\/th>\n<td>Sus\u021binut<\/td>\n<\/tr>\n<tr>\n<th>Certific\u0103ri<\/th>\n<td>CE, RoHS, UN38.3, MSDS<\/td>\n<\/tr>\n<\/table>","protected":false},"excerpt":{"rendered":"<p>Ecavix 12v 100ah plumb acid de \u00eenlocuire caracteristici avansate BMS, 6000 + cicluri, suport de temperatur\u0103 larg\u0103, \u0219i Bluetooth de monitorizare. Ideal pentru aplica\u021bii RV, marine \u0219i solare.<\/p>","protected":false},"featured_media":3280,"comment_status":"closed","ping_status":"closed","template":"","meta":{"_uag_custom_page_level_css":"","neve_meta_sidebar":"","neve_meta_container":"","neve_meta_enable_content_width":"off","neve_meta_content_width":100,"neve_meta_title_alignment":"","neve_meta_author_avatar":"","neve_post_elements_order":"","neve_meta_disable_header":"","neve_meta_disable_footer":"","neve_meta_disable_title":""},"product_brand":[],"product_cat":[81,82],"product_tag":[],"class_list":{"0":"post-2657","1":"product","2":"type-product","3":"status-publish","4":"has-post-thumbnail","6":"product_cat-lead-acid-replacement","7":"product_cat-residential-storage-battery","9":"first","10":"instock","11":"shipping-taxable","12":"purchasable","13":"product-type-simple"},"uagb_featured_image_src":{"full":["https:\/\/ecavix.com\/wp-content\/uploads\/2025\/07\/DSC_5533-scaled.jpg",2560,1844,false],"thumbnail":["https:\/\/ecavix.com\/wp-content\/uploads\/2025\/07\/DSC_5533-150x150.jpg",150,150,true],"medium":["https:\/\/ecavix.com\/wp-content\/uploads\/2025\/07\/DSC_5533-300x216.jpg",300,216,true],"medium_large":["https:\/\/ecavix.com\/wp-content\/uploads\/2025\/07\/DSC_5533-768x553.jpg",768,553,true],"large":["https:\/\/ecavix.com\/wp-content\/uploads\/2025\/07\/DSC_5533-1024x738.jpg",1024,738,true],"1536x1536":["https:\/\/ecavix.com\/wp-content\/uploads\/2025\/07\/DSC_5533-1536x1107.jpg",1536,1107,true],"2048x2048":["https:\/\/ecavix.com\/wp-content\/uploads\/2025\/07\/DSC_5533-2048x1475.jpg",2048,1475,true],"trp-custom-language-flag":["https:\/\/ecavix.com\/wp-content\/uploads\/2025\/07\/DSC_5533-scaled.jpg",18,12,false],"neve-blog":["https:\/\/ecavix.com\/wp-content\/uploads\/2025\/07\/DSC_5533-930x620.jpg",930,620,true],"woocommerce_thumbnail":["https:\/\/ecavix.com\/wp-content\/uploads\/2025\/07\/DSC_5533-300x300.jpg",300,300,true],"woocommerce_single":["https:\/\/ecavix.com\/wp-content\/uploads\/2025\/07\/DSC_5533-600x432.jpg",600,432,true],"woocommerce_gallery_thumbnail":["https:\/\/ecavix.com\/wp-content\/uploads\/2025\/07\/DSC_5533-100x100.jpg",100,100,true]},"uagb_author_info":{"display_name":"solvitaenergylimited@gmail.com","author_link":"https:\/\/ecavix.com\/ro\/author\/"},"uagb_comment_info":0,"uagb_excerpt":"Ecavix 12v 100ah Lead Acid Replacement features advanced BMS, 6000+ cycles, wide temperature support, and Bluetooth monitoring. Ideal for RV, marine, and solar applications.","_links":{"self":[{"href":"https:\/\/ecavix.com\/ro\/wp-json\/wp\/v2\/product\/2657","targetHints":{"allow":["GET"]}}],"collection":[{"href":"https:\/\/ecavix.com\/ro\/wp-json\/wp\/v2\/product"}],"about":[{"href":"https:\/\/ecavix.com\/ro\/wp-json\/wp\/v2\/types\/product"}],"replies":[{"embeddable":true,"href":"https:\/\/ecavix.com\/ro\/wp-json\/wp\/v2\/comments?post=2657"}],"wp:featuredmedia":[{"embeddable":true,"href":"https:\/\/ecavix.com\/ro\/wp-json\/wp\/v2\/media\/3280"}],"wp:attachment":[{"href":"https:\/\/ecavix.com\/ro\/wp-json\/wp\/v2\/media?parent=2657"}],"wp:term":[{"taxonomy":"product_brand","embeddable":true,"href":"https:\/\/ecavix.com\/ro\/wp-json\/wp\/v2\/product_brand?post=2657"},{"taxonomy":"product_cat","embeddable":true,"href":"https:\/\/ecavix.com\/ro\/wp-json\/wp\/v2\/product_cat?post=2657"},{"taxonomy":"product_tag","embeddable":true,"href":"https:\/\/ecavix.com\/ro\/wp-json\/wp\/v2\/product_tag?post=2657"}],"curies":[{"name":"wp","href":"https:\/\/api.w.org\/{rel}","templated":true}]}}