{"id":2651,"date":"2025-07-22T02:53:48","date_gmt":"2025-07-22T02:53:48","guid":{"rendered":"https:\/\/ecavix.com\/?post_type=product&#038;p=2651"},"modified":"2025-09-01T08:59:57","modified_gmt":"2025-09-01T08:59:57","slug":"lifepo4-bms-baterie-litiu-12v-50ah","status":"publish","type":"product","link":"https:\/\/ecavix.com\/ro\/product\/lifepo4-bms-lithium-battery-pack-12v-50ah\/","title":{"rendered":"Ecavix 12v 80ah plumb acid de \u00eenlocuire"},"content":{"rendered":"<br \/>\n<h1>Ecavix 12v 80ah plumb acid de \u00eenlocuire<\/h1>\n<div class=\"section\">\n<p>The <span class=\"highlight\">Ecavix 12V 80Ah LiFePO4 BMS Pachet de baterii litiu<\/span> este o solu\u021bie energetic\u0103 de \u00eenalt\u0103 performan\u021b\u0103 \u0219i ecologic\u0103, proiectat\u0103 cu ajutorul unei tehnologii de baz\u0103 interne avansate. Se caracterizeaz\u0103 prin autodesc\u0103rcare redus\u0103, BMS integrat pentru protec\u021bie complet\u0103 \u0219i poate suporta \u00een siguran\u021b\u0103 at\u00e2t configura\u021bii \u00een serie, c\u00e2t \u0219i \u00een paralel pentru o capacitate extins\u0103. Cu o durat\u0103 de via\u021b\u0103 a ciclurilor de p\u00e2n\u0103 la 3500 de ori, este o alternativ\u0103 durabil\u0103 \u0219i sustenabil\u0103 la bateriile plumb-acid.<\/p>\n<p>\u00cen ciuda costurilor ini\u021biale mai mari \u00een compara\u021bie cu tipurile cu plumb-acid, aceast\u0103 baterie ofer\u0103 un avantaj pe termen lung prin densitatea energetic\u0103 mai mare, siguran\u021ba mediului \u0219i o reutilizare mai mare. Ideal\u0103 pentru o gam\u0103 larg\u0103 de aplica\u021bii mobile \u0219i \u00een afara re\u021belei.<\/p>\n<\/p><\/div>\n<h2>Caracteristici \u0219i aplica\u021bii ale produsului<\/h2>\n<div class=\"section\">\n<ul class=\"feature-list\">\n<li>BMS integrat pentru protec\u021bie la supratensiune, scurtcircuit, supra\u00eenc\u0103rcare, supradesc\u0103rcare \u0219i supracurent.<\/li>\n<li>Ecologic: Fabricat din materiale f\u0103r\u0103 metale grele, non-toxice.<\/li>\n<li>Densitate energetic\u0103 ridicat\u0103 cu dimensiuni compacte \u0219i amprent\u0103 de instalare redus\u0103.<\/li>\n<li>Interval larg de temperatur\u0103 de func\u021bionare: -20\u00b0C la 65\u00b0C.<\/li>\n<li>F\u0103r\u0103 efect de memorie, f\u0103r\u0103 \u00eentre\u021binere \u0219i cu o durat\u0103 lung\u0103 de func\u021bionare de peste 10 ani.<\/li>\n<li>Sigur de utilizat \u00een conexiuni \u00een serie sau \u00een paralel pentru cre\u0219terea capacit\u0103\u021bii sau a tensiunii.<\/li>\n<\/ul><\/div>\n<h2>Scenarii de aplicare<\/h2>\n<div class=\"section\">\n<ul class=\"application-list\">\n<li>Vehicule de agrement (RV)<\/li>\n<li>Sisteme de stocare a energiei solare<\/li>\n<li>B\u0103rci \u0219i echipamente marine<\/li>\n<li>Energie de rezerv\u0103 \u00een afara re\u021belei<\/li>\n<li>Trotinete electrice \u0219i c\u0103rucioare de golf<\/li>\n<li>Sta\u021bii de alimentare portabile<\/li>\n<\/ul><\/div>\n<h2>Specifica\u021bii tehnice<\/h2>\n<table>\n<tr>\n<th>Marca<\/th>\n<td>Ecavix<\/td>\n<\/tr>\n<tr>\n<th>Tensiune nominal\u0103<\/th>\n<td>12.8V<\/td>\n<\/tr>\n<tr>\n<th>Capacitate nominal\u0103<\/th>\n<td>80Ah \/ 640Wh<\/td>\n<\/tr>\n<tr>\n<th>Ciclul de via\u021b\u0103<\/th>\n<td>De peste 3000 de ori<\/td>\n<\/tr>\n<tr>\n<th>Opera\u021biunea Life<\/th>\n<td>10+ ani<\/td>\n<\/tr>\n<tr>\n<th>Tensiunea de \u00eenc\u0103rcare<\/th>\n<td>14.6V<\/td>\n<\/tr>\n<tr>\n<th>Tensiunea de deconectare a desc\u0103rc\u0103rii<\/th>\n<td>10V<\/td>\n<\/tr>\n<tr>\n<th>Curent maxim de \u00eenc\u0103rcare<\/th>\n<td>80A<\/td>\n<\/tr>\n<tr>\n<th>Curent maxim de desc\u0103rcare<\/th>\n<td>80A<\/td>\n<\/tr>\n<tr>\n<th>Temperatura de \u00eenc\u0103rcare<\/th>\n<td>0\u00b0C ~ 65\u00b0C<\/td>\n<\/tr>\n<tr>\n<th>Temperatura de desc\u0103rcare<\/th>\n<td>-20\u00b0C ~ 65\u00b0C<\/td>\n<\/tr>\n<tr>\n<th>Dimensiuni<\/th>\n<td>L229 \u00d7 W138 \u00d7 H208mm<\/td>\n<\/tr>\n<tr>\n<th>Greutate<\/th>\n<td>6Kg<\/td>\n<\/tr>\n<tr>\n<th>Tip de montare<\/th>\n<td>Instalare gratuit\u0103<\/td>\n<\/tr>\n<tr>\n<th>Tip de celul\u0103<\/th>\n<td>LiFePO4, 4S Configura\u021bie<\/td>\n<\/tr>\n<tr>\n<th>Suport serie\/paralel<\/th>\n<td>Da<\/td>\n<\/tr>\n<tr>\n<th>Certific\u0103ri<\/th>\n<td>CE, RoHS, UN38.3, MSDS<\/td>\n<\/tr>\n<\/table>","protected":false},"excerpt":{"rendered":"<p>Bateria Ecavix 12V 80Ah LiFePO4 este o solu\u021bie de alimentare compact\u0103, ecologic\u0103, cu durat\u0103 de via\u021b\u0103 de 3500+ cicluri \u0219i BMS integrat. Ideal\u0103 pentru RV-uri, b\u0103rci, sisteme solare \u0219i multe altele.<\/p>","protected":false},"featured_media":3284,"comment_status":"closed","ping_status":"closed","template":"","meta":{"_uag_custom_page_level_css":"","neve_meta_sidebar":"","neve_meta_container":"","neve_meta_enable_content_width":"off","neve_meta_content_width":100,"neve_meta_title_alignment":"","neve_meta_author_avatar":"","neve_post_elements_order":"","neve_meta_disable_header":"","neve_meta_disable_footer":"","neve_meta_disable_title":""},"product_brand":[],"product_cat":[81,82],"product_tag":[],"class_list":{"0":"post-2651","1":"product","2":"type-product","3":"status-publish","4":"has-post-thumbnail","6":"product_cat-lead-acid-replacement","7":"product_cat-residential-storage-battery","9":"first","10":"instock","11":"shipping-taxable","12":"product-type-simple"},"uagb_featured_image_src":{"full":["https:\/\/ecavix.com\/wp-content\/uploads\/2025\/07\/DSC_5524-scaled.jpg",2560,1844,false],"thumbnail":["https:\/\/ecavix.com\/wp-content\/uploads\/2025\/07\/DSC_5524-150x150.jpg",150,150,true],"medium":["https:\/\/ecavix.com\/wp-content\/uploads\/2025\/07\/DSC_5524-300x216.jpg",300,216,true],"medium_large":["https:\/\/ecavix.com\/wp-content\/uploads\/2025\/07\/DSC_5524-768x553.jpg",768,553,true],"large":["https:\/\/ecavix.com\/wp-content\/uploads\/2025\/07\/DSC_5524-1024x738.jpg",1024,738,true],"1536x1536":["https:\/\/ecavix.com\/wp-content\/uploads\/2025\/07\/DSC_5524-1536x1107.jpg",1536,1107,true],"2048x2048":["https:\/\/ecavix.com\/wp-content\/uploads\/2025\/07\/DSC_5524-2048x1475.jpg",2048,1475,true],"trp-custom-language-flag":["https:\/\/ecavix.com\/wp-content\/uploads\/2025\/07\/DSC_5524-scaled.jpg",18,12,false],"neve-blog":["https:\/\/ecavix.com\/wp-content\/uploads\/2025\/07\/DSC_5524-930x620.jpg",930,620,true],"woocommerce_thumbnail":["https:\/\/ecavix.com\/wp-content\/uploads\/2025\/07\/DSC_5524-300x300.jpg",300,300,true],"woocommerce_single":["https:\/\/ecavix.com\/wp-content\/uploads\/2025\/07\/DSC_5524-600x432.jpg",600,432,true],"woocommerce_gallery_thumbnail":["https:\/\/ecavix.com\/wp-content\/uploads\/2025\/07\/DSC_5524-100x100.jpg",100,100,true]},"uagb_author_info":{"display_name":"solvitaenergylimited@gmail.com","author_link":"https:\/\/ecavix.com\/ro\/author\/"},"uagb_comment_info":0,"uagb_excerpt":"Ecavix 12V 80Ah LiFePO4 battery is a compact, eco-friendly power solution with 3500+ cycle life and integrated BMS. Ideal for RVs, boats, solar systems, and more.","_links":{"self":[{"href":"https:\/\/ecavix.com\/ro\/wp-json\/wp\/v2\/product\/2651","targetHints":{"allow":["GET"]}}],"collection":[{"href":"https:\/\/ecavix.com\/ro\/wp-json\/wp\/v2\/product"}],"about":[{"href":"https:\/\/ecavix.com\/ro\/wp-json\/wp\/v2\/types\/product"}],"replies":[{"embeddable":true,"href":"https:\/\/ecavix.com\/ro\/wp-json\/wp\/v2\/comments?post=2651"}],"wp:featuredmedia":[{"embeddable":true,"href":"https:\/\/ecavix.com\/ro\/wp-json\/wp\/v2\/media\/3284"}],"wp:attachment":[{"href":"https:\/\/ecavix.com\/ro\/wp-json\/wp\/v2\/media?parent=2651"}],"wp:term":[{"taxonomy":"product_brand","embeddable":true,"href":"https:\/\/ecavix.com\/ro\/wp-json\/wp\/v2\/product_brand?post=2651"},{"taxonomy":"product_cat","embeddable":true,"href":"https:\/\/ecavix.com\/ro\/wp-json\/wp\/v2\/product_cat?post=2651"},{"taxonomy":"product_tag","embeddable":true,"href":"https:\/\/ecavix.com\/ro\/wp-json\/wp\/v2\/product_tag?post=2651"}],"curies":[{"name":"wp","href":"https:\/\/api.w.org\/{rel}","templated":true}]}}