{"id":2529,"date":"2025-07-18T09:53:04","date_gmt":"2025-07-18T09:53:04","guid":{"rendered":"https:\/\/ecavix.com\/?post_type=product&#038;p=2529"},"modified":"2025-08-25T06:41:39","modified_gmt":"2025-08-25T06:41:39","slug":"32650-celule-de-baterie-pachet-de-baterii-lifepo4-24v-15ah-baterie-pentru-bicicleta-scuter-electric","status":"publish","type":"product","link":"https:\/\/ecavix.com\/ro\/product\/32650-battery-cells-lifepo4-battery-pack-24v-15ah-bicycle-battery-electric-scooter\/","title":{"rendered":"32650 Baterie celule LiFePO4 baterie Pack 24V 15ah Bicicleta baterie Electric Scooter"},"content":{"rendered":"<br \/>\n<h1>Baterie litiu-ion 24V 15Ah pentru Ebike<\/h1>\n<h2>Prezentare general\u0103 a produsului<\/h2>\n<table>\n<tr>\n<th>Model<\/th>\n<td>24 V 15 Ah<\/td>\n<\/tr>\n<tr>\n<th>Tensiune nominal\u0103<\/th>\n<td>24V<\/td>\n<\/tr>\n<tr>\n<th>Capacitate nominal\u0103<\/th>\n<td>15Ah<\/td>\n<\/tr>\n<tr>\n<th>Combina\u021bie de celule<\/th>\n<td>5 paralele, seria 7<\/td>\n<\/tr>\n<tr>\n<th>Tensiune de \u00eentrerupere a desc\u0103rc\u0103rii<\/th>\n<td>20V<\/td>\n<\/tr>\n<tr>\n<th>Tensiune de \u00eentrerupere a \u00eenc\u0103rc\u0103rii<\/th>\n<td>29,4 V<\/td>\n<\/tr>\n<tr>\n<th>Curent nominal de desc\u0103rcare<\/th>\n<td>20A<\/td>\n<\/tr>\n<tr>\n<th>Curent maxim de desc\u0103rcare continu\u0103<\/th>\n<td>20A<\/td>\n<\/tr>\n<tr>\n<th>Curent maxim de \u00eenc\u0103rcare<\/th>\n<td>20A<\/td>\n<\/tr>\n<tr>\n<th>Mod de \u00eenc\u0103rcare<\/th>\n<td>CC-CV<\/td>\n<\/tr>\n<tr>\n<th>Curent de \u00eenc\u0103rcare standard<\/th>\n<td>2A<\/td>\n<\/tr>\n<tr>\n<th>Timp de \u00eenc\u0103rcare (standard)<\/th>\n<td>6 ore<\/td>\n<\/tr>\n<tr>\n<th>Timp de \u00eenc\u0103rcare (rapid)<\/th>\n<td>2,5 ore<\/td>\n<\/tr>\n<tr>\n<th>Intervalul de temperatur\u0103 de \u00eenc\u0103rcare<\/th>\n<td>-20 \u00b0C p\u00e2n\u0103 la 55 \u00b0C<\/td>\n<\/tr>\n<tr>\n<th>Intervalul temperaturii de desc\u0103rcare<\/th>\n<td>-20 \u00b0C p\u00e2n\u0103 la 55 \u00b0C<\/td>\n<\/tr>\n<tr>\n<th>Greutatea bateriei (net\u0103)<\/th>\n<td>Flexibil<\/td>\n<\/tr>\n<tr>\n<th>Greutate brut\u0103 (cu ambalaj)<\/th>\n<td>4,0 kg<\/td>\n<\/tr>\n<tr>\n<th>Certificare<\/th>\n<td>CE, FCC, RoHS<\/td>\n<\/tr>\n<tr>\n<th>Tip \u00eenc\u0103rc\u0103tor<\/th>\n<td>\u00cenc\u0103rc\u0103tor electric<\/td>\n<\/tr>\n<tr>\n<th>Tipul soclului<\/th>\n<td>Global<\/td>\n<\/tr>\n<tr>\n<th>Reciclabile<\/th>\n<td>Da<\/td>\n<\/tr>\n<tr>\n<th>Experien\u021ba \u00een fabric\u0103<\/th>\n<td>10 ani<\/td>\n<\/tr>\n<\/table>\n<h2>Caracteristici principale<\/h2>\n<div class=\"features-grid\">\n<div class=\"feature-box\">\n<h3>Densitate energetic\u0103 ridicat\u0103<\/h3>\n<p>Optimizat pentru o putere de lung\u0103 durat\u0103 cu densitate energetic\u0103 ridicat\u0103, perfect pentru aplica\u021bii pe biciclete electrice.<\/p>\n<\/p><\/div>\n<div class=\"feature-box\">\n<h3>\u00cenc\u0103rcare rapid\u0103<\/h3>\n<p>Op\u021biuni de \u00eenc\u0103rcare rapid\u0103: 6 ore pentru \u00eenc\u0103rcarea standard \u0219i doar 2,5 ore pentru \u00eenc\u0103rcarea rapid\u0103.<\/p>\n<\/p><\/div>\n<div class=\"feature-box\">\n<h3>Protec\u021bie fiabil\u0103<\/h3>\n<p>Include protec\u021bie PCB integrat\u0103 \u00eempotriva scurtcircuitelor, supracurentului, supra\u00eenc\u0103lzirii, supra\u00eenc\u0103rc\u0103rii \u0219i desc\u0103rc\u0103rii excesive.<\/p>\n<\/p><\/div>\n<div class=\"feature-box\">\n<h3>Ciclu de via\u021b\u0103 lung<\/h3>\n<p>Peste 500 de cicluri de \u00eenc\u0103rcare, asigur\u00e2nd performan\u021be fiabile pentru utilizare pe termen lung.<\/p>\n<\/p><\/div>\n<\/p><\/div>\n<h2>Avantaje<\/h2>\n<ul>\n<li>Ecologic \u0219i reciclabil.<\/li>\n<li>Design compact \u0219i u\u0219or pentru instalare u\u0219oar\u0103 pe bicicletele electrice.<\/li>\n<li>F\u0103r\u0103 efect de memorie pentru men\u021binerea capacit\u0103\u021bii maxime a bateriei.<\/li>\n<li>Protec\u021bie fiabil\u0103 \u0219i caracteristici de siguran\u021b\u0103 \u00eembun\u0103t\u0103\u021bite.<\/li>\n<li>Pre\u021buri directe din fabric\u0103 pentru o valoare competitiv\u0103.<\/li>\n<\/ul>\n<h2>Aplica\u021bii<\/h2>\n<ul>\n<li>Biciclete electrice<\/li>\n<li>Scutere<\/li>\n<li>Vehicule electrice<\/li>\n<li>Baterii portabile pentru dispozitive precum tablete, laptopuri \u0219i camere foto<\/li>\n<\/ul>\n<h2>Ambalare \u0219i livrare<\/h2>\n<p>Ambalajul standard include o pung\u0103 din PE, o hus\u0103 din spum\u0103 \u0219i o cutie din carton ondulat cu dou\u0103 straturi pentru siguran\u021b\u0103 \u00een timpul transportului. Termenul de livrare este de 5-15 zile lucr\u0103toare, \u00een func\u021bie de cantitate.<\/p>","protected":false},"excerpt":{"rendered":"<p>Baterie pentru biciclet\u0103 electric\u0103 24V 15ah. Densitate energetic\u0103 ridicat\u0103, durat\u0103 de via\u021b\u0103 lung\u0103 \u0219i caracteristici avansate de siguran\u021b\u0103 pentru sistemele de alimentare ale bicicletelor electrice. Op\u021biuni de \u00eenc\u0103rcare rapid\u0103 \u0219i protec\u021bie fiabil\u0103.<\/p>","protected":false},"featured_media":2521,"comment_status":"closed","ping_status":"closed","template":"","meta":{"_uag_custom_page_level_css":"","neve_meta_sidebar":"","neve_meta_container":"","neve_meta_enable_content_width":"off","neve_meta_content_width":100,"neve_meta_title_alignment":"","neve_meta_author_avatar":"","neve_post_elements_order":"","neve_meta_disable_header":"","neve_meta_disable_footer":"","neve_meta_disable_title":""},"product_brand":[],"product_cat":[46,45,43],"product_tag":[],"class_list":{"0":"post-2529","1":"product","2":"type-product","3":"status-publish","4":"has-post-thumbnail","6":"product_cat-24v-e-bike-battery","7":"product_cat-e-bike-battery","8":"product_cat-power-battery","10":"first","11":"instock","12":"shipping-taxable","13":"product-type-simple"},"uagb_featured_image_src":{"full":["https:\/\/ecavix.com\/wp-content\/uploads\/2025\/07\/E-Bike-Battery-Pack-32650-LiFePO4-Battery-Cells-24V-10ah-for-Electric-Bicycle-Scooter1-800-800.webp",550,550,false],"thumbnail":["https:\/\/ecavix.com\/wp-content\/uploads\/2025\/07\/E-Bike-Battery-Pack-32650-LiFePO4-Battery-Cells-24V-10ah-for-Electric-Bicycle-Scooter1-800-800-150x150.webp",150,150,true],"medium":["https:\/\/ecavix.com\/wp-content\/uploads\/2025\/07\/E-Bike-Battery-Pack-32650-LiFePO4-Battery-Cells-24V-10ah-for-Electric-Bicycle-Scooter1-800-800-300x300.webp",300,300,true],"medium_large":["https:\/\/ecavix.com\/wp-content\/uploads\/2025\/07\/E-Bike-Battery-Pack-32650-LiFePO4-Battery-Cells-24V-10ah-for-Electric-Bicycle-Scooter1-800-800.webp",550,550,false],"large":["https:\/\/ecavix.com\/wp-content\/uploads\/2025\/07\/E-Bike-Battery-Pack-32650-LiFePO4-Battery-Cells-24V-10ah-for-Electric-Bicycle-Scooter1-800-800.webp",550,550,false],"1536x1536":["https:\/\/ecavix.com\/wp-content\/uploads\/2025\/07\/E-Bike-Battery-Pack-32650-LiFePO4-Battery-Cells-24V-10ah-for-Electric-Bicycle-Scooter1-800-800.webp",550,550,false],"2048x2048":["https:\/\/ecavix.com\/wp-content\/uploads\/2025\/07\/E-Bike-Battery-Pack-32650-LiFePO4-Battery-Cells-24V-10ah-for-Electric-Bicycle-Scooter1-800-800.webp",550,550,false],"trp-custom-language-flag":["https:\/\/ecavix.com\/wp-content\/uploads\/2025\/07\/E-Bike-Battery-Pack-32650-LiFePO4-Battery-Cells-24V-10ah-for-Electric-Bicycle-Scooter1-800-800.webp",12,12,false],"neve-blog":["https:\/\/ecavix.com\/wp-content\/uploads\/2025\/07\/E-Bike-Battery-Pack-32650-LiFePO4-Battery-Cells-24V-10ah-for-Electric-Bicycle-Scooter1-800-800.webp",550,550,false],"woocommerce_thumbnail":["https:\/\/ecavix.com\/wp-content\/uploads\/2025\/07\/E-Bike-Battery-Pack-32650-LiFePO4-Battery-Cells-24V-10ah-for-Electric-Bicycle-Scooter1-800-800-300x300.webp",300,300,true],"woocommerce_single":["https:\/\/ecavix.com\/wp-content\/uploads\/2025\/07\/E-Bike-Battery-Pack-32650-LiFePO4-Battery-Cells-24V-10ah-for-Electric-Bicycle-Scooter1-800-800.webp",550,550,false],"woocommerce_gallery_thumbnail":["https:\/\/ecavix.com\/wp-content\/uploads\/2025\/07\/E-Bike-Battery-Pack-32650-LiFePO4-Battery-Cells-24V-10ah-for-Electric-Bicycle-Scooter1-800-800-100x100.webp",100,100,true]},"uagb_author_info":{"display_name":"solvitaenergylimited@gmail.com","author_link":"https:\/\/ecavix.com\/ro\/author\/"},"uagb_comment_info":0,"uagb_excerpt":"24V 15ah Bicycle Battery Pack for Ebike. High energy density, long cycle life, and advanced safety features for e-bike power systems. Fast charging options and reliable protection.","_links":{"self":[{"href":"https:\/\/ecavix.com\/ro\/wp-json\/wp\/v2\/product\/2529","targetHints":{"allow":["GET"]}}],"collection":[{"href":"https:\/\/ecavix.com\/ro\/wp-json\/wp\/v2\/product"}],"about":[{"href":"https:\/\/ecavix.com\/ro\/wp-json\/wp\/v2\/types\/product"}],"replies":[{"embeddable":true,"href":"https:\/\/ecavix.com\/ro\/wp-json\/wp\/v2\/comments?post=2529"}],"wp:featuredmedia":[{"embeddable":true,"href":"https:\/\/ecavix.com\/ro\/wp-json\/wp\/v2\/media\/2521"}],"wp:attachment":[{"href":"https:\/\/ecavix.com\/ro\/wp-json\/wp\/v2\/media?parent=2529"}],"wp:term":[{"taxonomy":"product_brand","embeddable":true,"href":"https:\/\/ecavix.com\/ro\/wp-json\/wp\/v2\/product_brand?post=2529"},{"taxonomy":"product_cat","embeddable":true,"href":"https:\/\/ecavix.com\/ro\/wp-json\/wp\/v2\/product_cat?post=2529"},{"taxonomy":"product_tag","embeddable":true,"href":"https:\/\/ecavix.com\/ro\/wp-json\/wp\/v2\/product_tag?post=2529"}],"curies":[{"name":"wp","href":"https:\/\/api.w.org\/{rel}","templated":true}]}}