{"id":2507,"date":"2025-07-18T09:36:54","date_gmt":"2025-07-18T09:36:54","guid":{"rendered":"https:\/\/ecavix.com\/?post_type=product&#038;p=2507"},"modified":"2025-07-18T09:36:54","modified_gmt":"2025-07-18T09:36:54","slug":"kettle-24v-baterie-ebike-20ah-baterie-litiu","status":"publish","type":"product","link":"https:\/\/ecavix.com\/ro\/product\/kettle-24v-ebike-battery-20ah-lithium-battery-pack\/","title":{"rendered":"Kettle 24V Baterie Ebike 20ah Pachet de baterii cu litiu"},"content":{"rendered":"<h1>Baterie litiu 20Ah pentru biciclete electrice<\/h1>\n<h2>Prezentare general\u0103 a produsului<\/h2>\n<table>\n<tr>\n<th>Model<\/th>\n<td>Baterie cu litiu Kettle 20Ah<\/td>\n<\/tr>\n<tr>\n<th>Tensiune nominal\u0103<\/th>\n<td>24V, 36V, 48V (personalizabil)<\/td>\n<\/tr>\n<tr>\n<th>Capacitate nominal\u0103<\/th>\n<td>10Ah, 12Ah, 15Ah, 20Ah<\/td>\n<\/tr>\n<tr>\n<th>Ciclul de via\u021b\u0103<\/th>\n<td>500 - 1000 de ori<\/td>\n<\/tr>\n<tr>\n<th>Greutate<\/th>\n<td>\u00cen jur de 3,5 kg<\/td>\n<\/tr>\n<tr>\n<th>Tip baterie<\/th>\n<td>Baterie Li-ion 18650<\/td>\n<\/tr>\n<tr>\n<th>Configura\u021bia bateriei<\/th>\n<td>10S6P<\/td>\n<\/tr>\n<tr>\n<th>Curent de \u00eenc\u0103rcare standard<\/th>\n<td>2.4A<\/td>\n<\/tr>\n<tr>\n<th>Curent de \u00eenc\u0103rcare rapid\u0103<\/th>\n<td>6A<\/td>\n<\/tr>\n<tr>\n<th>Timp de \u00eenc\u0103rcare (curent standard)<\/th>\n<td>8 ore<\/td>\n<\/tr>\n<tr>\n<th>Timp de \u00eenc\u0103rcare (curent rapid)<\/th>\n<td>3,5 ore<\/td>\n<\/tr>\n<tr>\n<th>Tensiunea de deconectare a desc\u0103rc\u0103rii<\/th>\n<td>27,5V sau 30V<\/td>\n<\/tr>\n<tr>\n<th>Tensiunea de oprire a \u00eenc\u0103rc\u0103rii<\/th>\n<td>42V<\/td>\n<\/tr>\n<tr>\n<th>Curent de desc\u0103rcare<\/th>\n<td>12A (Standard), 36A (Max)<\/td>\n<\/tr>\n<tr>\n<th>Intervalul de temperatur\u0103 de \u00eenc\u0103rcare<\/th>\n<td>-20\u00b0C ~ 60\u00b0C<\/td>\n<\/tr>\n<tr>\n<th>Intervalul temperaturii de desc\u0103rcare<\/th>\n<td>-20\u00b0C ~ 60\u00b0C<\/td>\n<\/tr>\n<tr>\n<th>Dimensiuni (LxWxH)<\/th>\n<td>91*217mm<\/td>\n<\/tr>\n<\/table>\n<h2>Caracteristici principale<\/h2>\n<div class=\"features-grid\">\n<div class=\"feature-box\">\n<h3>Protec\u021bie PCB \u00eencorporat\u0103<\/h3>\n<p>Previne scurtcircuitele, supra\u00eenc\u0103rcarea, supradesc\u0103rcarea, supracurentul \u0219i supra\u00eenc\u0103lzirea pentru o performan\u021b\u0103 sigur\u0103 \u0219i fiabil\u0103.<\/p>\n<\/p><\/div>\n<div class=\"feature-box\">\n<h3>Densitate energetic\u0103 ridicat\u0103<\/h3>\n<p>Ofer\u0103 putere de lung\u0103 durat\u0103 cu capacitate ridicat\u0103 pentru biciclete electrice \u0219i alte aplica\u021bii care necesit\u0103 un suport fiabil pentru baterie.<\/p>\n<\/p><\/div>\n<div class=\"feature-box\">\n<h3>Gam\u0103 larg\u0103 de temperaturi<\/h3>\n<p>Func\u021bioneaz\u0103 eficient \u00een condi\u021bii extreme, cu o gam\u0103 de temperaturi de desc\u0103rcare \u0219i \u00eenc\u0103rcare de la -20\u00b0C la 60\u00b0C.<\/p>\n<\/p><\/div>\n<div class=\"feature-box\">\n<h3>U\u0219or \u0219i compact<\/h3>\n<p>Designul compact asigur\u0103 o instalare u\u0219oar\u0103, cu o greutate redus\u0103 pentru o mai bun\u0103 performan\u021b\u0103 \u0219i manevrabilitate a bicicletei electrice.<\/p>\n<\/p><\/div>\n<\/p><\/div>\n<h2>Avantaje<\/h2>\n<ul>\n<li>F\u0103r\u0103 poluare \u0219i f\u0103r\u0103 efect de memorie<\/li>\n<li>Durat\u0103 lung\u0103 de via\u021b\u0103 (500 - 1000 de cicluri)<\/li>\n<li>Constan\u021b\u0103 ridicat\u0103 \u00een ceea ce prive\u0219te capacitatea, tensiunea \u0219i timpul de platform\u0103<\/li>\n<li>Sigur \u0219i fiabil cu protec\u021bie \u00eencorporat\u0103<\/li>\n<li>Pre\u021buri de fabric\u0103 competitive \u0219i standarde de \u00eenalt\u0103 calitate<\/li>\n<\/ul>\n<h2>Aplica\u021bii<\/h2>\n<ul>\n<li>Biciclete electrice<\/li>\n<li>Trotinete electrice<\/li>\n<li>Motociclete electrice<\/li>\n<li>Alte vehicule electrice<\/li>\n<\/ul>\n<h2>Politici de plat\u0103 \u0219i expediere<\/h2>\n<ul>\n<li>Metode de plat\u0103 acceptate: L\/C, T\/T, Western Union, Paypal, Moneygram, numerar<\/li>\n<li>Livrare: Articolele vor fi expediate \u00een termen de 3-5 zile de la primirea pl\u0103\u021bii.<\/li>\n<li>Metode de expediere: DHL, FedEx, TNT (zone limitate)<\/li>\n<li>Num\u0103rul de urm\u0103rire va fi furnizat dup\u0103 expediere.<\/li>\n<\/ul>","protected":false},"excerpt":{"rendered":"<p>Baterie fiabil\u0103 cu litiu de 20Ah pentru biciclete electrice, care ofer\u0103 densitate energetic\u0103 ridicat\u0103 \u0219i durat\u0103 lung\u0103 de via\u021b\u0103. Potrivit pentru aplica\u021bii pentru biciclete electrice de 36V, 48V \u0219i 24V.<\/p>","protected":false},"featured_media":2510,"comment_status":"open","ping_status":"closed","template":"","meta":{"_uag_custom_page_level_css":"","neve_meta_sidebar":"","neve_meta_container":"","neve_meta_enable_content_width":"off","neve_meta_content_width":100,"neve_meta_title_alignment":"","neve_meta_author_avatar":"","neve_post_elements_order":"","neve_meta_disable_header":"","neve_meta_disable_footer":"","neve_meta_disable_title":""},"product_brand":[],"product_cat":[46,45,43],"product_tag":[],"class_list":{"0":"post-2507","1":"product","2":"type-product","3":"status-publish","4":"has-post-thumbnail","6":"product_cat-24v-e-bike-battery","7":"product_cat-e-bike-battery","8":"product_cat-power-battery","10":"first","11":"instock","12":"shipping-taxable","13":"product-type-simple"},"uagb_featured_image_src":{"full":["https:\/\/ecavix.com\/wp-content\/uploads\/2025\/07\/Kettle-24V-Ebike-Battery-20ah-Lithium-Battery-Pack0-800-800.webp",550,550,false],"thumbnail":["https:\/\/ecavix.com\/wp-content\/uploads\/2025\/07\/Kettle-24V-Ebike-Battery-20ah-Lithium-Battery-Pack0-800-800-150x150.webp",150,150,true],"medium":["https:\/\/ecavix.com\/wp-content\/uploads\/2025\/07\/Kettle-24V-Ebike-Battery-20ah-Lithium-Battery-Pack0-800-800-300x300.webp",300,300,true],"medium_large":["https:\/\/ecavix.com\/wp-content\/uploads\/2025\/07\/Kettle-24V-Ebike-Battery-20ah-Lithium-Battery-Pack0-800-800.webp",550,550,false],"large":["https:\/\/ecavix.com\/wp-content\/uploads\/2025\/07\/Kettle-24V-Ebike-Battery-20ah-Lithium-Battery-Pack0-800-800.webp",550,550,false],"1536x1536":["https:\/\/ecavix.com\/wp-content\/uploads\/2025\/07\/Kettle-24V-Ebike-Battery-20ah-Lithium-Battery-Pack0-800-800.webp",550,550,false],"2048x2048":["https:\/\/ecavix.com\/wp-content\/uploads\/2025\/07\/Kettle-24V-Ebike-Battery-20ah-Lithium-Battery-Pack0-800-800.webp",550,550,false],"trp-custom-language-flag":["https:\/\/ecavix.com\/wp-content\/uploads\/2025\/07\/Kettle-24V-Ebike-Battery-20ah-Lithium-Battery-Pack0-800-800.webp",12,12,false],"neve-blog":["https:\/\/ecavix.com\/wp-content\/uploads\/2025\/07\/Kettle-24V-Ebike-Battery-20ah-Lithium-Battery-Pack0-800-800.webp",550,550,false],"woocommerce_thumbnail":["https:\/\/ecavix.com\/wp-content\/uploads\/2025\/07\/Kettle-24V-Ebike-Battery-20ah-Lithium-Battery-Pack0-800-800-300x300.webp",300,300,true],"woocommerce_single":["https:\/\/ecavix.com\/wp-content\/uploads\/2025\/07\/Kettle-24V-Ebike-Battery-20ah-Lithium-Battery-Pack0-800-800.webp",550,550,false],"woocommerce_gallery_thumbnail":["https:\/\/ecavix.com\/wp-content\/uploads\/2025\/07\/Kettle-24V-Ebike-Battery-20ah-Lithium-Battery-Pack0-800-800-100x100.webp",100,100,true]},"uagb_author_info":{"display_name":"solvitaenergylimited@gmail.com","author_link":"https:\/\/ecavix.com\/ro\/author\/"},"uagb_comment_info":0,"uagb_excerpt":"Reliable 20Ah Lithium Battery Pack for electric bikes, offering high energy density and long cycle life. Suitable for 36V, 48V, and 24V E-bike applications.","_links":{"self":[{"href":"https:\/\/ecavix.com\/ro\/wp-json\/wp\/v2\/product\/2507","targetHints":{"allow":["GET"]}}],"collection":[{"href":"https:\/\/ecavix.com\/ro\/wp-json\/wp\/v2\/product"}],"about":[{"href":"https:\/\/ecavix.com\/ro\/wp-json\/wp\/v2\/types\/product"}],"replies":[{"embeddable":true,"href":"https:\/\/ecavix.com\/ro\/wp-json\/wp\/v2\/comments?post=2507"}],"wp:featuredmedia":[{"embeddable":true,"href":"https:\/\/ecavix.com\/ro\/wp-json\/wp\/v2\/media\/2510"}],"wp:attachment":[{"href":"https:\/\/ecavix.com\/ro\/wp-json\/wp\/v2\/media?parent=2507"}],"wp:term":[{"taxonomy":"product_brand","embeddable":true,"href":"https:\/\/ecavix.com\/ro\/wp-json\/wp\/v2\/product_brand?post=2507"},{"taxonomy":"product_cat","embeddable":true,"href":"https:\/\/ecavix.com\/ro\/wp-json\/wp\/v2\/product_cat?post=2507"},{"taxonomy":"product_tag","embeddable":true,"href":"https:\/\/ecavix.com\/ro\/wp-json\/wp\/v2\/product_tag?post=2507"}],"curies":[{"name":"wp","href":"https:\/\/api.w.org\/{rel}","templated":true}]}}