{"id":2500,"date":"2025-07-18T09:31:58","date_gmt":"2025-07-18T09:31:58","guid":{"rendered":"https:\/\/ecavix.com\/?post_type=product&#038;p=2500"},"modified":"2025-07-18T09:31:58","modified_gmt":"2025-07-18T09:31:58","slug":"en-gros-argint-peste-36v-17-5ah-litiu-ion-e-biciclete-baterie-pachet-li-ion-baterie-reincarcabila-500w-pentru-biciclete-electrice","status":"publish","type":"product","link":"https:\/\/ecavix.com\/ro\/product\/wholesale-silver-fish-36v-17-5ah-lithium-ion-e-bike-battery-pack-li-ion-rechargeable-battery-500w-for-electric-bicycle\/","title":{"rendered":"Wholesale Silver Fish 36V 17.5ah Litiu Ion E-Bike baterie Pack Li-ion baterie re\u00eenc\u0103rcabil\u0103 500W pentru biciclete electrice"},"content":{"rendered":"<br \/>\n<h1>Silver Fish 36V 17.5Ah Litiu-Ion Baterie E-bike<\/h1>\n<h2>Prezentare general\u0103 a produsului<\/h2>\n<table>\n<tr>\n<th>Model<\/th>\n<td>DEL-36V 17.5Ah<\/td>\n<\/tr>\n<tr>\n<th>Tensiune nominal\u0103<\/th>\n<td>36V<\/td>\n<\/tr>\n<tr>\n<th>Tip baterie<\/th>\n<td>Baterie Li-ion 18650<\/td>\n<\/tr>\n<tr>\n<th>Capacitate nominal\u0103<\/th>\n<td>17.5Ah<\/td>\n<\/tr>\n<tr>\n<th>Ciclul de via\u021b\u0103<\/th>\n<td>500 de ori<\/td>\n<\/tr>\n<tr>\n<th>Greutate<\/th>\n<td>4,5 kg<\/td>\n<\/tr>\n<tr>\n<th>Tensiunea de deconectare a desc\u0103rc\u0103rii<\/th>\n<td>35.75V<\/td>\n<\/tr>\n<tr>\n<th>Tensiunea de \u00eenc\u0103rcare<\/th>\n<td>42V<\/td>\n<\/tr>\n<tr>\n<th>Configura\u021bia bateriei<\/th>\n<td>10S7P<\/td>\n<\/tr>\n<tr>\n<th>Curent de \u00eenc\u0103rcare<\/th>\n<td>0,2C, 3,5A<\/td>\n<\/tr>\n<tr>\n<th>Temperatura de \u00eenc\u0103rcare<\/th>\n<td>0~45\u00b0C<\/td>\n<\/tr>\n<tr>\n<th>Temperatura de desc\u0103rcare<\/th>\n<td>-20~60\u00b0C<\/td>\n<\/tr>\n<tr>\n<th>Carcas\u0103 exterioar\u0103<\/th>\n<td>Pe\u0219te argintiu<\/td>\n<\/tr>\n<tr>\n<th>Protec\u021bie<\/th>\n<td>Supra\u00eenc\u0103rcare, supradesc\u0103rcare, supracurent, scurtcircuit, echilibru<\/td>\n<\/tr>\n<tr>\n<th>OEM\/ODM<\/th>\n<td>Disponibil<\/td>\n<\/tr>\n<tr>\n<th>Garan\u021bie<\/th>\n<td>1 an<\/td>\n<\/tr>\n<tr>\n<th>Ambalaje<\/th>\n<td>Pachet standard<\/td>\n<\/tr>\n<\/table>\n<h2>Caracteristici principale<\/h2>\n<div class=\"features-grid\">\n<div class=\"feature-box\">\n<h3>Protec\u021bie BMS \u00eencorporat\u0103<\/h3>\n<p>Previne supra\u00eenc\u0103rcarea, supradesc\u0103rcarea, scurtcircuitele \u0219i men\u021bine echilibrul bateriei.<\/p>\n<\/p><\/div>\n<div class=\"feature-box\">\n<h3>Ciclu de via\u021b\u0103 lung<\/h3>\n<p>Bucura\u021bi-v\u0103 de p\u00e2n\u0103 la 500 de cicluri de \u00eenc\u0103rcare, oferind o energie fiabil\u0103 \u0219i de lung\u0103 durat\u0103 pentru bicicleta dvs. electric\u0103.<\/p>\n<\/p><\/div>\n<div class=\"feature-box\">\n<h3>Rezisten\u021ba la temperatur\u0103<\/h3>\n<p>Func\u021bioneaz\u0103 \u00eentr-o gam\u0103 larg\u0103 de temperaturi de la -20\u00b0C la 60\u00b0C, asigur\u00e2nd performan\u021be stabile \u00een diverse medii.<\/p>\n<\/p><\/div>\n<div class=\"feature-box\">\n<h3>Tensiune \u0219i capacitate personalizate<\/h3>\n<p>Disponibil \u00een configura\u021bii multiple, inclusiv 24V, 36V, 48V \u0219i 51,2V, \u0219i o gam\u0103 de capacit\u0103\u021bi de la 10Ah la 30Ah.<\/p>\n<\/p><\/div>\n<\/p><\/div>\n<h2>Aplica\u021bii<\/h2>\n<ul>\n<li>Biciclete electrice<\/li>\n<li>Trotinete electrice<\/li>\n<li>Motociclete electrice<\/li>\n<li>Alte vehicule electrice<\/li>\n<\/ul>\n<h2>Politici de plat\u0103 \u0219i expediere<\/h2>\n<ul>\n<li>Metode de plat\u0103 acceptate: T\/T, Western Union, Paypal<\/li>\n<li>Livrare: Articolele vor fi expediate \u00een termen de 3-5 zile de la primirea pl\u0103\u021bii integrale.<\/li>\n<li>Metode de expediere: DHL, FedEx, TNT (zone limitate)<\/li>\n<li>Num\u0103rul de urm\u0103rire va fi furnizat dup\u0103 expediere.<\/li>\n<\/ul>","protected":false},"excerpt":{"rendered":"<p>Pachet de baterii de \u00eenalt\u0103 calitate Silver Fish 36V 17.5Ah Lithium-Ion E-bike. Potrivit pentru biciclete electrice cu o durat\u0103 lung\u0103 de via\u021b\u0103 a ciclului \u0219i performan\u021be eficiente.<\/p>","protected":false},"featured_media":2506,"comment_status":"open","ping_status":"closed","template":"","meta":{"_uag_custom_page_level_css":"","neve_meta_sidebar":"","neve_meta_container":"","neve_meta_enable_content_width":"off","neve_meta_content_width":100,"neve_meta_title_alignment":"","neve_meta_author_avatar":"","neve_post_elements_order":"","neve_meta_disable_header":"","neve_meta_disable_footer":"","neve_meta_disable_title":""},"product_brand":[],"product_cat":[47,45,43],"product_tag":[],"class_list":{"0":"post-2500","1":"product","2":"type-product","3":"status-publish","4":"has-post-thumbnail","6":"product_cat-36v-e-bike-battery","7":"product_cat-e-bike-battery","8":"product_cat-power-battery","10":"first","11":"instock","12":"shipping-taxable","13":"product-type-simple"},"uagb_featured_image_src":{"full":["https:\/\/ecavix.com\/wp-content\/uploads\/2025\/07\/Wholesale-Silver-Fish-36V-17-5ah-Lithium-Ion-E-Bike-Battery-Pack-Li-ion-Rechargeable-Battery-500W-fo-800-800.webp",550,550,false],"thumbnail":["https:\/\/ecavix.com\/wp-content\/uploads\/2025\/07\/Wholesale-Silver-Fish-36V-17-5ah-Lithium-Ion-E-Bike-Battery-Pack-Li-ion-Rechargeable-Battery-500W-fo-800-800-150x150.webp",150,150,true],"medium":["https:\/\/ecavix.com\/wp-content\/uploads\/2025\/07\/Wholesale-Silver-Fish-36V-17-5ah-Lithium-Ion-E-Bike-Battery-Pack-Li-ion-Rechargeable-Battery-500W-fo-800-800-300x300.webp",300,300,true],"medium_large":["https:\/\/ecavix.com\/wp-content\/uploads\/2025\/07\/Wholesale-Silver-Fish-36V-17-5ah-Lithium-Ion-E-Bike-Battery-Pack-Li-ion-Rechargeable-Battery-500W-fo-800-800.webp",550,550,false],"large":["https:\/\/ecavix.com\/wp-content\/uploads\/2025\/07\/Wholesale-Silver-Fish-36V-17-5ah-Lithium-Ion-E-Bike-Battery-Pack-Li-ion-Rechargeable-Battery-500W-fo-800-800.webp",550,550,false],"1536x1536":["https:\/\/ecavix.com\/wp-content\/uploads\/2025\/07\/Wholesale-Silver-Fish-36V-17-5ah-Lithium-Ion-E-Bike-Battery-Pack-Li-ion-Rechargeable-Battery-500W-fo-800-800.webp",550,550,false],"2048x2048":["https:\/\/ecavix.com\/wp-content\/uploads\/2025\/07\/Wholesale-Silver-Fish-36V-17-5ah-Lithium-Ion-E-Bike-Battery-Pack-Li-ion-Rechargeable-Battery-500W-fo-800-800.webp",550,550,false],"trp-custom-language-flag":["https:\/\/ecavix.com\/wp-content\/uploads\/2025\/07\/Wholesale-Silver-Fish-36V-17-5ah-Lithium-Ion-E-Bike-Battery-Pack-Li-ion-Rechargeable-Battery-500W-fo-800-800.webp",12,12,false],"neve-blog":["https:\/\/ecavix.com\/wp-content\/uploads\/2025\/07\/Wholesale-Silver-Fish-36V-17-5ah-Lithium-Ion-E-Bike-Battery-Pack-Li-ion-Rechargeable-Battery-500W-fo-800-800.webp",550,550,false],"woocommerce_thumbnail":["https:\/\/ecavix.com\/wp-content\/uploads\/2025\/07\/Wholesale-Silver-Fish-36V-17-5ah-Lithium-Ion-E-Bike-Battery-Pack-Li-ion-Rechargeable-Battery-500W-fo-800-800-300x300.webp",300,300,true],"woocommerce_single":["https:\/\/ecavix.com\/wp-content\/uploads\/2025\/07\/Wholesale-Silver-Fish-36V-17-5ah-Lithium-Ion-E-Bike-Battery-Pack-Li-ion-Rechargeable-Battery-500W-fo-800-800.webp",550,550,false],"woocommerce_gallery_thumbnail":["https:\/\/ecavix.com\/wp-content\/uploads\/2025\/07\/Wholesale-Silver-Fish-36V-17-5ah-Lithium-Ion-E-Bike-Battery-Pack-Li-ion-Rechargeable-Battery-500W-fo-800-800-100x100.webp",100,100,true]},"uagb_author_info":{"display_name":"solvitaenergylimited@gmail.com","author_link":"https:\/\/ecavix.com\/ro\/author\/"},"uagb_comment_info":0,"uagb_excerpt":"High-quality Silver Fish 36V 17.5Ah Lithium-Ion E-bike battery pack. Suitable for electric bikes with a long cycle life and efficient performance.","_links":{"self":[{"href":"https:\/\/ecavix.com\/ro\/wp-json\/wp\/v2\/product\/2500","targetHints":{"allow":["GET"]}}],"collection":[{"href":"https:\/\/ecavix.com\/ro\/wp-json\/wp\/v2\/product"}],"about":[{"href":"https:\/\/ecavix.com\/ro\/wp-json\/wp\/v2\/types\/product"}],"replies":[{"embeddable":true,"href":"https:\/\/ecavix.com\/ro\/wp-json\/wp\/v2\/comments?post=2500"}],"wp:featuredmedia":[{"embeddable":true,"href":"https:\/\/ecavix.com\/ro\/wp-json\/wp\/v2\/media\/2506"}],"wp:attachment":[{"href":"https:\/\/ecavix.com\/ro\/wp-json\/wp\/v2\/media?parent=2500"}],"wp:term":[{"taxonomy":"product_brand","embeddable":true,"href":"https:\/\/ecavix.com\/ro\/wp-json\/wp\/v2\/product_brand?post=2500"},{"taxonomy":"product_cat","embeddable":true,"href":"https:\/\/ecavix.com\/ro\/wp-json\/wp\/v2\/product_cat?post=2500"},{"taxonomy":"product_tag","embeddable":true,"href":"https:\/\/ecavix.com\/ro\/wp-json\/wp\/v2\/product_tag?post=2500"}],"curies":[{"name":"wp","href":"https:\/\/api.w.org\/{rel}","templated":true}]}}