{"id":2484,"date":"2025-07-18T09:23:06","date_gmt":"2025-07-18T09:23:06","guid":{"rendered":"https:\/\/ecavix.com\/?post_type=product&#038;p=2484"},"modified":"2025-07-18T09:23:06","modified_gmt":"2025-07-18T09:23:06","slug":"hailong-36v-10ah-reincarcabila-electric-e-biciclete-baterie-de-alimentare","status":"publish","type":"product","link":"https:\/\/ecavix.com\/ro\/product\/hailong-36v-10ah-rechargeable-electric-e-bike-power-supply-battery\/","title":{"rendered":"Hailong 36V 10ah Baterie electric\u0103 re\u00eenc\u0103rcabil\u0103 pentru E-Bike"},"content":{"rendered":"<br \/>\n<h1>36V 10Ah Hailong Baterie re\u00eenc\u0103rcabil\u0103 E-Bike<\/h1>\n<h2>Prezentare general\u0103 a produsului<\/h2>\n<table>\n<tr>\n<th>Model<\/th>\n<td>DEL-10S4P<\/td>\n<\/tr>\n<tr>\n<th>Tensiune nominal\u0103<\/th>\n<td>36V<\/td>\n<\/tr>\n<tr>\n<th>Capacitate nominal\u0103<\/th>\n<td>10Ah<\/td>\n<\/tr>\n<tr>\n<th>Tip de celul\u0103<\/th>\n<td>18650 Li-ion<\/td>\n<\/tr>\n<tr>\n<th>Cantitatea de celule<\/th>\n<td>40 (10 serii, 4 paralele)<\/td>\n<\/tr>\n<tr>\n<th>Specifica\u021bia celulei<\/th>\n<td>3.7V, 2500mAh<\/td>\n<\/tr>\n<tr>\n<th>Tensiunea de \u00eenc\u0103rcare<\/th>\n<td>42V<\/td>\n<\/tr>\n<tr>\n<th>Curent de desc\u0103rcare<\/th>\n<td>2A<\/td>\n<\/tr>\n<tr>\n<th>Mod de \u00eenc\u0103rcare<\/th>\n<td>CC\/CV (curent constant\/tensiune constant\u0103)<\/td>\n<\/tr>\n<tr>\n<th>Curent de \u00eenc\u0103rcare standard<\/th>\n<td>2A<\/td>\n<\/tr>\n<tr>\n<th>Ciclul de via\u021b\u0103<\/th>\n<td>500-1000 cicluri<\/td>\n<\/tr>\n<tr>\n<th>Intervalul de temperatur\u0103 de \u00eenc\u0103rcare<\/th>\n<td>0 ~ 45\u00b0C<\/td>\n<\/tr>\n<tr>\n<th>Intervalul temperaturii de desc\u0103rcare<\/th>\n<td>-20 ~ 60\u00b0C<\/td>\n<\/tr>\n<tr>\n<th>Greutate (net\u0103)<\/th>\n<td>3,5 kg<\/td>\n<\/tr>\n<tr>\n<th>Dimensiuni<\/th>\n<td>362 x 90 x 115mm<\/td>\n<\/tr>\n<tr>\n<th>Ambalaje<\/th>\n<td>Pachet standard de export<\/td>\n<\/tr>\n<tr>\n<th>Certific\u0103ri<\/th>\n<td>CE, RoHS, MSDS, UN38.3, FCC, SGS<\/td>\n<\/tr>\n<tr>\n<th>Origine<\/th>\n<td>Guangdong, China<\/td>\n<\/tr>\n<tr>\n<th>Capacitatea de produc\u021bie<\/th>\n<td>2000 PCS\/zi<\/td>\n<\/tr>\n<tr>\n<th>Condi\u021bii de plat\u0103<\/th>\n<td>T\/T, Western Union, Paypal, Money Gram<\/td>\n<\/tr>\n<\/table>\n<h2>Caracteristici principale<\/h2>\n<div class=\"features-grid\">\n<div class=\"feature-box\">\n<h3>Ciclu de via\u021b\u0103 lung<\/h3>\n<p>Mai mult de 500 de cicluri de \u00eenc\u0103rcare asigur\u0103 performan\u021be de lung\u0103 durat\u0103 pentru e-bike sau scuter.<\/p>\n<\/p><\/div>\n<div class=\"feature-box\">\n<h3>BMS sigur \u0219i fiabil<\/h3>\n<p>Sistemul stabil de gestionare a bateriei (BMS) protejeaz\u0103 \u00eempotriva supra\u00eenc\u0103rc\u0103rii, supradesc\u0103rc\u0103rii \u0219i scurtcircuit\u0103rii.<\/p>\n<\/p><\/div>\n<div class=\"feature-box\">\n<h3>Performan\u021b\u0103 eficient\u0103<\/h3>\n<p>Tensiunea ridicat\u0103 \u0219i designul u\u0219or asigur\u0103 o accelera\u021bie \u0219i o performan\u021b\u0103 excelente pentru motoare.<\/p>\n<\/p><\/div>\n<div class=\"feature-box\">\n<h3>Gam\u0103 larg\u0103 de temperaturi<\/h3>\n<p>Gama de temperaturi de func\u021bionare de la -20\u00b0C la 60\u00b0C, potrivit\u0103 pentru diferite clime \u0219i medii.<\/p>\n<\/p><\/div>\n<\/p><\/div>\n<h2>Aplica\u021bii<\/h2>\n<ul>\n<li>Biciclete electrice (E-bikes)<\/li>\n<li>Trotinete electrice<\/li>\n<li>Alte vehicule electrice<\/li>\n<\/ul>","protected":false},"excerpt":{"rendered":"<p>Baterie litiu-ion re\u00eenc\u0103rcabil\u0103 de 36V 10Ah pentru biciclete electrice. Are o durat\u0103 mare de via\u021b\u0103 a ciclului, protec\u021bie BMS stabil\u0103 \u0219i performan\u021b\u0103 robust\u0103. Certificat\u0103 CE \u0219i RoHS.<\/p>","protected":false},"featured_media":2485,"comment_status":"open","ping_status":"closed","template":"","meta":{"_uag_custom_page_level_css":"","neve_meta_sidebar":"","neve_meta_container":"","neve_meta_enable_content_width":"off","neve_meta_content_width":100,"neve_meta_title_alignment":"","neve_meta_author_avatar":"","neve_post_elements_order":"","neve_meta_disable_header":"","neve_meta_disable_footer":"","neve_meta_disable_title":""},"product_brand":[],"product_cat":[47,45,43],"product_tag":[],"class_list":{"0":"post-2484","1":"product","2":"type-product","3":"status-publish","4":"has-post-thumbnail","6":"product_cat-36v-e-bike-battery","7":"product_cat-e-bike-battery","8":"product_cat-power-battery","10":"first","11":"instock","12":"shipping-taxable","13":"product-type-simple"},"uagb_featured_image_src":{"full":["https:\/\/ecavix.com\/wp-content\/uploads\/2025\/07\/Hailong-36V-10ah-Rechargeable-Electric-E-Bike-Power-Supply-Battery1-800-800.webp",350,347,false],"thumbnail":["https:\/\/ecavix.com\/wp-content\/uploads\/2025\/07\/Hailong-36V-10ah-Rechargeable-Electric-E-Bike-Power-Supply-Battery1-800-800-150x150.webp",150,150,true],"medium":["https:\/\/ecavix.com\/wp-content\/uploads\/2025\/07\/Hailong-36V-10ah-Rechargeable-Electric-E-Bike-Power-Supply-Battery1-800-800-300x297.webp",300,297,true],"medium_large":["https:\/\/ecavix.com\/wp-content\/uploads\/2025\/07\/Hailong-36V-10ah-Rechargeable-Electric-E-Bike-Power-Supply-Battery1-800-800.webp",350,347,false],"large":["https:\/\/ecavix.com\/wp-content\/uploads\/2025\/07\/Hailong-36V-10ah-Rechargeable-Electric-E-Bike-Power-Supply-Battery1-800-800.webp",350,347,false],"1536x1536":["https:\/\/ecavix.com\/wp-content\/uploads\/2025\/07\/Hailong-36V-10ah-Rechargeable-Electric-E-Bike-Power-Supply-Battery1-800-800.webp",350,347,false],"2048x2048":["https:\/\/ecavix.com\/wp-content\/uploads\/2025\/07\/Hailong-36V-10ah-Rechargeable-Electric-E-Bike-Power-Supply-Battery1-800-800.webp",350,347,false],"trp-custom-language-flag":["https:\/\/ecavix.com\/wp-content\/uploads\/2025\/07\/Hailong-36V-10ah-Rechargeable-Electric-E-Bike-Power-Supply-Battery1-800-800.webp",12,12,false],"neve-blog":["https:\/\/ecavix.com\/wp-content\/uploads\/2025\/07\/Hailong-36V-10ah-Rechargeable-Electric-E-Bike-Power-Supply-Battery1-800-800.webp",350,347,false],"woocommerce_thumbnail":["https:\/\/ecavix.com\/wp-content\/uploads\/2025\/07\/Hailong-36V-10ah-Rechargeable-Electric-E-Bike-Power-Supply-Battery1-800-800-300x300.webp",300,300,true],"woocommerce_single":["https:\/\/ecavix.com\/wp-content\/uploads\/2025\/07\/Hailong-36V-10ah-Rechargeable-Electric-E-Bike-Power-Supply-Battery1-800-800.webp",350,347,false],"woocommerce_gallery_thumbnail":["https:\/\/ecavix.com\/wp-content\/uploads\/2025\/07\/Hailong-36V-10ah-Rechargeable-Electric-E-Bike-Power-Supply-Battery1-800-800-100x100.webp",100,100,true]},"uagb_author_info":{"display_name":"solvitaenergylimited@gmail.com","author_link":"https:\/\/ecavix.com\/ro\/author\/"},"uagb_comment_info":0,"uagb_excerpt":"36V 10Ah rechargeable lithium-ion battery for electric bicycles. Features high cycle life, stable BMS protection, and robust performance. CE & RoHS certified.","_links":{"self":[{"href":"https:\/\/ecavix.com\/ro\/wp-json\/wp\/v2\/product\/2484","targetHints":{"allow":["GET"]}}],"collection":[{"href":"https:\/\/ecavix.com\/ro\/wp-json\/wp\/v2\/product"}],"about":[{"href":"https:\/\/ecavix.com\/ro\/wp-json\/wp\/v2\/types\/product"}],"replies":[{"embeddable":true,"href":"https:\/\/ecavix.com\/ro\/wp-json\/wp\/v2\/comments?post=2484"}],"wp:featuredmedia":[{"embeddable":true,"href":"https:\/\/ecavix.com\/ro\/wp-json\/wp\/v2\/media\/2485"}],"wp:attachment":[{"href":"https:\/\/ecavix.com\/ro\/wp-json\/wp\/v2\/media?parent=2484"}],"wp:term":[{"taxonomy":"product_brand","embeddable":true,"href":"https:\/\/ecavix.com\/ro\/wp-json\/wp\/v2\/product_brand?post=2484"},{"taxonomy":"product_cat","embeddable":true,"href":"https:\/\/ecavix.com\/ro\/wp-json\/wp\/v2\/product_cat?post=2484"},{"taxonomy":"product_tag","embeddable":true,"href":"https:\/\/ecavix.com\/ro\/wp-json\/wp\/v2\/product_tag?post=2484"}],"curies":[{"name":"wp","href":"https:\/\/api.w.org\/{rel}","templated":true}]}}