{"id":2477,"date":"2025-07-18T09:15:38","date_gmt":"2025-07-18T09:15:38","guid":{"rendered":"https:\/\/ecavix.com\/?post_type=product&#038;p=2477"},"modified":"2025-07-18T09:15:38","modified_gmt":"2025-07-18T09:15:38","slug":"36v-20ah-ebike-baterie-litiu-sliver-peste-baterie-de-biciclete","status":"publish","type":"product","link":"https:\/\/ecavix.com\/ro\/product\/36v-20ah-ebike-lithium-battery-sliver-fish-bicycle-battery\/","title":{"rendered":"36V 20ah Ebike baterie cu litiu Sliver Fish baterie de biciclet\u0103"},"content":{"rendered":"<br \/>\n<h1>Baterie 36V 20Ah pentru E-bike cu raft spate<\/h1>\n<h2>Prezentare general\u0103 a produsului<\/h2>\n<table>\n<tr>\n<th>Model<\/th>\n<td>DL-3620<\/td>\n<\/tr>\n<tr>\n<th>Tensiune nominal\u0103<\/th>\n<td>36V<\/td>\n<\/tr>\n<tr>\n<th>Capacitate nominal\u0103<\/th>\n<td>20Ah<\/td>\n<\/tr>\n<tr>\n<th>Tip de celul\u0103<\/th>\n<td>18650 Li-ion<\/td>\n<\/tr>\n<tr>\n<th>Combina\u021bie de celule<\/th>\n<td>10S7P<\/td>\n<\/tr>\n<tr>\n<th>Cantitatea de celule<\/th>\n<td>70<\/td>\n<\/tr>\n<tr>\n<th>Tensiunea de \u00eenc\u0103rcare<\/th>\n<td>42V<\/td>\n<\/tr>\n<tr>\n<th>Mod de \u00eenc\u0103rcare<\/th>\n<td>CC-CV (curent\/tensiune constant\u0103)<\/td>\n<\/tr>\n<tr>\n<th>Curent maxim de \u00eenc\u0103rcare<\/th>\n<td>5A<\/td>\n<\/tr>\n<tr>\n<th>Curent de \u00eenc\u0103rcare standard<\/th>\n<td>2A<\/td>\n<\/tr>\n<tr>\n<th>Ciclul de via\u021b\u0103<\/th>\n<td>500 de ori<\/td>\n<\/tr>\n<tr>\n<th>Greutate<\/th>\n<td>Aproximativ 5,5 kg<\/td>\n<\/tr>\n<tr>\n<th>Dimensiuni<\/th>\n<td>425 \u00d7 115 \u00d7 75 mm<\/td>\n<\/tr>\n<tr>\n<th>Temperatura de \u00eenc\u0103rcare<\/th>\n<td>0 ~ 45\u00b0C<\/td>\n<\/tr>\n<tr>\n<th>Temperatura de desc\u0103rcare<\/th>\n<td>-20 ~ 60\u00b0C<\/td>\n<\/tr>\n<tr>\n<th>Tip coaj\u0103<\/th>\n<td>Pe\u0219te argintiu cu carcas\u0103 din aliaj PC + ABS<\/td>\n<\/tr>\n<tr>\n<th>Reciclabile<\/th>\n<td>Da<\/td>\n<\/tr>\n<tr>\n<th>Certific\u0103ri<\/th>\n<td>CE, RoHS<\/td>\n<\/tr>\n<tr>\n<th>Origine<\/th>\n<td>China<\/td>\n<\/tr>\n<tr>\n<th>Port<\/th>\n<td>Shenzhen, China<\/td>\n<\/tr>\n<tr>\n<th>Capacitatea de produc\u021bie<\/th>\n<td>10.000 PCS \/ s\u0103pt\u0103m\u00e2n\u0103<\/td>\n<\/tr>\n<tr>\n<th>Condi\u021bii de plat\u0103<\/th>\n<td>T \/ T, Western Union, Paypal<\/td>\n<\/tr>\n<\/table>\n<h2>Caracteristici principale<\/h2>\n<div class=\"features-grid\">\n<div class=\"feature-box\">\n<h3>Pe\u0219te de argint Design<\/h3>\n<p>Design clasic de suport spate cu o form\u0103 compact\u0103 \u0219i robust\u0103 de pe\u0219te argintiu pentru o montare u\u0219oar\u0103 pe bicicletele electronice.<\/p>\n<\/p><\/div>\n<div class=\"feature-box\">\n<h3>Capacitate mare<\/h3>\n<p>Capacitate de 20Ah pentru autonomie extins\u0103, perfect\u0103 pentru plimb\u0103ri lungi sau nevoi de navet\u0103.<\/p>\n<\/p><\/div>\n<div class=\"feature-box\">\n<h3>Durabil \u0219i fiabil<\/h3>\n<p>Are o durat\u0103 lung\u0103 de via\u021b\u0103 de peste 500 de cicluri de \u00eenc\u0103rcare, oferind ani \u00eentregi de func\u021bionare fiabil\u0103.<\/p>\n<\/p><\/div>\n<div class=\"feature-box\">\n<h3>Siguran\u021b\u0103 \u0219i protec\u021bie<\/h3>\n<p>Include protec\u021bie \u00eempotriva supra\u00eenc\u0103rc\u0103rii, supradesc\u0103rc\u0103rii, scurtcircuitului \u0219i supra\u00eenc\u0103lzirii.<\/p>\n<\/p><\/div>\n<\/p><\/div>\n<h2>Aplica\u021bii<\/h2>\n<ul>\n<li>Biciclete electrice<\/li>\n<li>E-scootere<\/li>\n<li>Motociclete electrice<\/li>\n<li>E-biciclete pliabile<\/li>\n<\/ul>","protected":false},"excerpt":{"rendered":"<p>Pachet de baterii litiu-ion de \u00eenalt\u0103 performan\u021b\u0103 de 36V 20Ah pentru rafturi spate pentru biciclete electronice. Durat\u0103 lung\u0103 de via\u021b\u0103 cu certific\u0103ri CE \u0219i RoHS.<\/p>","protected":false},"featured_media":2478,"comment_status":"open","ping_status":"closed","template":"","meta":{"_uag_custom_page_level_css":"","neve_meta_sidebar":"","neve_meta_container":"","neve_meta_enable_content_width":"off","neve_meta_content_width":100,"neve_meta_title_alignment":"","neve_meta_author_avatar":"","neve_post_elements_order":"","neve_meta_disable_header":"","neve_meta_disable_footer":"","neve_meta_disable_title":""},"product_brand":[],"product_cat":[47,45,43],"product_tag":[],"class_list":{"0":"post-2477","1":"product","2":"type-product","3":"status-publish","4":"has-post-thumbnail","6":"product_cat-36v-e-bike-battery","7":"product_cat-e-bike-battery","8":"product_cat-power-battery","10":"first","11":"instock","12":"shipping-taxable","13":"product-type-simple"},"uagb_featured_image_src":{"full":["https:\/\/ecavix.com\/wp-content\/uploads\/2025\/07\/36V-20ah-Ebike-Lithium-Battery-Sliver-Fish-Bicycle-Battery1-800-800.webp",550,550,false],"thumbnail":["https:\/\/ecavix.com\/wp-content\/uploads\/2025\/07\/36V-20ah-Ebike-Lithium-Battery-Sliver-Fish-Bicycle-Battery1-800-800-150x150.webp",150,150,true],"medium":["https:\/\/ecavix.com\/wp-content\/uploads\/2025\/07\/36V-20ah-Ebike-Lithium-Battery-Sliver-Fish-Bicycle-Battery1-800-800-300x300.webp",300,300,true],"medium_large":["https:\/\/ecavix.com\/wp-content\/uploads\/2025\/07\/36V-20ah-Ebike-Lithium-Battery-Sliver-Fish-Bicycle-Battery1-800-800.webp",550,550,false],"large":["https:\/\/ecavix.com\/wp-content\/uploads\/2025\/07\/36V-20ah-Ebike-Lithium-Battery-Sliver-Fish-Bicycle-Battery1-800-800.webp",550,550,false],"1536x1536":["https:\/\/ecavix.com\/wp-content\/uploads\/2025\/07\/36V-20ah-Ebike-Lithium-Battery-Sliver-Fish-Bicycle-Battery1-800-800.webp",550,550,false],"2048x2048":["https:\/\/ecavix.com\/wp-content\/uploads\/2025\/07\/36V-20ah-Ebike-Lithium-Battery-Sliver-Fish-Bicycle-Battery1-800-800.webp",550,550,false],"trp-custom-language-flag":["https:\/\/ecavix.com\/wp-content\/uploads\/2025\/07\/36V-20ah-Ebike-Lithium-Battery-Sliver-Fish-Bicycle-Battery1-800-800.webp",12,12,false],"neve-blog":["https:\/\/ecavix.com\/wp-content\/uploads\/2025\/07\/36V-20ah-Ebike-Lithium-Battery-Sliver-Fish-Bicycle-Battery1-800-800.webp",550,550,false],"woocommerce_thumbnail":["https:\/\/ecavix.com\/wp-content\/uploads\/2025\/07\/36V-20ah-Ebike-Lithium-Battery-Sliver-Fish-Bicycle-Battery1-800-800-300x300.webp",300,300,true],"woocommerce_single":["https:\/\/ecavix.com\/wp-content\/uploads\/2025\/07\/36V-20ah-Ebike-Lithium-Battery-Sliver-Fish-Bicycle-Battery1-800-800.webp",550,550,false],"woocommerce_gallery_thumbnail":["https:\/\/ecavix.com\/wp-content\/uploads\/2025\/07\/36V-20ah-Ebike-Lithium-Battery-Sliver-Fish-Bicycle-Battery1-800-800-100x100.webp",100,100,true]},"uagb_author_info":{"display_name":"solvitaenergylimited@gmail.com","author_link":"https:\/\/ecavix.com\/ro\/author\/"},"uagb_comment_info":0,"uagb_excerpt":"High-performance 36V 20Ah rear rack lithium-ion battery pack for e-bikes. Long cycle life with CE & RoHS certifications.","_links":{"self":[{"href":"https:\/\/ecavix.com\/ro\/wp-json\/wp\/v2\/product\/2477","targetHints":{"allow":["GET"]}}],"collection":[{"href":"https:\/\/ecavix.com\/ro\/wp-json\/wp\/v2\/product"}],"about":[{"href":"https:\/\/ecavix.com\/ro\/wp-json\/wp\/v2\/types\/product"}],"replies":[{"embeddable":true,"href":"https:\/\/ecavix.com\/ro\/wp-json\/wp\/v2\/comments?post=2477"}],"wp:featuredmedia":[{"embeddable":true,"href":"https:\/\/ecavix.com\/ro\/wp-json\/wp\/v2\/media\/2478"}],"wp:attachment":[{"href":"https:\/\/ecavix.com\/ro\/wp-json\/wp\/v2\/media?parent=2477"}],"wp:term":[{"taxonomy":"product_brand","embeddable":true,"href":"https:\/\/ecavix.com\/ro\/wp-json\/wp\/v2\/product_brand?post=2477"},{"taxonomy":"product_cat","embeddable":true,"href":"https:\/\/ecavix.com\/ro\/wp-json\/wp\/v2\/product_cat?post=2477"},{"taxonomy":"product_tag","embeddable":true,"href":"https:\/\/ecavix.com\/ro\/wp-json\/wp\/v2\/product_tag?post=2477"}],"curies":[{"name":"wp","href":"https:\/\/api.w.org\/{rel}","templated":true}]}}