{"id":2441,"date":"2025-07-18T07:27:22","date_gmt":"2025-07-18T07:27:22","guid":{"rendered":"https:\/\/ecavix.com\/?post_type=product&#038;p=2441"},"modified":"2025-07-18T07:27:22","modified_gmt":"2025-07-18T07:27:22","slug":"personalizati-60v-20ah-baterie-cu-litiu-pentru-scuter-electric-1500w","status":"publish","type":"product","link":"https:\/\/ecavix.com\/ro\/product\/customize-60v-20ah-lithium-battery-for-1500w-electric-scooter\/","title":{"rendered":"Personaliza\u021bi bateria cu litiu 60V 20ah pentru scuterul electric 1500W"},"content":{"rendered":"<h1>Baterie litiu 60V 20Ah pentru scuter electric 1500W<\/h1>\n<h2>Prezentare general\u0103 a produsului<\/h2>\n<table>\n<tr>\n<th>Model<\/th>\n<td>DL-16S2P<\/td>\n<\/tr>\n<tr>\n<th>Tensiune nominal\u0103<\/th>\n<td>60V<\/td>\n<\/tr>\n<tr>\n<th>Capacitate nominal\u0103<\/th>\n<td>20Ah<\/td>\n<\/tr>\n<tr>\n<th>Tip baterie<\/th>\n<td>Polimer de litiu (LiNiCoMnO2)<\/td>\n<\/tr>\n<tr>\n<th>Configura\u021bie<\/th>\n<td>16S2P<\/td>\n<\/tr>\n<tr>\n<th>Curent continuu maxim<\/th>\n<td>20A<\/td>\n<\/tr>\n<tr>\n<th>Protec\u021bie \u00eempotriva supracurentului<\/th>\n<td>24A<\/td>\n<\/tr>\n<tr>\n<th>Tensiune de deconectare<\/th>\n<td>67,2 V \u00b11 V<\/td>\n<\/tr>\n<tr>\n<th>Tensiunea de \u00eenc\u0103rcare<\/th>\n<td>67,2 V \u00b10,2 V<\/td>\n<\/tr>\n<tr>\n<th>Curentul de \u00eenc\u0103rcare recomandat<\/th>\n<td>4A<\/td>\n<\/tr>\n<tr>\n<th>Timp de \u00eenc\u0103rcare<\/th>\n<td>6 ore<\/td>\n<\/tr>\n<tr>\n<th>Rezisten\u021b\u0103 intern\u0103<\/th>\n<td>\u226480m\u03a9<\/td>\n<\/tr>\n<tr>\n<th>Rata de autodesc\u0103rcare<\/th>\n<td>\u22645% pe lun\u0103<\/td>\n<\/tr>\n<tr>\n<th>Greutate<\/th>\n<td>\u22647.2kg<\/td>\n<\/tr>\n<tr>\n<th>Dimensiuni<\/th>\n<td>21 \u00d7 13,5 \u00d7 15 cm<\/td>\n<\/tr>\n<tr>\n<th>Specifica\u021bii BMS<\/th>\n<td>15A-120A<\/td>\n<\/tr>\n<tr>\n<th>Certific\u0103ri<\/th>\n<td>CE, RoHS, FCC, IEC62133<\/td>\n<\/tr>\n<tr>\n<th>Socluri compatibile<\/th>\n<td>SUA, Regatul Unit, UE, etc.<\/td>\n<\/tr>\n<tr>\n<th>Origine<\/th>\n<td>China<\/td>\n<\/tr>\n<tr>\n<th>Port<\/th>\n<td>Shenzhen, China<\/td>\n<\/tr>\n<tr>\n<th>Capacitatea de produc\u021bie<\/th>\n<td>10.000 buc\u0103\u021bi\/s\u0103pt\u0103m\u00e2n\u0103<\/td>\n<\/tr>\n<tr>\n<th>Condi\u021bii de plat\u0103<\/th>\n<td>T\/T, Paypal<\/td>\n<\/tr>\n<tr>\n<th>Ambalaje<\/th>\n<td>Pachet standard de export<\/td>\n<\/tr>\n<\/table>\n<h2>Caracteristici principale<\/h2>\n<div class=\"features-grid\">\n<div class=\"feature-box\">\n<h3>Pentru scutere 1500W<\/h3>\n<p>Construit la comand\u0103 pentru a corespunde nevoilor de putere \u0219i performan\u021b\u0103 ale scuterelor electrice de 1500W.<\/p>\n<\/p><\/div>\n<div class=\"feature-box\">\n<h3>BMS inteligent<\/h3>\n<p>Sistemul integrat de gestionare a bateriei ofer\u0103 protec\u021bie multistrat pentru o func\u021bionare sigur\u0103 \u0219i fiabil\u0103.<\/p>\n<\/p><\/div>\n<div class=\"feature-box\">\n<h3>Performan\u021b\u0103 fiabil\u0103<\/h3>\n<p>Rezisten\u021ba intern\u0103 redus\u0103 \u0219i curentul de ie\u0219ire constant \u00eembun\u0103t\u0103\u021besc accelera\u021bia \u0219i longevitatea vehiculului.<\/p>\n<\/p><\/div>\n<div class=\"feature-box\">\n<h3>Certificat \u0219i sigur<\/h3>\n<p>\u00cen conformitate cu standardele interna\u021bionale de siguran\u021b\u0103: CE, RoHS, FCC, IEC62133.<\/p>\n<\/p><\/div>\n<\/p><\/div>\n<h2>Aplica\u021bii principale<\/h2>\n<ul>\n<li>1500W scutere electrice<\/li>\n<li>Motociclete electrice<\/li>\n<li>Triciclete electrice<\/li>\n<li>Vehicule de livrare alimentate cu baterii<\/li>\n<li>Proiecte personalizate de mobilitate electric\u0103<\/li>\n<\/ul>","protected":false},"excerpt":{"rendered":"<p>Pachet personalizat de baterii litiu polimer 60V 20Ah pentru scutere electrice 1500W. Rata ridicat\u0103 de desc\u0103rcare, siguran\u021b\u0103 certificat\u0103, sistem BMS fiabil \u0219i durat\u0103 lung\u0103 de via\u021b\u0103.<\/p>","protected":false},"featured_media":2430,"comment_status":"open","ping_status":"closed","template":"","meta":{"_uag_custom_page_level_css":"","neve_meta_sidebar":"","neve_meta_container":"","neve_meta_enable_content_width":"off","neve_meta_content_width":100,"neve_meta_title_alignment":"","neve_meta_author_avatar":"","neve_post_elements_order":"","neve_meta_disable_header":"","neve_meta_disable_footer":"","neve_meta_disable_title":""},"product_brand":[],"product_cat":[49,45,53,43,55],"product_tag":[],"class_list":{"0":"post-2441","1":"product","2":"type-product","3":"status-publish","4":"has-post-thumbnail","6":"product_cat-60v-e-bike-battery","7":"product_cat-e-bike-battery","8":"product_cat-low-speed-electric-vehicle-battery","9":"product_cat-power-battery","10":"product_cat-scooter-battery","12":"first","13":"instock","14":"shipping-taxable","15":"product-type-simple"},"uagb_featured_image_src":{"full":["https:\/\/ecavix.com\/wp-content\/uploads\/2025\/07\/60V-20ah-Lithium-Polymer-Battery-Battery-for-Electric-Tricycle1-800-800.webp",550,550,false],"thumbnail":["https:\/\/ecavix.com\/wp-content\/uploads\/2025\/07\/60V-20ah-Lithium-Polymer-Battery-Battery-for-Electric-Tricycle1-800-800-150x150.webp",150,150,true],"medium":["https:\/\/ecavix.com\/wp-content\/uploads\/2025\/07\/60V-20ah-Lithium-Polymer-Battery-Battery-for-Electric-Tricycle1-800-800-300x300.webp",300,300,true],"medium_large":["https:\/\/ecavix.com\/wp-content\/uploads\/2025\/07\/60V-20ah-Lithium-Polymer-Battery-Battery-for-Electric-Tricycle1-800-800.webp",550,550,false],"large":["https:\/\/ecavix.com\/wp-content\/uploads\/2025\/07\/60V-20ah-Lithium-Polymer-Battery-Battery-for-Electric-Tricycle1-800-800.webp",550,550,false],"1536x1536":["https:\/\/ecavix.com\/wp-content\/uploads\/2025\/07\/60V-20ah-Lithium-Polymer-Battery-Battery-for-Electric-Tricycle1-800-800.webp",550,550,false],"2048x2048":["https:\/\/ecavix.com\/wp-content\/uploads\/2025\/07\/60V-20ah-Lithium-Polymer-Battery-Battery-for-Electric-Tricycle1-800-800.webp",550,550,false],"trp-custom-language-flag":["https:\/\/ecavix.com\/wp-content\/uploads\/2025\/07\/60V-20ah-Lithium-Polymer-Battery-Battery-for-Electric-Tricycle1-800-800.webp",12,12,false],"neve-blog":["https:\/\/ecavix.com\/wp-content\/uploads\/2025\/07\/60V-20ah-Lithium-Polymer-Battery-Battery-for-Electric-Tricycle1-800-800.webp",550,550,false],"woocommerce_thumbnail":["https:\/\/ecavix.com\/wp-content\/uploads\/2025\/07\/60V-20ah-Lithium-Polymer-Battery-Battery-for-Electric-Tricycle1-800-800-300x300.webp",300,300,true],"woocommerce_single":["https:\/\/ecavix.com\/wp-content\/uploads\/2025\/07\/60V-20ah-Lithium-Polymer-Battery-Battery-for-Electric-Tricycle1-800-800.webp",550,550,false],"woocommerce_gallery_thumbnail":["https:\/\/ecavix.com\/wp-content\/uploads\/2025\/07\/60V-20ah-Lithium-Polymer-Battery-Battery-for-Electric-Tricycle1-800-800-100x100.webp",100,100,true]},"uagb_author_info":{"display_name":"solvitaenergylimited@gmail.com","author_link":"https:\/\/ecavix.com\/ro\/author\/"},"uagb_comment_info":0,"uagb_excerpt":"Custom 60V 20Ah lithium polymer battery pack for 1500W electric scooters. High discharge rate, certified safety, reliable BMS system, and long cycle life.","_links":{"self":[{"href":"https:\/\/ecavix.com\/ro\/wp-json\/wp\/v2\/product\/2441","targetHints":{"allow":["GET"]}}],"collection":[{"href":"https:\/\/ecavix.com\/ro\/wp-json\/wp\/v2\/product"}],"about":[{"href":"https:\/\/ecavix.com\/ro\/wp-json\/wp\/v2\/types\/product"}],"replies":[{"embeddable":true,"href":"https:\/\/ecavix.com\/ro\/wp-json\/wp\/v2\/comments?post=2441"}],"wp:featuredmedia":[{"embeddable":true,"href":"https:\/\/ecavix.com\/ro\/wp-json\/wp\/v2\/media\/2430"}],"wp:attachment":[{"href":"https:\/\/ecavix.com\/ro\/wp-json\/wp\/v2\/media?parent=2441"}],"wp:term":[{"taxonomy":"product_brand","embeddable":true,"href":"https:\/\/ecavix.com\/ro\/wp-json\/wp\/v2\/product_brand?post=2441"},{"taxonomy":"product_cat","embeddable":true,"href":"https:\/\/ecavix.com\/ro\/wp-json\/wp\/v2\/product_cat?post=2441"},{"taxonomy":"product_tag","embeddable":true,"href":"https:\/\/ecavix.com\/ro\/wp-json\/wp\/v2\/product_tag?post=2441"}],"curies":[{"name":"wp","href":"https:\/\/api.w.org\/{rel}","templated":true}]}}