{"id":2440,"date":"2025-07-18T07:24:11","date_gmt":"2025-07-18T07:24:11","guid":{"rendered":"https:\/\/ecavix.com\/?post_type=product&#038;p=2440"},"modified":"2025-07-18T07:24:11","modified_gmt":"2025-07-18T07:24:11","slug":"baterie-litiu-60v-20ah-pentru-scuter-electric-1000w-si-biciclete-electrice","status":"publish","type":"product","link":"https:\/\/ecavix.com\/ro\/product\/60v-20ah-lithium-battery-for-1000w-electric-scooter-and-electric-bike\/","title":{"rendered":"Baterie litiu 60V 20ah pentru scuter electric 1000W \u0219i biciclet\u0103 electric\u0103"},"content":{"rendered":"<br \/>\n<h1>Baterie litiu 60V 20Ah pentru scuter electric 1000W<\/h1>\n<h2>Prezentare general\u0103 a produsului<\/h2>\n<table>\n<tr>\n<th>Model<\/th>\n<td>DEL-LIPO60V<\/td>\n<\/tr>\n<tr>\n<th>Tensiune nominal\u0103<\/th>\n<td>60V<\/td>\n<\/tr>\n<tr>\n<th>Capacitate nominal\u0103<\/th>\n<td>20Ah<\/td>\n<\/tr>\n<tr>\n<th>Tensiunea de \u00eenc\u0103rcare<\/th>\n<td>58.8V<\/td>\n<\/tr>\n<tr>\n<th>Tensiunea de deconectare a desc\u0103rc\u0103rii<\/th>\n<td>44V<\/td>\n<\/tr>\n<tr>\n<th>Tip baterie<\/th>\n<td>Polimer de litiu (Li-ion)<\/td>\n<\/tr>\n<tr>\n<th>Curent de desc\u0103rcare continu\u0103<\/th>\n<td>10~20A<\/td>\n<\/tr>\n<tr>\n<th>Curent maxim de desc\u0103rcare<\/th>\n<td>4A<\/td>\n<\/tr>\n<tr>\n<th>Ciclul de via\u021b\u0103<\/th>\n<td>500 de ori<\/td>\n<\/tr>\n<tr>\n<th>Temperatura de \u00eenc\u0103rcare<\/th>\n<td>0~45\u00baC<\/td>\n<\/tr>\n<tr>\n<th>Temperatura de desc\u0103rcare<\/th>\n<td>-20~60\u00baC<\/td>\n<\/tr>\n<tr>\n<th>Func\u021bii BMS<\/th>\n<td>Supra\u00eenc\u0103rcare, supradesc\u0103rcare, supracurent, protec\u021bie la temperatur\u0103, echilibrare celule, protec\u021bie secundar\u0103<\/td>\n<\/tr>\n<tr>\n<th>Carcas\u0103 exterioar\u0103<\/th>\n<td>Carcas\u0103 din PVC (cutie personalizabil\u0103 disponibil\u0103)<\/td>\n<\/tr>\n<tr>\n<th>Dimensiune<\/th>\n<td>220 \u00d7 140 \u00d7 135mm<\/td>\n<\/tr>\n<tr>\n<th>Greutate<\/th>\n<td>7,2 kg<\/td>\n<\/tr>\n<tr>\n<th>Port<\/th>\n<td>Shenzhen, China<\/td>\n<\/tr>\n<tr>\n<th>Capacitatea de produc\u021bie<\/th>\n<td>5000PCS \/ s\u0103pt\u0103m\u00e2n\u0103<\/td>\n<\/tr>\n<tr>\n<th>Condi\u021bii de plat\u0103<\/th>\n<td>T \/ T, Western Union, Paypal<\/td>\n<\/tr>\n<tr>\n<th>Pachet de transport<\/th>\n<td>Pachet standard de export<\/td>\n<\/tr>\n<\/table>\n<h2>Caracteristici principale<\/h2>\n<div class=\"features-grid\">\n<div class=\"feature-box\">\n<h3>Proiectat pentru o putere de 1000W<\/h3>\n<p>Potrivire perfect\u0103 pentru scutere \u0219i biciclete electrice de 1000W, oferind o performan\u021b\u0103 stabil\u0103 \u0219i o durat\u0103 lung\u0103 de func\u021bionare.<\/p>\n<\/p><\/div>\n<div class=\"feature-box\">\n<h3>BMS sigur \u0219i inteligent<\/h3>\n<p>Protec\u021bia pe mai multe niveluri, inclusiv temperatura, curentul, tensiunea \u0219i echilibrarea celulelor asigur\u0103 siguran\u021ba bateriei.<\/p>\n<\/p><\/div>\n<div class=\"feature-box\">\n<h3>500+ cicluri de \u00eenc\u0103rcare<\/h3>\n<p>Chimia fiabil\u0103 a polimerului de litiu ofer\u0103 o durat\u0103 lung\u0103 de via\u021b\u0103 pentru utilizarea zilnic\u0103 frecvent\u0103.<\/p>\n<\/p><\/div>\n<div class=\"feature-box\">\n<h3>Carcas\u0103 personalizabil\u0103<\/h3>\n<p>Carcas\u0103 din PVC durabil cu solu\u021bie de cutie personalizat\u0103 op\u021bional\u0103 pentru durabilitate \u0219i potrivire suplimentare.<\/p>\n<\/p><\/div>\n<\/p><\/div>\n<h2>Aplica\u021bii principale<\/h2>\n<ul>\n<li>Trotinete electrice (modele de 1000W)<\/li>\n<li>Biciclete electrice \u0219i e-mopede<\/li>\n<li>Grupuri de alimentare portabile<\/li>\n<li>Sisteme de stocare a energiei solare<\/li>\n<li>Vehicule electrice pentru consumatori<\/li>\n<\/ul>","protected":false},"excerpt":{"rendered":"<p>Acumulator litiu-polimer re\u00eenc\u0103rcabil 60V 20Ah proiectat pentru scutere \u0219i biciclete electrice de 1000W. Protec\u021bie BMS fiabil\u0103 \u0219i ciclu de via\u021b\u0103 lung.<\/p>","protected":false},"featured_media":2432,"comment_status":"open","ping_status":"closed","template":"","meta":{"_uag_custom_page_level_css":"","neve_meta_sidebar":"","neve_meta_container":"","neve_meta_enable_content_width":"off","neve_meta_content_width":100,"neve_meta_title_alignment":"","neve_meta_author_avatar":"","neve_post_elements_order":"","neve_meta_disable_header":"","neve_meta_disable_footer":"","neve_meta_disable_title":""},"product_brand":[],"product_cat":[49,45,53,43,55],"product_tag":[],"class_list":{"0":"post-2440","1":"product","2":"type-product","3":"status-publish","4":"has-post-thumbnail","6":"product_cat-60v-e-bike-battery","7":"product_cat-e-bike-battery","8":"product_cat-low-speed-electric-vehicle-battery","9":"product_cat-power-battery","10":"product_cat-scooter-battery","12":"first","13":"instock","14":"shipping-taxable","15":"product-type-simple"},"uagb_featured_image_src":{"full":["https:\/\/ecavix.com\/wp-content\/uploads\/2025\/07\/60V-20ah-Lithium-Polymer-Battery-Battery-for-Electric-Tricycle3-800-800.webp",550,550,false],"thumbnail":["https:\/\/ecavix.com\/wp-content\/uploads\/2025\/07\/60V-20ah-Lithium-Polymer-Battery-Battery-for-Electric-Tricycle3-800-800-150x150.webp",150,150,true],"medium":["https:\/\/ecavix.com\/wp-content\/uploads\/2025\/07\/60V-20ah-Lithium-Polymer-Battery-Battery-for-Electric-Tricycle3-800-800-300x300.webp",300,300,true],"medium_large":["https:\/\/ecavix.com\/wp-content\/uploads\/2025\/07\/60V-20ah-Lithium-Polymer-Battery-Battery-for-Electric-Tricycle3-800-800.webp",550,550,false],"large":["https:\/\/ecavix.com\/wp-content\/uploads\/2025\/07\/60V-20ah-Lithium-Polymer-Battery-Battery-for-Electric-Tricycle3-800-800.webp",550,550,false],"1536x1536":["https:\/\/ecavix.com\/wp-content\/uploads\/2025\/07\/60V-20ah-Lithium-Polymer-Battery-Battery-for-Electric-Tricycle3-800-800.webp",550,550,false],"2048x2048":["https:\/\/ecavix.com\/wp-content\/uploads\/2025\/07\/60V-20ah-Lithium-Polymer-Battery-Battery-for-Electric-Tricycle3-800-800.webp",550,550,false],"trp-custom-language-flag":["https:\/\/ecavix.com\/wp-content\/uploads\/2025\/07\/60V-20ah-Lithium-Polymer-Battery-Battery-for-Electric-Tricycle3-800-800.webp",12,12,false],"neve-blog":["https:\/\/ecavix.com\/wp-content\/uploads\/2025\/07\/60V-20ah-Lithium-Polymer-Battery-Battery-for-Electric-Tricycle3-800-800.webp",550,550,false],"woocommerce_thumbnail":["https:\/\/ecavix.com\/wp-content\/uploads\/2025\/07\/60V-20ah-Lithium-Polymer-Battery-Battery-for-Electric-Tricycle3-800-800-300x300.webp",300,300,true],"woocommerce_single":["https:\/\/ecavix.com\/wp-content\/uploads\/2025\/07\/60V-20ah-Lithium-Polymer-Battery-Battery-for-Electric-Tricycle3-800-800.webp",550,550,false],"woocommerce_gallery_thumbnail":["https:\/\/ecavix.com\/wp-content\/uploads\/2025\/07\/60V-20ah-Lithium-Polymer-Battery-Battery-for-Electric-Tricycle3-800-800-100x100.webp",100,100,true]},"uagb_author_info":{"display_name":"solvitaenergylimited@gmail.com","author_link":"https:\/\/ecavix.com\/ro\/author\/"},"uagb_comment_info":0,"uagb_excerpt":"60V 20Ah rechargeable lithium polymer battery pack designed for 1000W electric scooters and bikes. Reliable BMS protection and long cycle life.","_links":{"self":[{"href":"https:\/\/ecavix.com\/ro\/wp-json\/wp\/v2\/product\/2440","targetHints":{"allow":["GET"]}}],"collection":[{"href":"https:\/\/ecavix.com\/ro\/wp-json\/wp\/v2\/product"}],"about":[{"href":"https:\/\/ecavix.com\/ro\/wp-json\/wp\/v2\/types\/product"}],"replies":[{"embeddable":true,"href":"https:\/\/ecavix.com\/ro\/wp-json\/wp\/v2\/comments?post=2440"}],"wp:featuredmedia":[{"embeddable":true,"href":"https:\/\/ecavix.com\/ro\/wp-json\/wp\/v2\/media\/2432"}],"wp:attachment":[{"href":"https:\/\/ecavix.com\/ro\/wp-json\/wp\/v2\/media?parent=2440"}],"wp:term":[{"taxonomy":"product_brand","embeddable":true,"href":"https:\/\/ecavix.com\/ro\/wp-json\/wp\/v2\/product_brand?post=2440"},{"taxonomy":"product_cat","embeddable":true,"href":"https:\/\/ecavix.com\/ro\/wp-json\/wp\/v2\/product_cat?post=2440"},{"taxonomy":"product_tag","embeddable":true,"href":"https:\/\/ecavix.com\/ro\/wp-json\/wp\/v2\/product_tag?post=2440"}],"curies":[{"name":"wp","href":"https:\/\/api.w.org\/{rel}","templated":true}]}}