{"id":2426,"date":"2025-07-18T07:05:20","date_gmt":"2025-07-18T07:05:20","guid":{"rendered":"https:\/\/ecavix.com\/?post_type=product&#038;p=2426"},"modified":"2025-07-18T07:05:20","modified_gmt":"2025-07-18T07:05:20","slug":"59-2v-24ah-18650-baterie-reincarcabila-cu-ioni-de-litiu-pentru-scuter-electric","status":"publish","type":"product","link":"https:\/\/ecavix.com\/ro\/product\/59-2v-24ah-18650-rechargeable-lithium-ion-battery-pack-for-electric-scootor\/","title":{"rendered":"59.2V 24ah 18650 acumulator litiu-ion re\u00eenc\u0103rcabil pentru scuter electric"},"content":{"rendered":"<br \/>\n<h1>Baterie re\u00eenc\u0103rcabil\u0103 cu litiu de 59,2 V \u0219i 24 Ah pentru scuter electric<\/h1>\n<h2>Prezentare general\u0103 a produsului<\/h2>\n<table>\n<tr>\n<th>Model<\/th>\n<td>DL-5924<\/td>\n<\/tr>\n<tr>\n<th>Tensiune nominal\u0103<\/th>\n<td>59.2V<\/td>\n<\/tr>\n<tr>\n<th>Capacitate nominal\u0103<\/th>\n<td>24 Ah<\/td>\n<\/tr>\n<tr>\n<th>Tensiunea de \u00eenc\u0103rcare<\/th>\n<td>67.2V<\/td>\n<\/tr>\n<tr>\n<th>Tipul celulei bateriei<\/th>\n<td>Celule LG 3000mAh 18650<\/td>\n<\/tr>\n<tr>\n<th>Configura\u021bia bateriei<\/th>\n<td>16S8P<\/td>\n<\/tr>\n<tr>\n<th>Curent de \u00eenc\u0103rcare standard<\/th>\n<td>5A<\/td>\n<\/tr>\n<tr>\n<th>Timp de \u00eenc\u0103rcare<\/th>\n<td>6\u20137 ore (cu \u00eenc\u0103rc\u0103tor de 67,2 V 4 A)<\/td>\n<\/tr>\n<tr>\n<th>Tensiunea de deconectare a desc\u0103rc\u0103rii<\/th>\n<td>44V<\/td>\n<\/tr>\n<tr>\n<th>Curent de desc\u0103rcare continu\u0103<\/th>\n<td>20A<\/td>\n<\/tr>\n<tr>\n<th>Curent maxim de desc\u0103rcare<\/th>\n<td>30\u201340A<\/td>\n<\/tr>\n<tr>\n<th>Ciclul de via\u021b\u0103<\/th>\n<td>\u2265 500 cicluri<\/td>\n<\/tr>\n<tr>\n<th>Rata de desc\u0103rcare spontan\u0103<\/th>\n<td>\u2264 3% pe lun\u0103<\/td>\n<\/tr>\n<tr>\n<th>Protec\u021bia BMS<\/th>\n<td>Supra\u00eenc\u0103rcare, desc\u0103rcare excesiv\u0103, supracurent, scurtcircuit<\/td>\n<\/tr>\n<tr>\n<th>Dimensiuni<\/th>\n<td>435 \u00d7 140 \u00d7 60 mm<\/td>\n<\/tr>\n<tr>\n<th>Greutate net\u0103<\/th>\n<td>6,5 kg<\/td>\n<\/tr>\n<tr>\n<th>Port<\/th>\n<td>Shenzhen, China<\/td>\n<\/tr>\n<tr>\n<th>Capacitatea de produc\u021bie<\/th>\n<td>2.000 buc\u0103\u021bi\/s\u0103pt\u0103m\u00e2n\u0103<\/td>\n<\/tr>\n<tr>\n<th>Condi\u021bii de plat\u0103<\/th>\n<td>L\/C, T\/T, Paypal, Money Gram<\/td>\n<\/tr>\n<\/table>\n<h2>Teste de performan\u021b\u0103 \u00een materie de siguran\u021b\u0103<\/h2>\n<table>\n<tr>\n<th>Supra\u00eenc\u0103rcare<\/th>\n<td>F\u0103r\u0103 incendiu, f\u0103r\u0103 explozie<\/td>\n<\/tr>\n<tr>\n<th>Desc\u0103rcare excesiv\u0103<\/th>\n<td>F\u0103r\u0103 incendiu, f\u0103r\u0103 explozie<\/td>\n<\/tr>\n<tr>\n<th>Scurtcircuit<\/th>\n<td>F\u0103r\u0103 incendiu, f\u0103r\u0103 explozie<\/td>\n<\/tr>\n<tr>\n<th>Testul de c\u0103dere<\/th>\n<td>F\u0103r\u0103 incendiu, f\u0103r\u0103 explozie, f\u0103r\u0103 scurgeri<\/td>\n<\/tr>\n<tr>\n<th>Cuptor fierbinte<\/th>\n<td>F\u0103r\u0103 incendiu, f\u0103r\u0103 explozie<\/td>\n<\/tr>\n<tr>\n<th>Zdrobire<\/th>\n<td>F\u0103r\u0103 incendiu, f\u0103r\u0103 explozie<\/td>\n<\/tr>\n<tr>\n<th>Punc\u021bie cu ac<\/th>\n<td>F\u0103r\u0103 incendiu, f\u0103r\u0103 explozie<\/td>\n<\/tr>\n<\/table>\n<h2>Caracteristici principale<\/h2>\n<div class=\"features-grid\">\n<div class=\"feature-box\">\n<h3>Capacitate mare<\/h3>\n<p>Capacitate de 24 Ah, ideal\u0103 pentru scutere electrice de mare putere \u0219i aplica\u021bii cu autonomie mare.<\/p>\n<\/p><\/div>\n<div class=\"feature-box\">\n<h3>\u00cenc\u0103rcare rapid\u0103<\/h3>\n<p>Timp de re\u00eenc\u0103rcare rapid\u0103 de 6-7 ore cu \u00eenc\u0103rc\u0103tor standard de 67,2 V 4 A.<\/p>\n<\/p><\/div>\n<div class=\"feature-box\">\n<h3>Sistem avansat de gestionare a bateriei (BMS)<\/h3>\n<p>Sistemul integrat de gestionare a bateriei ofer\u0103 protec\u021bie complet\u0103 pentru siguran\u021b\u0103 \u0219i fiabilitate.<\/p>\n<\/p><\/div>\n<div class=\"feature-box\">\n<h3>Construc\u021bie durabil\u0103<\/h3>\n<p>Performan\u021ba puternic\u0103 de desc\u0103rcare \u0219i rezisten\u021ba la \u0219ocuri asigur\u0103 o func\u021bionare stabil\u0103 chiar \u0219i \u00een condi\u021bii dificile.<\/p>\n<\/p><\/div>\n<\/p><\/div>\n<h2>Aplica\u021bii<\/h2>\n<ul>\n<li>Trotinete electrice<\/li>\n<li>Motociclete electrice \u0219i biciclete electrice<\/li>\n<li>C\u0103rucioare de golf \u0219i ma\u0219ini pentru vizitarea obiectivelor turistice<\/li>\n<li>Ma\u0219ini de cur\u0103\u021bat<\/li>\n<li>Stocarea energiei solare sau eoliene<\/li>\n<\/ul>\n<h2>De ce s\u0103 alege\u021bi aceast\u0103 baterie?<\/h2>\n<ul>\n<li>Densitate energetic\u0103 ridicat\u0103 cu factor de form\u0103 compact<\/li>\n<li>Performan\u021b\u0103 stabil\u0103 la temperaturi sc\u0103zute<\/li>\n<li>Capacitate de \u00eenc\u0103rcare rapid\u0103 \u0219i ie\u0219ire de curent puternic<\/li>\n<li>Nu necesit\u0103 \u00eentre\u021binere, fiind fabricat din materiale ecologice<\/li>\n<li>Performan\u021b\u0103 de siguran\u021b\u0103 testat\u0103 riguros \u2013 f\u0103r\u0103 incendiu, f\u0103r\u0103 explozie<\/li>\n<\/ul>","protected":false},"excerpt":{"rendered":"<p>Baterie re\u00eenc\u0103rcabil\u0103 de litiu 18650 de 59,2 V \u0219i 24 Ah, cu capacitate mare, conceput\u0103 pentru scutere electrice. Performan\u021b\u0103 durabil\u0103, BMS robust \u0219i capacitate mare de desc\u0103rcare.<\/p>","protected":false},"featured_media":2417,"comment_status":"open","ping_status":"closed","template":"","meta":{"_uag_custom_page_level_css":"","neve_meta_sidebar":"","neve_meta_container":"","neve_meta_enable_content_width":"off","neve_meta_content_width":100,"neve_meta_title_alignment":"","neve_meta_author_avatar":"","neve_post_elements_order":"","neve_meta_disable_header":"","neve_meta_disable_footer":"","neve_meta_disable_title":""},"product_brand":[],"product_cat":[49,45,43],"product_tag":[],"class_list":{"0":"post-2426","1":"product","2":"type-product","3":"status-publish","4":"has-post-thumbnail","6":"product_cat-60v-e-bike-battery","7":"product_cat-e-bike-battery","8":"product_cat-power-battery","10":"first","11":"instock","12":"shipping-taxable","13":"product-type-simple"},"uagb_featured_image_src":{"full":["https:\/\/ecavix.com\/wp-content\/uploads\/2025\/07\/59-2V-25-6ah-Rechargeable-Lithium-Ion-Battery-Pack-for-18650-Battery-Pack4-800-800-1-1.png",550,550,false],"thumbnail":["https:\/\/ecavix.com\/wp-content\/uploads\/2025\/07\/59-2V-25-6ah-Rechargeable-Lithium-Ion-Battery-Pack-for-18650-Battery-Pack4-800-800-1-1-150x150.png",150,150,true],"medium":["https:\/\/ecavix.com\/wp-content\/uploads\/2025\/07\/59-2V-25-6ah-Rechargeable-Lithium-Ion-Battery-Pack-for-18650-Battery-Pack4-800-800-1-1-300x300.png",300,300,true],"medium_large":["https:\/\/ecavix.com\/wp-content\/uploads\/2025\/07\/59-2V-25-6ah-Rechargeable-Lithium-Ion-Battery-Pack-for-18650-Battery-Pack4-800-800-1-1.png",550,550,false],"large":["https:\/\/ecavix.com\/wp-content\/uploads\/2025\/07\/59-2V-25-6ah-Rechargeable-Lithium-Ion-Battery-Pack-for-18650-Battery-Pack4-800-800-1-1.png",550,550,false],"1536x1536":["https:\/\/ecavix.com\/wp-content\/uploads\/2025\/07\/59-2V-25-6ah-Rechargeable-Lithium-Ion-Battery-Pack-for-18650-Battery-Pack4-800-800-1-1.png",550,550,false],"2048x2048":["https:\/\/ecavix.com\/wp-content\/uploads\/2025\/07\/59-2V-25-6ah-Rechargeable-Lithium-Ion-Battery-Pack-for-18650-Battery-Pack4-800-800-1-1.png",550,550,false],"trp-custom-language-flag":["https:\/\/ecavix.com\/wp-content\/uploads\/2025\/07\/59-2V-25-6ah-Rechargeable-Lithium-Ion-Battery-Pack-for-18650-Battery-Pack4-800-800-1-1.png",12,12,false],"neve-blog":["https:\/\/ecavix.com\/wp-content\/uploads\/2025\/07\/59-2V-25-6ah-Rechargeable-Lithium-Ion-Battery-Pack-for-18650-Battery-Pack4-800-800-1-1.png",550,550,false],"woocommerce_thumbnail":["https:\/\/ecavix.com\/wp-content\/uploads\/2025\/07\/59-2V-25-6ah-Rechargeable-Lithium-Ion-Battery-Pack-for-18650-Battery-Pack4-800-800-1-1-300x300.png",300,300,true],"woocommerce_single":["https:\/\/ecavix.com\/wp-content\/uploads\/2025\/07\/59-2V-25-6ah-Rechargeable-Lithium-Ion-Battery-Pack-for-18650-Battery-Pack4-800-800-1-1.png",550,550,false],"woocommerce_gallery_thumbnail":["https:\/\/ecavix.com\/wp-content\/uploads\/2025\/07\/59-2V-25-6ah-Rechargeable-Lithium-Ion-Battery-Pack-for-18650-Battery-Pack4-800-800-1-1-100x100.png",100,100,true]},"uagb_author_info":{"display_name":"solvitaenergylimited@gmail.com","author_link":"https:\/\/ecavix.com\/ro\/author\/"},"uagb_comment_info":0,"uagb_excerpt":"High-capacity 59.2V 24Ah rechargeable 18650 lithium battery pack designed for electric scooters. Durable performance, robust BMS, and strong discharge capability.","_links":{"self":[{"href":"https:\/\/ecavix.com\/ro\/wp-json\/wp\/v2\/product\/2426","targetHints":{"allow":["GET"]}}],"collection":[{"href":"https:\/\/ecavix.com\/ro\/wp-json\/wp\/v2\/product"}],"about":[{"href":"https:\/\/ecavix.com\/ro\/wp-json\/wp\/v2\/types\/product"}],"replies":[{"embeddable":true,"href":"https:\/\/ecavix.com\/ro\/wp-json\/wp\/v2\/comments?post=2426"}],"wp:featuredmedia":[{"embeddable":true,"href":"https:\/\/ecavix.com\/ro\/wp-json\/wp\/v2\/media\/2417"}],"wp:attachment":[{"href":"https:\/\/ecavix.com\/ro\/wp-json\/wp\/v2\/media?parent=2426"}],"wp:term":[{"taxonomy":"product_brand","embeddable":true,"href":"https:\/\/ecavix.com\/ro\/wp-json\/wp\/v2\/product_brand?post=2426"},{"taxonomy":"product_cat","embeddable":true,"href":"https:\/\/ecavix.com\/ro\/wp-json\/wp\/v2\/product_cat?post=2426"},{"taxonomy":"product_tag","embeddable":true,"href":"https:\/\/ecavix.com\/ro\/wp-json\/wp\/v2\/product_tag?post=2426"}],"curies":[{"name":"wp","href":"https:\/\/api.w.org\/{rel}","templated":true}]}}