{"id":2400,"date":"2025-07-18T06:30:23","date_gmt":"2025-07-18T06:30:23","guid":{"rendered":"https:\/\/ecavix.com\/?post_type=product&#038;p=2400"},"modified":"2025-07-18T06:30:23","modified_gmt":"2025-07-18T06:30:23","slug":"baterie-reincarcabila-lifepo4-48v-20ah-cu-ciclu-de-viata-lung","status":"publish","type":"product","link":"https:\/\/ecavix.com\/ro\/product\/rechargeable-lifepo4-battery-48v-20ah-with-long-cycle-life\/","title":{"rendered":"Baterie re\u00eenc\u0103rcabil\u0103 LiFePO4 48V 20ah cu durat\u0103 de via\u021b\u0103 lung\u0103"},"content":{"rendered":"<h1>Baterie re\u00eenc\u0103rcabil\u0103 LiFePO4 48V 20Ah<\/h1>\n<h2>Prezentare general\u0103 a produsului<\/h2>\n<table>\n<tr>\n<th>Model<\/th>\n<td>DL-LFP13S<\/td>\n<\/tr>\n<tr>\n<th>Tensiune nominal\u0103<\/th>\n<td>48V<\/td>\n<\/tr>\n<tr>\n<th>Capacitate nominal\u0103<\/th>\n<td>20Ah<\/td>\n<\/tr>\n<tr>\n<th>Tip baterie<\/th>\n<td>LiFePO4<\/td>\n<\/tr>\n<tr>\n<th>Celula de asamblare<\/th>\n<td>15S1P<\/td>\n<\/tr>\n<tr>\n<th>Curent continuu maxim<\/th>\n<td>40A<\/td>\n<\/tr>\n<tr>\n<th>Peste curent<\/th>\n<td>120A<\/td>\n<\/tr>\n<tr>\n<th>Tensiune de deconectare<\/th>\n<td>40V \u00b11V<\/td>\n<\/tr>\n<tr>\n<th>Tensiunea de \u00eenc\u0103rcare<\/th>\n<td>58,4V \u00b10,2V<\/td>\n<\/tr>\n<tr>\n<th>Curentul de \u00eenc\u0103rcare recomandat<\/th>\n<td>4A<\/td>\n<\/tr>\n<tr>\n<th>Timp de \u00eenc\u0103rcare<\/th>\n<td>5,5 ore<\/td>\n<\/tr>\n<tr>\n<th>Greutate<\/th>\n<td>\u2264 8kg<\/td>\n<\/tr>\n<tr>\n<th>Dimensiuni<\/th>\n<td>253mm x 164mm x 116mm<\/td>\n<\/tr>\n<tr>\n<th>Rezisten\u021b\u0103 intern\u0103<\/th>\n<td>\u2264 80m\u03a9<\/td>\n<\/tr>\n<tr>\n<th>Rata de autodesc\u0103rcare<\/th>\n<td>\u2264 5% pe lun\u0103<\/td>\n<\/tr>\n<\/table>\n<h2>Aplica\u021bii<\/h2>\n<ul>\n<li>Sisteme de energie solar\u0103<\/li>\n<li>Vehicule electrice<\/li>\n<li>Unelte electrice<\/li>\n<li>B\u0103rci electrice<\/li>\n<li>Ma\u0219ini de golf<\/li>\n<\/ul>\n<h2>Caracteristici generale<\/h2>\n<div class=\"features-grid\">\n<div class=\"feature-box\">\n<h3>Ciclu de via\u021b\u0103 lung<\/h3>\n<p>Cu peste 500 de cicluri, aceast\u0103 baterie asigur\u0103 longevitate \u0219i performan\u021b\u0103 constant\u0103 pe tot parcursul utiliz\u0103rii.<\/p>\n<\/p><\/div>\n<div class=\"feature-box\">\n<h3>Performan\u021b\u0103 eficient\u0103<\/h3>\n<p>Ansamblul 15S1P de celule LiFePO4 de \u00eenalt\u0103 calitate asigur\u0103 viteze eficiente de stocare \u0219i desc\u0103rcare a energiei.<\/p>\n<\/p><\/div>\n<div class=\"feature-box\">\n<h3>Sigur \u0219i fiabil<\/h3>\n<p>BMS \u00eencorporat pentru protec\u021bie la supra\u00eenc\u0103rcare, supradesc\u0103rcare \u0219i scurtcircuit.<\/p>\n<\/p><\/div>\n<div class=\"feature-box\">\n<h3>\u00cenc\u0103rcare rapid\u0103<\/h3>\n<p>Timp de \u00eenc\u0103rcare standard de 5,5 ore cu un curent de \u00eenc\u0103rcare recomandat de 4A.<\/p>\n<\/p><\/div>\n<\/p><\/div>\n<h2>De ce s\u0103 ne alege\u021bi?<\/h2>\n<ul>\n<li>Certific\u0103ri: CE, RoHS, FCC<\/li>\n<li>Reciclabil \u0219i ecologic<\/li>\n<li>Performan\u021b\u0103 fiabil\u0103 pentru utilizare pe termen lung<\/li>\n<li>Tensiune, capacitate \u0219i configura\u021bie personalizate disponibile<\/li>\n<li>Sistem sigur \u0219i eficient de gestionare a bateriei (BMS)<\/li>\n<li>Garan\u021bie de 1 an \u0219i servicii post-v\u00e2nzare excelente<\/li>\n<\/ul>\n<h2>Transport \u0219i ambalare<\/h2>\n<p>Oferim op\u021biuni de transport fiabile \u00een \u00eentreaga lume:<\/p>\n<ul>\n<li>Comenzi mici: Expediate pe cale aerian\u0103 (DHL, UPS, FedEx)<\/li>\n<li>Comenzi mari: Expediate pe mare (Timp de livrare: 30-45 zile)<\/li>\n<\/ul>","protected":false},"excerpt":{"rendered":"<p>Baterie re\u00eenc\u0103rcabil\u0103 LiFePO4 48V 20Ah de \u00eenalt\u0103 performan\u021b\u0103, cu durat\u0103 lung\u0103 de via\u021b\u0103, ideal\u0103 pentru diverse aplica\u021bii.<\/p>","protected":false},"featured_media":2384,"comment_status":"open","ping_status":"closed","template":"","meta":{"_uag_custom_page_level_css":"","neve_meta_sidebar":"","neve_meta_container":"","neve_meta_enable_content_width":"off","neve_meta_content_width":100,"neve_meta_title_alignment":"","neve_meta_author_avatar":"","neve_post_elements_order":"","neve_meta_disable_header":"","neve_meta_disable_footer":"","neve_meta_disable_title":""},"product_brand":[],"product_cat":[53,43,55],"product_tag":[],"class_list":{"0":"post-2400","1":"product","2":"type-product","3":"status-publish","4":"has-post-thumbnail","6":"product_cat-low-speed-electric-vehicle-battery","7":"product_cat-power-battery","8":"product_cat-scooter-battery","10":"first","11":"instock","12":"shipping-taxable","13":"product-type-simple"},"uagb_featured_image_src":{"full":["https:\/\/ecavix.com\/wp-content\/uploads\/2025\/07\/36V-High-Capacity-Lithium-Battery-Pack-for-Electricnics3-800-800.webp",550,550,false],"thumbnail":["https:\/\/ecavix.com\/wp-content\/uploads\/2025\/07\/36V-High-Capacity-Lithium-Battery-Pack-for-Electricnics3-800-800-150x150.webp",150,150,true],"medium":["https:\/\/ecavix.com\/wp-content\/uploads\/2025\/07\/36V-High-Capacity-Lithium-Battery-Pack-for-Electricnics3-800-800-300x300.webp",300,300,true],"medium_large":["https:\/\/ecavix.com\/wp-content\/uploads\/2025\/07\/36V-High-Capacity-Lithium-Battery-Pack-for-Electricnics3-800-800.webp",550,550,false],"large":["https:\/\/ecavix.com\/wp-content\/uploads\/2025\/07\/36V-High-Capacity-Lithium-Battery-Pack-for-Electricnics3-800-800.webp",550,550,false],"1536x1536":["https:\/\/ecavix.com\/wp-content\/uploads\/2025\/07\/36V-High-Capacity-Lithium-Battery-Pack-for-Electricnics3-800-800.webp",550,550,false],"2048x2048":["https:\/\/ecavix.com\/wp-content\/uploads\/2025\/07\/36V-High-Capacity-Lithium-Battery-Pack-for-Electricnics3-800-800.webp",550,550,false],"trp-custom-language-flag":["https:\/\/ecavix.com\/wp-content\/uploads\/2025\/07\/36V-High-Capacity-Lithium-Battery-Pack-for-Electricnics3-800-800.webp",12,12,false],"neve-blog":["https:\/\/ecavix.com\/wp-content\/uploads\/2025\/07\/36V-High-Capacity-Lithium-Battery-Pack-for-Electricnics3-800-800.webp",550,550,false],"woocommerce_thumbnail":["https:\/\/ecavix.com\/wp-content\/uploads\/2025\/07\/36V-High-Capacity-Lithium-Battery-Pack-for-Electricnics3-800-800-300x300.webp",300,300,true],"woocommerce_single":["https:\/\/ecavix.com\/wp-content\/uploads\/2025\/07\/36V-High-Capacity-Lithium-Battery-Pack-for-Electricnics3-800-800.webp",550,550,false],"woocommerce_gallery_thumbnail":["https:\/\/ecavix.com\/wp-content\/uploads\/2025\/07\/36V-High-Capacity-Lithium-Battery-Pack-for-Electricnics3-800-800-100x100.webp",100,100,true]},"uagb_author_info":{"display_name":"solvitaenergylimited@gmail.com","author_link":"https:\/\/ecavix.com\/ro\/author\/"},"uagb_comment_info":0,"uagb_excerpt":"High-performance 48V 20Ah LiFePO4 rechargeable battery pack with long cycle life, ideal for various applications.","_links":{"self":[{"href":"https:\/\/ecavix.com\/ro\/wp-json\/wp\/v2\/product\/2400","targetHints":{"allow":["GET"]}}],"collection":[{"href":"https:\/\/ecavix.com\/ro\/wp-json\/wp\/v2\/product"}],"about":[{"href":"https:\/\/ecavix.com\/ro\/wp-json\/wp\/v2\/types\/product"}],"replies":[{"embeddable":true,"href":"https:\/\/ecavix.com\/ro\/wp-json\/wp\/v2\/comments?post=2400"}],"wp:featuredmedia":[{"embeddable":true,"href":"https:\/\/ecavix.com\/ro\/wp-json\/wp\/v2\/media\/2384"}],"wp:attachment":[{"href":"https:\/\/ecavix.com\/ro\/wp-json\/wp\/v2\/media?parent=2400"}],"wp:term":[{"taxonomy":"product_brand","embeddable":true,"href":"https:\/\/ecavix.com\/ro\/wp-json\/wp\/v2\/product_brand?post=2400"},{"taxonomy":"product_cat","embeddable":true,"href":"https:\/\/ecavix.com\/ro\/wp-json\/wp\/v2\/product_cat?post=2400"},{"taxonomy":"product_tag","embeddable":true,"href":"https:\/\/ecavix.com\/ro\/wp-json\/wp\/v2\/product_tag?post=2400"}],"curies":[{"name":"wp","href":"https:\/\/api.w.org\/{rel}","templated":true}]}}