{"id":2396,"date":"2025-07-18T06:26:27","date_gmt":"2025-07-18T06:26:27","guid":{"rendered":"https:\/\/ecavix.com\/?post_type=product&#038;p=2396"},"modified":"2025-07-18T06:26:28","modified_gmt":"2025-07-18T06:26:28","slug":"oem-36v-10ah-20ah-30ah-baterie-reincarcabila-litiu-ion-18650-pachet-de-baterii","status":"publish","type":"product","link":"https:\/\/ecavix.com\/ro\/product\/oem-36v-10ah-20ah-30ah-battery-pack-rechargeable-lithium-ion-18650-battery-pack\/","title":{"rendered":"OEM 36V 10ah 20ah 30ah Pachet de baterii re\u00eenc\u0103rcabile litiu-ion 18650"},"content":{"rendered":"<h1>36V 10Ah 20Ah 30Ah Pachet de baterii litiu-ion<\/h1>\n<h2>Prezentare general\u0103 a produsului<\/h2>\n<table>\n<tr>\n<th>Modelul bateriei<\/th>\n<td>DL-3615<\/td>\n<\/tr>\n<tr>\n<th>Tensiune nominal\u0103<\/th>\n<td>36V<\/td>\n<\/tr>\n<tr>\n<th>Capacitate nominal\u0103<\/th>\n<td>10Ah \/ 20Ah \/ 30Ah (personalizabil)<\/td>\n<\/tr>\n<tr>\n<th>Tip baterie<\/th>\n<td>Celule de baterie 18650 Li-ion<\/td>\n<\/tr>\n<tr>\n<th>Configura\u021bia bateriei<\/th>\n<td>10S6P (sau personaliza\u021bi)<\/td>\n<\/tr>\n<tr>\n<th>Tensiune complet \u00eenc\u0103rcat\u0103<\/th>\n<td>42V<\/td>\n<\/tr>\n<tr>\n<th>Tensiunea de deconectare a desc\u0103rc\u0103rii<\/th>\n<td>25V<\/td>\n<\/tr>\n<tr>\n<th>Curent de \u00eenc\u0103rcare<\/th>\n<td>3A (standard)<\/td>\n<\/tr>\n<tr>\n<th>Curent de desc\u0103rcare continu\u0103<\/th>\n<td>Personalizabil \u00een func\u021bie de cerere<\/td>\n<\/tr>\n<tr>\n<th>Temperatura de lucru (\u00eenc\u0103rcare)<\/th>\n<td>0\u00b0C ~ 45\u00b0C<\/td>\n<\/tr>\n<tr>\n<th>Temperatura de lucru (desc\u0103rcare)<\/th>\n<td>-10\u00b0C ~ 55\u00b0C<\/td>\n<\/tr>\n<tr>\n<th>Greutate net\u0103<\/th>\n<td>2.812kg<\/td>\n<\/tr>\n<tr>\n<th>Dimensiune<\/th>\n<td>196 x 115 x 67mm (personalizabil)<\/td>\n<\/tr>\n<tr>\n<th>Ciclul de via\u021b\u0103<\/th>\n<td>500+ ori<\/td>\n<\/tr>\n<tr>\n<th>Garan\u021bie<\/th>\n<td>1 an<\/td>\n<\/tr>\n<tr>\n<th>Codul SA<\/th>\n<td>8507600090<\/td>\n<\/tr>\n<\/table>\n<h2>Aplica\u021bii<\/h2>\n<ul>\n<li>L\u0103mpi stradale solare<\/li>\n<li>Vehicule electrice<\/li>\n<li>Unelte electrice<\/li>\n<li>Ma\u0219ini de golf<\/li>\n<li>Juc\u0103rii electronice<\/li>\n<\/ul>\n<h2>De ce s\u0103 ne alege\u021bi?<\/h2>\n<ul>\n<li>Solu\u021bii personalizate de baterii pentru diverse aplica\u021bii<\/li>\n<li>Celule Li-ion 18650 de \u00eenalt\u0103 calitate<\/li>\n<li>Capacitate, tensiune \u0219i configura\u021bii personalizate<\/li>\n<li>Performan\u021b\u0103 eficient\u0103 \u0219i de lung\u0103 durat\u0103<\/li>\n<li>Protec\u021bie la supra\u00eenc\u0103rcare, supradesc\u0103rcare \u0219i supra\u00eenc\u0103lzire pentru siguran\u021b\u0103<\/li>\n<li>Garan\u021bie de 1 an cu asisten\u021b\u0103 excelent\u0103 pentru clien\u021bi<\/li>\n<\/ul>\n<h2>Transport \u0219i ambalare<\/h2>\n<p>Oferim ambalaje sigure \u0219i op\u021biuni de expediere rapid\u0103 pentru comenzi mici \u0219i mari:<\/p>\n<ul>\n<li>Comenzi mici: Expediate pe cale aerian\u0103 (DHL, UPS, FedEx)<\/li>\n<li>Comenzi mari: Expediate pe mare (Timp de livrare: 30-45 zile)<\/li>\n<\/ul>","protected":false},"excerpt":{"rendered":"<p>Baterie litiu-ion de \u00eenalt\u0103 performan\u021b\u0103 de 36V pentru l\u0103mpi solare stradale, vehicule electrice \u0219i alte aplica\u021bii.<\/p>","protected":false},"featured_media":2399,"comment_status":"open","ping_status":"closed","template":"","meta":{"_uag_custom_page_level_css":"","neve_meta_sidebar":"","neve_meta_container":"","neve_meta_enable_content_width":"off","neve_meta_content_width":100,"neve_meta_title_alignment":"","neve_meta_author_avatar":"","neve_post_elements_order":"","neve_meta_disable_header":"","neve_meta_disable_footer":"","neve_meta_disable_title":""},"product_brand":[],"product_cat":[47,45,53,43,55],"product_tag":[],"class_list":{"0":"post-2396","1":"product","2":"type-product","3":"status-publish","4":"has-post-thumbnail","6":"product_cat-36v-e-bike-battery","7":"product_cat-e-bike-battery","8":"product_cat-low-speed-electric-vehicle-battery","9":"product_cat-power-battery","10":"product_cat-scooter-battery","12":"first","13":"instock","14":"shipping-taxable","15":"product-type-simple"},"uagb_featured_image_src":{"full":["https:\/\/ecavix.com\/wp-content\/uploads\/2025\/07\/36V-High-Capacity-Lithium-Battery-Pack-for-Electricnics2-800-800-1.webp",550,550,false],"thumbnail":["https:\/\/ecavix.com\/wp-content\/uploads\/2025\/07\/36V-High-Capacity-Lithium-Battery-Pack-for-Electricnics2-800-800-1-150x150.webp",150,150,true],"medium":["https:\/\/ecavix.com\/wp-content\/uploads\/2025\/07\/36V-High-Capacity-Lithium-Battery-Pack-for-Electricnics2-800-800-1-300x300.webp",300,300,true],"medium_large":["https:\/\/ecavix.com\/wp-content\/uploads\/2025\/07\/36V-High-Capacity-Lithium-Battery-Pack-for-Electricnics2-800-800-1.webp",550,550,false],"large":["https:\/\/ecavix.com\/wp-content\/uploads\/2025\/07\/36V-High-Capacity-Lithium-Battery-Pack-for-Electricnics2-800-800-1.webp",550,550,false],"1536x1536":["https:\/\/ecavix.com\/wp-content\/uploads\/2025\/07\/36V-High-Capacity-Lithium-Battery-Pack-for-Electricnics2-800-800-1.webp",550,550,false],"2048x2048":["https:\/\/ecavix.com\/wp-content\/uploads\/2025\/07\/36V-High-Capacity-Lithium-Battery-Pack-for-Electricnics2-800-800-1.webp",550,550,false],"trp-custom-language-flag":["https:\/\/ecavix.com\/wp-content\/uploads\/2025\/07\/36V-High-Capacity-Lithium-Battery-Pack-for-Electricnics2-800-800-1.webp",12,12,false],"neve-blog":["https:\/\/ecavix.com\/wp-content\/uploads\/2025\/07\/36V-High-Capacity-Lithium-Battery-Pack-for-Electricnics2-800-800-1.webp",550,550,false],"woocommerce_thumbnail":["https:\/\/ecavix.com\/wp-content\/uploads\/2025\/07\/36V-High-Capacity-Lithium-Battery-Pack-for-Electricnics2-800-800-1-300x300.webp",300,300,true],"woocommerce_single":["https:\/\/ecavix.com\/wp-content\/uploads\/2025\/07\/36V-High-Capacity-Lithium-Battery-Pack-for-Electricnics2-800-800-1.webp",550,550,false],"woocommerce_gallery_thumbnail":["https:\/\/ecavix.com\/wp-content\/uploads\/2025\/07\/36V-High-Capacity-Lithium-Battery-Pack-for-Electricnics2-800-800-1-100x100.webp",100,100,true]},"uagb_author_info":{"display_name":"solvitaenergylimited@gmail.com","author_link":"https:\/\/ecavix.com\/ro\/author\/"},"uagb_comment_info":0,"uagb_excerpt":"High-performance 36V lithium-ion battery pack for solar street lamps, electric vehicles, and other applications.","_links":{"self":[{"href":"https:\/\/ecavix.com\/ro\/wp-json\/wp\/v2\/product\/2396","targetHints":{"allow":["GET"]}}],"collection":[{"href":"https:\/\/ecavix.com\/ro\/wp-json\/wp\/v2\/product"}],"about":[{"href":"https:\/\/ecavix.com\/ro\/wp-json\/wp\/v2\/types\/product"}],"replies":[{"embeddable":true,"href":"https:\/\/ecavix.com\/ro\/wp-json\/wp\/v2\/comments?post=2396"}],"wp:featuredmedia":[{"embeddable":true,"href":"https:\/\/ecavix.com\/ro\/wp-json\/wp\/v2\/media\/2399"}],"wp:attachment":[{"href":"https:\/\/ecavix.com\/ro\/wp-json\/wp\/v2\/media?parent=2396"}],"wp:term":[{"taxonomy":"product_brand","embeddable":true,"href":"https:\/\/ecavix.com\/ro\/wp-json\/wp\/v2\/product_brand?post=2396"},{"taxonomy":"product_cat","embeddable":true,"href":"https:\/\/ecavix.com\/ro\/wp-json\/wp\/v2\/product_cat?post=2396"},{"taxonomy":"product_tag","embeddable":true,"href":"https:\/\/ecavix.com\/ro\/wp-json\/wp\/v2\/product_tag?post=2396"}],"curies":[{"name":"wp","href":"https:\/\/api.w.org\/{rel}","templated":true}]}}