{"id":2391,"date":"2025-07-18T06:22:44","date_gmt":"2025-07-18T06:22:44","guid":{"rendered":"https:\/\/ecavix.com\/?post_type=product&#038;p=2391"},"modified":"2025-07-18T06:22:45","modified_gmt":"2025-07-18T06:22:45","slug":"10s5p-36v-12ah-acumulator-reincarcabil-18650-litiu-ion","status":"publish","type":"product","link":"https:\/\/ecavix.com\/ro\/product\/10s5p-36v-12ah-rechargeable-18650-lithium-ion-battery-pack\/","title":{"rendered":"10s5p 36V 12ah Acumulator re\u00eenc\u0103rcabil 18650 litiu-ion"},"content":{"rendered":"<br \/>\n<h1>Pachet de baterii litiu-ion 36V 12Ah<\/h1>\n<h2>Prezentare general\u0103 a produsului<\/h2>\n<table>\n<tr>\n<th>Modelul bateriei<\/th>\n<td>DEL-36V12AH<\/td>\n<\/tr>\n<tr>\n<th>Tensiune nominal\u0103<\/th>\n<td>36V<\/td>\n<\/tr>\n<tr>\n<th>Tensiune de \u00eenc\u0103rcare complet\u0103<\/th>\n<td>42V<\/td>\n<\/tr>\n<tr>\n<th>Capacitate nominal\u0103<\/th>\n<td>12Ah<\/td>\n<\/tr>\n<tr>\n<th>Tip baterie<\/th>\n<td>Celule de baterie litiu-ion 18650<\/td>\n<\/tr>\n<tr>\n<th>Configura\u021bia bateriei<\/th>\n<td>10S5P (sau personaliza\u021bi)<\/td>\n<\/tr>\n<tr>\n<th>Curent maxim de \u00eenc\u0103rcare\/desc\u0103rcare<\/th>\n<td>5A (reglabil)<\/td>\n<\/tr>\n<tr>\n<th>Celule de baterie<\/th>\n<td>Celule litiu-ion 18650 de grad A<\/td>\n<\/tr>\n<tr>\n<th>PCM<\/th>\n<td>36V PCM de grad A cu protec\u021bie la supra\u00eenc\u0103rcare\/desc\u0103rcare \u0219i protec\u021bie la supra\u00eenc\u0103lzire<\/td>\n<\/tr>\n<tr>\n<th>Greutate<\/th>\n<td>Nu este furnizat<\/td>\n<\/tr>\n<tr>\n<th>Dimensiuni<\/th>\n<td>Personalizabil<\/td>\n<\/tr>\n<tr>\n<th>Culoare<\/th>\n<td>Albastru sau personalizat<\/td>\n<\/tr>\n<tr>\n<th>Garan\u021bie<\/th>\n<td>1 an<\/td>\n<\/tr>\n<\/table>\n<h2>Aplica\u021bii<\/h2>\n<ul>\n<li>Sisteme de iluminat cu LED \u0219i l\u0103mpi stradale solare<\/li>\n<li>VTR\/TV portabil, magnetofoane, radiouri<\/li>\n<li>Unelte electrice, ma\u0219ini de tuns iarba, aspiratoare<\/li>\n<li>Aparate \u0219i echipamente fotografice<\/li>\n<li>Echipament de m\u0103surare portabil<\/li>\n<li>Diverse juc\u0103rii electrice \u0219i echipamente recreative<\/li>\n<li>Surs\u0103 de alimentare ne\u00eentreruptibil\u0103 (UPS)<\/li>\n<li>Comunica\u021bii \u0219i echipamente electrice<\/li>\n<li>Sisteme de iluminat de urgen\u021b\u0103<\/li>\n<\/ul>\n<h2>De ce s\u0103 ne alege\u021bi?<\/h2>\n<ul>\n<li>Solu\u021bii personalizate pentru baterii din 2007<\/li>\n<li>Celule de litiu 18650 de \u00eenalt\u0103 calitate de grad A<\/li>\n<li>PCM \u00eencorporat pentru siguran\u021b\u0103: Protec\u021bie la supra\u00eenc\u0103rcare, supradesc\u0103rcare \u0219i supra\u00eenc\u0103lzire<\/li>\n<li>Garan\u021bie de 1 an cu asisten\u021b\u0103 excelent\u0103 pentru clien\u021bi<\/li>\n<li>Configura\u021bii \u0219i dimensiuni ale bateriei personalizabile<\/li>\n<li>Eficien\u021b\u0103 ridicat\u0103 \u0219i durat\u0103 lung\u0103 de via\u021b\u0103 a bateriei<\/li>\n<\/ul>\n<h2>Transport \u0219i ambalare<\/h2>\n<p>Bateriile noastre sunt ambalate \u00een siguran\u021b\u0103 cu ambalaje standard de export, asigur\u00e2nd un transport sigur. Oferim transport rapid prin DHL, UPS, FedEx sau transport maritim pentru comenzi \u00een vrac.<\/p>\n<h3>Metode de expediere<\/h3>\n<ul>\n<li>Comenzi mici: Expediate pe cale aerian\u0103 (DHL, UPS, FedEx)<\/li>\n<li>Comenzi mari: Expediate pe mare (Timp de livrare: 30-45 zile)<\/li>\n<\/ul>","protected":false},"excerpt":{"rendered":"<p>Baterie litiu-ion de \u00eenalt\u0103 performan\u021b\u0103 de 36V 12Ah pentru unelte electrice, lumini solare \u0219i alte aplica\u021bii.<\/p>","protected":false},"featured_media":2395,"comment_status":"open","ping_status":"closed","template":"","meta":{"_uag_custom_page_level_css":"","neve_meta_sidebar":"","neve_meta_container":"","neve_meta_enable_content_width":"off","neve_meta_content_width":100,"neve_meta_title_alignment":"","neve_meta_author_avatar":"","neve_post_elements_order":"","neve_meta_disable_header":"","neve_meta_disable_footer":"","neve_meta_disable_title":""},"product_brand":[],"product_cat":[53,43,55],"product_tag":[],"class_list":{"0":"post-2391","1":"product","2":"type-product","3":"status-publish","4":"has-post-thumbnail","6":"product_cat-low-speed-electric-vehicle-battery","7":"product_cat-power-battery","8":"product_cat-scooter-battery","10":"first","11":"instock","12":"shipping-taxable","13":"product-type-simple"},"uagb_featured_image_src":{"full":["https:\/\/ecavix.com\/wp-content\/uploads\/2025\/07\/10s5p-36V-12ah-Rechargeable-18650-Lithium-Ion-Battery-Pack3-800-800.webp",550,550,false],"thumbnail":["https:\/\/ecavix.com\/wp-content\/uploads\/2025\/07\/10s5p-36V-12ah-Rechargeable-18650-Lithium-Ion-Battery-Pack3-800-800-150x150.webp",150,150,true],"medium":["https:\/\/ecavix.com\/wp-content\/uploads\/2025\/07\/10s5p-36V-12ah-Rechargeable-18650-Lithium-Ion-Battery-Pack3-800-800-300x300.webp",300,300,true],"medium_large":["https:\/\/ecavix.com\/wp-content\/uploads\/2025\/07\/10s5p-36V-12ah-Rechargeable-18650-Lithium-Ion-Battery-Pack3-800-800.webp",550,550,false],"large":["https:\/\/ecavix.com\/wp-content\/uploads\/2025\/07\/10s5p-36V-12ah-Rechargeable-18650-Lithium-Ion-Battery-Pack3-800-800.webp",550,550,false],"1536x1536":["https:\/\/ecavix.com\/wp-content\/uploads\/2025\/07\/10s5p-36V-12ah-Rechargeable-18650-Lithium-Ion-Battery-Pack3-800-800.webp",550,550,false],"2048x2048":["https:\/\/ecavix.com\/wp-content\/uploads\/2025\/07\/10s5p-36V-12ah-Rechargeable-18650-Lithium-Ion-Battery-Pack3-800-800.webp",550,550,false],"trp-custom-language-flag":["https:\/\/ecavix.com\/wp-content\/uploads\/2025\/07\/10s5p-36V-12ah-Rechargeable-18650-Lithium-Ion-Battery-Pack3-800-800.webp",12,12,false],"neve-blog":["https:\/\/ecavix.com\/wp-content\/uploads\/2025\/07\/10s5p-36V-12ah-Rechargeable-18650-Lithium-Ion-Battery-Pack3-800-800.webp",550,550,false],"woocommerce_thumbnail":["https:\/\/ecavix.com\/wp-content\/uploads\/2025\/07\/10s5p-36V-12ah-Rechargeable-18650-Lithium-Ion-Battery-Pack3-800-800-300x300.webp",300,300,true],"woocommerce_single":["https:\/\/ecavix.com\/wp-content\/uploads\/2025\/07\/10s5p-36V-12ah-Rechargeable-18650-Lithium-Ion-Battery-Pack3-800-800.webp",550,550,false],"woocommerce_gallery_thumbnail":["https:\/\/ecavix.com\/wp-content\/uploads\/2025\/07\/10s5p-36V-12ah-Rechargeable-18650-Lithium-Ion-Battery-Pack3-800-800-100x100.webp",100,100,true]},"uagb_author_info":{"display_name":"solvitaenergylimited@gmail.com","author_link":"https:\/\/ecavix.com\/ro\/author\/"},"uagb_comment_info":0,"uagb_excerpt":"High-performance 36V 12Ah lithium-ion battery pack for electric tools, solar lights, and other applications.","_links":{"self":[{"href":"https:\/\/ecavix.com\/ro\/wp-json\/wp\/v2\/product\/2391","targetHints":{"allow":["GET"]}}],"collection":[{"href":"https:\/\/ecavix.com\/ro\/wp-json\/wp\/v2\/product"}],"about":[{"href":"https:\/\/ecavix.com\/ro\/wp-json\/wp\/v2\/types\/product"}],"replies":[{"embeddable":true,"href":"https:\/\/ecavix.com\/ro\/wp-json\/wp\/v2\/comments?post=2391"}],"wp:featuredmedia":[{"embeddable":true,"href":"https:\/\/ecavix.com\/ro\/wp-json\/wp\/v2\/media\/2395"}],"wp:attachment":[{"href":"https:\/\/ecavix.com\/ro\/wp-json\/wp\/v2\/media?parent=2391"}],"wp:term":[{"taxonomy":"product_brand","embeddable":true,"href":"https:\/\/ecavix.com\/ro\/wp-json\/wp\/v2\/product_brand?post=2391"},{"taxonomy":"product_cat","embeddable":true,"href":"https:\/\/ecavix.com\/ro\/wp-json\/wp\/v2\/product_cat?post=2391"},{"taxonomy":"product_tag","embeddable":true,"href":"https:\/\/ecavix.com\/ro\/wp-json\/wp\/v2\/product_tag?post=2391"}],"curies":[{"name":"wp","href":"https:\/\/api.w.org\/{rel}","templated":true}]}}