{"id":2385,"date":"2025-07-18T06:19:22","date_gmt":"2025-07-18T06:19:22","guid":{"rendered":"https:\/\/ecavix.com\/?post_type=product&#038;p=2385"},"modified":"2025-07-18T06:20:12","modified_gmt":"2025-07-18T06:20:12","slug":"36v-10ah-de-inalta-tensiune-lifepo4-litiu-li-ion-baterie-cu-fire-pcb","status":"publish","type":"product","link":"https:\/\/ecavix.com\/ro\/product\/36v-10ah-high-voltage-lifepo4-lithium-li-ion-battery-with-pcb-wires\/","title":{"rendered":"Baterie litiu-ion LiFePO4 de \u00eenalt\u0103 tensiune, 36 V, 10 Ah, cu cabluri PCB"},"content":{"rendered":"<br \/>\n<h1>36V 10Ah LiFePO4 Pachet de baterii litiu<\/h1>\n<h2>Prezentare general\u0103 a produsului<\/h2>\n<table>\n<tr>\n<th>Modelul bateriei<\/th>\n<td>Del-3610E<\/td>\n<\/tr>\n<tr>\n<th>Tensiune nominal\u0103<\/th>\n<td>36V<\/td>\n<\/tr>\n<tr>\n<th>Capacitate nominal\u0103<\/th>\n<td>10Ah<\/td>\n<\/tr>\n<tr>\n<th>Tip baterie<\/th>\n<td>LiFePO4 (fosfat de litiu \u0219i fier)<\/td>\n<\/tr>\n<tr>\n<th>Configura\u021bia bateriei<\/th>\n<td>11S3P + PCM<\/td>\n<\/tr>\n<tr>\n<th>Curent maxim de desc\u0103rcare<\/th>\n<td>2C (20A)<\/td>\n<\/tr>\n<tr>\n<th>Curent de \u00eenc\u0103rcare<\/th>\n<td>0,2C (2A), \u00eenc\u0103rcare rapid\u0103: 0.5C (5A)<\/td>\n<\/tr>\n<tr>\n<th>Greutate<\/th>\n<td>2,7 kg<\/td>\n<\/tr>\n<tr>\n<th>Dimensiuni<\/th>\n<td>294mm x 83mm x 70mm<\/td>\n<\/tr>\n<tr>\n<th>Rezisten\u021ba interioar\u0103<\/th>\n<td>150m\u03a9<\/td>\n<\/tr>\n<tr>\n<th>Tensiunea de deconectare a desc\u0103rc\u0103rii<\/th>\n<td>2.0 \u00b1 0.06V<\/td>\n<\/tr>\n<tr>\n<th>Tensiune de protec\u021bie la \u00eenc\u0103rcare<\/th>\n<td>3.65 \u00b1 0.03V<\/td>\n<\/tr>\n<tr>\n<th>Temperatura de func\u021bionare (desc\u0103rcare)<\/th>\n<td>-20\u00b0C p\u00e2n\u0103 la 60\u00b0C<\/td>\n<\/tr>\n<tr>\n<th>Temperatura de func\u021bionare (\u00eenc\u0103rcare)<\/th>\n<td>0\u00b0C p\u00e2n\u0103 la 45\u00b0C<\/td>\n<\/tr>\n<tr>\n<th>Temperatura de depozitare<\/th>\n<td>23 \u00b1 5\u00b0C<\/td>\n<\/tr>\n<tr>\n<th>Ciclul de via\u021b\u0103<\/th>\n<td>800 de cicluri<\/td>\n<\/tr>\n<tr>\n<th>Garan\u021bie<\/th>\n<td>13 luni<\/td>\n<\/tr>\n<tr>\n<th>Certificare<\/th>\n<td>CE, RoHS, MSDS, UN38.3, FCC, KC<\/td>\n<\/tr>\n<\/table>\n<h2>De ce s\u0103 ne alege\u021bi?<\/h2>\n<ul>\n<li>Stabilit \u00een industria bateriilor personalizate din 2007<\/li>\n<li>Mostre gratuite pentru comenzi sub 5 USD<\/li>\n<li>Specifica\u021bii precise \u0219i oneste privind capacitatea bateriei<\/li>\n<li>Sisteme de management al bateriei (BMS) de \u00eenalt\u0103 calitate echivalente cu Seiko<\/li>\n<li>Performan\u021ba bateriei finite testat\u0103 la standardele UL, CE, KPS, KC<\/li>\n<li>Certificat ISO9001-2008 pentru managementul calit\u0103\u021bii<\/li>\n<li>Fabric\u0103 5S f\u0103r\u0103 praf, cu un proces de proiectare de ultim\u0103 or\u0103<\/li>\n<li>Inspec\u021bia calit\u0103\u021bii 100%<\/li>\n<li>Garan\u021bie de un an, cu 10 ani de asisten\u021b\u0103 pentru \u00eentre\u021binere<\/li>\n<\/ul>\n<h2>Caracteristici principale<\/h2>\n<div class=\"features-grid\">\n<div class=\"feature-box\">\n      <strong>Reciclabile \u0219i ecologice<\/strong><br \/>\n      Bateria LiFePO4 este reciclabil\u0103 \u0219i are un impact mai redus asupra mediului \u00een compara\u021bie cu alte substan\u021be chimice litiu-ion.\n    <\/div>\n<div class=\"feature-box\">\n      <strong>Sigur \u0219i fiabil<\/strong><br \/>\n      BMS asigur\u0103 protec\u021bie la supradesc\u0103rcare, supra\u00eenc\u0103rcare \u0219i scurtcircuit pentru standarde ridicate de siguran\u021b\u0103.\n    <\/div>\n<div class=\"feature-box\">\n      <strong>Ciclu de via\u021b\u0103 lung<\/strong><br \/>\n      Cu 800 de cicluri, bateria r\u0103m\u00e2ne eficient\u0103 timp de mul\u021bi ani, reduc\u00e2nd nevoia de \u00eenlocuiri frecvente.\n    <\/div>\n<div class=\"feature-box\">\n      <strong>Toleran\u021b\u0103 mare la temperatur\u0103<\/strong><br \/>\n      Func\u021bioneaz\u0103 at\u00e2t la temperaturi ridicate, c\u00e2t \u0219i la temperaturi sc\u0103zute, ceea ce \u00eel face potrivit pentru o varietate de aplica\u021bii \u00een exterior.\n    <\/div>\n<div class=\"feature-box\">\n      <strong>Capacitate de \u00eenc\u0103rcare rapid\u0103<\/strong><br \/>\n      Suport\u0103 \u00eenc\u0103rcare rapid\u0103, reduc\u00e2nd timpul de inactivitate \u00eentre utiliz\u0103ri.\n    <\/div>\n<div class=\"feature-box\">\n      <strong>Compact \u0219i u\u0219or<\/strong><br \/>\n      Bateria este u\u0219oar\u0103 (2,7 kg) \u0219i compact\u0103, fiind ideal\u0103 pentru e-bike-uri, unelte electrice \u0219i pentru stocarea energiei solare.\n    <\/div>\n<\/p><\/div>\n<h2>Aplica\u021bii<\/h2>\n<ul>\n<li>E-biciclete<\/li>\n<li>Sisteme de stocare a energiei solare<\/li>\n<li>Unelte electrice<\/li>\n<\/ul>\n<h2>Transport \u0219i ambalare<\/h2>\n<p>Bateria cu litiu LiFePO4 36V 10Ah este ambalat\u0103 \u00een siguran\u021b\u0103 cu ambalaj standard de export. Oferim transport maritim prin diver\u0219i transportatori, cum ar fi DHL, UPS, FedEx, sau transport maritim pentru comenzi \u00een vrac.<\/p>\n<h3>Metode de expediere<\/h3>\n<ul>\n<li>Comenzi mici: Expediate pe cale aerian\u0103 (DHL, UPS, FedEx)<\/li>\n<li>Comenzi mari: Expediate pe mare (Timp de livrare: 30-45 zile)<\/li>\n<\/ul>","protected":false},"excerpt":{"rendered":"<p>Pachet de baterii litiu LiFePO4 de \u00eenalt\u0103 performan\u021b\u0103 de 36V 10Ah pentru biciclete electrice, stocare a energiei solare \u0219i unelte electrice.<\/p>","protected":false},"featured_media":2389,"comment_status":"open","ping_status":"closed","template":"","meta":{"_uag_custom_page_level_css":"","neve_meta_sidebar":"","neve_meta_container":"","neve_meta_enable_content_width":"off","neve_meta_content_width":100,"neve_meta_title_alignment":"","neve_meta_author_avatar":"","neve_post_elements_order":"","neve_meta_disable_header":"","neve_meta_disable_footer":"","neve_meta_disable_title":""},"product_brand":[],"product_cat":[53,43,55],"product_tag":[],"class_list":{"0":"post-2385","1":"product","2":"type-product","3":"status-publish","4":"has-post-thumbnail","6":"product_cat-low-speed-electric-vehicle-battery","7":"product_cat-power-battery","8":"product_cat-scooter-battery","10":"first","11":"instock","12":"shipping-taxable","13":"product-type-simple"},"uagb_featured_image_src":{"full":["https:\/\/ecavix.com\/wp-content\/uploads\/2025\/07\/36V-10ah-High-Voltage-LiFePO4-Lithium-Li-Ion-Battery-with-PCB-Wires5-800-800.webp",550,550,false],"thumbnail":["https:\/\/ecavix.com\/wp-content\/uploads\/2025\/07\/36V-10ah-High-Voltage-LiFePO4-Lithium-Li-Ion-Battery-with-PCB-Wires5-800-800-150x150.webp",150,150,true],"medium":["https:\/\/ecavix.com\/wp-content\/uploads\/2025\/07\/36V-10ah-High-Voltage-LiFePO4-Lithium-Li-Ion-Battery-with-PCB-Wires5-800-800-300x300.webp",300,300,true],"medium_large":["https:\/\/ecavix.com\/wp-content\/uploads\/2025\/07\/36V-10ah-High-Voltage-LiFePO4-Lithium-Li-Ion-Battery-with-PCB-Wires5-800-800.webp",550,550,false],"large":["https:\/\/ecavix.com\/wp-content\/uploads\/2025\/07\/36V-10ah-High-Voltage-LiFePO4-Lithium-Li-Ion-Battery-with-PCB-Wires5-800-800.webp",550,550,false],"1536x1536":["https:\/\/ecavix.com\/wp-content\/uploads\/2025\/07\/36V-10ah-High-Voltage-LiFePO4-Lithium-Li-Ion-Battery-with-PCB-Wires5-800-800.webp",550,550,false],"2048x2048":["https:\/\/ecavix.com\/wp-content\/uploads\/2025\/07\/36V-10ah-High-Voltage-LiFePO4-Lithium-Li-Ion-Battery-with-PCB-Wires5-800-800.webp",550,550,false],"trp-custom-language-flag":["https:\/\/ecavix.com\/wp-content\/uploads\/2025\/07\/36V-10ah-High-Voltage-LiFePO4-Lithium-Li-Ion-Battery-with-PCB-Wires5-800-800.webp",12,12,false],"neve-blog":["https:\/\/ecavix.com\/wp-content\/uploads\/2025\/07\/36V-10ah-High-Voltage-LiFePO4-Lithium-Li-Ion-Battery-with-PCB-Wires5-800-800.webp",550,550,false],"woocommerce_thumbnail":["https:\/\/ecavix.com\/wp-content\/uploads\/2025\/07\/36V-10ah-High-Voltage-LiFePO4-Lithium-Li-Ion-Battery-with-PCB-Wires5-800-800-300x300.webp",300,300,true],"woocommerce_single":["https:\/\/ecavix.com\/wp-content\/uploads\/2025\/07\/36V-10ah-High-Voltage-LiFePO4-Lithium-Li-Ion-Battery-with-PCB-Wires5-800-800.webp",550,550,false],"woocommerce_gallery_thumbnail":["https:\/\/ecavix.com\/wp-content\/uploads\/2025\/07\/36V-10ah-High-Voltage-LiFePO4-Lithium-Li-Ion-Battery-with-PCB-Wires5-800-800-100x100.webp",100,100,true]},"uagb_author_info":{"display_name":"solvitaenergylimited@gmail.com","author_link":"https:\/\/ecavix.com\/ro\/author\/"},"uagb_comment_info":0,"uagb_excerpt":"High-performance 36V 10Ah LiFePO4 lithium battery pack for e-bikes, solar power storage, and power tools.","_links":{"self":[{"href":"https:\/\/ecavix.com\/ro\/wp-json\/wp\/v2\/product\/2385","targetHints":{"allow":["GET"]}}],"collection":[{"href":"https:\/\/ecavix.com\/ro\/wp-json\/wp\/v2\/product"}],"about":[{"href":"https:\/\/ecavix.com\/ro\/wp-json\/wp\/v2\/types\/product"}],"replies":[{"embeddable":true,"href":"https:\/\/ecavix.com\/ro\/wp-json\/wp\/v2\/comments?post=2385"}],"wp:featuredmedia":[{"embeddable":true,"href":"https:\/\/ecavix.com\/ro\/wp-json\/wp\/v2\/media\/2389"}],"wp:attachment":[{"href":"https:\/\/ecavix.com\/ro\/wp-json\/wp\/v2\/media?parent=2385"}],"wp:term":[{"taxonomy":"product_brand","embeddable":true,"href":"https:\/\/ecavix.com\/ro\/wp-json\/wp\/v2\/product_brand?post=2385"},{"taxonomy":"product_cat","embeddable":true,"href":"https:\/\/ecavix.com\/ro\/wp-json\/wp\/v2\/product_cat?post=2385"},{"taxonomy":"product_tag","embeddable":true,"href":"https:\/\/ecavix.com\/ro\/wp-json\/wp\/v2\/product_tag?post=2385"}],"curies":[{"name":"wp","href":"https:\/\/api.w.org\/{rel}","templated":true}]}}