{"id":2380,"date":"2025-07-18T06:15:46","date_gmt":"2025-07-18T06:15:46","guid":{"rendered":"https:\/\/ecavix.com\/?post_type=product&#038;p=2380"},"modified":"2025-07-18T06:15:46","modified_gmt":"2025-07-18T06:15:46","slug":"pachet-de-baterii-litiu-de-mare-capacitate-36v-pentru-electricnics","status":"publish","type":"product","link":"https:\/\/ecavix.com\/ro\/product\/36v-high-capacity-lithium-battery-pack-for-electricnics\/","title":{"rendered":"Baterie litiu de mare capacitate de 36 V pentru aparate electrice"},"content":{"rendered":"<h1>Pachet de baterii litiu 36V 15Ah<\/h1>\n<h2>Prezentare general\u0103 a produsului<\/h2>\n<table>\n<tr>\n<th>Modelul bateriei<\/th>\n<td>DL-3615<\/td>\n<\/tr>\n<tr>\n<th>Tensiune nominal\u0103<\/th>\n<td>36V<\/td>\n<\/tr>\n<tr>\n<th>Capacitate nominal\u0103<\/th>\n<td>15Ah<\/td>\n<\/tr>\n<tr>\n<th>Configura\u021bia bateriei<\/th>\n<td>10S6P (celule 18650)<\/td>\n<\/tr>\n<tr>\n<th>Tip baterie<\/th>\n<td>Li-ion (litiu-ion)<\/td>\n<\/tr>\n<tr>\n<th>Tensiunea de \u00eenc\u0103rcare<\/th>\n<td>42V<\/td>\n<\/tr>\n<tr>\n<th>Tensiunea de deconectare a desc\u0103rc\u0103rii<\/th>\n<td>25V<\/td>\n<\/tr>\n<tr>\n<th>Curent de \u00eenc\u0103rcare<\/th>\n<td>3A<\/td>\n<\/tr>\n<tr>\n<th>Curent de desc\u0103rcare continu\u0103<\/th>\n<td>15A-20A<\/td>\n<\/tr>\n<tr>\n<th>Greutate<\/th>\n<td>2.812kg<\/td>\n<\/tr>\n<tr>\n<th>Dimensiuni<\/th>\n<td>196mm x 115mm x 67mm<\/td>\n<\/tr>\n<tr>\n<th>Impedan\u021b\u0103<\/th>\n<td>\u2264 150 m\u03a9<\/td>\n<\/tr>\n<tr>\n<th>Temperatura de func\u021bionare (\u00eenc\u0103rcare)<\/th>\n<td>0\u00b0C ~ 45\u00b0C<\/td>\n<\/tr>\n<tr>\n<th>Temperatura de func\u021bionare (desc\u0103rcare)<\/th>\n<td>-10\u00b0C ~ 60\u00b0C<\/td>\n<\/tr>\n<tr>\n<th>Temperatura de depozitare<\/th>\n<td>-20\u00b0C ~ 45\u00b0C<\/td>\n<\/tr>\n<tr>\n<th>Ciclul de via\u021b\u0103<\/th>\n<td>500 de cicluri<\/td>\n<\/tr>\n<tr>\n<th>Garan\u021bie<\/th>\n<td>1 an<\/td>\n<\/tr>\n<tr>\n<th>Certificare<\/th>\n<td>CE, RoHS, MSDS, UN38.3, FCC, SGS<\/td>\n<\/tr>\n<\/table>\n<h2>Caracteristici principale<\/h2>\n<div class=\"features-grid\">\n<div class=\"feature-box\">\n      <strong>Prietenos cu mediul<\/strong><br \/>\n      Bateria nu con\u021bine substan\u021be chimice nocive precum mercurul \u0219i plumbul.\n    <\/div>\n<div class=\"feature-box\">\n      <strong>Densitate energetic\u0103 ridicat\u0103<\/strong><br \/>\n      Compact \u0219i u\u0219or, oferind \u00een acela\u0219i timp o capacitate mare de stocare a energiei.\n    <\/div>\n<div class=\"feature-box\">\n      <strong>Ciclu de via\u021b\u0103 lung<\/strong><br \/>\n      Peste 500 de cicluri de \u00eenc\u0103rcare-desc\u0103rcare men\u021bin\u00e2nd o capacitate de peste 95%.\n    <\/div>\n<div class=\"feature-box\">\n      <strong>Protec\u021bia BMS<\/strong><br \/>\n      Sistem \u00eencorporat de gestionare a bateriei pentru a proteja \u00eempotriva supra\u00eenc\u0103rc\u0103rii, supradesc\u0103rc\u0103rii, supracurentului \u0219i scurtcircuitelor.\n    <\/div>\n<div class=\"feature-box\">\n      <strong>Gam\u0103 larg\u0103 de temperaturi<\/strong><br \/>\n      Func\u021bioneaz\u0103 la temperaturi de p\u00e2n\u0103 la -10\u00b0C \u0219i p\u00e2n\u0103 la 60\u00b0C \u00een timpul desc\u0103rc\u0103rii.\n    <\/div>\n<div class=\"feature-box\">\n      <strong>Sigur \u0219i fiabil<\/strong><br \/>\n      Celulele 18650 de grad A cu protec\u021bie \u00eencorporat\u0103 asigur\u0103 siguran\u021b\u0103 \u0219i fiabilitate ridicate.\n    <\/div>\n<\/p><\/div>\n<h2>Aplica\u021bii<\/h2>\n<ul>\n<li>Lumini stradale solare<\/li>\n<li>Sisteme de energie solar\u0103<\/li>\n<li>Unelte electrice<\/li>\n<li>Vehicule cu telecomand\u0103 (ma\u0219ini, b\u0103rci, avioane)<\/li>\n<\/ul>\n<h2>Transport \u0219i ambalare<\/h2>\n<p>Bateria litiu-ion DL-3615 36V 15Ah este ambalat\u0103 \u00een siguran\u021b\u0103 cu EPE Pearl Cotton \u0219i cutii de carton groase. Metodele de expediere disponibile includ transportul aerian (DHL, UPS, FedEx) \u0219i transportul maritim pentru comenzi mai mari.<\/p>\n<h3>Metode de expediere<\/h3>\n<ul>\n<li>Comenzi mici: Expediate pe cale aerian\u0103 (DHL, UPS, FedEx)<\/li>\n<li>Comenzi mari: Expediate pe mare (Timp de livrare: 30-45 zile)<\/li>\n<\/ul>","protected":false},"excerpt":{"rendered":"<p>Baterie litiu-ion de \u00eenalt\u0103 performan\u021b\u0103 de 36V 15Ah pentru l\u0103mpi solare stradale, unelte electrice \u0219i vehicule cu telecomand\u0103.<\/p>","protected":false},"featured_media":2384,"comment_status":"open","ping_status":"closed","template":"","meta":{"_uag_custom_page_level_css":"","neve_meta_sidebar":"","neve_meta_container":"","neve_meta_enable_content_width":"off","neve_meta_content_width":100,"neve_meta_title_alignment":"","neve_meta_author_avatar":"","neve_post_elements_order":"","neve_meta_disable_header":"","neve_meta_disable_footer":"","neve_meta_disable_title":""},"product_brand":[],"product_cat":[53,43,55],"product_tag":[],"class_list":{"0":"post-2380","1":"product","2":"type-product","3":"status-publish","4":"has-post-thumbnail","6":"product_cat-low-speed-electric-vehicle-battery","7":"product_cat-power-battery","8":"product_cat-scooter-battery","10":"first","11":"instock","12":"shipping-taxable","13":"product-type-simple"},"uagb_featured_image_src":{"full":["https:\/\/ecavix.com\/wp-content\/uploads\/2025\/07\/36V-High-Capacity-Lithium-Battery-Pack-for-Electricnics3-800-800.webp",550,550,false],"thumbnail":["https:\/\/ecavix.com\/wp-content\/uploads\/2025\/07\/36V-High-Capacity-Lithium-Battery-Pack-for-Electricnics3-800-800-150x150.webp",150,150,true],"medium":["https:\/\/ecavix.com\/wp-content\/uploads\/2025\/07\/36V-High-Capacity-Lithium-Battery-Pack-for-Electricnics3-800-800-300x300.webp",300,300,true],"medium_large":["https:\/\/ecavix.com\/wp-content\/uploads\/2025\/07\/36V-High-Capacity-Lithium-Battery-Pack-for-Electricnics3-800-800.webp",550,550,false],"large":["https:\/\/ecavix.com\/wp-content\/uploads\/2025\/07\/36V-High-Capacity-Lithium-Battery-Pack-for-Electricnics3-800-800.webp",550,550,false],"1536x1536":["https:\/\/ecavix.com\/wp-content\/uploads\/2025\/07\/36V-High-Capacity-Lithium-Battery-Pack-for-Electricnics3-800-800.webp",550,550,false],"2048x2048":["https:\/\/ecavix.com\/wp-content\/uploads\/2025\/07\/36V-High-Capacity-Lithium-Battery-Pack-for-Electricnics3-800-800.webp",550,550,false],"trp-custom-language-flag":["https:\/\/ecavix.com\/wp-content\/uploads\/2025\/07\/36V-High-Capacity-Lithium-Battery-Pack-for-Electricnics3-800-800.webp",12,12,false],"neve-blog":["https:\/\/ecavix.com\/wp-content\/uploads\/2025\/07\/36V-High-Capacity-Lithium-Battery-Pack-for-Electricnics3-800-800.webp",550,550,false],"woocommerce_thumbnail":["https:\/\/ecavix.com\/wp-content\/uploads\/2025\/07\/36V-High-Capacity-Lithium-Battery-Pack-for-Electricnics3-800-800-300x300.webp",300,300,true],"woocommerce_single":["https:\/\/ecavix.com\/wp-content\/uploads\/2025\/07\/36V-High-Capacity-Lithium-Battery-Pack-for-Electricnics3-800-800.webp",550,550,false],"woocommerce_gallery_thumbnail":["https:\/\/ecavix.com\/wp-content\/uploads\/2025\/07\/36V-High-Capacity-Lithium-Battery-Pack-for-Electricnics3-800-800-100x100.webp",100,100,true]},"uagb_author_info":{"display_name":"solvitaenergylimited@gmail.com","author_link":"https:\/\/ecavix.com\/ro\/author\/"},"uagb_comment_info":0,"uagb_excerpt":"High-performance 36V 15Ah lithium-ion battery pack for solar street lights, power tools, and remote control vehicles.","_links":{"self":[{"href":"https:\/\/ecavix.com\/ro\/wp-json\/wp\/v2\/product\/2380","targetHints":{"allow":["GET"]}}],"collection":[{"href":"https:\/\/ecavix.com\/ro\/wp-json\/wp\/v2\/product"}],"about":[{"href":"https:\/\/ecavix.com\/ro\/wp-json\/wp\/v2\/types\/product"}],"replies":[{"embeddable":true,"href":"https:\/\/ecavix.com\/ro\/wp-json\/wp\/v2\/comments?post=2380"}],"wp:featuredmedia":[{"embeddable":true,"href":"https:\/\/ecavix.com\/ro\/wp-json\/wp\/v2\/media\/2384"}],"wp:attachment":[{"href":"https:\/\/ecavix.com\/ro\/wp-json\/wp\/v2\/media?parent=2380"}],"wp:term":[{"taxonomy":"product_brand","embeddable":true,"href":"https:\/\/ecavix.com\/ro\/wp-json\/wp\/v2\/product_brand?post=2380"},{"taxonomy":"product_cat","embeddable":true,"href":"https:\/\/ecavix.com\/ro\/wp-json\/wp\/v2\/product_cat?post=2380"},{"taxonomy":"product_tag","embeddable":true,"href":"https:\/\/ecavix.com\/ro\/wp-json\/wp\/v2\/product_tag?post=2380"}],"curies":[{"name":"wp","href":"https:\/\/api.w.org\/{rel}","templated":true}]}}