{"id":2376,"date":"2025-07-18T06:10:36","date_gmt":"2025-07-18T06:10:36","guid":{"rendered":"https:\/\/ecavix.com\/?post_type=product&#038;p=2376"},"modified":"2025-07-18T06:11:01","modified_gmt":"2025-07-18T06:11:01","slug":"10-5ah-capacitate-nominala-36v-baterie-litiu-pentru-biciclete-electrice","status":"publish","type":"product","link":"https:\/\/ecavix.com\/ro\/product\/10-5ah-nominal-capacity-36v-lithium-battery-pack-for-electric-bike\/","title":{"rendered":"10.5ah capacitate nominal\u0103 36V acumulator litiu pentru biciclete electrice"},"content":{"rendered":"<br \/>\n<h1>10.5Ah capacitate nominal\u0103 36V acumulator litiu pentru biciclete electrice<\/h1>\n<h2>Prezentare general\u0103 a produsului<\/h2>\n<table>\n<tr>\n<th>Modelul bateriei<\/th>\n<td>DL-3610\/10S3P<\/td>\n<\/tr>\n<tr>\n<th>Tensiune nominal\u0103<\/th>\n<td>36V<\/td>\n<\/tr>\n<tr>\n<th>Capacitate nominal\u0103<\/th>\n<td>10.5Ah<\/td>\n<\/tr>\n<tr>\n<th>Configura\u021bia bateriei<\/th>\n<td>10S3P (celule 18650)<\/td>\n<\/tr>\n<tr>\n<th>Tip baterie<\/th>\n<td>Li-ion (litiu-ion)<\/td>\n<\/tr>\n<tr>\n<th>Tensiunea de \u00eenc\u0103rcare<\/th>\n<td>42V<\/td>\n<\/tr>\n<tr>\n<th>Tensiunea de deconectare a desc\u0103rc\u0103rii<\/th>\n<td>28V<\/td>\n<\/tr>\n<tr>\n<th>Curent de \u00eenc\u0103rcare<\/th>\n<td>2A<\/td>\n<\/tr>\n<tr>\n<th>Curent de desc\u0103rcare continu\u0103<\/th>\n<td>20A<\/td>\n<\/tr>\n<tr>\n<th>Curent de desc\u0103rcare de v\u00e2rf<\/th>\n<td>60A<\/td>\n<\/tr>\n<tr>\n<th>Greutate<\/th>\n<td>1,6 kg<\/td>\n<\/tr>\n<tr>\n<th>Dimensiuni<\/th>\n<td>125mm x 107mm x 70mm<\/td>\n<\/tr>\n<tr>\n<th>Impedan\u021b\u0103<\/th>\n<td>\u2264 150 m\u03a9<\/td>\n<\/tr>\n<tr>\n<th>Temperatura de func\u021bionare (\u00eenc\u0103rcare)<\/th>\n<td>0\u00b0C ~ 45\u00b0C<\/td>\n<\/tr>\n<tr>\n<th>Temperatura de func\u021bionare (desc\u0103rcare)<\/th>\n<td>-20\u00b0C ~ 60\u00b0C<\/td>\n<\/tr>\n<tr>\n<th>Temperatura de depozitare<\/th>\n<td>-20\u00b0C ~ 40\u00b0C (timp de 3 luni)<\/td>\n<\/tr>\n<tr>\n<th>Ciclul de via\u021b\u0103<\/th>\n<td>500 de cicluri<\/td>\n<\/tr>\n<tr>\n<th>Garan\u021bie<\/th>\n<td>1 an<\/td>\n<\/tr>\n<tr>\n<th>Certificare<\/th>\n<td>CE, RoHS, MSDS, UN38.3, FCC<\/td>\n<\/tr>\n<\/table>\n<h2>Caracteristici principale<\/h2>\n<div class=\"features-grid\">\n<div class=\"feature-box\">\n      <strong>Prietenos cu mediul<\/strong><br \/>\n      Bateria nu con\u021bine substan\u021be chimice nocive precum mercurul \u0219i plumbul.\n    <\/div>\n<div class=\"feature-box\">\n      <strong>Densitate energetic\u0103 ridicat\u0103<\/strong><br \/>\n      Maximizeaz\u0103 cantitatea de energie stocat\u0103 \u00eentr-o dimensiune compact\u0103.\n    <\/div>\n<div class=\"feature-box\">\n      <strong>Greutate redus\u0103<\/strong><br \/>\n      U\u0219or de instalat \u0219i manevrat datorit\u0103 designului s\u0103u u\u0219or.\n    <\/div>\n<div class=\"feature-box\">\n      <strong>Rata sc\u0103zut\u0103 de autodesc\u0103rcare<\/strong><br \/>\n      Asigur\u0103 faptul c\u0103 bateria r\u0103m\u00e2ne preg\u0103tit\u0103 pentru utilizare mai mult timp, f\u0103r\u0103 pierderi semnificative de energie.\n    <\/div>\n<div class=\"feature-box\">\n      <strong>Ciclu de via\u021b\u0103 lung<\/strong><br \/>\n      Se poate \u00eenc\u0103rca de p\u00e2n\u0103 la 500 de ori, p\u0103str\u00e2nd mai mult de 95% din capacitatea sa.\n    <\/div>\n<div class=\"feature-box\">\n      <strong>Protec\u021bia BMS<\/strong><br \/>\n      Sistem \u00eencorporat de gestionare a bateriei pentru a proteja \u00eempotriva supra\u00eenc\u0103rc\u0103rii, supradesc\u0103rc\u0103rii, supracurentului \u0219i scurtcircuitelor.\n    <\/div>\n<\/p><\/div>\n<h2>Aplica\u021bii<\/h2>\n<ul>\n<li>Biciclete electrice<\/li>\n<li>Trotinete electrice<\/li>\n<li>Surs\u0103 de alimentare portabil\u0103<\/li>\n<li>Vehicule electrice<\/li>\n<\/ul>\n<h2>Transport \u0219i ambalare<\/h2>\n<p>Bateria litiu-ion DL-3610\/10S3P 36V 10.5Ah este ambalat\u0103 \u00een siguran\u021b\u0103 \u00een cutii standard de export cu protec\u021bie intern\u0103 din spum\u0103. Op\u021biunile de transport includ transportul aerian (DHL, UPS, FedEx) \u0219i maritim pentru comenzile \u00een vrac.<\/p>\n<h3>Metode de expediere<\/h3>\n<ul>\n<li>Comenzi mici: Expediate pe cale aerian\u0103 (DHL, UPS, FedEx)<\/li>\n<li>Comenzi mari: Expediate pe mare (Timp de livrare: 30-45 zile)<\/li>\n<\/ul>","protected":false},"excerpt":{"rendered":"<p>Pachet de baterii litiu de \u00eenalt\u0103 performan\u021b\u0103 de 10,5Ah 36V pentru biciclete electrice. Durat\u0103 lung\u0103 de via\u021b\u0103 a ciclului, protec\u021bie BMS \u0219i aplica\u021bii versatile<\/p>","protected":false},"featured_media":2379,"comment_status":"open","ping_status":"closed","template":"","meta":{"_uag_custom_page_level_css":"","neve_meta_sidebar":"","neve_meta_container":"","neve_meta_enable_content_width":"off","neve_meta_content_width":100,"neve_meta_title_alignment":"","neve_meta_author_avatar":"","neve_post_elements_order":"","neve_meta_disable_header":"","neve_meta_disable_footer":"","neve_meta_disable_title":""},"product_brand":[],"product_cat":[53,43,55],"product_tag":[58,64,62,69,68],"class_list":{"0":"post-2376","1":"product","2":"type-product","3":"status-publish","4":"has-post-thumbnail","6":"product_cat-low-speed-electric-vehicle-battery","7":"product_cat-power-battery","8":"product_cat-scooter-battery","9":"product_tag-36v","10":"product_tag-battery","11":"product_tag-ebike","12":"product_tag-energy","13":"product_tag-green","15":"first","16":"instock","17":"shipping-taxable","18":"product-type-simple"},"uagb_featured_image_src":{"full":["https:\/\/ecavix.com\/wp-content\/uploads\/2025\/07\/10-5ah-Nominal-Capacity-36V-Lithium-Battery-Pack-for-Electric-Bike3-800-800.webp",550,550,false],"thumbnail":["https:\/\/ecavix.com\/wp-content\/uploads\/2025\/07\/10-5ah-Nominal-Capacity-36V-Lithium-Battery-Pack-for-Electric-Bike3-800-800-150x150.webp",150,150,true],"medium":["https:\/\/ecavix.com\/wp-content\/uploads\/2025\/07\/10-5ah-Nominal-Capacity-36V-Lithium-Battery-Pack-for-Electric-Bike3-800-800-300x300.webp",300,300,true],"medium_large":["https:\/\/ecavix.com\/wp-content\/uploads\/2025\/07\/10-5ah-Nominal-Capacity-36V-Lithium-Battery-Pack-for-Electric-Bike3-800-800.webp",550,550,false],"large":["https:\/\/ecavix.com\/wp-content\/uploads\/2025\/07\/10-5ah-Nominal-Capacity-36V-Lithium-Battery-Pack-for-Electric-Bike3-800-800.webp",550,550,false],"1536x1536":["https:\/\/ecavix.com\/wp-content\/uploads\/2025\/07\/10-5ah-Nominal-Capacity-36V-Lithium-Battery-Pack-for-Electric-Bike3-800-800.webp",550,550,false],"2048x2048":["https:\/\/ecavix.com\/wp-content\/uploads\/2025\/07\/10-5ah-Nominal-Capacity-36V-Lithium-Battery-Pack-for-Electric-Bike3-800-800.webp",550,550,false],"trp-custom-language-flag":["https:\/\/ecavix.com\/wp-content\/uploads\/2025\/07\/10-5ah-Nominal-Capacity-36V-Lithium-Battery-Pack-for-Electric-Bike3-800-800.webp",12,12,false],"neve-blog":["https:\/\/ecavix.com\/wp-content\/uploads\/2025\/07\/10-5ah-Nominal-Capacity-36V-Lithium-Battery-Pack-for-Electric-Bike3-800-800.webp",550,550,false],"woocommerce_thumbnail":["https:\/\/ecavix.com\/wp-content\/uploads\/2025\/07\/10-5ah-Nominal-Capacity-36V-Lithium-Battery-Pack-for-Electric-Bike3-800-800-300x300.webp",300,300,true],"woocommerce_single":["https:\/\/ecavix.com\/wp-content\/uploads\/2025\/07\/10-5ah-Nominal-Capacity-36V-Lithium-Battery-Pack-for-Electric-Bike3-800-800.webp",550,550,false],"woocommerce_gallery_thumbnail":["https:\/\/ecavix.com\/wp-content\/uploads\/2025\/07\/10-5ah-Nominal-Capacity-36V-Lithium-Battery-Pack-for-Electric-Bike3-800-800-100x100.webp",100,100,true]},"uagb_author_info":{"display_name":"solvitaenergylimited@gmail.com","author_link":"https:\/\/ecavix.com\/ro\/author\/"},"uagb_comment_info":0,"uagb_excerpt":"High-performance 10.5Ah 36V lithium battery pack for electric bikes. Long cycle life, BMS protection, and versatile applications","_links":{"self":[{"href":"https:\/\/ecavix.com\/ro\/wp-json\/wp\/v2\/product\/2376","targetHints":{"allow":["GET"]}}],"collection":[{"href":"https:\/\/ecavix.com\/ro\/wp-json\/wp\/v2\/product"}],"about":[{"href":"https:\/\/ecavix.com\/ro\/wp-json\/wp\/v2\/types\/product"}],"replies":[{"embeddable":true,"href":"https:\/\/ecavix.com\/ro\/wp-json\/wp\/v2\/comments?post=2376"}],"wp:featuredmedia":[{"embeddable":true,"href":"https:\/\/ecavix.com\/ro\/wp-json\/wp\/v2\/media\/2379"}],"wp:attachment":[{"href":"https:\/\/ecavix.com\/ro\/wp-json\/wp\/v2\/media?parent=2376"}],"wp:term":[{"taxonomy":"product_brand","embeddable":true,"href":"https:\/\/ecavix.com\/ro\/wp-json\/wp\/v2\/product_brand?post=2376"},{"taxonomy":"product_cat","embeddable":true,"href":"https:\/\/ecavix.com\/ro\/wp-json\/wp\/v2\/product_cat?post=2376"},{"taxonomy":"product_tag","embeddable":true,"href":"https:\/\/ecavix.com\/ro\/wp-json\/wp\/v2\/product_tag?post=2376"}],"curies":[{"name":"wp","href":"https:\/\/api.w.org\/{rel}","templated":true}]}}