{"id":2371,"date":"2025-07-18T06:02:51","date_gmt":"2025-07-18T06:02:51","guid":{"rendered":"https:\/\/ecavix.com\/?post_type=product&#038;p=2371"},"modified":"2025-07-18T06:03:23","modified_gmt":"2025-07-18T06:03:23","slug":"en-gros-36v-9ah-li-ion-baterie-pentru-e-skate-bord","status":"publish","type":"product","link":"https:\/\/ecavix.com\/ro\/product\/wholesale-36v-9ah-li-ion-battery-for-e-skate-board\/","title":{"rendered":"Cu ridicata 36V 9ah Li Ion Baterie pentru E Skate Board"},"content":{"rendered":"<br \/>\n<h1>Baterie Li-ion 36V 9Ah pentru E-Skateboard<\/h1>\n<h2>Prezentare general\u0103 a produsului<\/h2>\n<table>\n<tr>\n<th>Modelul bateriei<\/th>\n<td>DL-369<\/td>\n<\/tr>\n<tr>\n<th>Tensiune nominal\u0103<\/th>\n<td>36V<\/td>\n<\/tr>\n<tr>\n<th>Capacitate nominal\u0103<\/th>\n<td>9Ah<\/td>\n<\/tr>\n<tr>\n<th>Configura\u021bia bateriei<\/th>\n<td>10S4P<\/td>\n<\/tr>\n<tr>\n<th>Tip baterie<\/th>\n<td>Baterie 18650 Li-ion<\/td>\n<\/tr>\n<tr>\n<th>Curent de \u00eenc\u0103rcare standard<\/th>\n<td>9A<\/td>\n<\/tr>\n<tr>\n<th>Curent maxim de \u00eenc\u0103rcare<\/th>\n<td>9A<\/td>\n<\/tr>\n<tr>\n<th>Curent de desc\u0103rcare<\/th>\n<td>20A<\/td>\n<\/tr>\n<tr>\n<th>Tensiunea de deconectare a desc\u0103rc\u0103rii<\/th>\n<td>36V<\/td>\n<\/tr>\n<tr>\n<th>Tensiunea de oprire a \u00eenc\u0103rc\u0103rii<\/th>\n<td>36V<\/td>\n<\/tr>\n<tr>\n<th>Greutate<\/th>\n<td>2 kg<\/td>\n<\/tr>\n<tr>\n<th>Dimensiuni<\/th>\n<td>150mm x 100mm x 40mm<\/td>\n<\/tr>\n<tr>\n<th>Rezisten\u021ba interioar\u0103<\/th>\n<td>\u2264 0,3 m\u03a9<\/td>\n<\/tr>\n<tr>\n<th>Temperatura de func\u021bionare (\u00eenc\u0103rcare)<\/th>\n<td>0\u00b0C ~ 55\u00b0C<\/td>\n<\/tr>\n<tr>\n<th>Temperatura de func\u021bionare (desc\u0103rcare)<\/th>\n<td>-22\u00b0C ~ 55\u00b0C<\/td>\n<\/tr>\n<tr>\n<th>Temperatura de depozitare<\/th>\n<td>-20\u00b0C ~ 60\u00b0C<\/td>\n<\/tr>\n<tr>\n<th>Garan\u021bie<\/th>\n<td>1 an<\/td>\n<\/tr>\n<tr>\n<th>Certificare<\/th>\n<td>CE, RoHS, UN38.3, MSDS<\/td>\n<\/tr>\n<\/table>\n<h2>Caracteristici principale<\/h2>\n<div class=\"features-grid\">\n<div class=\"feature-box\">\n      <strong>Rata mare de desc\u0103rcare<\/strong><br \/>\n      Perfect pentru aplica\u021bii de mare putere, cum ar fi skateboard-urile electrice, bicicletele electrice \u0219i multe altele.\n    <\/div>\n<div class=\"feature-box\">\n      <strong>Ciclu de via\u021b\u0103 lung<\/strong><br \/>\n      Proiectat pentru p\u00e2n\u0103 la 500 de cicluri de \u00eenc\u0103rcare, p\u0103str\u00e2nd \u00een acela\u0219i timp capacitatea de 80%.\n    <\/div>\n<div class=\"feature-box\">\n      <strong>Protec\u021bie BMS \u00eencorporat\u0103<\/strong><br \/>\n      Asigur\u0103 protec\u021bia bateriei \u00eempotriva supra\u00eenc\u0103rc\u0103rii, supradesc\u0103rc\u0103rii \u0219i scurtcircuitelor.\n    <\/div>\n<div class=\"feature-box\">\n      <strong>Domeniu larg de temperaturi de func\u021bionare<\/strong><br \/>\n      Func\u021bioneaz\u0103 eficient \u00eentre -22\u00b0C \u0219i 55\u00b0C, ceea ce \u00eel face versatil \u00een diferite clime.\n    <\/div>\n<\/p><\/div>\n<h2>Aplica\u021bii<\/h2>\n<ul>\n<li>Skateboard-uri electrice<\/li>\n<li>Biciclete electrice<\/li>\n<li>Vehicule electrice (ma\u0219ini, b\u0103rci etc.)<\/li>\n<li>Sisteme UPS<\/li>\n<li>Instrumente de iluminat \u0219i electrice<\/li>\n<\/ul>\n<h2>Transport \u0219i ambalare<\/h2>\n<p>Pachetul de baterii Li-ion 36V 9Ah este ambalat cu vat\u0103 perlat\u0103 EPE \u0219i cutii din carton gros pentru transport \u00een siguran\u021b\u0103. Acesta este expediat prin DHL, UPS, FedEx sau transport maritim \u00een func\u021bie de cantitatea comandat\u0103.<\/p>\n<h3>Metode de expediere<\/h3>\n<ul>\n<li>Comenzi mici: Expediate pe cale aerian\u0103 (DHL, UPS, FedEx)<\/li>\n<li>Comenzi mari: Expediate pe mare (Timp de livrare: 30-45 zile)<\/li>\n<\/ul>","protected":false},"excerpt":{"rendered":"<p>Baterie re\u00eenc\u0103rcabil\u0103 Li-ion 36V 9Ah pentru skateboard-uri electrice, biciclete electrice, b\u0103rci \u0219i multe altele. Rata mare de desc\u0103rcare, durat\u0103 lung\u0103 de via\u021b\u0103 \u0219i protec\u021bie BMS sigur\u0103.<\/p>","protected":false},"featured_media":2296,"comment_status":"open","ping_status":"closed","template":"","meta":{"_uag_custom_page_level_css":"","neve_meta_sidebar":"","neve_meta_container":"","neve_meta_enable_content_width":"off","neve_meta_content_width":100,"neve_meta_title_alignment":"","neve_meta_author_avatar":"","neve_post_elements_order":"","neve_meta_disable_header":"","neve_meta_disable_footer":"","neve_meta_disable_title":""},"product_brand":[],"product_cat":[53,43,55],"product_tag":[58,62,67,69,68],"class_list":{"0":"post-2371","1":"product","2":"type-product","3":"status-publish","4":"has-post-thumbnail","6":"product_cat-low-speed-electric-vehicle-battery","7":"product_cat-power-battery","8":"product_cat-scooter-battery","9":"product_tag-36v","10":"product_tag-ebike","11":"product_tag-eco","12":"product_tag-energy","13":"product_tag-green","15":"first","16":"instock","17":"shipping-taxable","18":"product-type-simple"},"uagb_featured_image_src":{"full":["https:\/\/ecavix.com\/wp-content\/uploads\/2025\/07\/Rechargeable-Electric-Bike-Battery-12V-24ah0-800-800.webp",550,550,false],"thumbnail":["https:\/\/ecavix.com\/wp-content\/uploads\/2025\/07\/Rechargeable-Electric-Bike-Battery-12V-24ah0-800-800-150x150.webp",150,150,true],"medium":["https:\/\/ecavix.com\/wp-content\/uploads\/2025\/07\/Rechargeable-Electric-Bike-Battery-12V-24ah0-800-800-300x300.webp",300,300,true],"medium_large":["https:\/\/ecavix.com\/wp-content\/uploads\/2025\/07\/Rechargeable-Electric-Bike-Battery-12V-24ah0-800-800.webp",550,550,false],"large":["https:\/\/ecavix.com\/wp-content\/uploads\/2025\/07\/Rechargeable-Electric-Bike-Battery-12V-24ah0-800-800.webp",550,550,false],"1536x1536":["https:\/\/ecavix.com\/wp-content\/uploads\/2025\/07\/Rechargeable-Electric-Bike-Battery-12V-24ah0-800-800.webp",550,550,false],"2048x2048":["https:\/\/ecavix.com\/wp-content\/uploads\/2025\/07\/Rechargeable-Electric-Bike-Battery-12V-24ah0-800-800.webp",550,550,false],"trp-custom-language-flag":["https:\/\/ecavix.com\/wp-content\/uploads\/2025\/07\/Rechargeable-Electric-Bike-Battery-12V-24ah0-800-800.webp",12,12,false],"neve-blog":["https:\/\/ecavix.com\/wp-content\/uploads\/2025\/07\/Rechargeable-Electric-Bike-Battery-12V-24ah0-800-800.webp",550,550,false],"woocommerce_thumbnail":["https:\/\/ecavix.com\/wp-content\/uploads\/2025\/07\/Rechargeable-Electric-Bike-Battery-12V-24ah0-800-800-300x300.webp",300,300,true],"woocommerce_single":["https:\/\/ecavix.com\/wp-content\/uploads\/2025\/07\/Rechargeable-Electric-Bike-Battery-12V-24ah0-800-800.webp",550,550,false],"woocommerce_gallery_thumbnail":["https:\/\/ecavix.com\/wp-content\/uploads\/2025\/07\/Rechargeable-Electric-Bike-Battery-12V-24ah0-800-800-100x100.webp",100,100,true]},"uagb_author_info":{"display_name":"solvitaenergylimited@gmail.com","author_link":"https:\/\/ecavix.com\/ro\/author\/"},"uagb_comment_info":0,"uagb_excerpt":"36V 9Ah rechargeable Li-ion battery pack for electric skateboards, electric bicycles, boats, and more. High discharge rate, long life, and safe BMS protection.","_links":{"self":[{"href":"https:\/\/ecavix.com\/ro\/wp-json\/wp\/v2\/product\/2371","targetHints":{"allow":["GET"]}}],"collection":[{"href":"https:\/\/ecavix.com\/ro\/wp-json\/wp\/v2\/product"}],"about":[{"href":"https:\/\/ecavix.com\/ro\/wp-json\/wp\/v2\/types\/product"}],"replies":[{"embeddable":true,"href":"https:\/\/ecavix.com\/ro\/wp-json\/wp\/v2\/comments?post=2371"}],"wp:featuredmedia":[{"embeddable":true,"href":"https:\/\/ecavix.com\/ro\/wp-json\/wp\/v2\/media\/2296"}],"wp:attachment":[{"href":"https:\/\/ecavix.com\/ro\/wp-json\/wp\/v2\/media?parent=2371"}],"wp:term":[{"taxonomy":"product_brand","embeddable":true,"href":"https:\/\/ecavix.com\/ro\/wp-json\/wp\/v2\/product_brand?post=2371"},{"taxonomy":"product_cat","embeddable":true,"href":"https:\/\/ecavix.com\/ro\/wp-json\/wp\/v2\/product_cat?post=2371"},{"taxonomy":"product_tag","embeddable":true,"href":"https:\/\/ecavix.com\/ro\/wp-json\/wp\/v2\/product_tag?post=2371"}],"curies":[{"name":"wp","href":"https:\/\/api.w.org\/{rel}","templated":true}]}}