{"id":2350,"date":"2025-07-18T05:43:33","date_gmt":"2025-07-18T05:43:33","guid":{"rendered":"https:\/\/ecavix.com\/?post_type=product&#038;p=2350"},"modified":"2025-07-18T06:28:03","modified_gmt":"2025-07-18T06:28:03","slug":"baterie-litiu-ion-36v-15ah-pentru-biciclete-ebike","status":"publish","type":"product","link":"https:\/\/ecavix.com\/ro\/product\/36v-15ah-lithium-ion-battery-for-ebike-bicycles\/","title":{"rendered":"Baterie litiu-ion 36V 15ah pentru bicicletele Ebike"},"content":{"rendered":"<br \/>\n<h1>Baterie litiu-ion 36V 15Ah pentru biciclete Ebike (DL-3615-106P)<\/h1>\n<h2>Prezentare general\u0103 a produsului<\/h2>\n<table>\n<tr>\n<th>Modelul bateriei<\/th>\n<td>DL-3615-106P<\/td>\n<\/tr>\n<tr>\n<th>Tensiune nominal\u0103<\/th>\n<td>36V<\/td>\n<\/tr>\n<tr>\n<th>Capacitate nominal\u0103<\/th>\n<td>15Ah<\/td>\n<\/tr>\n<tr>\n<th>Tip baterie<\/th>\n<td>Pachet de baterii litiu 18650<\/td>\n<\/tr>\n<tr>\n<th>Configura\u021bia bateriei<\/th>\n<td>10S6P<\/td>\n<\/tr>\n<tr>\n<th>Dimensiunea bateriei<\/th>\n<td>290 x 120 x 70mm sau OEM<\/td>\n<\/tr>\n<tr>\n<th>Greutate<\/th>\n<td>Aproximativ 3,0 kg<\/td>\n<\/tr>\n<tr>\n<th>Curent de \u00eenc\u0103rcare<\/th>\n<td>42V 3A (rapid), 42V 2A (lent)<\/td>\n<\/tr>\n<tr>\n<th>Curent de desc\u0103rcare<\/th>\n<td>15Ah<\/td>\n<\/tr>\n<tr>\n<th>Protec\u021bie la tensiune de supra\u00eenc\u0103rcare<\/th>\n<td>39V<\/td>\n<\/tr>\n<tr>\n<th>Temperatura de func\u021bionare (\u00eenc\u0103rcare)<\/th>\n<td>0\u00b0C p\u00e2n\u0103 la 50\u00b0C<\/td>\n<\/tr>\n<tr>\n<th>Temperatura de func\u021bionare (desc\u0103rcare)<\/th>\n<td>-20\u00b0C p\u00e2n\u0103 la 60\u00b0C<\/td>\n<\/tr>\n<tr>\n<th>Ciclul de via\u021b\u0103<\/th>\n<td>500 de cicluri<\/td>\n<\/tr>\n<tr>\n<th>Garan\u021bie<\/th>\n<td>1 an<\/td>\n<\/tr>\n<\/table>\n<h2>Caracteristici principale<\/h2>\n<div class=\"features-grid\">\n<div class=\"feature-box\">\n      <strong>Densitate energetic\u0103 ridicat\u0103<\/strong><br \/>\n      Putere \u0219i eficien\u021b\u0103 ridicate, ideale pentru biciclete electronice \u0219i vehicule electrice.\n    <\/div>\n<div class=\"feature-box\">\n      <strong>Ciclu de via\u021b\u0103 lung<\/strong><br \/>\n      500 de cicluri de \u00eenc\u0103rcare\/desc\u0103rcare, asigur\u00e2nd performan\u021be de lung\u0103 durat\u0103.\n    <\/div>\n<div class=\"feature-box\">\n      <strong>\u00cenc\u0103rcare rapid\u0103<\/strong><br \/>\n      Capacitate de \u00eenc\u0103rcare rapid\u0103 cu \u00eenc\u0103rc\u0103tor de 42V 3A (\u00eenc\u0103rc\u0103tor op\u021bional de 42V 2A pentru \u00eenc\u0103rcare mai lent\u0103).\n    <\/div>\n<div class=\"feature-box\">\n      <strong>Caracteristici de protec\u021bie<\/strong><br \/>\n      BMS \u00eencorporat cu protec\u021bie la supra\u00eenc\u0103rcare, supradesc\u0103rcare \u0219i scurtcircuit.\n    <\/div>\n<div class=\"feature-box\">\n      <strong>Ecologic<\/strong><br \/>\n      Materialele sigure, non-toxice asigur\u0103 o solu\u021bie ecologic\u0103.\n    <\/div>\n<div class=\"feature-box\">\n      <strong>Dimensiuni personalizabile<\/strong><br \/>\n      Disponibil \u00een dimensiuni standard (290 x 120 x 70 mm) sau \u00een dimensiuni personalizate OEM.\n    <\/div>\n<\/p><\/div>\n<h2>Aplica\u021bii<\/h2>\n<ul>\n<li>Biciclete electrice (E-bikes)<\/li>\n<li>Vehicule electrice (EV)<\/li>\n<li>Ma\u0219ini cu telecomand\u0103<\/li>\n<li>Alte solu\u021bii de mobilitate electric\u0103<\/li>\n<\/ul>\n<h2>Avantaje<\/h2>\n<ul>\n<li>Certificat de CE, RoHS, FCC \u0219i MSDS pentru asigurarea calit\u0103\u021bii.<\/li>\n<li>Capacitate ridicat\u0103 \u0219i durat\u0103 lung\u0103 de via\u021b\u0103 cu un BMS fiabil pentru siguran\u021b\u0103 sporit\u0103.<\/li>\n<li>Ideal pentru utilizarea \u00eentr-o varietate de solu\u021bii de transport electric.<\/li>\n<li>Compact \u0219i u\u0219or pentru o integrare u\u0219oar\u0103 \u00een diverse aplica\u021bii.<\/li>\n<li>Ambalaj personalizabil \u0219i op\u021biuni OEM disponibile pentru comenzi \u00een vrac.<\/li>\n<\/ul>\n<h2>Ambalare \u0219i expediere<\/h2>\n<p>Bateria litiu-ion 36V 15Ah este livrat\u0103 \u00eentr-un ambalaj albastru din PVC cu protec\u021bie din spum\u0103 \u00een interiorul unei cutii standard de export. Asigur\u0103m transportul \u00een siguran\u021b\u0103 pentru toate produsele noastre.<\/p>\n<h3>Metode de expediere<\/h3>\n<ul>\n<li>Comenzi mici: Expediate pe cale aerian\u0103 (DHL, FedEx, UPS)<\/li>\n<li>Comenzi mari: Expediate pe mare (Timp de livrare: 30-45 zile)<\/li>\n<\/ul>","protected":false},"excerpt":{"rendered":"<p>Pachet de baterii litiu-ion re\u00eenc\u0103rcabile de 36V 15Ah pentru biciclete electronice \u0219i vehicule electrice, cu capacitate ridicat\u0103 \u0219i durat\u0103 lung\u0103 de via\u021b\u0103. Disponibil cu certific\u0103ri CE, RoHS, FCC \u0219i MSDS.<\/p>","protected":false},"featured_media":2354,"comment_status":"open","ping_status":"closed","template":"","meta":{"_uag_custom_page_level_css":"","neve_meta_sidebar":"","neve_meta_container":"","neve_meta_enable_content_width":"off","neve_meta_content_width":100,"neve_meta_title_alignment":"","neve_meta_author_avatar":"","neve_post_elements_order":"","neve_meta_disable_header":"","neve_meta_disable_footer":"","neve_meta_disable_title":""},"product_brand":[],"product_cat":[47,45,53,43,55],"product_tag":[],"class_list":{"0":"post-2350","1":"product","2":"type-product","3":"status-publish","4":"has-post-thumbnail","6":"product_cat-36v-e-bike-battery","7":"product_cat-e-bike-battery","8":"product_cat-low-speed-electric-vehicle-battery","9":"product_cat-power-battery","10":"product_cat-scooter-battery","12":"first","13":"instock","14":"shipping-taxable","15":"product-type-simple"},"uagb_featured_image_src":{"full":["https:\/\/ecavix.com\/wp-content\/uploads\/2025\/07\/36V-15ah-Lithium-Ion-Battery-for-Ebike-Bicycles4-800-800.webp",332,550,false],"thumbnail":["https:\/\/ecavix.com\/wp-content\/uploads\/2025\/07\/36V-15ah-Lithium-Ion-Battery-for-Ebike-Bicycles4-800-800-150x150.webp",150,150,true],"medium":["https:\/\/ecavix.com\/wp-content\/uploads\/2025\/07\/36V-15ah-Lithium-Ion-Battery-for-Ebike-Bicycles4-800-800-181x300.webp",181,300,true],"medium_large":["https:\/\/ecavix.com\/wp-content\/uploads\/2025\/07\/36V-15ah-Lithium-Ion-Battery-for-Ebike-Bicycles4-800-800.webp",332,550,false],"large":["https:\/\/ecavix.com\/wp-content\/uploads\/2025\/07\/36V-15ah-Lithium-Ion-Battery-for-Ebike-Bicycles4-800-800.webp",332,550,false],"1536x1536":["https:\/\/ecavix.com\/wp-content\/uploads\/2025\/07\/36V-15ah-Lithium-Ion-Battery-for-Ebike-Bicycles4-800-800.webp",332,550,false],"2048x2048":["https:\/\/ecavix.com\/wp-content\/uploads\/2025\/07\/36V-15ah-Lithium-Ion-Battery-for-Ebike-Bicycles4-800-800.webp",332,550,false],"trp-custom-language-flag":["https:\/\/ecavix.com\/wp-content\/uploads\/2025\/07\/36V-15ah-Lithium-Ion-Battery-for-Ebike-Bicycles4-800-800.webp",7,12,false],"neve-blog":["https:\/\/ecavix.com\/wp-content\/uploads\/2025\/07\/36V-15ah-Lithium-Ion-Battery-for-Ebike-Bicycles4-800-800.webp",332,550,false],"woocommerce_thumbnail":["https:\/\/ecavix.com\/wp-content\/uploads\/2025\/07\/36V-15ah-Lithium-Ion-Battery-for-Ebike-Bicycles4-800-800-300x300.webp",300,300,true],"woocommerce_single":["https:\/\/ecavix.com\/wp-content\/uploads\/2025\/07\/36V-15ah-Lithium-Ion-Battery-for-Ebike-Bicycles4-800-800.webp",332,550,false],"woocommerce_gallery_thumbnail":["https:\/\/ecavix.com\/wp-content\/uploads\/2025\/07\/36V-15ah-Lithium-Ion-Battery-for-Ebike-Bicycles4-800-800-100x100.webp",100,100,true]},"uagb_author_info":{"display_name":"solvitaenergylimited@gmail.com","author_link":"https:\/\/ecavix.com\/ro\/author\/"},"uagb_comment_info":0,"uagb_excerpt":"36V 15Ah rechargeable lithium-ion battery pack for ebikes and electric vehicles, featuring high capacity and long lifespan. Available with CE, RoHS, FCC, and MSDS certifications.","_links":{"self":[{"href":"https:\/\/ecavix.com\/ro\/wp-json\/wp\/v2\/product\/2350","targetHints":{"allow":["GET"]}}],"collection":[{"href":"https:\/\/ecavix.com\/ro\/wp-json\/wp\/v2\/product"}],"about":[{"href":"https:\/\/ecavix.com\/ro\/wp-json\/wp\/v2\/types\/product"}],"replies":[{"embeddable":true,"href":"https:\/\/ecavix.com\/ro\/wp-json\/wp\/v2\/comments?post=2350"}],"wp:featuredmedia":[{"embeddable":true,"href":"https:\/\/ecavix.com\/ro\/wp-json\/wp\/v2\/media\/2354"}],"wp:attachment":[{"href":"https:\/\/ecavix.com\/ro\/wp-json\/wp\/v2\/media?parent=2350"}],"wp:term":[{"taxonomy":"product_brand","embeddable":true,"href":"https:\/\/ecavix.com\/ro\/wp-json\/wp\/v2\/product_brand?post=2350"},{"taxonomy":"product_cat","embeddable":true,"href":"https:\/\/ecavix.com\/ro\/wp-json\/wp\/v2\/product_cat?post=2350"},{"taxonomy":"product_tag","embeddable":true,"href":"https:\/\/ecavix.com\/ro\/wp-json\/wp\/v2\/product_tag?post=2350"}],"curies":[{"name":"wp","href":"https:\/\/api.w.org\/{rel}","templated":true}]}}