{"id":2344,"date":"2025-07-18T05:37:24","date_gmt":"2025-07-18T05:37:24","guid":{"rendered":"https:\/\/ecavix.com\/?post_type=product&#038;p=2344"},"modified":"2025-07-18T05:37:24","modified_gmt":"2025-07-18T05:37:24","slug":"10s6p-fierbinte-de-vanzare-reincarcabila-36v-15ah-18650-litiu-pachet-de-baterii-pentru-biciclete-electrice","status":"publish","type":"product","link":"https:\/\/ecavix.com\/ro\/product\/10s6p-hot-selling-rechargeable-36v-15ah-18650-lithium-battery-pack-for-electric-bike\/","title":{"rendered":"10s6p Hot Selling re\u00eenc\u0103rcabil\u0103 36V 15ah 18650 Lithium Battery Pack pentru biciclete electrice"},"content":{"rendered":"<br \/>\n<h1>Baterie litiu 36V 15Ah pentru biciclete electrice (DL-3615)<\/h1>\n<h2>Prezentare general\u0103 a produsului<\/h2>\n<table>\n<tr>\n<th>Tensiune nominal\u0103<\/th>\n<td>36V<\/td>\n<\/tr>\n<tr>\n<th>Tensiunea de \u00eenc\u0103rcare<\/th>\n<td>42V<\/td>\n<\/tr>\n<tr>\n<th>Capacitate nominal\u0103<\/th>\n<td>15Ah<\/td>\n<\/tr>\n<tr>\n<th>Chimia bateriei<\/th>\n<td>Li-ion<\/td>\n<\/tr>\n<tr>\n<th>Configura\u021bia bateriei<\/th>\n<td>10S6P<\/td>\n<\/tr>\n<tr>\n<th>Dimensiunea pachetului de baterii<\/th>\n<td>196 x 115 x 67 mm<\/td>\n<\/tr>\n<tr>\n<th>Greutate<\/th>\n<td>2,812 kg<\/td>\n<\/tr>\n<tr>\n<th>Curent de \u00eenc\u0103rcare standard<\/th>\n<td>3A<\/td>\n<\/tr>\n<tr>\n<th>Curent de desc\u0103rcare continu\u0103<\/th>\n<td>15A-20A<\/td>\n<\/tr>\n<tr>\n<th>Tensiunea de oprire a desc\u0103rc\u0103rii<\/th>\n<td>25V<\/td>\n<\/tr>\n<tr>\n<th>Metoda de \u00eenc\u0103rcare<\/th>\n<td>CC\/CV<\/td>\n<\/tr>\n<tr>\n<th>Ciclul de via\u021b\u0103<\/th>\n<td>500 de cicluri<\/td>\n<\/tr>\n<tr>\n<th>Temperatura de \u00eenc\u0103rcare<\/th>\n<td>0\u00b0C ~ +45\u00b0C<\/td>\n<\/tr>\n<tr>\n<th>Temperatura de desc\u0103rcare<\/th>\n<td>-10\u00b0C ~ +60\u00b0C<\/td>\n<\/tr>\n<\/table>\n<h2>Performan\u021b\u0103 \u00een materie de siguran\u021b\u0103<\/h2>\n<ul>\n<li>Test de supra\u00eenc\u0103rcare: f\u0103r\u0103 incendiu, f\u0103r\u0103 explozie<\/li>\n<li>Test de supradesc\u0103rcare: f\u0103r\u0103 incendiu, f\u0103r\u0103 explozie<\/li>\n<li>Test de scurtcircuit: f\u0103r\u0103 incendiu, f\u0103r\u0103 explozie<\/li>\n<li>Test de c\u0103dere: f\u0103r\u0103 foc, f\u0103r\u0103 explozie<\/li>\n<li>Test de strivire: f\u0103r\u0103 foc, f\u0103r\u0103 explozie<\/li>\n<li>Test de \u00een\u021bepare a acului: f\u0103r\u0103 foc, f\u0103r\u0103 explozie<\/li>\n<\/ul>\n<h2>Caracteristici principale<\/h2>\n<div class=\"features-grid\">\n<div class=\"feature-box\">\n      <strong>Durat\u0103 lung\u0103 de via\u021b\u0103 \u0219i capacitate mare<\/strong><br \/>\n      Celule de \u00eenalt\u0103 calitate pentru o durat\u0103 lung\u0103 de via\u021b\u0103 a ciclului \u0219i stocare mare de energie.\n    <\/div>\n<div class=\"feature-box\">\n      <strong>Autodesc\u0103rcare redus\u0103<\/strong><br \/>\n      Performan\u021b\u0103 excelent\u0103 chiar \u0219i la temperaturi sc\u0103zute, cu autodesc\u0103rcare minim\u0103.\n    <\/div>\n<div class=\"feature-box\">\n      <strong>Acceptare puternic\u0103 a \u00eenc\u0103rc\u0103rii<\/strong><br \/>\n      Suport\u0103 capacit\u0103\u021bi de \u00eenc\u0103rcare rapid\u0103 pentru un r\u0103spuns mai rapid.\n    <\/div>\n<div class=\"feature-box\">\n      <strong>Rezisten\u021ba la supradesc\u0103rcare<\/strong><br \/>\n      Construite pentru a rezista la supra-desc\u0103rcare \u0219i a oferi o reten\u021bie excelent\u0103 a \u00eenc\u0103rc\u0103rii.\n    <\/div>\n<div class=\"feature-box\">\n      <strong>F\u0103r\u0103 \u00eentre\u021binere<\/strong><br \/>\n      Nu este nevoie de \u00eentre\u021binere cu acid sau ap\u0103 \u00een timpul utiliz\u0103rii.\n    <\/div>\n<div class=\"feature-box\">\n      <strong>Desc\u0103rcare excelent\u0103 a curentului mare<\/strong><br \/>\n      Ideal pentru aplica\u021bii care necesit\u0103 pornire \u0219i urcare cu curent ridicat.\n    <\/div>\n<\/p><\/div>\n<h2>Aplica\u021bii<\/h2>\n<ul>\n<li>Vehicule electrice (e-bikes, e-scootere, motociclete electrice, c\u0103rucioare de golf)<\/li>\n<li>Unelte electrice (ma\u0219ini de g\u0103urit, fer\u0103straie, ma\u0219ini de tuns iarba)<\/li>\n<li>Vehicule \u0219i juc\u0103rii controlate de la distan\u021b\u0103<\/li>\n<li>Sisteme de energie solar\u0103 \u0219i echipamente de stocare a energiei<\/li>\n<li>Dispozitive electronice \u0219i medicale (lumini LED, lumini de urgen\u021b\u0103)<\/li>\n<\/ul>\n<h2>Avantaje<\/h2>\n<ul>\n<li>Densitate energetic\u0103 ridicat\u0103 pentru modele compacte, u\u0219oare<\/li>\n<li>Durat\u0103 lung\u0103 de via\u021b\u0103: Peste 500 de cicluri de \u00eenc\u0103rcare-desc\u0103rcare<\/li>\n<li>Sigur \u0219i fiabil cu protec\u021bie \u00eencorporat\u0103 la supra\u00eenc\u0103rcare, supradesc\u0103rcare \u0219i scurtcircuit<\/li>\n<li>Performan\u021b\u0103 bun\u0103 \u00eentr-o gam\u0103 larg\u0103 de temperaturi<\/li>\n<li>Ecologic, f\u0103r\u0103 materiale periculoase<\/li>\n<\/ul>\n<h2>Ambalare \u0219i expediere<\/h2>\n<p>Pachetul de baterii litiu 36V 15Ah este ambalat \u00eentr-o cutie standard de export pentru siguran\u021b\u0103 \u00een timpul transportului. Oferim o varietate de op\u021biuni de expediere \u00een func\u021bie de cantitatea comandat\u0103.<\/p>\n<h3>Metode de expediere<\/h3>\n<ul>\n<li>Pentru comenzi mici: expediate pe cale aerian\u0103 (DHL, FedEx, UPS)<\/li>\n<li>Pentru comenzi mari: expediate pe cale maritim\u0103 (termen de livrare estimat: 30-45 de zile)<\/li>\n<\/ul>","protected":false},"excerpt":{"rendered":"<p>Pachet de baterii litiu-ion de \u00eenalt\u0103 calitate de 36V 15Ah pentru vehicule electrice, care ofer\u0103 o durat\u0103 lung\u0103 de via\u021b\u0103 a ciclului, performan\u021be excelente de desc\u0103rcare \u0219i caracteristici de siguran\u021b\u0103. Ideal pentru e-bikes, scutere \u0219i unelte electrice.<\/p>","protected":false},"featured_media":2245,"comment_status":"open","ping_status":"closed","template":"","meta":{"_uag_custom_page_level_css":"","neve_meta_sidebar":"","neve_meta_container":"","neve_meta_enable_content_width":"off","neve_meta_content_width":100,"neve_meta_title_alignment":"","neve_meta_author_avatar":"","neve_post_elements_order":"","neve_meta_disable_header":"","neve_meta_disable_footer":"","neve_meta_disable_title":""},"product_brand":[],"product_cat":[47,45,53,43,55],"product_tag":[],"class_list":{"0":"post-2344","1":"product","2":"type-product","3":"status-publish","4":"has-post-thumbnail","6":"product_cat-36v-e-bike-battery","7":"product_cat-e-bike-battery","8":"product_cat-low-speed-electric-vehicle-battery","9":"product_cat-power-battery","10":"product_cat-scooter-battery","12":"first","13":"instock","14":"shipping-taxable","15":"product-type-simple"},"uagb_featured_image_src":{"full":["https:\/\/ecavix.com\/wp-content\/uploads\/2025\/07\/36V-15ah-Electric-Bike-Li-Ion-Battery1-800-800.webp",550,550,false],"thumbnail":["https:\/\/ecavix.com\/wp-content\/uploads\/2025\/07\/36V-15ah-Electric-Bike-Li-Ion-Battery1-800-800-150x150.webp",150,150,true],"medium":["https:\/\/ecavix.com\/wp-content\/uploads\/2025\/07\/36V-15ah-Electric-Bike-Li-Ion-Battery1-800-800-300x300.webp",300,300,true],"medium_large":["https:\/\/ecavix.com\/wp-content\/uploads\/2025\/07\/36V-15ah-Electric-Bike-Li-Ion-Battery1-800-800.webp",550,550,false],"large":["https:\/\/ecavix.com\/wp-content\/uploads\/2025\/07\/36V-15ah-Electric-Bike-Li-Ion-Battery1-800-800.webp",550,550,false],"1536x1536":["https:\/\/ecavix.com\/wp-content\/uploads\/2025\/07\/36V-15ah-Electric-Bike-Li-Ion-Battery1-800-800.webp",550,550,false],"2048x2048":["https:\/\/ecavix.com\/wp-content\/uploads\/2025\/07\/36V-15ah-Electric-Bike-Li-Ion-Battery1-800-800.webp",550,550,false],"trp-custom-language-flag":["https:\/\/ecavix.com\/wp-content\/uploads\/2025\/07\/36V-15ah-Electric-Bike-Li-Ion-Battery1-800-800.webp",12,12,false],"neve-blog":["https:\/\/ecavix.com\/wp-content\/uploads\/2025\/07\/36V-15ah-Electric-Bike-Li-Ion-Battery1-800-800.webp",550,550,false],"woocommerce_thumbnail":["https:\/\/ecavix.com\/wp-content\/uploads\/2025\/07\/36V-15ah-Electric-Bike-Li-Ion-Battery1-800-800-300x300.webp",300,300,true],"woocommerce_single":["https:\/\/ecavix.com\/wp-content\/uploads\/2025\/07\/36V-15ah-Electric-Bike-Li-Ion-Battery1-800-800.webp",550,550,false],"woocommerce_gallery_thumbnail":["https:\/\/ecavix.com\/wp-content\/uploads\/2025\/07\/36V-15ah-Electric-Bike-Li-Ion-Battery1-800-800-100x100.webp",100,100,true]},"uagb_author_info":{"display_name":"solvitaenergylimited@gmail.com","author_link":"https:\/\/ecavix.com\/ro\/author\/"},"uagb_comment_info":0,"uagb_excerpt":"High-quality 36V 15Ah lithium-ion battery pack for electric vehicles, offering long cycle life, excellent discharge performance, and safety features. Ideal for e-bikes, scooters, and power tools.","_links":{"self":[{"href":"https:\/\/ecavix.com\/ro\/wp-json\/wp\/v2\/product\/2344","targetHints":{"allow":["GET"]}}],"collection":[{"href":"https:\/\/ecavix.com\/ro\/wp-json\/wp\/v2\/product"}],"about":[{"href":"https:\/\/ecavix.com\/ro\/wp-json\/wp\/v2\/types\/product"}],"replies":[{"embeddable":true,"href":"https:\/\/ecavix.com\/ro\/wp-json\/wp\/v2\/comments?post=2344"}],"wp:featuredmedia":[{"embeddable":true,"href":"https:\/\/ecavix.com\/ro\/wp-json\/wp\/v2\/media\/2245"}],"wp:attachment":[{"href":"https:\/\/ecavix.com\/ro\/wp-json\/wp\/v2\/media?parent=2344"}],"wp:term":[{"taxonomy":"product_brand","embeddable":true,"href":"https:\/\/ecavix.com\/ro\/wp-json\/wp\/v2\/product_brand?post=2344"},{"taxonomy":"product_cat","embeddable":true,"href":"https:\/\/ecavix.com\/ro\/wp-json\/wp\/v2\/product_cat?post=2344"},{"taxonomy":"product_tag","embeddable":true,"href":"https:\/\/ecavix.com\/ro\/wp-json\/wp\/v2\/product_tag?post=2344"}],"curies":[{"name":"wp","href":"https:\/\/api.w.org\/{rel}","templated":true}]}}