{"id":2342,"date":"2025-07-18T03:54:35","date_gmt":"2025-07-18T03:54:35","guid":{"rendered":"https:\/\/ecavix.com\/?post_type=product&#038;p=2342"},"modified":"2025-07-18T03:54:35","modified_gmt":"2025-07-18T03:54:35","slug":"baterie-litiu-24v-10ah-pentru-ebike-2","status":"publish","type":"product","link":"https:\/\/ecavix.com\/ro\/product\/24v-10ah-lithium-battery-pack-for-ebike-2\/","title":{"rendered":"Baterie litiu 24V 10ah pentru Ebike"},"content":{"rendered":"<br \/>\n<h1>Baterie litiu 24V 10Ah pentru Ebike (DL-7S4P)<\/h1>\n<h2>Prezentare general\u0103 a produsului<\/h2>\n<table>\n<tr>\n<th>Tensiune nominal\u0103<\/th>\n<td>24V<\/td>\n<\/tr>\n<tr>\n<th>Capacitate nominal\u0103<\/th>\n<td>10Ah \u00b11Ah<\/td>\n<\/tr>\n<tr>\n<th>Curent de desc\u0103rcare (normal)<\/th>\n<td>1C<\/td>\n<\/tr>\n<tr>\n<th>Curent maxim de desc\u0103rcare continu\u0103<\/th>\n<td>2C (\u22645min)<\/td>\n<\/tr>\n<tr>\n<th>Tensiune de deconectare<\/th>\n<td>18.8V<\/td>\n<\/tr>\n<tr>\n<th>Curent de \u00eenc\u0103rcare (normal)<\/th>\n<td>0.5C<\/td>\n<\/tr>\n<tr>\n<th>Mod de \u00eenc\u0103rcare<\/th>\n<td>CC\/CV cu \u00eenc\u0103rc\u0103tor profesional<\/td>\n<\/tr>\n<tr>\n<th>Tensiunea de oprire a \u00eenc\u0103rc\u0103rii<\/th>\n<td>29.2\u00b10.1V<\/td>\n<\/tr>\n<tr>\n<th>Rezisten\u021ba interioar\u0103 (desc\u0103rcare)<\/th>\n<td>\u226480m\u03a9<\/td>\n<\/tr>\n<tr>\n<th>Temperatura de \u00eenc\u0103rcare<\/th>\n<td>0\u00baC ~ +45\u00baC<\/td>\n<\/tr>\n<tr>\n<th>Temperatura de desc\u0103rcare<\/th>\n<td>-20\u00baC ~ +60\u00baC<\/td>\n<\/tr>\n<tr>\n<th>Intervalul de umiditate<\/th>\n<td>RH \u2264 85%<\/td>\n<\/tr>\n<tr>\n<th>Greutate<\/th>\n<td>1,5 kg \u00b1 0,1 kg<\/td>\n<\/tr>\n<tr>\n<th>Dimensiuni<\/th>\n<td>137x90x70mm (personalizabil)<\/td>\n<\/tr>\n<tr>\n<th>Ciclul de via\u021b\u0103<\/th>\n<td>\u2265500 de cicluri, p\u0103strarea capacit\u0103\u021bii \u226580%<\/td>\n<\/tr>\n<tr>\n<th>Caracteristici de protec\u021bie<\/th>\n<td>Supra\u00eenc\u0103rcare, supradesc\u0103rcare, supracurent, func\u021bie echilibrat\u0103<\/td>\n<\/tr>\n<\/table>\n<h2>Caracteristici principale<\/h2>\n<div class=\"features-grid\">\n<div class=\"feature-box\">\n      <strong>Sistem BMS stabil<\/strong><br \/>\n      Include protec\u021bie la scurtcircuit, supra\u00eenc\u0103rcare, supradesc\u0103rcare \u0219i supracurent.\n    <\/div>\n<div class=\"feature-box\">\n      <strong>Ciclu de via\u021b\u0103 lung<\/strong><br \/>\n      Capabil de peste 500 de cicluri de \u00eenc\u0103rcare \u0219i desc\u0103rcare, men\u021bin\u00e2nd \u00een acela\u0219i timp capacitatea \u226580%.\n    <\/div>\n<div class=\"feature-box\">\n      <strong>Gam\u0103 larg\u0103 de temperaturi<\/strong><br \/>\n      Potrivit pentru utilizare la temperaturi cuprinse \u00eentre -20\u00baC \u0219i +60\u00baC.\n    <\/div>\n<div class=\"feature-box\">\n      <strong>F\u0103r\u0103 efect de memorie<\/strong><br \/>\n      Bateria nu va suferi de efectul de memorie, asigur\u00e2nd o performan\u021b\u0103 constant\u0103.\n    <\/div>\n<div class=\"feature-box\">\n      <strong>Autodesc\u0103rcare redus\u0103<\/strong><br \/>\n      Bateria \u00ee\u0219i p\u0103streaz\u0103 \u00eenc\u0103rcarea pe perioade lungi de depozitare.\n    <\/div>\n<div class=\"feature-box\">\n      <strong>Sigur \u0219i fiabil<\/strong><br \/>\n      Cu caracteristici avansate de siguran\u021b\u0103, bateria este sigur\u0103 \u0219i fiabil\u0103 pentru utilizare \u00eentr-o gam\u0103 larg\u0103 de aplica\u021bii.\n    <\/div>\n<\/p><\/div>\n<h2>Aplica\u021bii<\/h2>\n<h3>Biciclete \u0219i trotinete electrice<\/h3>\n<ul>\n<li>Biciclete electrice (E-bikes)<\/li>\n<li>Trotinete electrice \u0219i alte vehicule electrice u\u0219oare<\/li>\n<\/ul>\n<h3>Echipamente solare \u0219i de exterior<\/h3>\n<ul>\n<li>Dispozitive \u0219i sisteme alimentate cu energie solar\u0103<\/li>\n<li>Sisteme de iluminat exterior<\/li>\n<\/ul>\n<h2>Avantaje<\/h2>\n<ul>\n<li>Performan\u021b\u0103 excelent\u0103 cu \u00eenc\u0103rcare rapid\u0103 \u0219i ciclu de via\u021b\u0103 lung<\/li>\n<li>Capacitate ridicat\u0103 cu rate medii de desc\u0103rcare, potrivite pentru biciclete electronice \u0219i alte aplica\u021bii<\/li>\n<li>Func\u021bionare sigur\u0103 cu func\u021bii de protec\u021bie la supra\u00eenc\u0103rcare, supradesc\u0103rcare \u0219i supracurent<\/li>\n<li>Autodesc\u0103rcare redus\u0103 \u0219i f\u0103r\u0103 efect de memorie pentru o putere constant\u0103<\/li>\n<li>Design u\u0219or \u0219i compact cu densitate energetic\u0103 ridicat\u0103<\/li>\n<\/ul>\n<h2>Ambalare \u0219i expediere<\/h2>\n<p>Pachetul de baterii litiu 24V 10Ah este ambalat \u00een siguran\u021b\u0103 \u00een cutii de carton standard pentru export. Op\u021biunile de livrare sunt disponibile pe cale aerian\u0103 sau maritim\u0103, \u00een func\u021bie de loca\u021bia dvs. \u0219i de cantitatea comandat\u0103.<\/p>\n<h3>Metode de expediere<\/h3>\n<ul>\n<li>Comenzi mici: expediate pe cale aerian\u0103 (DHL, FedEx, UPS)<\/li>\n<li>Comenzi mari: expediate pe mare (termen de livrare estimat: 30-45 de zile)<\/li>\n<\/ul>","protected":false},"excerpt":{"rendered":"<p>Baterie litiu-ion de 24V 10Ah pentru biciclete electrice, care ofer\u0103 putere de lung\u0103 durat\u0103 cu caracteristici de siguran\u021b\u0103 excelente, cum ar fi supra\u00eenc\u0103rcare, supradesc\u0103rcare \u0219i protec\u021bie la scurtcircuit.<\/p>","protected":false},"featured_media":2238,"comment_status":"open","ping_status":"closed","template":"","meta":{"_uag_custom_page_level_css":"","neve_meta_sidebar":"","neve_meta_container":"","neve_meta_enable_content_width":"off","neve_meta_content_width":100,"neve_meta_title_alignment":"","neve_meta_author_avatar":"","neve_post_elements_order":"","neve_meta_disable_header":"","neve_meta_disable_footer":"","neve_meta_disable_title":""},"product_brand":[],"product_cat":[46,53,43,55],"product_tag":[],"class_list":{"0":"post-2342","1":"product","2":"type-product","3":"status-publish","4":"has-post-thumbnail","6":"product_cat-24v-e-bike-battery","7":"product_cat-low-speed-electric-vehicle-battery","8":"product_cat-power-battery","9":"product_cat-scooter-battery","11":"first","12":"instock","13":"shipping-taxable","14":"product-type-simple"},"uagb_featured_image_src":{"full":["https:\/\/ecavix.com\/wp-content\/uploads\/2025\/07\/24V-10ah-Li-Ion-Ebike-Battery-Pack0-800-800-1.webp",550,550,false],"thumbnail":["https:\/\/ecavix.com\/wp-content\/uploads\/2025\/07\/24V-10ah-Li-Ion-Ebike-Battery-Pack0-800-800-1-150x150.webp",150,150,true],"medium":["https:\/\/ecavix.com\/wp-content\/uploads\/2025\/07\/24V-10ah-Li-Ion-Ebike-Battery-Pack0-800-800-1-300x300.webp",300,300,true],"medium_large":["https:\/\/ecavix.com\/wp-content\/uploads\/2025\/07\/24V-10ah-Li-Ion-Ebike-Battery-Pack0-800-800-1.webp",550,550,false],"large":["https:\/\/ecavix.com\/wp-content\/uploads\/2025\/07\/24V-10ah-Li-Ion-Ebike-Battery-Pack0-800-800-1.webp",550,550,false],"1536x1536":["https:\/\/ecavix.com\/wp-content\/uploads\/2025\/07\/24V-10ah-Li-Ion-Ebike-Battery-Pack0-800-800-1.webp",550,550,false],"2048x2048":["https:\/\/ecavix.com\/wp-content\/uploads\/2025\/07\/24V-10ah-Li-Ion-Ebike-Battery-Pack0-800-800-1.webp",550,550,false],"trp-custom-language-flag":["https:\/\/ecavix.com\/wp-content\/uploads\/2025\/07\/24V-10ah-Li-Ion-Ebike-Battery-Pack0-800-800-1.webp",12,12,false],"neve-blog":["https:\/\/ecavix.com\/wp-content\/uploads\/2025\/07\/24V-10ah-Li-Ion-Ebike-Battery-Pack0-800-800-1.webp",550,550,false],"woocommerce_thumbnail":["https:\/\/ecavix.com\/wp-content\/uploads\/2025\/07\/24V-10ah-Li-Ion-Ebike-Battery-Pack0-800-800-1-300x300.webp",300,300,true],"woocommerce_single":["https:\/\/ecavix.com\/wp-content\/uploads\/2025\/07\/24V-10ah-Li-Ion-Ebike-Battery-Pack0-800-800-1.webp",550,550,false],"woocommerce_gallery_thumbnail":["https:\/\/ecavix.com\/wp-content\/uploads\/2025\/07\/24V-10ah-Li-Ion-Ebike-Battery-Pack0-800-800-1-100x100.webp",100,100,true]},"uagb_author_info":{"display_name":"solvitaenergylimited@gmail.com","author_link":"https:\/\/ecavix.com\/ro\/author\/"},"uagb_comment_info":0,"uagb_excerpt":"24V 10Ah lithium-ion battery pack for electric bikes, providing long-lasting power with excellent safety features like overcharge, over-discharge, and short-circuit protection.","_links":{"self":[{"href":"https:\/\/ecavix.com\/ro\/wp-json\/wp\/v2\/product\/2342","targetHints":{"allow":["GET"]}}],"collection":[{"href":"https:\/\/ecavix.com\/ro\/wp-json\/wp\/v2\/product"}],"about":[{"href":"https:\/\/ecavix.com\/ro\/wp-json\/wp\/v2\/types\/product"}],"replies":[{"embeddable":true,"href":"https:\/\/ecavix.com\/ro\/wp-json\/wp\/v2\/comments?post=2342"}],"wp:featuredmedia":[{"embeddable":true,"href":"https:\/\/ecavix.com\/ro\/wp-json\/wp\/v2\/media\/2238"}],"wp:attachment":[{"href":"https:\/\/ecavix.com\/ro\/wp-json\/wp\/v2\/media?parent=2342"}],"wp:term":[{"taxonomy":"product_brand","embeddable":true,"href":"https:\/\/ecavix.com\/ro\/wp-json\/wp\/v2\/product_brand?post=2342"},{"taxonomy":"product_cat","embeddable":true,"href":"https:\/\/ecavix.com\/ro\/wp-json\/wp\/v2\/product_cat?post=2342"},{"taxonomy":"product_tag","embeddable":true,"href":"https:\/\/ecavix.com\/ro\/wp-json\/wp\/v2\/product_tag?post=2342"}],"curies":[{"name":"wp","href":"https:\/\/api.w.org\/{rel}","templated":true}]}}