{"id":2340,"date":"2025-07-18T03:43:36","date_gmt":"2025-07-18T03:43:36","guid":{"rendered":"https:\/\/ecavix.com\/?post_type=product&#038;p=2340"},"modified":"2025-07-18T03:43:36","modified_gmt":"2025-07-18T03:43:36","slug":"baterii-li-ion-12v-20ah-30ah-40ah-18650-litiu-ion-pachet-de-baterii-pentru-scuter-ebike","status":"publish","type":"product","link":"https:\/\/ecavix.com\/ro\/product\/li-ion-batteries-12v-20ah-30ah-40ah-18650-lithium-ion-battery-pack-for-scooter-ebike\/","title":{"rendered":"Baterii Li-ion 12V 20ah 30ah 40ah 18650 Pachet de baterii litiu-ion pentru scuter Ebike"},"content":{"rendered":"<h1>Baterie litiu-ion 12V 20Ah (DL-1220)<\/h1>\n<h2>Prezentare general\u0103 a produsului<\/h2>\n<table>\n<tr>\n<th>Tensiune nominal\u0103<\/th>\n<td>12V<\/td>\n<\/tr>\n<tr>\n<th>Capacitate nominal\u0103<\/th>\n<td>20Ah<\/td>\n<\/tr>\n<tr>\n<th>Tensiunea de intrare<\/th>\n<td>12.6V<\/td>\n<\/tr>\n<tr>\n<th>Tensiunea de ie\u0219ire<\/th>\n<td>9V - 12,6V<\/td>\n<\/tr>\n<tr>\n<th>Dimensiuni<\/th>\n<td>145mm x 85mm x 70mm (personalizabil)<\/td>\n<\/tr>\n<tr>\n<th>Curent maxim de \u00eenc\u0103rcare continu\u0103<\/th>\n<td>20A - 40A<\/td>\n<\/tr>\n<tr>\n<th>Curent maxim de desc\u0103rcare<\/th>\n<td>60A<\/td>\n<\/tr>\n<tr>\n<th>Curent de \u00eenc\u0103rcare<\/th>\n<td>4A<\/td>\n<\/tr>\n<tr>\n<th>Timp de \u00eenc\u0103rcare<\/th>\n<td>\u00cen jur de 6 ore<\/td>\n<\/tr>\n<tr>\n<th>Temperatura de func\u021bionare<\/th>\n<td>\u00cenc\u0103rcare: -20\u00baC ~ 45\u00baC, Desc\u0103rcare: -30\u00baC ~ 55\u00baC<\/td>\n<\/tr>\n<tr>\n<th>Ciclul de via\u021b\u0103<\/th>\n<td>Peste 500 de cicluri<\/td>\n<\/tr>\n<tr>\n<th>Greutate<\/th>\n<td>1,5 kg (aprox.)<\/td>\n<\/tr>\n<\/table>\n<h2>Caracteristici principale<\/h2>\n<div class=\"features-grid\">\n<div class=\"feature-box\">\n      <strong>Ciclu de via\u021b\u0103 lung \u0219i capacitate ridicat\u0103<\/strong><br \/>\n      Ofer\u0103 o durat\u0103 lung\u0103 de via\u021b\u0103 a ciclului \u0219i o capacitate ridicat\u0103 pentru utilizarea \u00een condi\u021bii grele.\n    <\/div>\n<div class=\"feature-box\">\n      <strong>Performan\u021b\u0103 la temperaturi sc\u0103zute<\/strong><br \/>\n      Performan\u021b\u0103 excelent\u0103 de desc\u0103rcare chiar \u0219i la temperaturi sc\u0103zute.\n    <\/div>\n<div class=\"feature-box\">\n      <strong>\u00cenc\u0103rcare rapid\u0103<\/strong><br \/>\n      Acceptare puternic\u0103 a \u00eenc\u0103rc\u0103rii \u0219i capacitate de \u00eenc\u0103rcare rapid\u0103.\n    <\/div>\n<div class=\"feature-box\">\n      <strong>F\u0103r\u0103 \u00eentre\u021binere<\/strong><br \/>\n      Nu este nevoie de \u00eentre\u021binere cu acid sau ap\u0103 \u00een timpul utiliz\u0103rii.\n    <\/div>\n<div class=\"feature-box\">\n      <strong>Performan\u021b\u0103 excelent\u0103 de desc\u0103rcare<\/strong><br \/>\n      Desc\u0103rcare excep\u021bional\u0103 de curent mare, ideal\u0103 pentru pornire \u0219i urcare.\n    <\/div>\n<div class=\"feature-box\">\n      <strong>Sigur \u0219i prietenos cu mediul<\/strong><br \/>\n      Nu prezint\u0103 risc de explozie sau incendiu \u0219i nu d\u0103uneaz\u0103 mediului.\n    <\/div>\n<\/p><\/div>\n<h2>Aplica\u021bii<\/h2>\n<h3>Aplica\u021bii de propulsie electric\u0103<\/h3>\n<ul>\n<li>Bateriile de pornire a motorului<\/li>\n<li>Autobuze comerciale \u0219i tranzit<\/li>\n<li>E-bikes, E-scootere, c\u0103rucioare de golf \u0219i multe altele<\/li>\n<li>Camioane electrice, m\u0103tur\u0103toare \u0219i cur\u0103\u021b\u0103toare de podele<\/li>\n<li>Robo\u021bi intelectuali<\/li>\n<li>Unelte electrice (ma\u0219ini de g\u0103urit electrice, juc\u0103rii etc.)<\/li>\n<\/ul>\n<h3>Stocarea energiei<\/h3>\n<ul>\n<li>Sisteme de energie solar\u0103-eolian\u0103<\/li>\n<li>Grila ora\u0219ului (Pornit\/Oprit)<\/li>\n<\/ul>\n<h3>Sisteme de back-up \u0219i UPS<\/h3>\n<ul>\n<li>Baze de telecomunica\u021bii, sisteme CATV, echipamente medicale<\/li>\n<li>Echipamente militare, centre de servere<\/li>\n<\/ul>\n<h3>Alte aplica\u021bii<\/h3>\n<ul>\n<li>Securitate \u0219i electronic\u0103<\/li>\n<li>POS mobil, lumin\u0103 minier\u0103, lumini de urgen\u021b\u0103 cu LED-uri<\/li>\n<\/ul>\n<h2>De ce s\u0103 alege\u021bi acumulatorul nostru litiu-ion de 12V?<\/h2>\n<ul>\n<li>Capacitate de \u00eenc\u0103rcare rapid\u0103 \u0219i rat\u0103 sc\u0103zut\u0103 de autodesc\u0103rcare<\/li>\n<li>Mai mult de 500 de cicluri de \u00eenc\u0103rcare-desc\u0103rcare pentru durabilitate<\/li>\n<li>Interval larg de temperatur\u0103 pentru performan\u021be fiabile<\/li>\n<li>Design sigur, ecologic, f\u0103r\u0103 risc de incendiu sau explozie<\/li>\n<li>Disponibil \u00een dimensiuni \u0219i configura\u021bii personalizabile<\/li>\n<\/ul>\n<h2>Ambalare \u0219i expediere<\/h2>\n<p>Bateria litiu-ion 12V 20Ah este ambalat\u0103 \u00eentr-o cutie de export. Oferim metode de expediere fiabile \u00een func\u021bie de m\u0103rimea \u0219i urgen\u021ba comenzii.<\/p>\n<h3>Metode de expediere<\/h3>\n<ul>\n<li>Comenzi mici: expediate pe cale aerian\u0103 (DHL, FedEx, UPS)<\/li>\n<li>Comenzi mari: expediate pe mare (termen de livrare estimat: 30-45 de zile)<\/li>\n<\/ul>","protected":false},"excerpt":{"rendered":"<p>Baterie litiu-ion re\u00eenc\u0103rcabil\u0103 de 12V 20Ah, proiectat\u0103 pentru sisteme solare, b\u0103rci cu telecomand\u0103 \u0219i diverse vehicule electrice, cu ciclu de via\u021b\u0103 lung, performan\u021be excelente de desc\u0103rcare \u0219i beneficii pentru mediu.<\/p>","protected":false},"featured_media":2296,"comment_status":"open","ping_status":"closed","template":"","meta":{"_uag_custom_page_level_css":"","neve_meta_sidebar":"","neve_meta_container":"","neve_meta_enable_content_width":"off","neve_meta_content_width":100,"neve_meta_title_alignment":"","neve_meta_author_avatar":"","neve_post_elements_order":"","neve_meta_disable_header":"","neve_meta_disable_footer":"","neve_meta_disable_title":""},"product_brand":[],"product_cat":[53,43,55],"product_tag":[],"class_list":{"0":"post-2340","1":"product","2":"type-product","3":"status-publish","4":"has-post-thumbnail","6":"product_cat-low-speed-electric-vehicle-battery","7":"product_cat-power-battery","8":"product_cat-scooter-battery","10":"first","11":"instock","12":"shipping-taxable","13":"product-type-simple"},"uagb_featured_image_src":{"full":["https:\/\/ecavix.com\/wp-content\/uploads\/2025\/07\/Rechargeable-Electric-Bike-Battery-12V-24ah0-800-800.webp",550,550,false],"thumbnail":["https:\/\/ecavix.com\/wp-content\/uploads\/2025\/07\/Rechargeable-Electric-Bike-Battery-12V-24ah0-800-800-150x150.webp",150,150,true],"medium":["https:\/\/ecavix.com\/wp-content\/uploads\/2025\/07\/Rechargeable-Electric-Bike-Battery-12V-24ah0-800-800-300x300.webp",300,300,true],"medium_large":["https:\/\/ecavix.com\/wp-content\/uploads\/2025\/07\/Rechargeable-Electric-Bike-Battery-12V-24ah0-800-800.webp",550,550,false],"large":["https:\/\/ecavix.com\/wp-content\/uploads\/2025\/07\/Rechargeable-Electric-Bike-Battery-12V-24ah0-800-800.webp",550,550,false],"1536x1536":["https:\/\/ecavix.com\/wp-content\/uploads\/2025\/07\/Rechargeable-Electric-Bike-Battery-12V-24ah0-800-800.webp",550,550,false],"2048x2048":["https:\/\/ecavix.com\/wp-content\/uploads\/2025\/07\/Rechargeable-Electric-Bike-Battery-12V-24ah0-800-800.webp",550,550,false],"trp-custom-language-flag":["https:\/\/ecavix.com\/wp-content\/uploads\/2025\/07\/Rechargeable-Electric-Bike-Battery-12V-24ah0-800-800.webp",12,12,false],"neve-blog":["https:\/\/ecavix.com\/wp-content\/uploads\/2025\/07\/Rechargeable-Electric-Bike-Battery-12V-24ah0-800-800.webp",550,550,false],"woocommerce_thumbnail":["https:\/\/ecavix.com\/wp-content\/uploads\/2025\/07\/Rechargeable-Electric-Bike-Battery-12V-24ah0-800-800-300x300.webp",300,300,true],"woocommerce_single":["https:\/\/ecavix.com\/wp-content\/uploads\/2025\/07\/Rechargeable-Electric-Bike-Battery-12V-24ah0-800-800.webp",550,550,false],"woocommerce_gallery_thumbnail":["https:\/\/ecavix.com\/wp-content\/uploads\/2025\/07\/Rechargeable-Electric-Bike-Battery-12V-24ah0-800-800-100x100.webp",100,100,true]},"uagb_author_info":{"display_name":"solvitaenergylimited@gmail.com","author_link":"https:\/\/ecavix.com\/ro\/author\/"},"uagb_comment_info":0,"uagb_excerpt":"12V 20Ah rechargeable lithium-ion battery pack, designed for solar systems, remote control boats, and various electric vehicles with long cycle life, excellent discharge performance, and environmental benefits.","_links":{"self":[{"href":"https:\/\/ecavix.com\/ro\/wp-json\/wp\/v2\/product\/2340","targetHints":{"allow":["GET"]}}],"collection":[{"href":"https:\/\/ecavix.com\/ro\/wp-json\/wp\/v2\/product"}],"about":[{"href":"https:\/\/ecavix.com\/ro\/wp-json\/wp\/v2\/types\/product"}],"replies":[{"embeddable":true,"href":"https:\/\/ecavix.com\/ro\/wp-json\/wp\/v2\/comments?post=2340"}],"wp:featuredmedia":[{"embeddable":true,"href":"https:\/\/ecavix.com\/ro\/wp-json\/wp\/v2\/media\/2296"}],"wp:attachment":[{"href":"https:\/\/ecavix.com\/ro\/wp-json\/wp\/v2\/media?parent=2340"}],"wp:term":[{"taxonomy":"product_brand","embeddable":true,"href":"https:\/\/ecavix.com\/ro\/wp-json\/wp\/v2\/product_brand?post=2340"},{"taxonomy":"product_cat","embeddable":true,"href":"https:\/\/ecavix.com\/ro\/wp-json\/wp\/v2\/product_cat?post=2340"},{"taxonomy":"product_tag","embeddable":true,"href":"https:\/\/ecavix.com\/ro\/wp-json\/wp\/v2\/product_tag?post=2340"}],"curies":[{"name":"wp","href":"https:\/\/api.w.org\/{rel}","templated":true}]}}