{"id":2338,"date":"2025-07-18T03:37:52","date_gmt":"2025-07-18T03:37:52","guid":{"rendered":"https:\/\/ecavix.com\/?post_type=product&#038;p=2338"},"modified":"2025-07-18T03:37:52","modified_gmt":"2025-07-18T03:37:52","slug":"baterie-litiu-polimer-12-v-20-ah-pentru-scuter-electric","status":"publish","type":"product","link":"https:\/\/ecavix.com\/ro\/product\/12v-20ah-lithium-polymer-battery-pack-for-electric-scooter\/","title":{"rendered":"Baterie litiu-polimer 12V 20ah pentru scuter electric"},"content":{"rendered":"<br \/>\n<h1>Baterie litiu-polimer 12V 20ah pentru scuter electric (DL-3S2P)<\/h1>\n<h2>Prezentare general\u0103 a produsului<\/h2>\n<table>\n<tr>\n<th>Tensiune nominal\u0103<\/th>\n<td>12V<\/td>\n<\/tr>\n<tr>\n<th>Tensiunea de lucru<\/th>\n<td>12.6V-9V<\/td>\n<\/tr>\n<tr>\n<th>Capacitate nominal\u0103<\/th>\n<td>Disponibil: 20 Ah, 40 Ah, 60 Ah, 100 Ah (personalizabil)<\/td>\n<\/tr>\n<tr>\n<th>Tensiunea de oprire a \u00eenc\u0103rc\u0103rii<\/th>\n<td>12.6V<\/td>\n<\/tr>\n<tr>\n<th>Curent de \u00eenc\u0103rcare<\/th>\n<td>Max 0,2C<\/td>\n<\/tr>\n<tr>\n<th>Metoda de \u00eenc\u0103rcare<\/th>\n<td>CC\/CV-curent constant\/tensiune constant\u0103<\/td>\n<\/tr>\n<tr>\n<th>Temperatura de \u00eenc\u0103rcare<\/th>\n<td>0\u00baC - 40\u00baC<\/td>\n<\/tr>\n<tr>\n<th>Temperatura de desc\u0103rcare<\/th>\n<td>-20\u00baC - +60\u00baC<\/td>\n<\/tr>\n<tr>\n<th>Durata \u00eenc\u0103rc\u0103rii<\/th>\n<td>4-5 ore (Standard)<\/td>\n<\/tr>\n<tr>\n<th>Ciclul de via\u021b\u0103<\/th>\n<td>Peste 500 de cicluri<\/td>\n<\/tr>\n<tr>\n<th>Dimensiuni<\/th>\n<td>145 mm x 85 mm x 70 mm (L x l x H)<\/td>\n<\/tr>\n<\/table>\n<h2>Caracteristici principale<\/h2>\n<div class=\"features-grid\">\n<div class=\"feature-box\">\n      <strong>Eficien\u021b\u0103 ridicat\u0103 de func\u021bionare<\/strong><br \/>\n      Eficien\u021b\u0103 opera\u021bional\u0103 \u226599%, asigur\u00e2nd utilizarea maxim\u0103 a energiei \u0219i performan\u021b\u0103 maxim\u0103.\n    <\/div>\n<div class=\"feature-box\">\n      <strong>\u00cenc\u0103rcare \u0219i desc\u0103rcare stabil\u0103<\/strong><br \/>\n      Utilizeaz\u0103 metoda de \u00eenc\u0103rcare CC\/CV pentru o \u00eenc\u0103rcare sigur\u0103 \u0219i constant\u0103.\n    <\/div>\n<div class=\"feature-box\">\n      <strong>Ciclu de via\u021b\u0103 lung<\/strong><br \/>\n      Suport\u0103 peste 500 de cicluri de \u00eenc\u0103rcare-desc\u0103rcare pentru o durat\u0103 de via\u021b\u0103 extins\u0103 a bateriei.\n    <\/div>\n<div class=\"feature-box\">\n      <strong>Interval de temperatur\u0103<\/strong><br \/>\n      Func\u021bioneaz\u0103 eficient \u00eentr-un interval larg de temperaturi, de la -20 \u00b0C la +60 \u00b0C pentru desc\u0103rcare \u0219i de la 0 \u00b0C la 40 \u00b0C pentru \u00eenc\u0103rcare.\n    <\/div>\n<div class=\"feature-box\">\n      <strong>Capacit\u0103\u021bi personalizabile<\/strong><br \/>\n      Disponibil \u00een diverse capacit\u0103\u021bi, de la 20 Ah la 100 Ah, personalizabil \u00een func\u021bie de nevoile dvs. specifice.\n    <\/div>\n<div class=\"feature-box\">\n      <strong>Design reciclabil<\/strong><br \/>\n      Proiectat cu materiale reciclabile pentru un impact mai redus asupra mediului.\n    <\/div>\n<\/p><\/div>\n<h2>Aplica\u021bii<\/h2>\n<ul>\n<li>Stocarea energiei solare<\/li>\n<li>Vehicule electrice (biciclete electrice, scutere)<\/li>\n<li>Unelte electrice<\/li>\n<li>Sisteme de stocare a energiei<\/li>\n<li>Sta\u021bii de alimentare portabile<\/li>\n<\/ul>\n<h2>De ce s\u0103 alege\u021bi pachetul nostru de baterii litiu-polimer de 12 V?<\/h2>\n<ul>\n<li>Design reciclabil \u0219i ecologic<\/li>\n<li>Tensiune \u0219i capacitate personalizabile pentru aplica\u021bii specifice<\/li>\n<li>Eficien\u021b\u0103 ridicat\u0103 de \u00eenc\u0103rcare\/desc\u0103rcare pentru economii de energie<\/li>\n<li>Ciclu de via\u021b\u0103 lung (peste 500 de cicluri) pentru rentabilitate<\/li>\n<li>Domeniu larg de temperaturi de func\u021bionare pentru medii diverse<\/li>\n<\/ul>\n<h2>Ambalare \u0219i expediere<\/h2>\n<p>Bateria litiu-polimer de 12 V este ambalat\u0103 \u00een siguran\u021b\u0103 \u00eentr-un ambalaj standard pentru export, pentru a asigura livrarea \u00een condi\u021bii de siguran\u021b\u0103. Op\u021biunile de transport includ at\u00e2t transportul aerian, c\u00e2t \u0219i cel maritim, \u00een func\u021bie de dimensiunea comenzii \u0219i de urgen\u021ba acesteia.<\/p>\n<h3>Metode de expediere<\/h3>\n<ul>\n<li>Comenzi mici: expediate pe cale aerian\u0103 (DHL, FedEx, UPS)<\/li>\n<li>Comenzi mari: expediate pe mare (termen de livrare estimat: 30-45 de zile)<\/li>\n<\/ul>","protected":false},"excerpt":{"rendered":"<p>Baterie litiu-polimer de 12 V pentru scuter electric, disponibil\u0103 \u00een capacit\u0103\u021bi de p\u00e2n\u0103 la 100 Ah, cu eficien\u021b\u0103 ridicat\u0103, durat\u0103 de via\u021b\u0103 lung\u0103 \u0219i caracteristici de siguran\u021b\u0103. Ideal\u0103 pentru diverse aplica\u021bii.<\/p>","protected":false},"featured_media":2296,"comment_status":"open","ping_status":"closed","template":"","meta":{"_uag_custom_page_level_css":"","neve_meta_sidebar":"","neve_meta_container":"","neve_meta_enable_content_width":"off","neve_meta_content_width":100,"neve_meta_title_alignment":"","neve_meta_author_avatar":"","neve_post_elements_order":"","neve_meta_disable_header":"","neve_meta_disable_footer":"","neve_meta_disable_title":""},"product_brand":[],"product_cat":[53,43,55],"product_tag":[],"class_list":{"0":"post-2338","1":"product","2":"type-product","3":"status-publish","4":"has-post-thumbnail","6":"product_cat-low-speed-electric-vehicle-battery","7":"product_cat-power-battery","8":"product_cat-scooter-battery","10":"first","11":"instock","12":"shipping-taxable","13":"product-type-simple"},"uagb_featured_image_src":{"full":["https:\/\/ecavix.com\/wp-content\/uploads\/2025\/07\/Rechargeable-Electric-Bike-Battery-12V-24ah0-800-800.webp",550,550,false],"thumbnail":["https:\/\/ecavix.com\/wp-content\/uploads\/2025\/07\/Rechargeable-Electric-Bike-Battery-12V-24ah0-800-800-150x150.webp",150,150,true],"medium":["https:\/\/ecavix.com\/wp-content\/uploads\/2025\/07\/Rechargeable-Electric-Bike-Battery-12V-24ah0-800-800-300x300.webp",300,300,true],"medium_large":["https:\/\/ecavix.com\/wp-content\/uploads\/2025\/07\/Rechargeable-Electric-Bike-Battery-12V-24ah0-800-800.webp",550,550,false],"large":["https:\/\/ecavix.com\/wp-content\/uploads\/2025\/07\/Rechargeable-Electric-Bike-Battery-12V-24ah0-800-800.webp",550,550,false],"1536x1536":["https:\/\/ecavix.com\/wp-content\/uploads\/2025\/07\/Rechargeable-Electric-Bike-Battery-12V-24ah0-800-800.webp",550,550,false],"2048x2048":["https:\/\/ecavix.com\/wp-content\/uploads\/2025\/07\/Rechargeable-Electric-Bike-Battery-12V-24ah0-800-800.webp",550,550,false],"trp-custom-language-flag":["https:\/\/ecavix.com\/wp-content\/uploads\/2025\/07\/Rechargeable-Electric-Bike-Battery-12V-24ah0-800-800.webp",12,12,false],"neve-blog":["https:\/\/ecavix.com\/wp-content\/uploads\/2025\/07\/Rechargeable-Electric-Bike-Battery-12V-24ah0-800-800.webp",550,550,false],"woocommerce_thumbnail":["https:\/\/ecavix.com\/wp-content\/uploads\/2025\/07\/Rechargeable-Electric-Bike-Battery-12V-24ah0-800-800-300x300.webp",300,300,true],"woocommerce_single":["https:\/\/ecavix.com\/wp-content\/uploads\/2025\/07\/Rechargeable-Electric-Bike-Battery-12V-24ah0-800-800.webp",550,550,false],"woocommerce_gallery_thumbnail":["https:\/\/ecavix.com\/wp-content\/uploads\/2025\/07\/Rechargeable-Electric-Bike-Battery-12V-24ah0-800-800-100x100.webp",100,100,true]},"uagb_author_info":{"display_name":"solvitaenergylimited@gmail.com","author_link":"https:\/\/ecavix.com\/ro\/author\/"},"uagb_comment_info":0,"uagb_excerpt":"12V Lithium Polymer Battery Pack for Electric Scooter, available in capacities up to 100Ah, with high efficiency, long cycle life, and safety features. Ideal for various applications.","_links":{"self":[{"href":"https:\/\/ecavix.com\/ro\/wp-json\/wp\/v2\/product\/2338","targetHints":{"allow":["GET"]}}],"collection":[{"href":"https:\/\/ecavix.com\/ro\/wp-json\/wp\/v2\/product"}],"about":[{"href":"https:\/\/ecavix.com\/ro\/wp-json\/wp\/v2\/types\/product"}],"replies":[{"embeddable":true,"href":"https:\/\/ecavix.com\/ro\/wp-json\/wp\/v2\/comments?post=2338"}],"wp:featuredmedia":[{"embeddable":true,"href":"https:\/\/ecavix.com\/ro\/wp-json\/wp\/v2\/media\/2296"}],"wp:attachment":[{"href":"https:\/\/ecavix.com\/ro\/wp-json\/wp\/v2\/media?parent=2338"}],"wp:term":[{"taxonomy":"product_brand","embeddable":true,"href":"https:\/\/ecavix.com\/ro\/wp-json\/wp\/v2\/product_brand?post=2338"},{"taxonomy":"product_cat","embeddable":true,"href":"https:\/\/ecavix.com\/ro\/wp-json\/wp\/v2\/product_cat?post=2338"},{"taxonomy":"product_tag","embeddable":true,"href":"https:\/\/ecavix.com\/ro\/wp-json\/wp\/v2\/product_tag?post=2338"}],"curies":[{"name":"wp","href":"https:\/\/api.w.org\/{rel}","templated":true}]}}