{"id":2330,"date":"2025-07-18T03:32:29","date_gmt":"2025-07-18T03:32:29","guid":{"rendered":"https:\/\/ecavix.com\/?post_type=product&#038;p=2330"},"modified":"2025-07-18T03:32:29","modified_gmt":"2025-07-18T03:32:29","slug":"personalizate-litiu-ion-12v-4ah-baterie-pachet-pentru-baterie-scuter-electric","status":"publish","type":"product","link":"https:\/\/ecavix.com\/ro\/product\/custom-lithium-ion-12v-4ah-battery-pack-for-electric-scooter-battery\/","title":{"rendered":"Acumulator personalizat litiu-ion 12V 4ah pentru bateria scuterului electric"},"content":{"rendered":"<h1>Acumulator litiu-ion personalizat 12V 4Ah (DL-1204)<\/h1>\n<h2>Prezentare general\u0103 a produsului<\/h2>\n<table>\n<tr>\n<th>Tensiune nominal\u0103<\/th>\n<td>12V (sau personalizat)<\/td>\n<\/tr>\n<tr>\n<th>Capacitate nominal\u0103<\/th>\n<td>4Ah (sau personalizat)<\/td>\n<\/tr>\n<tr>\n<th>Curent maxim de desc\u0103rcare<\/th>\n<td>3C<\/td>\n<\/tr>\n<tr>\n<th>Curent de \u00eenc\u0103rcare standard<\/th>\n<td>0.2C<\/td>\n<\/tr>\n<tr>\n<th>Curent de \u00eenc\u0103rcare rapid\u0103<\/th>\n<td>0.5C<\/td>\n<\/tr>\n<tr>\n<th>Tensiunea de \u00eenc\u0103rcare<\/th>\n<td>13.6V<\/td>\n<\/tr>\n<tr>\n<th>Desc\u0103rcare Temperatura de lucru<\/th>\n<td>-20\u00baC ~ +60\u00baC<\/td>\n<\/tr>\n<tr>\n<th>Temperatura de lucru a \u00eenc\u0103rc\u0103turii<\/th>\n<td>0\u00baC ~ 45\u00baC<\/td>\n<\/tr>\n<tr>\n<th>Ciclul de via\u021b\u0103<\/th>\n<td>Peste 500 de cicluri<\/td>\n<\/tr>\n<tr>\n<th>Greutate<\/th>\n<td>Aproximativ 3 kg<\/td>\n<\/tr>\n<\/table>\n<h2>Caracteristici principale<\/h2>\n<div class=\"features-grid\">\n<div class=\"feature-box\">\n      <strong>Rata mare de desc\u0103rcare<\/strong><br \/>\n      Capabil s\u0103 se descarce p\u00e2n\u0103 la 3C, perfect pentru dispozitivele de mare putere.\n    <\/div>\n<div class=\"feature-box\">\n      <strong>Ciclu de via\u021b\u0103 lung<\/strong><br \/>\n      Cu peste 500 de cicluri, aceast\u0103 baterie dureaz\u0103 mai mult \u0219i ofer\u0103 mai mult\u0103 valoare.\n    <\/div>\n<div class=\"feature-box\">\n      <strong>Flexibilitatea temperaturii<\/strong><br \/>\n      Func\u021bioneaz\u0103 \u00eentr-o gam\u0103 larg\u0103 de temperaturi: Desc\u0103rcare (-20\u00baC ~ +60\u00baC), \u00eenc\u0103rcare (0\u00baC ~ 45\u00baC).\n    <\/div>\n<div class=\"feature-box\">\n      <strong>Personalizabil<\/strong><br \/>\n      Disponibile \u00een culori, tensiuni \u0219i capacit\u0103\u021bi personalizate pentru a v\u0103 satisface nevoile specifice.\n    <\/div>\n<div class=\"feature-box\">\n      <strong>Ecologic<\/strong><br \/>\n      Certificat\u0103 CE, RoHS, FCC \u0219i MSDS, asigur\u00e2nd standarde ridicate de siguran\u021b\u0103 \u0219i conformitate cu mediul.\n    <\/div>\n<div class=\"feature-box\">\n      <strong>Design compact<\/strong><br \/>\n      Compact (72*120*21mm) \u0219i u\u0219or (aproximativ 3kg), ceea ce \u00eel face potrivit pentru o varietate de aplica\u021bii.\n    <\/div>\n<\/p><\/div>\n<h2>Aplica\u021bii<\/h2>\n<ul>\n<li>Stocarea energiei solare<\/li>\n<li>Trotinete electrice<\/li>\n<li>Vehicule electrice<\/li>\n<li>Unelte electrice<\/li>\n<li>Alte dispozitive alimentate cu baterii<\/li>\n<\/ul>\n<h2>De ce s\u0103 alege\u021bi pachetul nostru de baterii litiu-ion de 12V 4Ah?<\/h2>\n<ul>\n<li>Performan\u021b\u0103 excelent\u0103 cu rate ridicate de desc\u0103rcare<\/li>\n<li>Durat\u0103 lung\u0103 de via\u021b\u0103 de peste 500 de cicluri<\/li>\n<li>Domeniu larg de temperaturi de func\u021bionare pentru medii diverse<\/li>\n<li>Personalizabil \u00een func\u021bie de cerin\u021bele dvs. de tensiune \u0219i capacitate<\/li>\n<li>Respect\u0103 standardele de siguran\u021b\u0103 \u0219i de mediu de v\u00e2rf din industrie<\/li>\n<\/ul>\n<h2>Ambalare \u0219i expediere<\/h2>\n<p>Fiecare pachet de baterii este ambalat cu aten\u021bie \u00een 1PC\/Carton pentru o expediere sigur\u0103. Oferim op\u021biuni de transport aerian \u0219i maritim \u00een func\u021bie de m\u0103rimea comenzii \u0219i de urgen\u021ba livr\u0103rii.<\/p>\n<h3>Metode de expediere<\/h3>\n<ul>\n<li>Comenzi mici: expediate pe cale aerian\u0103 (DHL, FedEx, UPS)<\/li>\n<li>Comenzi mari: expediate pe mare (termen de livrare estimat: 30-45 de zile)<\/li>\n<\/ul>","protected":false},"excerpt":{"rendered":"<p>Pachet personalizat de baterii litiu-ion de 12V 4Ah, perfect pentru scutere electrice \u0219i stocarea energiei solare. Rata ridicat\u0103 de desc\u0103rcare, durat\u0103 lung\u0103 de via\u021b\u0103 \u0219i adaptabil la diverse aplica\u021bii.<\/p>","protected":false},"featured_media":2334,"comment_status":"open","ping_status":"closed","template":"","meta":{"_uag_custom_page_level_css":"","neve_meta_sidebar":"","neve_meta_container":"","neve_meta_enable_content_width":"off","neve_meta_content_width":100,"neve_meta_title_alignment":"","neve_meta_author_avatar":"","neve_post_elements_order":"","neve_meta_disable_header":"","neve_meta_disable_footer":"","neve_meta_disable_title":""},"product_brand":[],"product_cat":[53,43,55],"product_tag":[],"class_list":{"0":"post-2330","1":"product","2":"type-product","3":"status-publish","4":"has-post-thumbnail","6":"product_cat-low-speed-electric-vehicle-battery","7":"product_cat-power-battery","8":"product_cat-scooter-battery","10":"first","11":"instock","12":"shipping-taxable","13":"product-type-simple"},"uagb_featured_image_src":{"full":["https:\/\/ecavix.com\/wp-content\/uploads\/2025\/07\/Custom-Lithium-Ion-12V-4ah-Battery-Pack-for-Electric-Scooter-Battery3-800-800.webp",550,550,false],"thumbnail":["https:\/\/ecavix.com\/wp-content\/uploads\/2025\/07\/Custom-Lithium-Ion-12V-4ah-Battery-Pack-for-Electric-Scooter-Battery3-800-800-150x150.webp",150,150,true],"medium":["https:\/\/ecavix.com\/wp-content\/uploads\/2025\/07\/Custom-Lithium-Ion-12V-4ah-Battery-Pack-for-Electric-Scooter-Battery3-800-800-300x300.webp",300,300,true],"medium_large":["https:\/\/ecavix.com\/wp-content\/uploads\/2025\/07\/Custom-Lithium-Ion-12V-4ah-Battery-Pack-for-Electric-Scooter-Battery3-800-800.webp",550,550,false],"large":["https:\/\/ecavix.com\/wp-content\/uploads\/2025\/07\/Custom-Lithium-Ion-12V-4ah-Battery-Pack-for-Electric-Scooter-Battery3-800-800.webp",550,550,false],"1536x1536":["https:\/\/ecavix.com\/wp-content\/uploads\/2025\/07\/Custom-Lithium-Ion-12V-4ah-Battery-Pack-for-Electric-Scooter-Battery3-800-800.webp",550,550,false],"2048x2048":["https:\/\/ecavix.com\/wp-content\/uploads\/2025\/07\/Custom-Lithium-Ion-12V-4ah-Battery-Pack-for-Electric-Scooter-Battery3-800-800.webp",550,550,false],"trp-custom-language-flag":["https:\/\/ecavix.com\/wp-content\/uploads\/2025\/07\/Custom-Lithium-Ion-12V-4ah-Battery-Pack-for-Electric-Scooter-Battery3-800-800.webp",12,12,false],"neve-blog":["https:\/\/ecavix.com\/wp-content\/uploads\/2025\/07\/Custom-Lithium-Ion-12V-4ah-Battery-Pack-for-Electric-Scooter-Battery3-800-800.webp",550,550,false],"woocommerce_thumbnail":["https:\/\/ecavix.com\/wp-content\/uploads\/2025\/07\/Custom-Lithium-Ion-12V-4ah-Battery-Pack-for-Electric-Scooter-Battery3-800-800-300x300.webp",300,300,true],"woocommerce_single":["https:\/\/ecavix.com\/wp-content\/uploads\/2025\/07\/Custom-Lithium-Ion-12V-4ah-Battery-Pack-for-Electric-Scooter-Battery3-800-800.webp",550,550,false],"woocommerce_gallery_thumbnail":["https:\/\/ecavix.com\/wp-content\/uploads\/2025\/07\/Custom-Lithium-Ion-12V-4ah-Battery-Pack-for-Electric-Scooter-Battery3-800-800-100x100.webp",100,100,true]},"uagb_author_info":{"display_name":"solvitaenergylimited@gmail.com","author_link":"https:\/\/ecavix.com\/ro\/author\/"},"uagb_comment_info":0,"uagb_excerpt":"Custom 12V 4Ah lithium-ion battery pack, perfect for electric scooters and solar power storage. High discharge rate, long cycle life, and adaptable to various applications.","_links":{"self":[{"href":"https:\/\/ecavix.com\/ro\/wp-json\/wp\/v2\/product\/2330","targetHints":{"allow":["GET"]}}],"collection":[{"href":"https:\/\/ecavix.com\/ro\/wp-json\/wp\/v2\/product"}],"about":[{"href":"https:\/\/ecavix.com\/ro\/wp-json\/wp\/v2\/types\/product"}],"replies":[{"embeddable":true,"href":"https:\/\/ecavix.com\/ro\/wp-json\/wp\/v2\/comments?post=2330"}],"wp:featuredmedia":[{"embeddable":true,"href":"https:\/\/ecavix.com\/ro\/wp-json\/wp\/v2\/media\/2334"}],"wp:attachment":[{"href":"https:\/\/ecavix.com\/ro\/wp-json\/wp\/v2\/media?parent=2330"}],"wp:term":[{"taxonomy":"product_brand","embeddable":true,"href":"https:\/\/ecavix.com\/ro\/wp-json\/wp\/v2\/product_brand?post=2330"},{"taxonomy":"product_cat","embeddable":true,"href":"https:\/\/ecavix.com\/ro\/wp-json\/wp\/v2\/product_cat?post=2330"},{"taxonomy":"product_tag","embeddable":true,"href":"https:\/\/ecavix.com\/ro\/wp-json\/wp\/v2\/product_tag?post=2330"}],"curies":[{"name":"wp","href":"https:\/\/api.w.org\/{rel}","templated":true}]}}