{"id":2317,"date":"2025-07-18T03:03:22","date_gmt":"2025-07-18T03:03:22","guid":{"rendered":"https:\/\/ecavix.com\/?post_type=product&#038;p=2317"},"modified":"2025-07-18T03:06:09","modified_gmt":"2025-07-18T03:06:09","slug":"pret-de-fabrica-reincarcabila-18650-litiu-ion-12v-6600mah-li-ion-pachet-de-baterii-pentru-a-condus-lumina-baterii-scule-electrice","status":"publish","type":"product","link":"https:\/\/ecavix.com\/ro\/product\/factory-price-rechargeable-18650-lithium-ion-12v-6600mah-li-ion-battery-pack-for-led-light-power-tools-batteries\/","title":{"rendered":"Pre\u021b de fabric\u0103 18650 Litiu Ion re\u00eenc\u0103rcabil 12V 6600mAh Li Ion Battery Pack pentru baterii de instrumente electrice cu LED-uri"},"content":{"rendered":"<br \/>\n<h1>Pre\u021b de fabric\u0103 18650 Litiu Ion re\u00eenc\u0103rcabil 12V 6600mAh Li Ion Battery Pack pentru baterii de instrumente electrice cu LED-uri <\/h1>\n<h2>Prezentare general\u0103 a produsului<\/h2>\n<table>\n<tr>\n<th>Tensiune nominal\u0103<\/th>\n<td>12V<\/td>\n<\/tr>\n<tr>\n<th>Capacitate nominal\u0103<\/th>\n<td>6600mAh (personalizabil)<\/td>\n<\/tr>\n<tr>\n<th>Rezisten\u021b\u0103 intern\u0103<\/th>\n<td>150m\u03a9<\/td>\n<\/tr>\n<tr>\n<th>Tensiune limitat\u0103 de desc\u0103rcare<\/th>\n<td>11V<\/td>\n<\/tr>\n<tr>\n<th>Tensiune limitat\u0103 de \u00eenc\u0103rcare<\/th>\n<td>16.8V<\/td>\n<\/tr>\n<tr>\n<th>Curent de \u00eenc\u0103rcare standard<\/th>\n<td>0.5A<\/td>\n<\/tr>\n<tr>\n<th>Curent de lucru continuu<\/th>\n<td>7.8A<\/td>\n<\/tr>\n<tr>\n<th>Curent de desc\u0103rcare \u00een explozie<\/th>\n<td>1.5A<\/td>\n<\/tr>\n<tr>\n<th>Metoda de \u00eenc\u0103rcare<\/th>\n<td>CC\/CV (curent constant\/tensiune constant\u0103)<\/td>\n<\/tr>\n<tr>\n<th>Greutate<\/th>\n<td>1,5 kg<\/td>\n<\/tr>\n<tr>\n<th>Temperatura de lucru (\u00eenc\u0103rcare)<\/th>\n<td>0\u00baC p\u00e2n\u0103 la 50\u00baC<\/td>\n<\/tr>\n<tr>\n<th>Temperatura de lucru (desc\u0103rcare)<\/th>\n<td>-20\u00baC p\u00e2n\u0103 la 60\u00baC<\/td>\n<\/tr>\n<tr>\n<th>Temperatura de depozitare<\/th>\n<td>-10\u00baC p\u00e2n\u0103 la 40\u00baC<\/td>\n<\/tr>\n<tr>\n<th>Ciclul de via\u021b\u0103<\/th>\n<td>Mai mult de 500-800 de cicluri (cu &gt;95% capacitate r\u0103mas\u0103)<\/td>\n<\/tr>\n<tr>\n<th>Certificare<\/th>\n<td>CE, RoHS, UN38.3, MSDS<\/td>\n<\/tr>\n<\/table>\n<h2>Caracteristici principale<\/h2>\n<div class=\"features-grid\">\n<div class=\"feature-box\">\n      <strong>Ciclu de via\u021b\u0103 lung<\/strong><br \/>\n      Peste 500-800 de cicluri de \u00eenc\u0103rcare\/desc\u0103rcare, asigur\u00e2nd o performan\u021b\u0103 fiabil\u0103 \u0219i de lung\u0103 durat\u0103.\n    <\/div>\n<div class=\"feature-box\">\n      <strong>Rat\u0103 medie de desc\u0103rcare<\/strong><br \/>\n      Potrivit pentru o gam\u0103 larg\u0103 de aplica\u021bii, cum ar fi lumini LED, unelte electrice \u0219i vehicule electrice.\n    <\/div>\n<div class=\"feature-box\">\n      <strong>Stabile \u0219i sigure<\/strong><br \/>\n      Sistemul \u00eencorporat de gestionare a bateriei (BMS) asigur\u0103 protec\u021bie \u00eempotriva supra\u00eenc\u0103rc\u0103rii, supradesc\u0103rc\u0103rii \u0219i scurtcircuitelor.\n    <\/div>\n<div class=\"feature-box\">\n      <strong>Gam\u0103 larg\u0103 de temperaturi<\/strong><br \/>\n      Poate func\u021biona eficient la temperaturi cuprinse \u00eentre -20\u00baC \u0219i 60\u00baC.\n    <\/div>\n<div class=\"feature-box\">\n      <strong>Personalizabil<\/strong><br \/>\n      Capacitate \u0219i dimensiuni personalizabile pentru a se potrivi cerin\u021belor specifice.\n    <\/div>\n<div class=\"feature-box\">\n      <strong>Ecologic<\/strong><br \/>\n      Respect\u0103 certific\u0103rile CE, RoHS, UN38.3 \u0219i MSDS pentru o utilizare sigur\u0103 \u0219i ecologic\u0103.\n    <\/div>\n<\/p><\/div>\n<h2>Aplica\u021bii<\/h2>\n<ul>\n<li>L\u0103mpi LED<\/li>\n<li>Unelte electrice<\/li>\n<li>Biciclete electrice<\/li>\n<li>Dispozitive GPS<\/li>\n<\/ul>\n<h2>De ce s\u0103 alege\u021bi acumulatorul nostru de 12V 6600mAh?<\/h2>\n<ul>\n<li>Performan\u021b\u0103 fiabil\u0103 cu peste 500-800 de cicluri de \u00eenc\u0103rcare<\/li>\n<li>Op\u021biuni flexibile OEM\/ODM pentru a r\u0103spunde nevoilor specifice<\/li>\n<li>Sistem robust de gestionare a bateriei (BMS) pentru protec\u021bie<\/li>\n<li>Gam\u0103 larg\u0103 de temperaturi de func\u021bionare pentru versatilitate<\/li>\n<li>\u00cen conformitate cu certific\u0103rile interna\u021bionale (CE, RoHS, UN38.3, MSDS)<\/li>\n<\/ul>\n<h2>Ambalare \u0219i expediere<\/h2>\n<p>Oferim ambalaje standard sau ambalaje personalizate \u00een func\u021bie de nevoile dumneavoastr\u0103. Livr\u0103m la nivel global, cu op\u021biuni de livrare aerian\u0103 sau maritim\u0103.<\/p>\n<h3>Metode de expediere<\/h3>\n<ul>\n<li>Comenzi de mostre: Livrare prin UPS, DHL sau FedEx (serviciu de la u\u0219\u0103 la u\u0219\u0103)<\/li>\n<li>Comenzi \u00een vrac: Livrare pe mare (timp de livrare: 30-45 zile)<\/li>\n<\/ul>","protected":false},"excerpt":{"rendered":"<p>Pachet de baterii re\u00eenc\u0103rcabile 18650 lithium ion 12V 6600mAh cu pre\u021b de fabric\u0103 pentru lumini LED, unelte electrice, biciclete electrice, GPS \u0219i alte aplica\u021bii. Fiabil \u0219i durabil, cu o durat\u0103 de via\u021b\u0103 a ciclului de 500-800 de ori.<\/p>","protected":false},"featured_media":2320,"comment_status":"open","ping_status":"closed","template":"","meta":{"_uag_custom_page_level_css":"","neve_meta_sidebar":"","neve_meta_container":"","neve_meta_enable_content_width":"off","neve_meta_content_width":100,"neve_meta_title_alignment":"","neve_meta_author_avatar":"","neve_post_elements_order":"","neve_meta_disable_header":"","neve_meta_disable_footer":"","neve_meta_disable_title":""},"product_brand":[],"product_cat":[53,43,55],"product_tag":[64,67,68],"class_list":{"0":"post-2317","1":"product","2":"type-product","3":"status-publish","4":"has-post-thumbnail","6":"product_cat-low-speed-electric-vehicle-battery","7":"product_cat-power-battery","8":"product_cat-scooter-battery","9":"product_tag-battery","10":"product_tag-eco","11":"product_tag-green","13":"first","14":"instock","15":"shipping-taxable","16":"product-type-simple"},"uagb_featured_image_src":{"full":["https:\/\/ecavix.com\/wp-content\/uploads\/2025\/07\/Factory-Price-Rechargeable-18650-Lithium-Ion-12V-6600mAh-Li-Ion-Battery-Pack-for-LED-Light-Power-Too-800-800-3.webp",550,550,false],"thumbnail":["https:\/\/ecavix.com\/wp-content\/uploads\/2025\/07\/Factory-Price-Rechargeable-18650-Lithium-Ion-12V-6600mAh-Li-Ion-Battery-Pack-for-LED-Light-Power-Too-800-800-3-150x150.webp",150,150,true],"medium":["https:\/\/ecavix.com\/wp-content\/uploads\/2025\/07\/Factory-Price-Rechargeable-18650-Lithium-Ion-12V-6600mAh-Li-Ion-Battery-Pack-for-LED-Light-Power-Too-800-800-3-300x300.webp",300,300,true],"medium_large":["https:\/\/ecavix.com\/wp-content\/uploads\/2025\/07\/Factory-Price-Rechargeable-18650-Lithium-Ion-12V-6600mAh-Li-Ion-Battery-Pack-for-LED-Light-Power-Too-800-800-3.webp",550,550,false],"large":["https:\/\/ecavix.com\/wp-content\/uploads\/2025\/07\/Factory-Price-Rechargeable-18650-Lithium-Ion-12V-6600mAh-Li-Ion-Battery-Pack-for-LED-Light-Power-Too-800-800-3.webp",550,550,false],"1536x1536":["https:\/\/ecavix.com\/wp-content\/uploads\/2025\/07\/Factory-Price-Rechargeable-18650-Lithium-Ion-12V-6600mAh-Li-Ion-Battery-Pack-for-LED-Light-Power-Too-800-800-3.webp",550,550,false],"2048x2048":["https:\/\/ecavix.com\/wp-content\/uploads\/2025\/07\/Factory-Price-Rechargeable-18650-Lithium-Ion-12V-6600mAh-Li-Ion-Battery-Pack-for-LED-Light-Power-Too-800-800-3.webp",550,550,false],"trp-custom-language-flag":["https:\/\/ecavix.com\/wp-content\/uploads\/2025\/07\/Factory-Price-Rechargeable-18650-Lithium-Ion-12V-6600mAh-Li-Ion-Battery-Pack-for-LED-Light-Power-Too-800-800-3.webp",12,12,false],"neve-blog":["https:\/\/ecavix.com\/wp-content\/uploads\/2025\/07\/Factory-Price-Rechargeable-18650-Lithium-Ion-12V-6600mAh-Li-Ion-Battery-Pack-for-LED-Light-Power-Too-800-800-3.webp",550,550,false],"woocommerce_thumbnail":["https:\/\/ecavix.com\/wp-content\/uploads\/2025\/07\/Factory-Price-Rechargeable-18650-Lithium-Ion-12V-6600mAh-Li-Ion-Battery-Pack-for-LED-Light-Power-Too-800-800-3-300x300.webp",300,300,true],"woocommerce_single":["https:\/\/ecavix.com\/wp-content\/uploads\/2025\/07\/Factory-Price-Rechargeable-18650-Lithium-Ion-12V-6600mAh-Li-Ion-Battery-Pack-for-LED-Light-Power-Too-800-800-3.webp",550,550,false],"woocommerce_gallery_thumbnail":["https:\/\/ecavix.com\/wp-content\/uploads\/2025\/07\/Factory-Price-Rechargeable-18650-Lithium-Ion-12V-6600mAh-Li-Ion-Battery-Pack-for-LED-Light-Power-Too-800-800-3-100x100.webp",100,100,true]},"uagb_author_info":{"display_name":"solvitaenergylimited@gmail.com","author_link":"https:\/\/ecavix.com\/ro\/author\/"},"uagb_comment_info":0,"uagb_excerpt":"Factory price rechargeable 18650 lithium ion 12V 6600mAh battery pack for LED lights, power tools, E-bikes, GPS, and other applications. Reliable and durable with a cycle life of 500-800 times.","_links":{"self":[{"href":"https:\/\/ecavix.com\/ro\/wp-json\/wp\/v2\/product\/2317","targetHints":{"allow":["GET"]}}],"collection":[{"href":"https:\/\/ecavix.com\/ro\/wp-json\/wp\/v2\/product"}],"about":[{"href":"https:\/\/ecavix.com\/ro\/wp-json\/wp\/v2\/types\/product"}],"replies":[{"embeddable":true,"href":"https:\/\/ecavix.com\/ro\/wp-json\/wp\/v2\/comments?post=2317"}],"wp:featuredmedia":[{"embeddable":true,"href":"https:\/\/ecavix.com\/ro\/wp-json\/wp\/v2\/media\/2320"}],"wp:attachment":[{"href":"https:\/\/ecavix.com\/ro\/wp-json\/wp\/v2\/media?parent=2317"}],"wp:term":[{"taxonomy":"product_brand","embeddable":true,"href":"https:\/\/ecavix.com\/ro\/wp-json\/wp\/v2\/product_brand?post=2317"},{"taxonomy":"product_cat","embeddable":true,"href":"https:\/\/ecavix.com\/ro\/wp-json\/wp\/v2\/product_cat?post=2317"},{"taxonomy":"product_tag","embeddable":true,"href":"https:\/\/ecavix.com\/ro\/wp-json\/wp\/v2\/product_tag?post=2317"}],"curies":[{"name":"wp","href":"https:\/\/api.w.org\/{rel}","templated":true}]}}