{"id":2316,"date":"2025-07-18T02:55:09","date_gmt":"2025-07-18T02:55:09","guid":{"rendered":"https:\/\/ecavix.com\/?post_type=product&#038;p=2316"},"modified":"2025-07-18T02:56:22","modified_gmt":"2025-07-18T02:56:22","slug":"acumulator-litiu-ion-reincarcabil-18650-12v-20ah-20000mah-cu-bms","status":"publish","type":"product","link":"https:\/\/ecavix.com\/ro\/product\/rechargeable-18650-12v-20ah-20000mah-lithium-ion-battery-pack-with-bms\/","title":{"rendered":"Acumulator litiu-ion re\u00eenc\u0103rcabil 18650 12V 20ah 20000mAh cu BMS"},"content":{"rendered":"<br \/>\n<h1>Baterie litiu-ion re\u00eenc\u0103rcabil\u0103 18650 12V 20Ah cu BMS<\/h1>\n<h2>Prezentare general\u0103 a produsului<\/h2>\n<table>\n<tr>\n<th>Tensiune nominal\u0103<\/th>\n<td>12V<\/td>\n<\/tr>\n<tr>\n<th>Tensiunea de lucru<\/th>\n<td>12.6V - 9V<\/td>\n<\/tr>\n<tr>\n<th>Capacitate nominal\u0103<\/th>\n<td>20Ah (minim 20Ah)<\/td>\n<\/tr>\n<tr>\n<th>Tensiunea maxim\u0103 de oprire a \u00eenc\u0103rc\u0103rii<\/th>\n<td>12.6V<\/td>\n<\/tr>\n<tr>\n<th>Tensiunea minim\u0103 de oprire a desc\u0103rc\u0103rii<\/th>\n<td>12.6V<\/td>\n<\/tr>\n<tr>\n<th>Curent de \u00eenc\u0103rcare constant maxim<\/th>\n<td>13,2 A<\/td>\n<\/tr>\n<tr>\n<th>Curent de desc\u0103rcare constant maxim<\/th>\n<td>13,2 A<\/td>\n<\/tr>\n<tr>\n<th>Temperatura de \u00eenc\u0103rcare<\/th>\n<td>0\u00baC ~ 45\u00baC<\/td>\n<\/tr>\n<tr>\n<th>Temperatura de desc\u0103rcare<\/th>\n<td>-20\u00baC ~ +60\u00baC<\/td>\n<\/tr>\n<tr>\n<th>Temperatura de depozitare<\/th>\n<td>-20\u00baC ~ +45\u00baC (1 lun\u0103), -20\u00baC ~ +35\u00baC (6 luni)<\/td>\n<\/tr>\n<tr>\n<th>Greutate<\/th>\n<td>6.5KG<\/td>\n<\/tr>\n<tr>\n<th>Tensiune de stocare<\/th>\n<td>12,0 V \u2013 12,6 V<\/td>\n<\/tr>\n<tr>\n<th>Dimensiune<\/th>\n<td>25 x 60 x 285 mm (personalizabil)<\/td>\n<\/tr>\n<tr>\n<th>Mod de conectare<\/th>\n<td>Conexiune \u00een serie<\/td>\n<\/tr>\n<tr>\n<th>Re\u00eenc\u0103rcabil\u0103<\/th>\n<td>Da<\/td>\n<\/tr>\n<tr>\n<th>Rata de desc\u0103rcare<\/th>\n<td>Rat\u0103 medie de desc\u0103rcare<\/td>\n<\/tr>\n<tr>\n<th>Tip accesorii<\/th>\n<td>Baterie<\/td>\n<\/tr>\n<\/table>\n<h2>Caracteristici principale<\/h2>\n<div class=\"features-grid\">\n<div class=\"feature-box\">\n      <strong>Ciclu de via\u021b\u0103 lung<\/strong><br \/>\n      Mai mult de 500 de cicluri de \u00eenc\u0103rcare\/desc\u0103rcare pentru durabilitate \u0219i fiabilitate.\n    <\/div>\n<div class=\"feature-box\">\n      <strong>Densitatea energiei<\/strong><br \/>\n      Densitate energetic\u0103 ridicat\u0103 per volum, oferind mai mult\u0103 putere \u00eentr-un design compact.\n    <\/div>\n<div class=\"feature-box\">\n      <strong>Sistem BMS stabil<\/strong><br \/>\n      Include protec\u021bie la scurtcircuit, protec\u021bie la supra\u00eenc\u0103rcare, protec\u021bie la supradesc\u0103rcare \u0219i protec\u021bie la supracurent.\n    <\/div>\n<div class=\"feature-box\">\n      <strong>Temperatur\u0103 de func\u021bionare larg\u0103<\/strong><br \/>\n      Poate fi utilizat \u00eentr-o varietate de condi\u021bii de temperatur\u0103, de la -20\u00baC la +60\u00baC pentru desc\u0103rcare.\n    <\/div>\n<div class=\"feature-box\">\n      <strong>Greutate redus\u0103<\/strong><br \/>\n      Bateria polimer litiu-ion este u\u0219oar\u0103, ceea ce o face ideal\u0103 pentru aplica\u021bii mobile.\n    <\/div>\n<div class=\"feature-box\">\n      <strong>F\u0103r\u0103 efect de memorie<\/strong><br \/>\n      Bateria nu sufer\u0103 de efectul de memorie, asigur\u00e2nd o performan\u021b\u0103 constant\u0103.\n    <\/div>\n<\/p><\/div>\n<h2>Aplica\u021bii<\/h2>\n<ul>\n<li>Lumini LED<\/li>\n<li>Lumini Miner<\/li>\n<li>Faruri<\/li>\n<li>Lumini solare<\/li>\n<li>Aplica\u021bii de tensiune continu\u0103 (DV)<\/li>\n<\/ul>\n<h2>De ce s\u0103 alege\u021bi pachetul nostru de baterii litiu 18650 12V 20Ah?<\/h2>\n<ul>\n<li>Densitate energetic\u0103 ridicat\u0103 \u0219i durat\u0103 lung\u0103 de via\u021b\u0103<\/li>\n<li>Performan\u021b\u0103 fiabil\u0103 cu caracteristici de siguran\u021b\u0103 integrate<\/li>\n<li>Versatil pentru o gam\u0103 larg\u0103 de aplica\u021bii<\/li>\n<li>Design u\u0219or \u0219i compact<\/li>\n<li>Eco-friendly f\u0103r\u0103 efect de memorie<\/li>\n<li>Certific\u0103ri globale care asigur\u0103 calitatea \u0219i siguran\u021ba<\/li>\n<\/ul>\n<h2>Ambalare \u0219i expediere<\/h2>\n<p>Oferim op\u021biuni de ambalare standard sau personalizate. Bateria este ambalat\u0103 \u00een siguran\u021b\u0103 pentru a preveni deteriorarea \u00een timpul transportului.<\/p>\n<h3>Metode de expediere<\/h3>\n<ul>\n<li>Comenzi de mostre: Livrare prin UPS, DHL sau FedEx (serviciu de la u\u0219\u0103 la u\u0219\u0103)<\/li>\n<li>Comenzi \u00een vrac: Livrare pe mare (timp de livrare: 30-45 zile)<\/li>\n<\/ul>","protected":false},"excerpt":{"rendered":"<p>Baterie litiu-ion re\u00eenc\u0103rcabil\u0103 de 12V 20Ah cu BMS, care asigur\u0103 o durat\u0103 lung\u0103 de via\u021b\u0103 a ciclului, o densitate energetic\u0103 ridicat\u0103 \u0219i caracteristici de siguran\u021b\u0103 precum protec\u021bia la supra\u00eenc\u0103rcare \u0219i scurtcircuit. Utilizat pe scar\u0103 larg\u0103 \u00een lumini solare, lumini LED \u0219i multe altele.<\/p>","protected":false},"featured_media":2313,"comment_status":"open","ping_status":"closed","template":"","meta":{"_uag_custom_page_level_css":"","neve_meta_sidebar":"","neve_meta_container":"","neve_meta_enable_content_width":"off","neve_meta_content_width":100,"neve_meta_title_alignment":"","neve_meta_author_avatar":"","neve_post_elements_order":"","neve_meta_disable_header":"","neve_meta_disable_footer":"","neve_meta_disable_title":""},"product_brand":[],"product_cat":[53,43,55],"product_tag":[],"class_list":{"0":"post-2316","1":"product","2":"type-product","3":"status-publish","4":"has-post-thumbnail","6":"product_cat-low-speed-electric-vehicle-battery","7":"product_cat-power-battery","8":"product_cat-scooter-battery","10":"first","11":"instock","12":"shipping-taxable","13":"product-type-simple"},"uagb_featured_image_src":{"full":["https:\/\/ecavix.com\/wp-content\/uploads\/2025\/07\/Wholesale-Li-ion-12V-20ah-Lithium-Ion-Battery-Pack-for-Electric-Bike0-800-800.webp",550,550,false],"thumbnail":["https:\/\/ecavix.com\/wp-content\/uploads\/2025\/07\/Wholesale-Li-ion-12V-20ah-Lithium-Ion-Battery-Pack-for-Electric-Bike0-800-800-150x150.webp",150,150,true],"medium":["https:\/\/ecavix.com\/wp-content\/uploads\/2025\/07\/Wholesale-Li-ion-12V-20ah-Lithium-Ion-Battery-Pack-for-Electric-Bike0-800-800-300x300.webp",300,300,true],"medium_large":["https:\/\/ecavix.com\/wp-content\/uploads\/2025\/07\/Wholesale-Li-ion-12V-20ah-Lithium-Ion-Battery-Pack-for-Electric-Bike0-800-800.webp",550,550,false],"large":["https:\/\/ecavix.com\/wp-content\/uploads\/2025\/07\/Wholesale-Li-ion-12V-20ah-Lithium-Ion-Battery-Pack-for-Electric-Bike0-800-800.webp",550,550,false],"1536x1536":["https:\/\/ecavix.com\/wp-content\/uploads\/2025\/07\/Wholesale-Li-ion-12V-20ah-Lithium-Ion-Battery-Pack-for-Electric-Bike0-800-800.webp",550,550,false],"2048x2048":["https:\/\/ecavix.com\/wp-content\/uploads\/2025\/07\/Wholesale-Li-ion-12V-20ah-Lithium-Ion-Battery-Pack-for-Electric-Bike0-800-800.webp",550,550,false],"trp-custom-language-flag":["https:\/\/ecavix.com\/wp-content\/uploads\/2025\/07\/Wholesale-Li-ion-12V-20ah-Lithium-Ion-Battery-Pack-for-Electric-Bike0-800-800.webp",12,12,false],"neve-blog":["https:\/\/ecavix.com\/wp-content\/uploads\/2025\/07\/Wholesale-Li-ion-12V-20ah-Lithium-Ion-Battery-Pack-for-Electric-Bike0-800-800.webp",550,550,false],"woocommerce_thumbnail":["https:\/\/ecavix.com\/wp-content\/uploads\/2025\/07\/Wholesale-Li-ion-12V-20ah-Lithium-Ion-Battery-Pack-for-Electric-Bike0-800-800-300x300.webp",300,300,true],"woocommerce_single":["https:\/\/ecavix.com\/wp-content\/uploads\/2025\/07\/Wholesale-Li-ion-12V-20ah-Lithium-Ion-Battery-Pack-for-Electric-Bike0-800-800.webp",550,550,false],"woocommerce_gallery_thumbnail":["https:\/\/ecavix.com\/wp-content\/uploads\/2025\/07\/Wholesale-Li-ion-12V-20ah-Lithium-Ion-Battery-Pack-for-Electric-Bike0-800-800-100x100.webp",100,100,true]},"uagb_author_info":{"display_name":"solvitaenergylimited@gmail.com","author_link":"https:\/\/ecavix.com\/ro\/author\/"},"uagb_comment_info":0,"uagb_excerpt":"12V 20Ah rechargeable lithium ion battery pack with BMS, providing long cycle life, high energy density, and safety features like overcharge and short-circuit protection. Widely used in solar lights, LED lights, and more.","_links":{"self":[{"href":"https:\/\/ecavix.com\/ro\/wp-json\/wp\/v2\/product\/2316","targetHints":{"allow":["GET"]}}],"collection":[{"href":"https:\/\/ecavix.com\/ro\/wp-json\/wp\/v2\/product"}],"about":[{"href":"https:\/\/ecavix.com\/ro\/wp-json\/wp\/v2\/types\/product"}],"replies":[{"embeddable":true,"href":"https:\/\/ecavix.com\/ro\/wp-json\/wp\/v2\/comments?post=2316"}],"wp:featuredmedia":[{"embeddable":true,"href":"https:\/\/ecavix.com\/ro\/wp-json\/wp\/v2\/media\/2313"}],"wp:attachment":[{"href":"https:\/\/ecavix.com\/ro\/wp-json\/wp\/v2\/media?parent=2316"}],"wp:term":[{"taxonomy":"product_brand","embeddable":true,"href":"https:\/\/ecavix.com\/ro\/wp-json\/wp\/v2\/product_brand?post=2316"},{"taxonomy":"product_cat","embeddable":true,"href":"https:\/\/ecavix.com\/ro\/wp-json\/wp\/v2\/product_cat?post=2316"},{"taxonomy":"product_tag","embeddable":true,"href":"https:\/\/ecavix.com\/ro\/wp-json\/wp\/v2\/product_tag?post=2316"}],"curies":[{"name":"wp","href":"https:\/\/api.w.org\/{rel}","templated":true}]}}