{"id":2312,"date":"2025-07-18T02:47:58","date_gmt":"2025-07-18T02:47:58","guid":{"rendered":"https:\/\/ecavix.com\/?post_type=product&#038;p=2312"},"modified":"2025-07-18T02:47:58","modified_gmt":"2025-07-18T02:47:58","slug":"baterie-litiu-ion-12v-20ah-pentru-biciclete-electrice","status":"publish","type":"product","link":"https:\/\/ecavix.com\/ro\/product\/wholesale-li-ion-12v-20ah-lithium-ion-battery-pack-for-electric-bike\/","title":{"rendered":"Cu ridicata Li-ion 12V 20ah Litiu Ion Baterie Pack pentru biciclete electrice"},"content":{"rendered":"<br \/>\n<h1>Baterie litiu-ion 12V 20Ah pentru biciclet\u0103 electric\u0103<\/h1>\n<h2>Prezentare general\u0103 a produsului<\/h2>\n<table>\n<tr>\n<th>Tensiune nominal\u0103<\/th>\n<td>12V<\/td>\n<\/tr>\n<tr>\n<th>Capacitate nominal\u0103<\/th>\n<td>20 Ah (minim 20 Ah, tipic 20 Ah)<\/td>\n<\/tr>\n<tr>\n<th>Tensiune maxim\u0103 de \u00eenc\u0103rcare<\/th>\n<td>12.6V<\/td>\n<\/tr>\n<tr>\n<th>Tensiune minim\u0103 de desc\u0103rcare<\/th>\n<td>12.6V<\/td>\n<\/tr>\n<tr>\n<th>Curent maxim de \u00eenc\u0103rcare<\/th>\n<td>13,2 A<\/td>\n<\/tr>\n<tr>\n<th>Curent maxim de desc\u0103rcare<\/th>\n<td>13,2 A<\/td>\n<\/tr>\n<tr>\n<th>Temperatura de lucru<\/th>\n<td>\n      \u00cenc\u0103rcare: 0 \u00b0C ~ 45 \u00b0C<br \/>\n      Desc\u0103rcare: -20 \u00b0C ~ 60 \u00b0C\n    <\/td>\n<\/tr>\n<tr>\n<th>Temperatura de depozitare<\/th>\n<td>-20 \u00b0C ~ 45 \u00b0C (\u00een termen de 1 lun\u0103)<br \/>-20 \u00b0C ~ 35 \u00b0C (\u00een termen de 6 luni)<\/td>\n<\/tr>\n<tr>\n<th>Greutate<\/th>\n<td>6,5 kg<\/td>\n<\/tr>\n<tr>\n<th>Tensiune de stocare<\/th>\n<td>12,0 V \u2013 12,6 V<\/td>\n<\/tr>\n<tr>\n<th>Dimensiuni<\/th>\n<td>25 x 60 x 285 mm (personalizabil)<\/td>\n<\/tr>\n<tr>\n<th>Tip<\/th>\n<td>Baterie litiu-ion polimer<\/td>\n<\/tr>\n<tr>\n<th>Mod de conectare<\/th>\n<td>Conexiune \u00een serie<\/td>\n<\/tr>\n<tr>\n<th>Rata de desc\u0103rcare<\/th>\n<td>Rat\u0103 medie de desc\u0103rcare<\/td>\n<\/tr>\n<\/table>\n<h2>Caracteristici principale<\/h2>\n<div class=\"features-grid\">\n<div class=\"feature-box\">\n      <strong>Ciclu de via\u021b\u0103 lung<\/strong><br \/>\n      Aceast\u0103 baterie ofer\u0103 peste 500 de cicluri de \u00eenc\u0103rcare\/desc\u0103rcare, fiind solu\u021bia ideal\u0103 pentru utilizarea pe termen lung \u00een vehiculele electrice.\n    <\/div>\n<div class=\"feature-box\">\n      <strong>Sistem BMS stabil<\/strong><br \/>\n      Echipat cu un sistem de gestionare a bateriei (BMS) care ofer\u0103 protec\u021bie \u00eempotriva scurtcircuitelor, protec\u021bie \u00eempotriva supra\u00eenc\u0103rc\u0103rii, protec\u021bie \u00eempotriva desc\u0103rc\u0103rii excesive \u0219i protec\u021bie \u00eempotriva supracurentului.\n    <\/div>\n<div class=\"feature-box\">\n      <strong>Densitate energetic\u0103 ridicat\u0103<\/strong><br \/>\n      Bateria are o densitate energetic\u0103 ridicat\u0103 pe volum, asigur\u00e2nd utilizarea eficient\u0103 a spa\u021biului \u0219i a energiei \u00een diverse aplica\u021bii.\n    <\/div>\n<div class=\"feature-box\">\n      <strong>Gam\u0103 larg\u0103 de temperaturi<\/strong><br \/>\n      Bateria func\u021bioneaz\u0103 eficient \u00een diverse condi\u021bii de temperatur\u0103, cu un interval larg de temperaturi de \u00eenc\u0103rcare \u0219i desc\u0103rcare.\n    <\/div>\n<div class=\"feature-box\">\n      <strong>Greutate redus\u0103<\/strong><br \/>\n      Datorit\u0103 tehnologiei litiu-polimer, aceast\u0103 baterie este u\u0219oar\u0103, ceea ce o face u\u0219or de integrat \u00een designul vehiculelor electrice compacte.\n    <\/div>\n<div class=\"feature-box\">\n      <strong>Ecologic<\/strong><br \/>\n      F\u0103r\u0103 efect de memorie, f\u0103r\u0103 \u00eentre\u021binere \u0219i f\u0103r\u0103 acid sau ap\u0103 pentru \u00eentre\u021binere \u00een timpul utiliz\u0103rii.\n    <\/div>\n<\/p><\/div>\n<h2>Aplica\u021bii principale<\/h2>\n<ul>\n<li>Biciclete electrice<\/li>\n<li>Vehicule electrice<\/li>\n<li>Sisteme de iluminat solar<\/li>\n<li>L\u0103mpi LED, l\u0103mpi pentru minerit \u0219i faruri<\/li>\n<li>Unelte electrice<\/li>\n<li>Sisteme de energie solar\u0103<\/li>\n<\/ul>\n<h2>De ce s\u0103 alege\u021bi pachetul nostru de baterii litiu-ion de 12 V \u0219i 20 Ah?<\/h2>\n<ul>\n<li>Ciclu de via\u021b\u0103 lung, cu peste 500 de cicluri de \u00eenc\u0103rcare\/desc\u0103rcare.<\/li>\n<li>Densitate energetic\u0103 ridicat\u0103, asigur\u00e2nd stocarea eficient\u0103 a energiei.<\/li>\n<li>Sistem BMS stabil pentru func\u021bionare fiabil\u0103 \u0219i siguran\u021b\u0103.<\/li>\n<li>Interval larg de temperatur\u0103 de func\u021bionare, de la -20 \u00b0C la 60 \u00b0C.<\/li>\n<li>U\u0219or \u0219i compact, perfect pentru vehicule electrice \u0219i alte aplica\u021bii.<\/li>\n<li>Ecologic, f\u0103r\u0103 \u00eentre\u021binere \u0219i f\u0103r\u0103 necesit\u0103\u021bi de acid\/ap\u0103.<\/li>\n<\/ul>\n<h2>Ambalare \u0219i expediere<\/h2>\n<p>Bateria este ambalat\u0103 \u00een siguran\u021b\u0103 \u00eentr-un ambalaj standard sau personalizat, asigur\u00e2nd siguran\u021ba \u00een timpul transportului.<\/p>\n<h3>Metode de expediere<\/h3>\n<ul>\n<li>Comenzi de mostre: Livrare prin UPS, DHL sau FedEx (serviciu de la u\u0219\u0103 la u\u0219\u0103)<\/li>\n<li>Comenzi \u00een vrac: Livrare pe mare (timp de livrare: 30-45 zile)<\/li>\n<\/ul>","protected":false},"excerpt":{"rendered":"<p>Baterie litiu-ion de 12 V \u0219i 20 Ah pentru vehicule electrice, biciclete electrice \u0219i multe altele. Cu durat\u0103 de via\u021b\u0103 lung\u0103, energie puternic\u0103 \u0219i sistem BMS stabil.<\/p>","protected":false},"featured_media":2314,"comment_status":"open","ping_status":"closed","template":"","meta":{"_uag_custom_page_level_css":"","neve_meta_sidebar":"","neve_meta_container":"","neve_meta_enable_content_width":"off","neve_meta_content_width":100,"neve_meta_title_alignment":"","neve_meta_author_avatar":"","neve_post_elements_order":"","neve_meta_disable_header":"","neve_meta_disable_footer":"","neve_meta_disable_title":""},"product_brand":[],"product_cat":[53,43,55],"product_tag":[],"class_list":{"0":"post-2312","1":"product","2":"type-product","3":"status-publish","4":"has-post-thumbnail","6":"product_cat-low-speed-electric-vehicle-battery","7":"product_cat-power-battery","8":"product_cat-scooter-battery","10":"first","11":"instock","12":"shipping-taxable","13":"product-type-simple"},"uagb_featured_image_src":{"full":["https:\/\/ecavix.com\/wp-content\/uploads\/2025\/07\/Wholesale-Li-ion-12V-20ah-Lithium-Ion-Battery-Pack-for-Electric-Bike5-800-800.webp",550,550,false],"thumbnail":["https:\/\/ecavix.com\/wp-content\/uploads\/2025\/07\/Wholesale-Li-ion-12V-20ah-Lithium-Ion-Battery-Pack-for-Electric-Bike5-800-800-150x150.webp",150,150,true],"medium":["https:\/\/ecavix.com\/wp-content\/uploads\/2025\/07\/Wholesale-Li-ion-12V-20ah-Lithium-Ion-Battery-Pack-for-Electric-Bike5-800-800-300x300.webp",300,300,true],"medium_large":["https:\/\/ecavix.com\/wp-content\/uploads\/2025\/07\/Wholesale-Li-ion-12V-20ah-Lithium-Ion-Battery-Pack-for-Electric-Bike5-800-800.webp",550,550,false],"large":["https:\/\/ecavix.com\/wp-content\/uploads\/2025\/07\/Wholesale-Li-ion-12V-20ah-Lithium-Ion-Battery-Pack-for-Electric-Bike5-800-800.webp",550,550,false],"1536x1536":["https:\/\/ecavix.com\/wp-content\/uploads\/2025\/07\/Wholesale-Li-ion-12V-20ah-Lithium-Ion-Battery-Pack-for-Electric-Bike5-800-800.webp",550,550,false],"2048x2048":["https:\/\/ecavix.com\/wp-content\/uploads\/2025\/07\/Wholesale-Li-ion-12V-20ah-Lithium-Ion-Battery-Pack-for-Electric-Bike5-800-800.webp",550,550,false],"trp-custom-language-flag":["https:\/\/ecavix.com\/wp-content\/uploads\/2025\/07\/Wholesale-Li-ion-12V-20ah-Lithium-Ion-Battery-Pack-for-Electric-Bike5-800-800.webp",12,12,false],"neve-blog":["https:\/\/ecavix.com\/wp-content\/uploads\/2025\/07\/Wholesale-Li-ion-12V-20ah-Lithium-Ion-Battery-Pack-for-Electric-Bike5-800-800.webp",550,550,false],"woocommerce_thumbnail":["https:\/\/ecavix.com\/wp-content\/uploads\/2025\/07\/Wholesale-Li-ion-12V-20ah-Lithium-Ion-Battery-Pack-for-Electric-Bike5-800-800-300x300.webp",300,300,true],"woocommerce_single":["https:\/\/ecavix.com\/wp-content\/uploads\/2025\/07\/Wholesale-Li-ion-12V-20ah-Lithium-Ion-Battery-Pack-for-Electric-Bike5-800-800.webp",550,550,false],"woocommerce_gallery_thumbnail":["https:\/\/ecavix.com\/wp-content\/uploads\/2025\/07\/Wholesale-Li-ion-12V-20ah-Lithium-Ion-Battery-Pack-for-Electric-Bike5-800-800-100x100.webp",100,100,true]},"uagb_author_info":{"display_name":"solvitaenergylimited@gmail.com","author_link":"https:\/\/ecavix.com\/ro\/author\/"},"uagb_comment_info":0,"uagb_excerpt":"Wholesale 12V 20Ah lithium ion battery pack for electric vehicles, electric bikes, and more. With long cycle life, powerful energy, and stable BMS system.","_links":{"self":[{"href":"https:\/\/ecavix.com\/ro\/wp-json\/wp\/v2\/product\/2312","targetHints":{"allow":["GET"]}}],"collection":[{"href":"https:\/\/ecavix.com\/ro\/wp-json\/wp\/v2\/product"}],"about":[{"href":"https:\/\/ecavix.com\/ro\/wp-json\/wp\/v2\/types\/product"}],"replies":[{"embeddable":true,"href":"https:\/\/ecavix.com\/ro\/wp-json\/wp\/v2\/comments?post=2312"}],"wp:featuredmedia":[{"embeddable":true,"href":"https:\/\/ecavix.com\/ro\/wp-json\/wp\/v2\/media\/2314"}],"wp:attachment":[{"href":"https:\/\/ecavix.com\/ro\/wp-json\/wp\/v2\/media?parent=2312"}],"wp:term":[{"taxonomy":"product_brand","embeddable":true,"href":"https:\/\/ecavix.com\/ro\/wp-json\/wp\/v2\/product_brand?post=2312"},{"taxonomy":"product_cat","embeddable":true,"href":"https:\/\/ecavix.com\/ro\/wp-json\/wp\/v2\/product_cat?post=2312"},{"taxonomy":"product_tag","embeddable":true,"href":"https:\/\/ecavix.com\/ro\/wp-json\/wp\/v2\/product_tag?post=2312"}],"curies":[{"name":"wp","href":"https:\/\/api.w.org\/{rel}","templated":true}]}}