{"id":2305,"date":"2025-07-18T02:41:49","date_gmt":"2025-07-18T02:41:49","guid":{"rendered":"https:\/\/ecavix.com\/?post_type=product&#038;p=2305"},"modified":"2025-07-18T02:43:53","modified_gmt":"2025-07-18T02:43:53","slug":"oem-lipo-12v-20ah-30ah-40ah-pachet-de-baterii-litiu-ion-de-stocare-pentru-baterii-de-bicicleta-cu-lampa-solara","status":"publish","type":"product","link":"https:\/\/ecavix.com\/ro\/product\/oem-lipo-12v-20ah-30ah-40ah-storage-lithium-ion-battery-pack-for-solar-lamp-bicycle-batteries\/","title":{"rendered":"OEM Lipo 12V 20ah \/30ah\/40ah Pachet de baterii litiu-ion de stocare pentru baterii solare pentru l\u0103mpi de biciclet\u0103"},"content":{"rendered":"<br \/>\n<h1>OEM Lipo 12V 20ah \/30ah\/40ah Pachet de baterii litiu-ion de stocare pentru baterii solare pentru l\u0103mpi de biciclet\u0103<\/h1>\n<h2>Prezentare general\u0103 a produsului<\/h2>\n<table>\n<tr>\n<th>Tensiune nominal\u0103<\/th>\n<td>12V<\/td>\n<\/tr>\n<tr>\n<th>Capacitate nominal\u0103<\/th>\n<td>20 Ah \/ 30 Ah \/ 40 Ah (personalizabil)<\/td>\n<\/tr>\n<tr>\n<th>Tensiune de \u00eenc\u0103rcare<\/th>\n<td>12.6V<\/td>\n<\/tr>\n<tr>\n<th>Tensiunea de deconectare a desc\u0103rc\u0103rii<\/th>\n<td>8.25V<\/td>\n<\/tr>\n<tr>\n<th>Curent maxim de \u00eenc\u0103rcare<\/th>\n<td>4A<\/td>\n<\/tr>\n<tr>\n<th>Curent de desc\u0103rcare continu\u0103<\/th>\n<td>20A<\/td>\n<\/tr>\n<tr>\n<th>Curent maxim de impuls<\/th>\n<td>60A<\/td>\n<\/tr>\n<tr>\n<th>Ciclul de via\u021b\u0103<\/th>\n<td>Peste 800 de cicluri<\/td>\n<\/tr>\n<tr>\n<th>Metoda de \u00eenc\u0103rcare<\/th>\n<td>CC\/CV (curent constant \/ tensiune constant\u0103)<\/td>\n<\/tr>\n<tr>\n<th>Temperatura de func\u021bionare<\/th>\n<td>\n      \u00cenc\u0103rcare: 0 \u00b0C ~ 60 \u00b0C<br \/>\n      Desc\u0103rcare: -20 \u00b0C ~ +75 \u00b0C<br \/>\n      Depozitare: -20 \u00b0C ~ +45 \u00b0C\n    <\/td>\n<\/tr>\n<tr>\n<th>Greutate<\/th>\n<td>Aproximativ 50 g (per celul\u0103)<\/td>\n<\/tr>\n<tr>\n<th>Dimensiunile celulei<\/th>\n<td>Diametru: 18,3 \u00b1 0,2 mm, \u00cen\u0103l\u021bime: 65,0 \u00b1 0,2 mm<\/td>\n<\/tr>\n<tr>\n<th>Tip baterie<\/th>\n<td>Polimer Li-ion<\/td>\n<\/tr>\n<tr>\n<th>Reciclabile<\/th>\n<td>Da<\/td>\n<\/tr>\n<tr>\n<th>Certific\u0103ri<\/th>\n<td>CE, RoHS, FCC, SGS<\/td>\n<\/tr>\n<\/table>\n<h2>Caracteristici principale<\/h2>\n<div class=\"features-grid\">\n<div class=\"feature-box\">\n      <strong>Curent de desc\u0103rcare ridicat<\/strong><br \/>\n      Cu un curent pulsat de p\u00e2n\u0103 la 60 A, bateria este ideal\u0103 pentru aplica\u021bii de mare putere, precum scuterele electrice \u0219i motocicletele.\n    <\/div>\n<div class=\"feature-box\">\n      <strong>Ciclu de via\u021b\u0103 lung<\/strong><br \/>\n      Conceput pentru a rezista la peste 800 de cicluri de \u00eenc\u0103rcare\/desc\u0103rcare, oferind performan\u021be fiabile timp de ani de zile.\n    <\/div>\n<div class=\"feature-box\">\n      <strong>Temperatur\u0103 de func\u021bionare larg\u0103<\/strong><br \/>\n      Func\u021bionare eficient\u0103 \u00eentre -20 \u00b0C \u0219i +75 \u00b0C, adecvat\u0103 pentru o varietate de condi\u021bii de mediu.\n    <\/div>\n<div class=\"feature-box\">\n      <strong>Ecologic<\/strong><br \/>\n      Bateria este fabricat\u0103 din materiale reciclabile \u0219i este certificat\u0103 pentru siguran\u021ba mediului.\n    <\/div>\n<div class=\"feature-box\">\n      <strong>\u00cenc\u0103rcare rapid\u0103<\/strong><br \/>\n      Capacitate de \u00eenc\u0103rcare rapid\u0103, \u00eenc\u0103rcare complet\u0103 \u00een aproximativ 2,5 ore.\n    <\/div>\n<div class=\"feature-box\">\n      <strong>Caracteristici de siguran\u021b\u0103 integrate<\/strong><br \/>\n      Include protec\u021bie \u00eempotriva supra\u00eenc\u0103rc\u0103rii, desc\u0103rc\u0103rii \u0219i scurtcircuitului pentru siguran\u021b\u0103 sporit\u0103.\n    <\/div>\n<\/p><\/div>\n<h2>Aplica\u021bii principale<\/h2>\n<ul>\n<li>L\u0103mpi solare<\/li>\n<li>Biciclete electrice<\/li>\n<li>Trotinete electrice<\/li>\n<li>Motociclete electrice<\/li>\n<li>Alte vehicule electrice<\/li>\n<\/ul>\n<h2>De ce s\u0103 alege\u021bi pachetul nostru de baterii Li-ion polimer de 12 V?<\/h2>\n<ul>\n<li>Capacit\u0103\u021bi personalizabile (20 Ah, 30 Ah, 40 Ah) pentru a se adapta diferitelor nevoi<\/li>\n<li>Capacitate mare de curent pulsat pentru aplica\u021bii de mare putere<\/li>\n<li>Durat\u0103 lung\u0103 de via\u021b\u0103, cu peste 800 de cicluri de \u00eenc\u0103rcare<\/li>\n<li>Ecologic \u0219i sigur, cu func\u021bii de protec\u021bie integrate<\/li>\n<li>Interval larg de temperatur\u0103 pentru utilizare versatil\u0103<\/li>\n<\/ul>\n<h2>Ambalare \u0219i expediere<\/h2>\n<p>Bateria este ambalat\u0103 \u00eentr-o cutie standard de export pentru a asigura siguran\u021ba \u00een timpul transportului. Op\u021biuni de ambalare personalizate sunt disponibile la cerere.<\/p>\n<h3>Metode de expediere<\/h3>\n<ul>\n<li>Comenzi de mostre: Livrare prin UPS, DHL sau FedEx (serviciu de la u\u0219\u0103 la u\u0219\u0103)<\/li>\n<li>Comenzi \u00een vrac: Livrare pe mare (timp de livrare: 30-45 zile)<\/li>\n<\/ul>","protected":false},"excerpt":{"rendered":"<p>Baterie polimer Li-ion de 12 V personalizabil\u0103 pentru l\u0103mpi solare, biciclete electrice, scutere \u0219i motociclete, cu curent de desc\u0103rcare ridicat, durat\u0103 de via\u021b\u0103 lung\u0103 \u0219i interval larg de temperaturi de func\u021bionare. Certificat\u0103 CE, RoHS \u0219i FCC.<\/p>","protected":false},"featured_media":2309,"comment_status":"open","ping_status":"closed","template":"","meta":{"_uag_custom_page_level_css":"","neve_meta_sidebar":"","neve_meta_container":"","neve_meta_enable_content_width":"off","neve_meta_content_width":100,"neve_meta_title_alignment":"","neve_meta_author_avatar":"","neve_post_elements_order":"","neve_meta_disable_header":"","neve_meta_disable_footer":"","neve_meta_disable_title":""},"product_brand":[],"product_cat":[53,43,55],"product_tag":[],"class_list":{"0":"post-2305","1":"product","2":"type-product","3":"status-publish","4":"has-post-thumbnail","6":"product_cat-low-speed-electric-vehicle-battery","7":"product_cat-power-battery","8":"product_cat-scooter-battery","10":"first","11":"instock","12":"shipping-taxable","13":"product-type-simple"},"uagb_featured_image_src":{"full":["https:\/\/ecavix.com\/wp-content\/uploads\/2025\/07\/OEM-Lipo-12V-20ah-30ah-40ah-Storage-Lithium-Ion-Battery-Pack-for-Solar-Lamp-Bicycle-Batteries4-800-800.webp",550,550,false],"thumbnail":["https:\/\/ecavix.com\/wp-content\/uploads\/2025\/07\/OEM-Lipo-12V-20ah-30ah-40ah-Storage-Lithium-Ion-Battery-Pack-for-Solar-Lamp-Bicycle-Batteries4-800-800-150x150.webp",150,150,true],"medium":["https:\/\/ecavix.com\/wp-content\/uploads\/2025\/07\/OEM-Lipo-12V-20ah-30ah-40ah-Storage-Lithium-Ion-Battery-Pack-for-Solar-Lamp-Bicycle-Batteries4-800-800-300x300.webp",300,300,true],"medium_large":["https:\/\/ecavix.com\/wp-content\/uploads\/2025\/07\/OEM-Lipo-12V-20ah-30ah-40ah-Storage-Lithium-Ion-Battery-Pack-for-Solar-Lamp-Bicycle-Batteries4-800-800.webp",550,550,false],"large":["https:\/\/ecavix.com\/wp-content\/uploads\/2025\/07\/OEM-Lipo-12V-20ah-30ah-40ah-Storage-Lithium-Ion-Battery-Pack-for-Solar-Lamp-Bicycle-Batteries4-800-800.webp",550,550,false],"1536x1536":["https:\/\/ecavix.com\/wp-content\/uploads\/2025\/07\/OEM-Lipo-12V-20ah-30ah-40ah-Storage-Lithium-Ion-Battery-Pack-for-Solar-Lamp-Bicycle-Batteries4-800-800.webp",550,550,false],"2048x2048":["https:\/\/ecavix.com\/wp-content\/uploads\/2025\/07\/OEM-Lipo-12V-20ah-30ah-40ah-Storage-Lithium-Ion-Battery-Pack-for-Solar-Lamp-Bicycle-Batteries4-800-800.webp",550,550,false],"trp-custom-language-flag":["https:\/\/ecavix.com\/wp-content\/uploads\/2025\/07\/OEM-Lipo-12V-20ah-30ah-40ah-Storage-Lithium-Ion-Battery-Pack-for-Solar-Lamp-Bicycle-Batteries4-800-800.webp",12,12,false],"neve-blog":["https:\/\/ecavix.com\/wp-content\/uploads\/2025\/07\/OEM-Lipo-12V-20ah-30ah-40ah-Storage-Lithium-Ion-Battery-Pack-for-Solar-Lamp-Bicycle-Batteries4-800-800.webp",550,550,false],"woocommerce_thumbnail":["https:\/\/ecavix.com\/wp-content\/uploads\/2025\/07\/OEM-Lipo-12V-20ah-30ah-40ah-Storage-Lithium-Ion-Battery-Pack-for-Solar-Lamp-Bicycle-Batteries4-800-800-300x300.webp",300,300,true],"woocommerce_single":["https:\/\/ecavix.com\/wp-content\/uploads\/2025\/07\/OEM-Lipo-12V-20ah-30ah-40ah-Storage-Lithium-Ion-Battery-Pack-for-Solar-Lamp-Bicycle-Batteries4-800-800.webp",550,550,false],"woocommerce_gallery_thumbnail":["https:\/\/ecavix.com\/wp-content\/uploads\/2025\/07\/OEM-Lipo-12V-20ah-30ah-40ah-Storage-Lithium-Ion-Battery-Pack-for-Solar-Lamp-Bicycle-Batteries4-800-800-100x100.webp",100,100,true]},"uagb_author_info":{"display_name":"solvitaenergylimited@gmail.com","author_link":"https:\/\/ecavix.com\/ro\/author\/"},"uagb_comment_info":0,"uagb_excerpt":"Customizable 12V Li-ion polymer battery pack for solar lamps, electric bikes, scooters, and motorcycles with high discharge current, long cycle life, and wide operating temperature range. CE, RoHS, and FCC certified.","_links":{"self":[{"href":"https:\/\/ecavix.com\/ro\/wp-json\/wp\/v2\/product\/2305","targetHints":{"allow":["GET"]}}],"collection":[{"href":"https:\/\/ecavix.com\/ro\/wp-json\/wp\/v2\/product"}],"about":[{"href":"https:\/\/ecavix.com\/ro\/wp-json\/wp\/v2\/types\/product"}],"replies":[{"embeddable":true,"href":"https:\/\/ecavix.com\/ro\/wp-json\/wp\/v2\/comments?post=2305"}],"wp:featuredmedia":[{"embeddable":true,"href":"https:\/\/ecavix.com\/ro\/wp-json\/wp\/v2\/media\/2309"}],"wp:attachment":[{"href":"https:\/\/ecavix.com\/ro\/wp-json\/wp\/v2\/media?parent=2305"}],"wp:term":[{"taxonomy":"product_brand","embeddable":true,"href":"https:\/\/ecavix.com\/ro\/wp-json\/wp\/v2\/product_brand?post=2305"},{"taxonomy":"product_cat","embeddable":true,"href":"https:\/\/ecavix.com\/ro\/wp-json\/wp\/v2\/product_cat?post=2305"},{"taxonomy":"product_tag","embeddable":true,"href":"https:\/\/ecavix.com\/ro\/wp-json\/wp\/v2\/product_tag?post=2305"}],"curies":[{"name":"wp","href":"https:\/\/api.w.org\/{rel}","templated":true}]}}