{"id":2291,"date":"2025-07-18T02:21:05","date_gmt":"2025-07-18T02:21:05","guid":{"rendered":"https:\/\/ecavix.com\/?post_type=product&#038;p=2291"},"modified":"2025-07-18T02:23:15","modified_gmt":"2025-07-18T02:23:15","slug":"baterie-reincarcabila-puternica-60v-20ah-litiu-pentru-scuter-electric-1000w","status":"publish","type":"product","link":"https:\/\/ecavix.com\/ro\/product\/rechargeable-powerful-60v-20ah-lithium-battery-for-1000w-electric-scooter\/","title":{"rendered":"Baterie de litiu re\u00eenc\u0103rcabil\u0103 puternic\u0103 60V 20ah pentru scuter electric 1000W"},"content":{"rendered":"<br \/>\n<h1>Baterie litiu 60V 20Ah pentru scutere electrice<\/h1>\n<h2>Prezentare general\u0103 a produsului<\/h2>\n<table>\n<tr>\n<th>Tensiune nominal\u0103<\/th>\n<td>60V<\/td>\n<\/tr>\n<tr>\n<th>Tensiunea de lucru<\/th>\n<td>67,2 V - 44 V<\/td>\n<\/tr>\n<tr>\n<th>Capacitate nominal\u0103<\/th>\n<td>20Ah (Disponibil: 40Ah, 60Ah, 100Ah, etc.)<\/td>\n<\/tr>\n<tr>\n<th>Tensiunea de oprire a \u00eenc\u0103rc\u0103rii<\/th>\n<td>67.2V<\/td>\n<\/tr>\n<tr>\n<th>Curent de \u00eenc\u0103rcare<\/th>\n<td>0,2C max<\/td>\n<\/tr>\n<tr>\n<th>Metoda de \u00eenc\u0103rcare<\/th>\n<td>CC\/CV (curent constant \/ tensiune constant\u0103)<\/td>\n<\/tr>\n<tr>\n<th>Temperatura de \u00eenc\u0103rcare<\/th>\n<td>0\u00baC - 40\u00baC<\/td>\n<\/tr>\n<tr>\n<th>Temperatura de desc\u0103rcare<\/th>\n<td>-20\u00baC ~ +60\u00baC<\/td>\n<\/tr>\n<tr>\n<th>Durata \u00eenc\u0103rc\u0103rii<\/th>\n<td>4-5 ore (Standard)<\/td>\n<\/tr>\n<tr>\n<th>Ciclul de via\u021b\u0103<\/th>\n<td>Peste 500 de cicluri<\/td>\n<\/tr>\n<tr>\n<th>Greutate<\/th>\n<td>7,3 kg<\/td>\n<\/tr>\n<tr>\n<th>Dimensiune<\/th>\n<td>147 * 111 * 66 mm<\/td>\n<\/tr>\n<tr>\n<th>Tipul soclului<\/th>\n<td>SUA, Regatul Unit, UE, etc.<\/td>\n<\/tr>\n<tr>\n<th>Carcas\u0103 baterie<\/th>\n<td>Plastic<\/td>\n<\/tr>\n<tr>\n<th>Reciclabile<\/th>\n<td>Da<\/td>\n<\/tr>\n<tr>\n<th>Certific\u0103ri<\/th>\n<td>CE, RoHS, FCC<\/td>\n<\/tr>\n<\/table>\n<h2>Caracteristici principale<\/h2>\n<div class=\"features-grid\">\n<div class=\"feature-box\">\n      <strong>Eficien\u021b\u0103 ridicat\u0103<\/strong><br \/>\n      Cu o eficien\u021b\u0103 de func\u021bionare de \u226599%, aceast\u0103 baterie asigur\u0103 o pierdere minim\u0103 de energie \u00een timpul func\u021bion\u0103rii, oferind mai mult\u0103 putere pentru scuterul dvs. electric.\n    <\/div>\n<div class=\"feature-box\">\n      <strong>Ciclu de via\u021b\u0103 lung<\/strong><br \/>\n      Oferind peste 500 de cicluri de \u00eenc\u0103rcare\/desc\u0103rcare, aceast\u0103 baterie asigur\u0103 longevitate, fiind o alegere fiabil\u0103 pentru utilizarea pe termen lung.\n    <\/div>\n<div class=\"feature-box\">\n      <strong>Gam\u0103 larg\u0103 de temperaturi<\/strong><br \/>\n      Aceast\u0103 baterie func\u021bioneaz\u0103 \u00eentr-o gam\u0103 larg\u0103 de temperaturi, de la -20\u00baC la +60\u00baC, ceea ce o face potrivit\u0103 pentru diverse medii.\n    <\/div>\n<div class=\"feature-box\">\n      <strong>Reciclabile \u0219i ecologice<\/strong><br \/>\n      Fabricat\u0103 cu materiale reciclabile \u0219i certificat\u0103 pentru conformitatea cu mediul, aceast\u0103 baterie este sigur\u0103 at\u00e2t pentru utilizatori, c\u00e2t \u0219i pentru planet\u0103.\n    <\/div>\n<div class=\"feature-box\">\n      <strong>Compatibilitate versatil\u0103<\/strong><br \/>\n      Compatibil\u0103 cu diverse scutere \u0219i vehicule electrice, aceast\u0103 baterie ofer\u0103 o surs\u0103 de energie eficient\u0103 pentru diverse aplica\u021bii.\n    <\/div>\n<div class=\"feature-box\">\n      <strong>Performan\u021b\u0103 fiabil\u0103<\/strong><br \/>\n      Construit\u0103 cu o carcas\u0103 robust\u0103 din plastic, aceast\u0103 baterie este proiectat\u0103 pentru durabilitate \u0219i performan\u021b\u0103 constant\u0103 pe \u00eentreaga durat\u0103 de via\u021b\u0103.\n    <\/div>\n<\/p><\/div>\n<h2>Aplica\u021bii principale<\/h2>\n<ul>\n<li>Trotinete electrice<\/li>\n<li>Motociclete electrice<\/li>\n<li>Vehicule electrice<\/li>\n<li>C\u0103rucioare de golf<\/li>\n<li>B\u0103rci electrice<\/li>\n<\/ul>\n<h2>De ce s\u0103 alege\u021bi acumulatorul nostru cu litiu 60V 20Ah?<\/h2>\n<ul>\n<li>Densitate energetic\u0103 \u0219i eficien\u021b\u0103 ridicate pentru performan\u021b\u0103 maxim\u0103<\/li>\n<li>Durat\u0103 lung\u0103 de via\u021b\u0103, cu mai mult de 500 de cicluri de utilizare<\/li>\n<li>Construc\u021bie ecologic\u0103 \u0219i reciclabil\u0103<\/li>\n<li>Domeniu larg de temperaturi de func\u021bionare pentru medii diverse<\/li>\n<li>Capacitate de \u00eenc\u0103rcare rapid\u0103 (4-5 ore p\u00e2n\u0103 la \u00eenc\u0103rcarea complet\u0103)<\/li>\n<li>Complet certificat cu CE, RoHS \u0219i FCC pentru siguran\u021b\u0103 \u0219i calitate<\/li>\n<\/ul>\n<h2>Ambalare \u0219i expediere<\/h2>\n<p>Bateria este ambalat\u0103 \u00eentr-o cutie standard de export pentru a asigura siguran\u021ba \u00een timpul transportului. Op\u021biuni de ambalare personalizate sunt disponibile la cerere.<\/p>\n<h3>Metode de expediere<\/h3>\n<ul>\n<li>Comenzi de mostre: Livrare prin UPS, DHL sau FedEx (serviciu de la u\u0219\u0103 la u\u0219\u0103)<\/li>\n<li>Comenzi \u00een vrac: Livrare pe mare (timp de livrare: 30-45 zile)<\/li>\n<\/ul>","protected":false},"excerpt":{"rendered":"<p>Baterie litiu re\u00eenc\u0103rcabil\u0103 60V 20Ah pentru scutere electrice 1000W. Eficien\u021b\u0103 ridicat\u0103, ciclu de via\u021b\u0103 lung, compatibil cu diverse vehicule electrice. Certificat CE, RoHS \u0219i FCC.<\/p>","protected":false},"featured_media":2293,"comment_status":"open","ping_status":"closed","template":"","meta":{"_uag_custom_page_level_css":"","neve_meta_sidebar":"","neve_meta_container":"","neve_meta_enable_content_width":"off","neve_meta_content_width":100,"neve_meta_title_alignment":"","neve_meta_author_avatar":"","neve_post_elements_order":"","neve_meta_disable_header":"","neve_meta_disable_footer":"","neve_meta_disable_title":""},"product_brand":[],"product_cat":[54,53,43],"product_tag":[],"class_list":{"0":"post-2291","1":"product","2":"type-product","3":"status-publish","4":"has-post-thumbnail","6":"product_cat-golf-cart-battery","7":"product_cat-low-speed-electric-vehicle-battery","8":"product_cat-power-battery","10":"first","11":"instock","12":"shipping-taxable","13":"product-type-simple"},"uagb_featured_image_src":{"full":["https:\/\/ecavix.com\/wp-content\/uploads\/2025\/07\/Rechargeable-Powerful-60V-20ah-Lithium-Battery-for-1000W-Electric-Scooter3-800-800.webp",550,550,false],"thumbnail":["https:\/\/ecavix.com\/wp-content\/uploads\/2025\/07\/Rechargeable-Powerful-60V-20ah-Lithium-Battery-for-1000W-Electric-Scooter3-800-800-150x150.webp",150,150,true],"medium":["https:\/\/ecavix.com\/wp-content\/uploads\/2025\/07\/Rechargeable-Powerful-60V-20ah-Lithium-Battery-for-1000W-Electric-Scooter3-800-800-300x300.webp",300,300,true],"medium_large":["https:\/\/ecavix.com\/wp-content\/uploads\/2025\/07\/Rechargeable-Powerful-60V-20ah-Lithium-Battery-for-1000W-Electric-Scooter3-800-800.webp",550,550,false],"large":["https:\/\/ecavix.com\/wp-content\/uploads\/2025\/07\/Rechargeable-Powerful-60V-20ah-Lithium-Battery-for-1000W-Electric-Scooter3-800-800.webp",550,550,false],"1536x1536":["https:\/\/ecavix.com\/wp-content\/uploads\/2025\/07\/Rechargeable-Powerful-60V-20ah-Lithium-Battery-for-1000W-Electric-Scooter3-800-800.webp",550,550,false],"2048x2048":["https:\/\/ecavix.com\/wp-content\/uploads\/2025\/07\/Rechargeable-Powerful-60V-20ah-Lithium-Battery-for-1000W-Electric-Scooter3-800-800.webp",550,550,false],"trp-custom-language-flag":["https:\/\/ecavix.com\/wp-content\/uploads\/2025\/07\/Rechargeable-Powerful-60V-20ah-Lithium-Battery-for-1000W-Electric-Scooter3-800-800.webp",12,12,false],"neve-blog":["https:\/\/ecavix.com\/wp-content\/uploads\/2025\/07\/Rechargeable-Powerful-60V-20ah-Lithium-Battery-for-1000W-Electric-Scooter3-800-800.webp",550,550,false],"woocommerce_thumbnail":["https:\/\/ecavix.com\/wp-content\/uploads\/2025\/07\/Rechargeable-Powerful-60V-20ah-Lithium-Battery-for-1000W-Electric-Scooter3-800-800-300x300.webp",300,300,true],"woocommerce_single":["https:\/\/ecavix.com\/wp-content\/uploads\/2025\/07\/Rechargeable-Powerful-60V-20ah-Lithium-Battery-for-1000W-Electric-Scooter3-800-800.webp",550,550,false],"woocommerce_gallery_thumbnail":["https:\/\/ecavix.com\/wp-content\/uploads\/2025\/07\/Rechargeable-Powerful-60V-20ah-Lithium-Battery-for-1000W-Electric-Scooter3-800-800-100x100.webp",100,100,true]},"uagb_author_info":{"display_name":"solvitaenergylimited@gmail.com","author_link":"https:\/\/ecavix.com\/ro\/author\/"},"uagb_comment_info":0,"uagb_excerpt":"Rechargeable 60V 20Ah lithium battery for 1000W electric scooters. High efficiency, long cycle life, compatible with various electric vehicles. CE, RoHS, and FCC certified.","_links":{"self":[{"href":"https:\/\/ecavix.com\/ro\/wp-json\/wp\/v2\/product\/2291","targetHints":{"allow":["GET"]}}],"collection":[{"href":"https:\/\/ecavix.com\/ro\/wp-json\/wp\/v2\/product"}],"about":[{"href":"https:\/\/ecavix.com\/ro\/wp-json\/wp\/v2\/types\/product"}],"replies":[{"embeddable":true,"href":"https:\/\/ecavix.com\/ro\/wp-json\/wp\/v2\/comments?post=2291"}],"wp:featuredmedia":[{"embeddable":true,"href":"https:\/\/ecavix.com\/ro\/wp-json\/wp\/v2\/media\/2293"}],"wp:attachment":[{"href":"https:\/\/ecavix.com\/ro\/wp-json\/wp\/v2\/media?parent=2291"}],"wp:term":[{"taxonomy":"product_brand","embeddable":true,"href":"https:\/\/ecavix.com\/ro\/wp-json\/wp\/v2\/product_brand?post=2291"},{"taxonomy":"product_cat","embeddable":true,"href":"https:\/\/ecavix.com\/ro\/wp-json\/wp\/v2\/product_cat?post=2291"},{"taxonomy":"product_tag","embeddable":true,"href":"https:\/\/ecavix.com\/ro\/wp-json\/wp\/v2\/product_tag?post=2291"}],"curies":[{"name":"wp","href":"https:\/\/api.w.org\/{rel}","templated":true}]}}