{"id":2286,"date":"2025-07-18T02:17:32","date_gmt":"2025-07-18T02:17:32","guid":{"rendered":"https:\/\/ecavix.com\/?post_type=product&#038;p=2286"},"modified":"2025-07-18T02:17:32","modified_gmt":"2025-07-18T02:17:32","slug":"rezerva-de-baterie-litiu-ion-72-v-20-ah-pentru-baterie-cu-plumb-acid","status":"publish","type":"product","link":"https:\/\/ecavix.com\/ro\/product\/72v-20ah-lithium-ion-battery-pack-replacement-for-lead-acid-battery\/","title":{"rendered":"Pachet de baterii litiu-ion 72V 20ah pentru \u00eenlocuirea bateriei plumb-acid"},"content":{"rendered":"<h1>Baterie litiu-ion 72 V 20 Ah<\/h1>\n<h2>Prezentare general\u0103 a produsului<\/h2>\n<table>\n<tr>\n<th>Tensiune nominal\u0103<\/th>\n<td>72V<\/td>\n<\/tr>\n<tr>\n<th>Capacitate nominal\u0103<\/th>\n<td>20 Ah (personalizabil)<\/td>\n<\/tr>\n<tr>\n<th>Curent de \u00eenc\u0103rcare continuu<\/th>\n<td>20A<\/td>\n<\/tr>\n<tr>\n<th>Protec\u021bie la supracurent<\/th>\n<td>30-40 A (reglabil)<\/td>\n<\/tr>\n<tr>\n<th>Puterea motorului adecvat\u0103<\/th>\n<td>\u22641000 W<\/td>\n<\/tr>\n<tr>\n<th>Tensiune maxim\u0103 de \u00eenc\u0103rcare<\/th>\n<td>84V<\/td>\n<\/tr>\n<tr>\n<th>Curent de \u00eenc\u0103rcare<\/th>\n<td>2,0-4,0 A<\/td>\n<\/tr>\n<tr>\n<th>Metoda de \u00eenc\u0103rcare<\/th>\n<td>CC\/CV (curent constant \u0219i tensiune constant\u0103)<\/td>\n<\/tr>\n<tr>\n<th>Temperatura de \u00eenc\u0103rcare<\/th>\n<td>0~45 \u00b0C, 45~85 % RH<\/td>\n<\/tr>\n<tr>\n<th>Temperatura de desc\u0103rcare<\/th>\n<td>-20~55 \u00b0C, 45~85% RH<\/td>\n<\/tr>\n<tr>\n<th>Temperatura de depozitare<\/th>\n<td>-20~+55\u00baC (1 lun\u0103), -20~+45\u00baC (3 luni)<\/td>\n<\/tr>\n<tr>\n<th>Dimensiune<\/th>\n<td>235*196*170 mm<\/td>\n<\/tr>\n<tr>\n<th>Greutate<\/th>\n<td>10 kg<\/td>\n<\/tr>\n<tr>\n<th>Garan\u021bie<\/th>\n<td>12 luni<\/td>\n<\/tr>\n<\/table>\n<h2>Caracteristici principale<\/h2>\n<div class=\"features-grid\">\n<div class=\"feature-box\">\n      <strong>Densitate energetic\u0103 ridicat\u0103<\/strong><br \/>\n      Bateria are o densitate energetic\u0103 ridicat\u0103, fiind ideal\u0103 pentru vehicule electrice, scutere \u0219i alte aplica\u021bii cu consum mare de energie.\n    <\/div>\n<div class=\"feature-box\">\n      <strong>Ciclu de via\u021b\u0103 lung<\/strong><br \/>\n      Cu o durat\u0103 de via\u021b\u0103 de peste 500-1000 cicluri de \u00eenc\u0103rcare\/desc\u0103rcare, aceast\u0103 baterie ofer\u0103 performan\u021be durabile \u0219i fiabile.\n    <\/div>\n<div class=\"feature-box\">\n      <strong>\u00cenc\u0103rcare rapid\u0103<\/strong><br \/>\n      Bateria poate fi \u00eenc\u0103rcat\u0103 p\u00e2n\u0103 la 90% \u00een doar 10 minute, asigur\u00e2nd disponibilitatea rapid\u0103 a vehiculului dvs. electric.\n    <\/div>\n<div class=\"feature-box\">\n      <strong>Securitate excelent\u0103<\/strong><br \/>\n      Echipat\u0103 cu dou\u0103 cipuri IC, bateria are protec\u021bii \u00eencorporate \u00eempotriva scurtcircuitelor, supra\u00eenc\u0103rc\u0103rii, supracurentului \u0219i suprasolicit\u0103rii.\n    <\/div>\n<div class=\"feature-box\">\n      <strong>U\u0219oare \u0219i compacte<\/strong><br \/>\n      O alternativ\u0103 mai u\u0219oar\u0103 la bateriile tradi\u021bionale cu plumb-acid, ofer\u0103 o capacitate mare f\u0103r\u0103 greutate suplimentar\u0103.\n    <\/div>\n<div class=\"feature-box\">\n      <strong>Ecologic<\/strong><br \/>\n      Bateria nu con\u021bine mercur sau alte substan\u021be chimice nocive, fiind astfel ecologic\u0103 \u0219i sigur\u0103 pentru mediu.\n    <\/div>\n<\/p><\/div>\n<h2>Aplica\u021bii principale<\/h2>\n<ul>\n<li>Trotinete electrice<\/li>\n<li>Motociclete electrice<\/li>\n<li>C\u0103rucioare de golf<\/li>\n<li>B\u0103rci electrice<\/li>\n<li>Vehicule electrice<\/li>\n<li>Unelte electrice \u0219i juc\u0103rii electronice<\/li>\n<\/ul>\n<h2>De ce s\u0103 alege\u021bi pachetul nostru de baterii de 72 V \u0219i 20 Ah?<\/h2>\n<ul>\n<li>Tensiune de ie\u0219ire \u0219i densitate energetic\u0103 ridicate pentru performan\u021be \u00eembun\u0103t\u0103\u021bite<\/li>\n<li>Baterie cu durat\u0103 lung\u0103 de via\u021b\u0103, cu peste 500-1000 de cicluri<\/li>\n<li>Ecologic, f\u0103r\u0103 materiale periculoase precum plumbul sau cadmiul<\/li>\n<li>Protec\u021bie integrat\u0103 \u00eempotriva supra\u00eenc\u0103rc\u0103rii, supracurentului \u0219i scurtcircuitelor pentru o func\u021bionare mai sigur\u0103<\/li>\n<li>Capacitate de \u00eenc\u0103rcare rapid\u0103, \u00eenc\u0103rcare complet\u0103 \u00een doar 2-3 ore<\/li>\n<li>Pre\u021buri competitive \u0219i performan\u021b\u0103 fiabil\u0103<\/li>\n<\/ul>\n<h2>Ambalare \u0219i expediere<\/h2>\n<p>Bateria este ambalat\u0103 \u00een siguran\u021b\u0103 \u00eentr-o cutie de carton pentru export, pentru a asigura livrarea \u00een condi\u021bii de siguran\u021b\u0103. Op\u021biuni de ambalare personalizate sunt disponibile la cerere.<\/p>\n<h3>Metode de expediere<\/h3>\n<ul>\n<li>Mostre: Expediere prin UPS, DHL sau FedEx (serviciu door-to-door)<\/li>\n<li>Comenzi \u00een vrac: Livrare pe mare (timp de livrare: 30-45 zile)<\/li>\n<\/ul>","protected":false},"excerpt":{"rendered":"<p>Baterie litiu-ion 72V 20Ah pentru biciclete electrice, scutere \u0219i c\u0103rucioare de golf. Densitate energetic\u0103 ridicat\u0103, \u00eenc\u0103rcare rapid\u0103, durat\u0103 de via\u021b\u0103 lung\u0103 \u0219i caracteristici de securitate excelente. \u00cenlocuitor pentru bateriile cu plumb-acid.<\/p>","protected":false},"featured_media":2287,"comment_status":"open","ping_status":"closed","template":"","meta":{"_uag_custom_page_level_css":"","neve_meta_sidebar":"","neve_meta_container":"","neve_meta_enable_content_width":"off","neve_meta_content_width":100,"neve_meta_title_alignment":"","neve_meta_author_avatar":"","neve_post_elements_order":"","neve_meta_disable_header":"","neve_meta_disable_footer":"","neve_meta_disable_title":""},"product_brand":[],"product_cat":[50,45,43],"product_tag":[60,62],"class_list":{"0":"post-2286","1":"product","2":"type-product","3":"status-publish","4":"has-post-thumbnail","6":"product_cat-72v-e-bike-battery","7":"product_cat-e-bike-battery","8":"product_cat-power-battery","9":"product_tag-72v","10":"product_tag-ebike","12":"first","13":"instock","14":"shipping-taxable","15":"product-type-simple"},"uagb_featured_image_src":{"full":["https:\/\/ecavix.com\/wp-content\/uploads\/2025\/07\/72V-20ah-Lithium-Ion-Battery-Pack-Replacement-for-Lead-Acid-Battery-1.webp",1000,1000,false],"thumbnail":["https:\/\/ecavix.com\/wp-content\/uploads\/2025\/07\/72V-20ah-Lithium-Ion-Battery-Pack-Replacement-for-Lead-Acid-Battery-1-150x150.webp",150,150,true],"medium":["https:\/\/ecavix.com\/wp-content\/uploads\/2025\/07\/72V-20ah-Lithium-Ion-Battery-Pack-Replacement-for-Lead-Acid-Battery-1-300x300.webp",300,300,true],"medium_large":["https:\/\/ecavix.com\/wp-content\/uploads\/2025\/07\/72V-20ah-Lithium-Ion-Battery-Pack-Replacement-for-Lead-Acid-Battery-1-768x768.webp",768,768,true],"large":["https:\/\/ecavix.com\/wp-content\/uploads\/2025\/07\/72V-20ah-Lithium-Ion-Battery-Pack-Replacement-for-Lead-Acid-Battery-1.webp",1000,1000,false],"1536x1536":["https:\/\/ecavix.com\/wp-content\/uploads\/2025\/07\/72V-20ah-Lithium-Ion-Battery-Pack-Replacement-for-Lead-Acid-Battery-1.webp",1000,1000,false],"2048x2048":["https:\/\/ecavix.com\/wp-content\/uploads\/2025\/07\/72V-20ah-Lithium-Ion-Battery-Pack-Replacement-for-Lead-Acid-Battery-1.webp",1000,1000,false],"trp-custom-language-flag":["https:\/\/ecavix.com\/wp-content\/uploads\/2025\/07\/72V-20ah-Lithium-Ion-Battery-Pack-Replacement-for-Lead-Acid-Battery-1.webp",12,12,false],"neve-blog":["https:\/\/ecavix.com\/wp-content\/uploads\/2025\/07\/72V-20ah-Lithium-Ion-Battery-Pack-Replacement-for-Lead-Acid-Battery-1-930x620.webp",930,620,true],"woocommerce_thumbnail":["https:\/\/ecavix.com\/wp-content\/uploads\/2025\/07\/72V-20ah-Lithium-Ion-Battery-Pack-Replacement-for-Lead-Acid-Battery-1-300x300.webp",300,300,true],"woocommerce_single":["https:\/\/ecavix.com\/wp-content\/uploads\/2025\/07\/72V-20ah-Lithium-Ion-Battery-Pack-Replacement-for-Lead-Acid-Battery-1-600x600.webp",600,600,true],"woocommerce_gallery_thumbnail":["https:\/\/ecavix.com\/wp-content\/uploads\/2025\/07\/72V-20ah-Lithium-Ion-Battery-Pack-Replacement-for-Lead-Acid-Battery-1-100x100.webp",100,100,true]},"uagb_author_info":{"display_name":"solvitaenergylimited@gmail.com","author_link":"https:\/\/ecavix.com\/ro\/author\/"},"uagb_comment_info":0,"uagb_excerpt":"72V 20Ah Lithium Ion Battery Pack for Electric Bikes, Scooters, and Golf Carts. High energy density, fast charging, long cycle life, and excellent security features. Replacement for lead-acid batteries.","_links":{"self":[{"href":"https:\/\/ecavix.com\/ro\/wp-json\/wp\/v2\/product\/2286","targetHints":{"allow":["GET"]}}],"collection":[{"href":"https:\/\/ecavix.com\/ro\/wp-json\/wp\/v2\/product"}],"about":[{"href":"https:\/\/ecavix.com\/ro\/wp-json\/wp\/v2\/types\/product"}],"replies":[{"embeddable":true,"href":"https:\/\/ecavix.com\/ro\/wp-json\/wp\/v2\/comments?post=2286"}],"wp:featuredmedia":[{"embeddable":true,"href":"https:\/\/ecavix.com\/ro\/wp-json\/wp\/v2\/media\/2287"}],"wp:attachment":[{"href":"https:\/\/ecavix.com\/ro\/wp-json\/wp\/v2\/media?parent=2286"}],"wp:term":[{"taxonomy":"product_brand","embeddable":true,"href":"https:\/\/ecavix.com\/ro\/wp-json\/wp\/v2\/product_brand?post=2286"},{"taxonomy":"product_cat","embeddable":true,"href":"https:\/\/ecavix.com\/ro\/wp-json\/wp\/v2\/product_cat?post=2286"},{"taxonomy":"product_tag","embeddable":true,"href":"https:\/\/ecavix.com\/ro\/wp-json\/wp\/v2\/product_tag?post=2286"}],"curies":[{"name":"wp","href":"https:\/\/api.w.org\/{rel}","templated":true}]}}