{"id":2248,"date":"2025-07-17T09:44:57","date_gmt":"2025-07-17T09:44:57","guid":{"rendered":"https:\/\/ecavix.com\/?post_type=product&#038;p=2248"},"modified":"2025-07-17T09:48:02","modified_gmt":"2025-07-17T09:48:02","slug":"36v-hailong-downtube-biciclete-electrice-baterie-litiu-ion","status":"publish","type":"product","link":"https:\/\/ecavix.com\/ro\/product\/36v-hailong-downtube-electric-bike-lithium-ion-battery\/","title":{"rendered":"36V Hailong Downtube biciclete electrice baterie litiu-ion"},"content":{"rendered":"<br \/>\n<h1>DL-115 36V 10Ah Hailong Downtube baterie litiu-ion pentru biciclete electrice<\/h1>\n<h2>Prezentare general\u0103 a produsului<\/h2>\n<table>\n<tr>\n<th>Model<\/th>\n<td>DL-115<\/td>\n<\/tr>\n<tr>\n<th>Tensiune nominal\u0103<\/th>\n<td>36V<\/td>\n<\/tr>\n<tr>\n<th>Capacitate nominal\u0103<\/th>\n<td>10Ah<\/td>\n<\/tr>\n<tr>\n<th>Tip baterie<\/th>\n<td>Baterie litiu-ion 18650<\/td>\n<\/tr>\n<tr>\n<th>Greutate<\/th>\n<td>3,2 kg<\/td>\n<\/tr>\n<tr>\n<th>Dimensiuni<\/th>\n<td>361*90*92mm<\/td>\n<\/tr>\n<tr>\n<th>Capacitatea de produc\u021bie<\/th>\n<td>20.000 buc\/lun\u0103<\/td>\n<\/tr>\n<tr>\n<th>Ciclul de via\u021b\u0103<\/th>\n<td>500 de cicluri<\/td>\n<\/tr>\n<tr>\n<th>Garan\u021bie<\/th>\n<td>1 an<\/td>\n<\/tr>\n<tr>\n<th>Certificatele<\/th>\n<td>CE, RoHS, MSDS, UN38.3<\/td>\n<\/tr>\n<tr>\n<th>Origine<\/th>\n<td>China<\/td>\n<\/tr>\n<\/table>\n<h2>Caracteristici baterie<\/h2>\n<div class=\"features-grid\">\n<div class=\"feature-box\">\n      <strong>Densitate energetic\u0103 ridicat\u0103<\/strong><br \/>\n      Design compact cu densitate mare de energie pentru performan\u021be eficiente.\n    <\/div>\n<div class=\"feature-box\">\n      <strong>Ciclu de via\u021b\u0103 lung<\/strong><br \/>\n      Peste 500 de cicluri de \u00eenc\u0103rcare\/desc\u0103rcare, asigur\u00e2nd o durat\u0103 lung\u0103 de via\u021b\u0103.\n    <\/div>\n<div class=\"feature-box\">\n      <strong>\u00cenc\u0103rcare inteligent\u0103<\/strong><br \/>\n      Sistemul inteligent de \u00eenc\u0103rcare protejeaz\u0103 \u00eempotriva supra\u00eenc\u0103rc\u0103rii, scurtcircuitelor \u0219i supra\u00eenc\u0103lzirii, asigur\u00e2nd siguran\u021ba \u0219i \u00eenc\u0103rcarea echilibrat\u0103.\n    <\/div>\n<div class=\"feature-box\">\n      <strong>Sigur \u0219i fiabil<\/strong><br \/>\n      Nu prezint\u0103 risc de explozie sau de incendiu \u00een condi\u021bii normale de utilizare, ceea ce le face mai sigure dec\u00e2t bateriile plumb-acid.\n    <\/div>\n<div class=\"feature-box\">\n      <strong>BMS personalizabil<\/strong><br \/>\n      Sistemul de gestionare a bateriei (BMS) poate fi personalizat pentru a r\u0103spunde nevoilor specifice.\n    <\/div>\n<div class=\"feature-box\">\n      <strong>Ecologic<\/strong><br \/>\n      Bateria nu are efect de memorie, este ecologic\u0103 \u0219i este mai u\u0219or de reciclat.\n    <\/div>\n<\/p><\/div>\n<h2>Specifica\u021bii electrice<\/h2>\n<table>\n<tr>\n<th>Tensiunea de \u00eenc\u0103rcare<\/th>\n<td>42V<\/td>\n<\/tr>\n<tr>\n<th>Tensiunea de deconectare a desc\u0103rc\u0103rii<\/th>\n<td>28V<\/td>\n<\/tr>\n<tr>\n<th>Curent de \u00eenc\u0103rcare standard<\/th>\n<td>2A<\/td>\n<\/tr>\n<tr>\n<th>Curent de desc\u0103rcare continu\u0103<\/th>\n<td>15-20A<\/td>\n<\/tr>\n<tr>\n<th>Metoda de \u00eenc\u0103rcare<\/th>\n<td>CC\/CV<\/td>\n<\/tr>\n<tr>\n<th>Temperatura de \u00eenc\u0103rcare<\/th>\n<td>0 ~ 45\u00b0C<\/td>\n<\/tr>\n<tr>\n<th>Temperatura de desc\u0103rcare<\/th>\n<td>-20 ~ 60\u00b0C<\/td>\n<\/tr>\n<tr>\n<th>Potrivi\u021bi motorul<\/th>\n<td>350W, 400W, 500W<\/td>\n<\/tr>\n<\/table>\n<h2>Aplica\u021bii<\/h2>\n<ul>\n<li>Biciclete electrice<\/li>\n<li>Trotinete electrice<\/li>\n<li>Vehicule electrice (EV)<\/li>\n<\/ul>\n<h2>Ambalare \u0219i expediere<\/h2>\n<p>Bateria este ambalat\u0103 \u00een siguran\u021b\u0103 cu vat\u0103 perlat\u0103 EPE pentru protec\u021bie intern\u0103 \u0219i cu cutii de carton rezistente pentru ambalarea exterioar\u0103. Oferim op\u021biuni de ambalare personalizabile \u00een func\u021bie de nevoile clientului.<\/p>\n<h3>Metode de expediere<\/h3>\n<ul>\n<li>Pentru mostre: Expedia\u021bi prin UPS sau linie special\u0103 (serviciu door-to-door)<\/li>\n<li>Pentru comenzi \u00een vrac: Livrare pe mare (timp de livrare: 30-45 zile)<\/li>\n<\/ul>\n<h2>De ce s\u0103 ne alege\u021bi<\/h2>\n<ul>\n<li>Servicii OEM &amp; ODM disponibile<\/li>\n<li>100% testarea calit\u0103\u021bii \u00eenainte de expediere<\/li>\n<li>Pre\u021buri competitive \u0219i livrare rapid\u0103<\/li>\n<li>Produse sigure \u0219i fiabile cu o durat\u0103 lung\u0103 de via\u021b\u0103<\/li>\n<\/ul>","protected":false},"excerpt":{"rendered":"<p>DL-115 36V 10Ah Hailong Downtube Baterie litiu-ion cu densitate energetic\u0103 ridicat\u0103, ciclu de via\u021b\u0103 lung \u0219i sistem inteligent de \u00eenc\u0103rcare. Ideal pentru biciclete electrice, scutere \u0219i motoare de 350W-500W. Certificat\u0103 CE, RoHS, MSDS.<\/p>","protected":false},"featured_media":2250,"comment_status":"open","ping_status":"closed","template":"","meta":{"_uag_custom_page_level_css":"","neve_meta_sidebar":"","neve_meta_container":"","neve_meta_enable_content_width":"off","neve_meta_content_width":100,"neve_meta_title_alignment":"","neve_meta_author_avatar":"","neve_post_elements_order":"","neve_meta_disable_header":"","neve_meta_disable_footer":"","neve_meta_disable_title":""},"product_brand":[],"product_cat":[47,45,43],"product_tag":[],"class_list":{"0":"post-2248","1":"product","2":"type-product","3":"status-publish","4":"has-post-thumbnail","6":"product_cat-36v-e-bike-battery","7":"product_cat-e-bike-battery","8":"product_cat-power-battery","10":"first","11":"instock","12":"shipping-taxable","13":"product-type-simple"},"uagb_featured_image_src":{"full":["https:\/\/ecavix.com\/wp-content\/uploads\/2025\/07\/36V-Hailong-Downtube-Electric-Bike-Lithium-Ion-Battery2-800-800.webp",550,550,false],"thumbnail":["https:\/\/ecavix.com\/wp-content\/uploads\/2025\/07\/36V-Hailong-Downtube-Electric-Bike-Lithium-Ion-Battery2-800-800-150x150.webp",150,150,true],"medium":["https:\/\/ecavix.com\/wp-content\/uploads\/2025\/07\/36V-Hailong-Downtube-Electric-Bike-Lithium-Ion-Battery2-800-800-300x300.webp",300,300,true],"medium_large":["https:\/\/ecavix.com\/wp-content\/uploads\/2025\/07\/36V-Hailong-Downtube-Electric-Bike-Lithium-Ion-Battery2-800-800.webp",550,550,false],"large":["https:\/\/ecavix.com\/wp-content\/uploads\/2025\/07\/36V-Hailong-Downtube-Electric-Bike-Lithium-Ion-Battery2-800-800.webp",550,550,false],"1536x1536":["https:\/\/ecavix.com\/wp-content\/uploads\/2025\/07\/36V-Hailong-Downtube-Electric-Bike-Lithium-Ion-Battery2-800-800.webp",550,550,false],"2048x2048":["https:\/\/ecavix.com\/wp-content\/uploads\/2025\/07\/36V-Hailong-Downtube-Electric-Bike-Lithium-Ion-Battery2-800-800.webp",550,550,false],"trp-custom-language-flag":["https:\/\/ecavix.com\/wp-content\/uploads\/2025\/07\/36V-Hailong-Downtube-Electric-Bike-Lithium-Ion-Battery2-800-800.webp",12,12,false],"neve-blog":["https:\/\/ecavix.com\/wp-content\/uploads\/2025\/07\/36V-Hailong-Downtube-Electric-Bike-Lithium-Ion-Battery2-800-800.webp",550,550,false],"woocommerce_thumbnail":["https:\/\/ecavix.com\/wp-content\/uploads\/2025\/07\/36V-Hailong-Downtube-Electric-Bike-Lithium-Ion-Battery2-800-800-300x300.webp",300,300,true],"woocommerce_single":["https:\/\/ecavix.com\/wp-content\/uploads\/2025\/07\/36V-Hailong-Downtube-Electric-Bike-Lithium-Ion-Battery2-800-800.webp",550,550,false],"woocommerce_gallery_thumbnail":["https:\/\/ecavix.com\/wp-content\/uploads\/2025\/07\/36V-Hailong-Downtube-Electric-Bike-Lithium-Ion-Battery2-800-800-100x100.webp",100,100,true]},"uagb_author_info":{"display_name":"solvitaenergylimited@gmail.com","author_link":"https:\/\/ecavix.com\/ro\/author\/"},"uagb_comment_info":0,"uagb_excerpt":"DL-115 36V 10Ah Hailong Downtube Lithium-Ion Battery with high energy density, long lifecycle, and intelligent charge system. Ideal for electric bikes, scooters, and 350W-500W motors. CE, RoHS, MSDS certified.","_links":{"self":[{"href":"https:\/\/ecavix.com\/ro\/wp-json\/wp\/v2\/product\/2248","targetHints":{"allow":["GET"]}}],"collection":[{"href":"https:\/\/ecavix.com\/ro\/wp-json\/wp\/v2\/product"}],"about":[{"href":"https:\/\/ecavix.com\/ro\/wp-json\/wp\/v2\/types\/product"}],"replies":[{"embeddable":true,"href":"https:\/\/ecavix.com\/ro\/wp-json\/wp\/v2\/comments?post=2248"}],"wp:featuredmedia":[{"embeddable":true,"href":"https:\/\/ecavix.com\/ro\/wp-json\/wp\/v2\/media\/2250"}],"wp:attachment":[{"href":"https:\/\/ecavix.com\/ro\/wp-json\/wp\/v2\/media?parent=2248"}],"wp:term":[{"taxonomy":"product_brand","embeddable":true,"href":"https:\/\/ecavix.com\/ro\/wp-json\/wp\/v2\/product_brand?post=2248"},{"taxonomy":"product_cat","embeddable":true,"href":"https:\/\/ecavix.com\/ro\/wp-json\/wp\/v2\/product_cat?post=2248"},{"taxonomy":"product_tag","embeddable":true,"href":"https:\/\/ecavix.com\/ro\/wp-json\/wp\/v2\/product_tag?post=2248"}],"curies":[{"name":"wp","href":"https:\/\/api.w.org\/{rel}","templated":true}]}}