{"id":2247,"date":"2025-07-17T09:01:45","date_gmt":"2025-07-17T09:01:45","guid":{"rendered":"https:\/\/ecavix.com\/?post_type=product&#038;p=2247"},"modified":"2025-07-17T10:21:56","modified_gmt":"2025-07-17T10:21:56","slug":"vanzare-de-la-producator-bicicleta-electrica-cu-baterie-de-tip-broasca-de-36-v-cu-celule-18650","status":"publish","type":"product","link":"https:\/\/ecavix.com\/ro\/product\/manufacturer-sale-frog-type-36v-battery-electric-bike-with-18650-cells\/","title":{"rendered":"Produc\u0103tor V\u00e2nzare Frog tip 36V baterie biciclete electrice cu 18650 celule"},"content":{"rendered":"<br \/>\n<h1>Baterie litiu-ion Del-3610F 36V 10Ah pentru biciclet\u0103 electric\u0103<\/h1>\n<h2>Prezentare general\u0103 a produsului<\/h2>\n<table>\n<tr>\n<th>Model<\/th>\n<td>Del-3610F<\/td>\n<\/tr>\n<tr>\n<th>Capacitate nominal\u0103<\/th>\n<td>10Ah<\/td>\n<\/tr>\n<tr>\n<th>Tensiune standard<\/th>\n<td>36V<\/td>\n<\/tr>\n<tr>\n<th>Tip baterie<\/th>\n<td>Li-ion (18650)<\/td>\n<\/tr>\n<tr>\n<th>Greutate<\/th>\n<td>4,5 kg<\/td>\n<\/tr>\n<tr>\n<th>Capacitatea de produc\u021bie<\/th>\n<td>3.000 buc\u0103\u021bi\/zi<\/td>\n<\/tr>\n<tr>\n<th>Ciclul de via\u021b\u0103<\/th>\n<td>800 de cicluri<\/td>\n<\/tr>\n<tr>\n<th>Origine<\/th>\n<td>Guangdong, China<\/td>\n<\/tr>\n<tr>\n<th>Garan\u021bie<\/th>\n<td>13 luni<\/td>\n<\/tr>\n<tr>\n<th>Certificatele<\/th>\n<td>CE, RoHS, MSDS, FCC, UN38.3<\/td>\n<\/tr>\n<\/table>\n<h2>Specifica\u021bii electrice<\/h2>\n<table>\n<tr>\n<th>Tensiune nominal\u0103<\/th>\n<td>36V<\/td>\n<\/tr>\n<tr>\n<th>Capacitate nominal\u0103<\/th>\n<td>10Ah<\/td>\n<\/tr>\n<tr>\n<th>Tensiunea de \u00eenc\u0103rcare<\/th>\n<td>36V<\/td>\n<\/tr>\n<tr>\n<th>Tensiunea de deconectare a desc\u0103rc\u0103rii<\/th>\n<td>42V<\/td>\n<\/tr>\n<tr>\n<th>Curent de \u00eenc\u0103rcare standard<\/th>\n<td>3A<\/td>\n<\/tr>\n<tr>\n<th>Curent maxim de lucru<\/th>\n<td>2C<\/td>\n<\/tr>\n<tr>\n<th>Ciclul de via\u021b\u0103<\/th>\n<td>1000 cicluri (80% DOD)<\/td>\n<\/tr>\n<tr>\n<th>Mod de \u00eenc\u0103rcare<\/th>\n<td>CC\/CV (cu \u00eenc\u0103rc\u0103tor profesional)<\/td>\n<\/tr>\n<tr>\n<th>Impedan\u021b\u0103<\/th>\n<td>&lt; 20 m\u03a9<\/td>\n<\/tr>\n<\/table>\n<h2>Caracteristici baterie<\/h2>\n<div class=\"features-grid\">\n<div class=\"feature-box\">\n      <strong>Ciclu de via\u021b\u0103 lung<\/strong><br \/>\n      Peste 800 de cicluri cu ad\u00e2ncime de desc\u0103rcare (DOD) de 80%, asigur\u00e2nd durabilitate \u0219i longevitate.\n    <\/div>\n<div class=\"feature-box\">\n      <strong>Performan\u021b\u0103 excelent\u0103 la temperaturi sc\u0103zute<\/strong><br \/>\n      Desc\u0103rcare automat\u0103 redus\u0103 \u0219i performan\u021b\u0103 bun\u0103 la temperaturi sc\u0103zute.\n    <\/div>\n<div class=\"feature-box\">\n      <strong>Capacitate de \u00eenc\u0103rcare rapid\u0103<\/strong><br \/>\n      Acceptare ridicat\u0103 a \u00eenc\u0103rc\u0103rii cu capacit\u0103\u021bi de \u00eenc\u0103rcare rapid\u0103.\n    <\/div>\n<div class=\"feature-box\">\n      <strong>Caracteristici de siguran\u021b\u0103<\/strong><br \/>\n      Design sigur, f\u0103r\u0103 necesitatea utiliz\u0103rii de acid sau ap\u0103 pentru \u00eentre\u021binere, f\u0103r\u0103 risc de explozie sau incendiu.\n    <\/div>\n<div class=\"feature-box\">\n      <strong>Prietenos cu mediul<\/strong><br \/>\n      Conform cu standardele de mediu, f\u0103r\u0103 materiale nocive.\n    <\/div>\n<div class=\"feature-box\">\n      <strong>Rezisten\u021b\u0103 la \u0219ocuri<\/strong><br \/>\n      Rezisten\u021b\u0103 excelent\u0103 la \u0219ocuri \u0219i vibra\u021bii, ceea ce \u00eel face fiabil pentru toate tipurile de teren.\n    <\/div>\n<\/p><\/div>\n<h2>Aplica\u021bii<\/h2>\n<ul>\n<li>Biciclete electrice<\/li>\n<li>Trotinete electrice<\/li>\n<li>Vehicule electrice (EV)<\/li>\n<li>Alte dispozitive de mobilitate electric\u0103<\/li>\n<\/ul>\n<h2>Garan\u021bie<\/h2>\n<ul>\n<li>13 luni garan\u021bie de la produc\u0103tor<\/li>\n<li>Nu include daunele cauzate de utilizarea necorespunz\u0103toare, infiltrarea apei sau manipularea necorespunz\u0103toare \u00een timpul transportului.<\/li>\n<li>Produsele trebuie returnate \u00een starea ini\u021bial\u0103 pentru repara\u021bii sau \u00eenlocuiri.<\/li>\n<\/ul>\n<h2>De ce s\u0103 ne alege\u021bi<\/h2>\n<ul>\n<li>Servicii OEM \u0219i ODM disponibile cu design personalizat<\/li>\n<li>Control strict al calit\u0103\u021bii: testare 100% \u00eenainte de expediere<\/li>\n<li>Pre\u021buri competitive \u0219i livrare fiabil\u0103<\/li>\n<li>Livrare rapid\u0103 cu DHL, UPS sau transport maritim<\/li>\n<\/ul>","protected":false},"excerpt":{"rendered":"<p>Baterie litiu-ion Del-3610F 36V 10Ah pentru biciclete electrice. Are o durat\u0103 de via\u021b\u0103 lung\u0103, se \u00eencarc\u0103 rapid \u0219i are performan\u021be excelente la temperaturi sc\u0103zute. Certificat\u0103 CE, RoHS, MSDS, FCC.<\/p>","protected":false},"featured_media":2224,"comment_status":"open","ping_status":"closed","template":"","meta":{"_uag_custom_page_level_css":"","neve_meta_sidebar":"","neve_meta_container":"","neve_meta_enable_content_width":"off","neve_meta_content_width":100,"neve_meta_title_alignment":"","neve_meta_author_avatar":"","neve_post_elements_order":"","neve_meta_disable_header":"","neve_meta_disable_footer":"","neve_meta_disable_title":""},"product_brand":[],"product_cat":[47,45,43],"product_tag":[],"class_list":{"0":"post-2247","1":"product","2":"type-product","3":"status-publish","4":"has-post-thumbnail","6":"product_cat-36v-e-bike-battery","7":"product_cat-e-bike-battery","8":"product_cat-power-battery","10":"first","11":"instock","12":"shipping-taxable","13":"product-type-simple"},"uagb_featured_image_src":{"full":["https:\/\/ecavix.com\/wp-content\/uploads\/2025\/07\/24V-Electric-Bike-Lithium-Ion-Battery-Small-Frog-Type1-800-800.webp",550,550,false],"thumbnail":["https:\/\/ecavix.com\/wp-content\/uploads\/2025\/07\/24V-Electric-Bike-Lithium-Ion-Battery-Small-Frog-Type1-800-800-150x150.webp",150,150,true],"medium":["https:\/\/ecavix.com\/wp-content\/uploads\/2025\/07\/24V-Electric-Bike-Lithium-Ion-Battery-Small-Frog-Type1-800-800-300x300.webp",300,300,true],"medium_large":["https:\/\/ecavix.com\/wp-content\/uploads\/2025\/07\/24V-Electric-Bike-Lithium-Ion-Battery-Small-Frog-Type1-800-800.webp",550,550,false],"large":["https:\/\/ecavix.com\/wp-content\/uploads\/2025\/07\/24V-Electric-Bike-Lithium-Ion-Battery-Small-Frog-Type1-800-800.webp",550,550,false],"1536x1536":["https:\/\/ecavix.com\/wp-content\/uploads\/2025\/07\/24V-Electric-Bike-Lithium-Ion-Battery-Small-Frog-Type1-800-800.webp",550,550,false],"2048x2048":["https:\/\/ecavix.com\/wp-content\/uploads\/2025\/07\/24V-Electric-Bike-Lithium-Ion-Battery-Small-Frog-Type1-800-800.webp",550,550,false],"trp-custom-language-flag":["https:\/\/ecavix.com\/wp-content\/uploads\/2025\/07\/24V-Electric-Bike-Lithium-Ion-Battery-Small-Frog-Type1-800-800.webp",12,12,false],"neve-blog":["https:\/\/ecavix.com\/wp-content\/uploads\/2025\/07\/24V-Electric-Bike-Lithium-Ion-Battery-Small-Frog-Type1-800-800.webp",550,550,false],"woocommerce_thumbnail":["https:\/\/ecavix.com\/wp-content\/uploads\/2025\/07\/24V-Electric-Bike-Lithium-Ion-Battery-Small-Frog-Type1-800-800-300x300.webp",300,300,true],"woocommerce_single":["https:\/\/ecavix.com\/wp-content\/uploads\/2025\/07\/24V-Electric-Bike-Lithium-Ion-Battery-Small-Frog-Type1-800-800.webp",550,550,false],"woocommerce_gallery_thumbnail":["https:\/\/ecavix.com\/wp-content\/uploads\/2025\/07\/24V-Electric-Bike-Lithium-Ion-Battery-Small-Frog-Type1-800-800-100x100.webp",100,100,true]},"uagb_author_info":{"display_name":"solvitaenergylimited@gmail.com","author_link":"https:\/\/ecavix.com\/ro\/author\/"},"uagb_comment_info":0,"uagb_excerpt":"Del-3610F 36V 10Ah Lithium Ion Battery for Electric Bike. Features long cycle life, quick charging, and excellent performance in low temperature. CE, RoHS, MSDS, FCC certified.","_links":{"self":[{"href":"https:\/\/ecavix.com\/ro\/wp-json\/wp\/v2\/product\/2247","targetHints":{"allow":["GET"]}}],"collection":[{"href":"https:\/\/ecavix.com\/ro\/wp-json\/wp\/v2\/product"}],"about":[{"href":"https:\/\/ecavix.com\/ro\/wp-json\/wp\/v2\/types\/product"}],"replies":[{"embeddable":true,"href":"https:\/\/ecavix.com\/ro\/wp-json\/wp\/v2\/comments?post=2247"}],"wp:featuredmedia":[{"embeddable":true,"href":"https:\/\/ecavix.com\/ro\/wp-json\/wp\/v2\/media\/2224"}],"wp:attachment":[{"href":"https:\/\/ecavix.com\/ro\/wp-json\/wp\/v2\/media?parent=2247"}],"wp:term":[{"taxonomy":"product_brand","embeddable":true,"href":"https:\/\/ecavix.com\/ro\/wp-json\/wp\/v2\/product_brand?post=2247"},{"taxonomy":"product_cat","embeddable":true,"href":"https:\/\/ecavix.com\/ro\/wp-json\/wp\/v2\/product_cat?post=2247"},{"taxonomy":"product_tag","embeddable":true,"href":"https:\/\/ecavix.com\/ro\/wp-json\/wp\/v2\/product_tag?post=2247"}],"curies":[{"name":"wp","href":"https:\/\/api.w.org\/{rel}","templated":true}]}}