{"id":2241,"date":"2025-07-17T08:58:14","date_gmt":"2025-07-17T08:58:14","guid":{"rendered":"https:\/\/ecavix.com\/?post_type=product&#038;p=2241"},"modified":"2025-07-17T08:58:36","modified_gmt":"2025-07-17T08:58:36","slug":"baterie-litiu-ion-pentru-bicicleta-electrica-36-v-15-ah","status":"publish","type":"product","link":"https:\/\/ecavix.com\/ro\/product\/36v-15ah-electric-bike-li-ion-battery\/","title":{"rendered":"36V 15ah Baterie Li Ion pentru biciclete electrice"},"content":{"rendered":"<br \/>\n<h1>Baterie litiu-ion DL-10S6P 36V 15Ah pentru biciclet\u0103 electric\u0103<\/h1>\n<h2>Prezentare general\u0103 a produsului<\/h2>\n<table>\n<tr>\n<th>Model<\/th>\n<td>DL-10S6P<\/td>\n<\/tr>\n<tr>\n<th>Tensiune nominal\u0103<\/th>\n<td>36V<\/td>\n<\/tr>\n<tr>\n<th>Capacitate nominal\u0103<\/th>\n<td>15Ah<\/td>\n<\/tr>\n<tr>\n<th>Tip baterie<\/th>\n<td>Li-ion (18650)<\/td>\n<\/tr>\n<tr>\n<th>Configura\u021bie<\/th>\n<td>10S6P<\/td>\n<\/tr>\n<tr>\n<th>Greutate<\/th>\n<td>3,5 kg<\/td>\n<\/tr>\n<tr>\n<th>Capacitatea de produc\u021bie<\/th>\n<td>10.000 buc\u0103\u021bi\/s\u0103pt\u0103m\u00e2n\u0103<\/td>\n<\/tr>\n<tr>\n<th>Origine<\/th>\n<td>China<\/td>\n<\/tr>\n<tr>\n<th>Pachet de transport<\/th>\n<td>Pachet standard de export<\/td>\n<\/tr>\n<tr>\n<th>Dimensiune<\/th>\n<td>362 \u00d7 90 \u00d7 115 mm<\/td>\n<\/tr>\n<\/table>\n<h2>Specifica\u021bii electrice<\/h2>\n<table>\n<tr>\n<th>Tensiune nominal\u0103<\/th>\n<td>36V<\/td>\n<\/tr>\n<tr>\n<th>Capacitate nominal\u0103<\/th>\n<td>15Ah<\/td>\n<\/tr>\n<tr>\n<th>Chimia bateriei<\/th>\n<td>LiNiCoMnO2<\/td>\n<\/tr>\n<tr>\n<th>Curent de desc\u0103rcare<\/th>\n<td>2A<\/td>\n<\/tr>\n<tr>\n<th>Mod de \u00eenc\u0103rcare<\/th>\n<td>CC-CV<\/td>\n<\/tr>\n<tr>\n<th>Tensiunea de \u00eenc\u0103rcare<\/th>\n<td>42V<\/td>\n<\/tr>\n<tr>\n<th>Temperatura de \u00eenc\u0103rcare<\/th>\n<td>0\u00b0C ~ 45\u00b0C<\/td>\n<\/tr>\n<tr>\n<th>Temperatura de desc\u0103rcare<\/th>\n<td>-20\u00b0C ~ 60\u00b0C<\/td>\n<\/tr>\n<tr>\n<th>Ciclul de via\u021b\u0103<\/th>\n<td>500 de cicluri<\/td>\n<\/tr>\n<tr>\n<th>Tensiunea de oprire a \u00eenc\u0103rc\u0103rii<\/th>\n<td>42V<\/td>\n<\/tr>\n<tr>\n<th>Tensiunea de deconectare a desc\u0103rc\u0103rii<\/th>\n<td>30 V<\/td>\n<\/tr>\n<\/table>\n<h2>Caracteristici baterie<\/h2>\n<div class=\"features-grid\">\n<div class=\"feature-box\">\n      <strong>Ciclu de via\u021b\u0103 lung<\/strong><br \/>\n      Peste 500 de cicluri de \u00eenc\u0103rcare \u0219i desc\u0103rcare, asigur\u00e2nd performan\u021be de lung\u0103 durat\u0103.\n    <\/div>\n<div class=\"feature-box\">\n      <strong>Protec\u021bie avansat\u0103 BMS<\/strong><br \/>\n      Include protec\u021bie \u00eempotriva supra\u00eenc\u0103rc\u0103rii, desc\u0103rc\u0103rii excesive, supracurentului \u0219i scurtcircuitului.\n    <\/div>\n<div class=\"feature-box\">\n      <strong>Domeniu larg de temperaturi de func\u021bionare<\/strong><br \/>\n      Poate fi utilizat \u00een medii cu temperaturi cuprinse \u00eentre -20 \u00b0C \u0219i 60 \u00b0C.\n    <\/div>\n<div class=\"feature-box\">\n      <strong>Personalizabil<\/strong><br \/>\n      Disponibil \u00een diferite capacit\u0103\u021bi \u0219i tensiuni, inclusiv 10Ah, 11Ah, 12Ah, 15Ah, 24V, 36V \u0219i 48V.\n    <\/div>\n<div class=\"feature-box\">\n      <strong>Compact \u0219i u\u0219or<\/strong><br \/>\n      Densitate energetic\u0103 ridicat\u0103 \u00eentr-o form\u0103 compact\u0103, potrivit\u0103 pentru vehicule electrice \u0219i biciclete electrice.\n    <\/div>\n<\/p><\/div>\n<h2>Aplica\u021bii<\/h2>\n<ul>\n<li>Biciclete \u0219i trotinete electrice<\/li>\n<li>Vehicule electrice (EV)<\/li>\n<li>Scutere electrice pentru mobilitate<\/li>\n<li>Sisteme de alimentare de rezerv\u0103 \u0219i UPS<\/li>\n<li>Alte vehicule de transport electric<\/li>\n<\/ul>\n<h2>Garan\u021bie<\/h2>\n<ul>\n<li>Garan\u021bie de 1 an oferit\u0103 de produc\u0103tor.<\/li>\n<li>Garan\u021bia nu acoper\u0103 daunele cauzate de utilizarea necorespunz\u0103toare, p\u0103trunderea apei sau manipularea incorect\u0103 \u00een timpul transportului.<\/li>\n<li>Produsele trebuie returnate \u00een starea ini\u021bial\u0103 pentru repara\u021bii sau \u00eenlocuiri.<\/li>\n<\/ul>\n<h2>De ce s\u0103 ne alege\u021bi<\/h2>\n<ul>\n<li>Servicii de personalizare OEM \u0219i ODM disponibile<\/li>\n<li>Produc\u021bie rapid\u0103 \u0219i livrare fiabil\u0103<\/li>\n<li>Testarea 100% \u0219i asigurarea calit\u0103\u021bii \u00eenainte de expediere<\/li>\n<li>Pre\u021buri competitive cu performan\u021be de \u00eenalt\u0103 calitate<\/li>\n<\/ul>","protected":false},"excerpt":{"rendered":"<p>DL-10S6P 36V 15Ah Pachet baterie litiu-ion, configura\u021bie 10S6P, cu protec\u021bie BMS avansat\u0103. Potrivit pentru vehicule electrice, biciclete electrice \u0219i scutere. Durat\u0103 de via\u021b\u0103 ridicat\u0103 \u0219i performan\u021b\u0103 stabil\u0103.<\/p>","protected":false},"featured_media":2246,"comment_status":"open","ping_status":"closed","template":"","meta":{"_uag_custom_page_level_css":"","neve_meta_sidebar":"","neve_meta_container":"","neve_meta_enable_content_width":"off","neve_meta_content_width":100,"neve_meta_title_alignment":"","neve_meta_author_avatar":"","neve_post_elements_order":"","neve_meta_disable_header":"","neve_meta_disable_footer":"","neve_meta_disable_title":""},"product_brand":[],"product_cat":[47,45,43],"product_tag":[],"class_list":{"0":"post-2241","1":"product","2":"type-product","3":"status-publish","4":"has-post-thumbnail","6":"product_cat-36v-e-bike-battery","7":"product_cat-e-bike-battery","8":"product_cat-power-battery","10":"first","11":"instock","12":"shipping-taxable","13":"product-type-simple"},"uagb_featured_image_src":{"full":["https:\/\/ecavix.com\/wp-content\/uploads\/2025\/07\/36V-15ah-Electric-Bike-Li-Ion-Battery4-800-800.webp",550,550,false],"thumbnail":["https:\/\/ecavix.com\/wp-content\/uploads\/2025\/07\/36V-15ah-Electric-Bike-Li-Ion-Battery4-800-800-150x150.webp",150,150,true],"medium":["https:\/\/ecavix.com\/wp-content\/uploads\/2025\/07\/36V-15ah-Electric-Bike-Li-Ion-Battery4-800-800-300x300.webp",300,300,true],"medium_large":["https:\/\/ecavix.com\/wp-content\/uploads\/2025\/07\/36V-15ah-Electric-Bike-Li-Ion-Battery4-800-800.webp",550,550,false],"large":["https:\/\/ecavix.com\/wp-content\/uploads\/2025\/07\/36V-15ah-Electric-Bike-Li-Ion-Battery4-800-800.webp",550,550,false],"1536x1536":["https:\/\/ecavix.com\/wp-content\/uploads\/2025\/07\/36V-15ah-Electric-Bike-Li-Ion-Battery4-800-800.webp",550,550,false],"2048x2048":["https:\/\/ecavix.com\/wp-content\/uploads\/2025\/07\/36V-15ah-Electric-Bike-Li-Ion-Battery4-800-800.webp",550,550,false],"trp-custom-language-flag":["https:\/\/ecavix.com\/wp-content\/uploads\/2025\/07\/36V-15ah-Electric-Bike-Li-Ion-Battery4-800-800.webp",12,12,false],"neve-blog":["https:\/\/ecavix.com\/wp-content\/uploads\/2025\/07\/36V-15ah-Electric-Bike-Li-Ion-Battery4-800-800.webp",550,550,false],"woocommerce_thumbnail":["https:\/\/ecavix.com\/wp-content\/uploads\/2025\/07\/36V-15ah-Electric-Bike-Li-Ion-Battery4-800-800-300x300.webp",300,300,true],"woocommerce_single":["https:\/\/ecavix.com\/wp-content\/uploads\/2025\/07\/36V-15ah-Electric-Bike-Li-Ion-Battery4-800-800.webp",550,550,false],"woocommerce_gallery_thumbnail":["https:\/\/ecavix.com\/wp-content\/uploads\/2025\/07\/36V-15ah-Electric-Bike-Li-Ion-Battery4-800-800-100x100.webp",100,100,true]},"uagb_author_info":{"display_name":"solvitaenergylimited@gmail.com","author_link":"https:\/\/ecavix.com\/ro\/author\/"},"uagb_comment_info":0,"uagb_excerpt":"DL-10S6P 36V 15Ah Lithium Ion Battery Pack, 10S6P configuration, with advanced BMS protection. Suitable for electric vehicles, e-bikes, and scooters. High cycle life and stable performance.","_links":{"self":[{"href":"https:\/\/ecavix.com\/ro\/wp-json\/wp\/v2\/product\/2241","targetHints":{"allow":["GET"]}}],"collection":[{"href":"https:\/\/ecavix.com\/ro\/wp-json\/wp\/v2\/product"}],"about":[{"href":"https:\/\/ecavix.com\/ro\/wp-json\/wp\/v2\/types\/product"}],"replies":[{"embeddable":true,"href":"https:\/\/ecavix.com\/ro\/wp-json\/wp\/v2\/comments?post=2241"}],"wp:featuredmedia":[{"embeddable":true,"href":"https:\/\/ecavix.com\/ro\/wp-json\/wp\/v2\/media\/2246"}],"wp:attachment":[{"href":"https:\/\/ecavix.com\/ro\/wp-json\/wp\/v2\/media?parent=2241"}],"wp:term":[{"taxonomy":"product_brand","embeddable":true,"href":"https:\/\/ecavix.com\/ro\/wp-json\/wp\/v2\/product_brand?post=2241"},{"taxonomy":"product_cat","embeddable":true,"href":"https:\/\/ecavix.com\/ro\/wp-json\/wp\/v2\/product_cat?post=2241"},{"taxonomy":"product_tag","embeddable":true,"href":"https:\/\/ecavix.com\/ro\/wp-json\/wp\/v2\/product_tag?post=2241"}],"curies":[{"name":"wp","href":"https:\/\/api.w.org\/{rel}","templated":true}]}}