{"id":2237,"date":"2025-07-17T08:52:48","date_gmt":"2025-07-17T08:52:48","guid":{"rendered":"https:\/\/ecavix.com\/?post_type=product&#038;p=2237"},"modified":"2025-07-17T08:53:40","modified_gmt":"2025-07-17T08:53:40","slug":"pachet-de-baterii-reincarcabile-cu-litiu-10s3p-cu-incarcator","status":"publish","type":"product","link":"https:\/\/ecavix.com\/ro\/product\/lithium-rechargeable-battery-pack-10s3p-with-charger\/","title":{"rendered":"Baterie re\u00eenc\u0103rcabil\u0103 cu litiu 10s3p cu \u00eenc\u0103rc\u0103tor"},"content":{"rendered":"<br \/>\n<h1>Baterie re\u00eenc\u0103rcabil\u0103 cu litiu 10s3p cu \u00eenc\u0103rc\u0103tor <\/h1>\n<h2>Prezentare general\u0103 a produsului<\/h2>\n<table>\n<tr>\n<th>Model<\/th>\n<td>DL-3675<\/td>\n<\/tr>\n<tr>\n<th>Tensiune nominal\u0103<\/th>\n<td>36V<\/td>\n<\/tr>\n<tr>\n<th>Capacitate nominal\u0103<\/th>\n<td>7.5Ah<\/td>\n<\/tr>\n<tr>\n<th>Tip baterie<\/th>\n<td>Li-ion<\/td>\n<\/tr>\n<tr>\n<th>Culoare<\/th>\n<td>Albastru<\/td>\n<\/tr>\n<tr>\n<th>Greutate<\/th>\n<td>2,5 kg<\/td>\n<\/tr>\n<tr>\n<th>Capacitatea de produc\u021bie<\/th>\n<td>5000 buc\u0103\u021bi\/s\u0103pt\u0103m\u00e2n\u0103<\/td>\n<\/tr>\n<tr>\n<th>Origine<\/th>\n<td>China<\/td>\n<\/tr>\n<tr>\n<th>Pachet de transport<\/th>\n<td>EPE Pearl Bumbac + cutii de carton groase<\/td>\n<\/tr>\n<tr>\n<th>Dimensiune<\/th>\n<td>380\u00d791\u00d7100 mm<\/td>\n<\/tr>\n<\/table>\n<h2>Specifica\u021bii electrice<\/h2>\n<table>\n<tr>\n<th>Tensiune nominal\u0103<\/th>\n<td>36V<\/td>\n<\/tr>\n<tr>\n<th>Capacitate nominal\u0103<\/th>\n<td>7.5Ah<\/td>\n<\/tr>\n<tr>\n<th>Tipul celulei bateriei<\/th>\n<td>32650<\/td>\n<\/tr>\n<tr>\n<th>Organiza\u021bie<\/th>\n<td>10S3P<\/td>\n<\/tr>\n<tr>\n<th>Curent maxim de \u00eenc\u0103rcare<\/th>\n<td>5A<\/td>\n<\/tr>\n<tr>\n<th>Curent de \u00eenc\u0103rcare standard<\/th>\n<td>2A<\/td>\n<\/tr>\n<tr>\n<th>Tensiunea de oprire a \u00eenc\u0103rc\u0103rii<\/th>\n<td>36V<\/td>\n<\/tr>\n<tr>\n<th>Tensiunea de deconectare a desc\u0103rc\u0103rii<\/th>\n<td>36V<\/td>\n<\/tr>\n<tr>\n<th>Rezisten\u021b\u0103 intern\u0103<\/th>\n<td>&lt; 0,3 m\u03a9<\/td>\n<\/tr>\n<tr>\n<th>Temperatura de func\u021bionare (\u00eenc\u0103rcare)<\/th>\n<td>0\u00b0C ~ 55\u00b0C<\/td>\n<\/tr>\n<tr>\n<th>Temperatura de func\u021bionare (desc\u0103rcare)<\/th>\n<td>-22\u00b0C ~ 55\u00b0C<\/td>\n<\/tr>\n<tr>\n<th>Temperatura de depozitare<\/th>\n<td>-20\u00b0C ~ 60\u00b0C<\/td>\n<\/tr>\n<tr>\n<th>Ciclul de via\u021b\u0103<\/th>\n<td>500 de cicluri<\/td>\n<\/tr>\n<\/table>\n<h2>Caracteristici baterie<\/h2>\n<div class=\"features-grid\">\n<div class=\"feature-box\">\n      <strong>Rata mare de desc\u0103rcare<\/strong><br \/>\n      Ideal pentru aplica\u021bii de \u00eenalt\u0103 performan\u021b\u0103 cu solicit\u0103ri rapide de putere.\n    <\/div>\n<div class=\"feature-box\">\n      <strong>Gam\u0103 larg\u0103 de temperaturi<\/strong><br \/>\n      Func\u021bioneaz\u0103 eficient de la -22\u00b0C la 55\u00b0C, adecvat pentru diverse condi\u021bii de mediu.\n    <\/div>\n<div class=\"feature-box\">\n      <strong>Ciclu de via\u021b\u0103 lung<\/strong><br \/>\n      500 de cicluri de \u00eenc\u0103rcare\/desc\u0103rcare care asigur\u0103 o performan\u021b\u0103 de lung\u0103 durat\u0103.\n    <\/div>\n<div class=\"feature-box\">\n      <strong>Instalare u\u0219oar\u0103<\/strong><br \/>\n      Dimensiuni standardizate \u0219i ambalate pentru o integrare simpl\u0103 \u00een sistemul dumneavoastr\u0103.\n    <\/div>\n<div class=\"feature-box\">\n      <strong>Protec\u021bie integrat\u0103<\/strong><br \/>\n      BMS asigur\u0103 protec\u021bie \u00eempotriva supra\u00eenc\u0103rc\u0103rii, supradesc\u0103rc\u0103rii \u0219i scurtcircuitului.\n    <\/div>\n<\/p><\/div>\n<h2>Aplica\u021bii<\/h2>\n<ul>\n<li>Vehicule electrice (autoturisme, autobuze)<\/li>\n<li>Sisteme UPS (Uninterruptible Power Supply)<\/li>\n<li>Biciclete \u0219i trotinete electrice<\/li>\n<li>B\u0103rci electrice<\/li>\n<li>Sisteme de iluminat<\/li>\n<\/ul>\n<h2>Garan\u021bie<\/h2>\n<ul>\n<li>Garan\u021bie de 1 an oferit\u0103 de produc\u0103tor.<\/li>\n<li>Garan\u021bia exclude daunele cauzate de utilizarea necorespunz\u0103toare, p\u0103trunderea apei sau manipularea necorespunz\u0103toare a transportului.<\/li>\n<li>Returna\u021bi articolele \u00een starea original\u0103 pentru repara\u021bii sau \u00eenlocuire.<\/li>\n<\/ul>\n<h3>De ce s\u0103 ne alege\u021bi<\/h3>\n<ul>\n<li>Personalizare OEM\/ODM disponibil\u0103<\/li>\n<li>Timp rapid de produc\u021bie \u0219i livrare (5000 buc\/s\u0103pt\u0103m\u00e2n\u0103)<\/li>\n<li>100% testarea \u0219i inspec\u021bia calit\u0103\u021bii \u00eenainte de expediere<\/li>\n<li>Performan\u021b\u0103 fiabil\u0103, eficien\u021b\u0103 ridicat\u0103 \u0219i pre\u021buri competitive<\/li>\n<\/ul>","protected":false},"excerpt":{"rendered":"<p>DL-3675 Pachet de baterii litiu-ion 36V 7,5Ah cu configura\u021bie 10S3P, rat\u0103 de desc\u0103rcare ridicat\u0103 \u0219i protec\u021bie \u00eencorporat\u0103. Potrivit pentru vehicule electrice, UPS \u0219i aplica\u021bii de iluminat.<\/p>","protected":false},"featured_media":2239,"comment_status":"open","ping_status":"closed","template":"","meta":{"_uag_custom_page_level_css":"","neve_meta_sidebar":"","neve_meta_container":"","neve_meta_enable_content_width":"off","neve_meta_content_width":100,"neve_meta_title_alignment":"","neve_meta_author_avatar":"","neve_post_elements_order":"","neve_meta_disable_header":"","neve_meta_disable_footer":"","neve_meta_disable_title":""},"product_brand":[],"product_cat":[47,45,43],"product_tag":[],"class_list":{"0":"post-2237","1":"product","2":"type-product","3":"status-publish","4":"has-post-thumbnail","6":"product_cat-36v-e-bike-battery","7":"product_cat-e-bike-battery","8":"product_cat-power-battery","10":"first","11":"instock","12":"shipping-taxable","13":"product-type-simple"},"uagb_featured_image_src":{"full":["https:\/\/ecavix.com\/wp-content\/uploads\/2025\/07\/24V-10ah-Lithium-Battery-Pack-for-Ebike0-800-800-1.webp",550,550,false],"thumbnail":["https:\/\/ecavix.com\/wp-content\/uploads\/2025\/07\/24V-10ah-Lithium-Battery-Pack-for-Ebike0-800-800-1-150x150.webp",150,150,true],"medium":["https:\/\/ecavix.com\/wp-content\/uploads\/2025\/07\/24V-10ah-Lithium-Battery-Pack-for-Ebike0-800-800-1-300x300.webp",300,300,true],"medium_large":["https:\/\/ecavix.com\/wp-content\/uploads\/2025\/07\/24V-10ah-Lithium-Battery-Pack-for-Ebike0-800-800-1.webp",550,550,false],"large":["https:\/\/ecavix.com\/wp-content\/uploads\/2025\/07\/24V-10ah-Lithium-Battery-Pack-for-Ebike0-800-800-1.webp",550,550,false],"1536x1536":["https:\/\/ecavix.com\/wp-content\/uploads\/2025\/07\/24V-10ah-Lithium-Battery-Pack-for-Ebike0-800-800-1.webp",550,550,false],"2048x2048":["https:\/\/ecavix.com\/wp-content\/uploads\/2025\/07\/24V-10ah-Lithium-Battery-Pack-for-Ebike0-800-800-1.webp",550,550,false],"trp-custom-language-flag":["https:\/\/ecavix.com\/wp-content\/uploads\/2025\/07\/24V-10ah-Lithium-Battery-Pack-for-Ebike0-800-800-1.webp",12,12,false],"neve-blog":["https:\/\/ecavix.com\/wp-content\/uploads\/2025\/07\/24V-10ah-Lithium-Battery-Pack-for-Ebike0-800-800-1.webp",550,550,false],"woocommerce_thumbnail":["https:\/\/ecavix.com\/wp-content\/uploads\/2025\/07\/24V-10ah-Lithium-Battery-Pack-for-Ebike0-800-800-1-300x300.webp",300,300,true],"woocommerce_single":["https:\/\/ecavix.com\/wp-content\/uploads\/2025\/07\/24V-10ah-Lithium-Battery-Pack-for-Ebike0-800-800-1.webp",550,550,false],"woocommerce_gallery_thumbnail":["https:\/\/ecavix.com\/wp-content\/uploads\/2025\/07\/24V-10ah-Lithium-Battery-Pack-for-Ebike0-800-800-1-100x100.webp",100,100,true]},"uagb_author_info":{"display_name":"solvitaenergylimited@gmail.com","author_link":"https:\/\/ecavix.com\/ro\/author\/"},"uagb_comment_info":0,"uagb_excerpt":"DL-3675 36V 7.5Ah Lithium Ion Battery Pack with 10S3P Configuration, High Discharge Rate, and Built-in Protection. Suitable for electric vehicles, UPS, and lighting applications.","_links":{"self":[{"href":"https:\/\/ecavix.com\/ro\/wp-json\/wp\/v2\/product\/2237","targetHints":{"allow":["GET"]}}],"collection":[{"href":"https:\/\/ecavix.com\/ro\/wp-json\/wp\/v2\/product"}],"about":[{"href":"https:\/\/ecavix.com\/ro\/wp-json\/wp\/v2\/types\/product"}],"replies":[{"embeddable":true,"href":"https:\/\/ecavix.com\/ro\/wp-json\/wp\/v2\/comments?post=2237"}],"wp:featuredmedia":[{"embeddable":true,"href":"https:\/\/ecavix.com\/ro\/wp-json\/wp\/v2\/media\/2239"}],"wp:attachment":[{"href":"https:\/\/ecavix.com\/ro\/wp-json\/wp\/v2\/media?parent=2237"}],"wp:term":[{"taxonomy":"product_brand","embeddable":true,"href":"https:\/\/ecavix.com\/ro\/wp-json\/wp\/v2\/product_brand?post=2237"},{"taxonomy":"product_cat","embeddable":true,"href":"https:\/\/ecavix.com\/ro\/wp-json\/wp\/v2\/product_cat?post=2237"},{"taxonomy":"product_tag","embeddable":true,"href":"https:\/\/ecavix.com\/ro\/wp-json\/wp\/v2\/product_tag?post=2237"}],"curies":[{"name":"wp","href":"https:\/\/api.w.org\/{rel}","templated":true}]}}