{"id":2221,"date":"2025-07-17T08:10:19","date_gmt":"2025-07-17T08:10:19","guid":{"rendered":"https:\/\/ecavix.com\/?post_type=product&#038;p=2221"},"modified":"2025-07-17T08:29:02","modified_gmt":"2025-07-17T08:29:02","slug":"24v-biciclete-electrice-baterie-litiu-ion-mic-tip-broasca","status":"publish","type":"product","link":"https:\/\/ecavix.com\/ro\/product\/24v-electric-bike-lithium-ion-battery-small-frog-type\/","title":{"rendered":"24V Biciclet\u0103 electric\u0103 Baterie litiu-ion tip broasc\u0103 mic\u0103"},"content":{"rendered":"<br \/>\n<h1>24V Biciclet\u0103 electric\u0103 Baterie litiu-ion tip broasc\u0103 mic\u0103 <\/h1>\n<h2>Prezentare general\u0103 a produsului<\/h2>\n<table>\n<tr>\n<th>Model<\/th>\n<td>DEL-24V10AH<\/td>\n<\/tr>\n<tr>\n<th>Tensiune standard<\/th>\n<td>24V<\/td>\n<\/tr>\n<tr>\n<th>Capacitate nominal\u0103<\/th>\n<td>10Ah<\/td>\n<\/tr>\n<tr>\n<th>Tip baterie<\/th>\n<td>18650 litiu-ion<\/td>\n<\/tr>\n<tr>\n<th>Marca comercial\u0103<\/th>\n<td>DELONGTOP<\/td>\n<\/tr>\n<tr>\n<th>Greutate<\/th>\n<td>3 kg<\/td>\n<\/tr>\n<tr>\n<th>Capacitatea de produc\u021bie<\/th>\n<td>20.000 buc\/lun\u0103<\/td>\n<\/tr>\n<tr>\n<th>Origine<\/th>\n<td>China<\/td>\n<\/tr>\n<tr>\n<th>Pachet de transport<\/th>\n<td>Pachet standard de export<\/td>\n<\/tr>\n<tr>\n<th>Dimensiune<\/th>\n<td>Personalizat<\/td>\n<\/tr>\n<\/table>\n<h2>Specifica\u021bii electrice<\/h2>\n<table>\n<tr>\n<th>Tensiune nominal\u0103<\/th>\n<td>24V<\/td>\n<\/tr>\n<tr>\n<th>Capacitate nominal\u0103<\/th>\n<td>10Ah<\/td>\n<\/tr>\n<tr>\n<th>Rezisten\u021b\u0103 intern\u0103<\/th>\n<td>&lt; 40 m\u03a9<\/td>\n<\/tr>\n<tr>\n<th>Configura\u021bia celulei<\/th>\n<td>6S4P (24 celule)<\/td>\n<\/tr>\n<tr>\n<th>Tip de celul\u0103<\/th>\n<td>18650 (3.7V 2500mAh)<\/td>\n<\/tr>\n<tr>\n<th>Mod de \u00eenc\u0103rcare<\/th>\n<td>CC\/CV<\/td>\n<\/tr>\n<tr>\n<th>Curent de \u00eenc\u0103rcare standard<\/th>\n<td>2A<\/td>\n<\/tr>\n<tr>\n<th>Curent de \u00eenc\u0103rcare rapid\u0103<\/th>\n<td>5A<\/td>\n<\/tr>\n<tr>\n<th>Timp de \u00eenc\u0103rcare (standard)<\/th>\n<td>8 ore<\/td>\n<\/tr>\n<tr>\n<th>Timp de \u00eenc\u0103rcare (rapid)<\/th>\n<td>3 ore<\/td>\n<\/tr>\n<tr>\n<th>Tensiunea de \u00eenc\u0103rcare<\/th>\n<td>42V<\/td>\n<\/tr>\n<tr>\n<th>Tensiune de intrare de \u00eenc\u0103rcare<\/th>\n<td>110V ~ 240V<\/td>\n<\/tr>\n<tr>\n<th>Desc\u0103rcare continu\u0103 maxim\u0103<\/th>\n<td>15A<\/td>\n<\/tr>\n<tr>\n<th>Curent de lucru<\/th>\n<td>30A<\/td>\n<\/tr>\n<tr>\n<th>Intervalul temperaturii de \u00eenc\u0103rcare<\/th>\n<td>-20\u00b0C ~ 60\u00b0C<\/td>\n<\/tr>\n<tr>\n<th>Intervalul temperaturii de desc\u0103rcare<\/th>\n<td>-20\u00b0C ~ 60\u00b0C<\/td>\n<\/tr>\n<tr>\n<th>Ciclul de via\u021b\u0103<\/th>\n<td>500 de cicluri<\/td>\n<\/tr>\n<\/table>\n<h2>Caracteristici baterie<\/h2>\n<div class=\"features-grid\">\n<div class=\"feature-box\">\n      <strong>Design compact Frog<\/strong><br \/>\n      U\u0219or de instalat pe rafturile din spate folosind placa fix\u0103 \u0219i mecanismul de blocare cu cheie.\n    <\/div>\n<div class=\"feature-box\">\n      <strong>Protec\u021bie BMS \u00eencorporat\u0103<\/strong><br \/>\n      Protejeaz\u0103 \u00eempotriva supra\u00eenc\u0103rc\u0103rii, supradesc\u0103rc\u0103rii, scurtcircuitului \u0219i dezechilibrului celulelor.\n    <\/div>\n<div class=\"feature-box\">\n      <strong>Ecologic<\/strong><br \/>\n      F\u0103r\u0103 materiale toxice, \u00een conformitate cu certific\u0103rile CE, ROHS, UN38.3, MSDS.\n    <\/div>\n<div class=\"feature-box\">\n      <strong>Gam\u0103 larg\u0103 de temperaturi<\/strong><br \/>\n      Func\u021bioneaz\u0103 fiabil de la -20\u00b0C la 60\u00b0C.\n    <\/div>\n<div class=\"feature-box\">\n      <strong>\u00cenc\u0103rcare rapid\u0103<\/strong><br \/>\n      Capacitate de \u00eenc\u0103rcare rapid\u0103 de p\u00e2n\u0103 la 5A cu re\u00eenc\u0103rcare complet\u0103 rapid\u0103 de 3 ore.\n    <\/div>\n<div class=\"feature-box\">\n      <strong>Dimensiune personalizabil\u0103<\/strong><br \/>\n      Dimensiunile pot fi adaptate pentru cadre sau incinte specifice pentru biciclete electronice.\n    <\/div>\n<\/p><\/div>\n<h2>Aplica\u021bii<\/h2>\n<ul>\n<li>Biciclete electrice \u0219i E-Scootere<\/li>\n<li>Triciclete electrice \u0219i vehicule de mobilitate<\/li>\n<li>Scaune cu rotile electrice \u0219i c\u0103rucioare de golf<\/li>\n<li>Vehicule electrice u\u0219oare cu dou\u0103 ro\u021bi<\/li>\n<\/ul>\n<h2>Garan\u021bie<\/h2>\n<ul>\n<li>Garan\u021bie de 1 an oferit\u0103 de produc\u0103tor.<\/li>\n<li>Garan\u021bia exclude daunele cauzate de utilizarea necorespunz\u0103toare, p\u0103trunderea apei, scurtcircuite sau manipularea defectuoas\u0103 a logisticii.<\/li>\n<li>Produsele trebuie returnate \u00een starea original\u0103 pentru repara\u021bii sau \u00eenlocuire.<\/li>\n<\/ul>\n<h2>De ce s\u0103 ne alege\u021bi<\/h2>\n<ul>\n<li>Servicii OEM &amp; ODM cu design personalizat<\/li>\n<li>100% testat \u0219i inspectat \u00eenainte de expediere<\/li>\n<li>Ambalare stabil\u0103 \u0219i livrare rapid\u0103<\/li>\n<li>Calitate fiabil\u0103 cu pre\u021buri competitive<\/li>\n<\/ul>","protected":false},"excerpt":{"rendered":"<p>Pachetul de baterii litiu-ion DEL-24V10AH are un design compact \u00een stil broasc\u0103, perfect pentru biciclete \u0219i scutere electrice. Cu o capacitate de 24V 10Ah, protec\u021bie BMS \u00eencorporat\u0103 \u0219i suport pentru \u00eenc\u0103rcare rapid\u0103, acesta ofer\u0103 putere fiabil\u0103, durat\u0103 lung\u0103 de via\u021b\u0103 \u0219i performan\u021be ridicate de siguran\u021b\u0103 - ideal pentru naveta zilnic\u0103 \u0219i vehiculele electrice u\u0219oare<\/p>","protected":false},"featured_media":2218,"comment_status":"open","ping_status":"closed","template":"","meta":{"_uag_custom_page_level_css":"","neve_meta_sidebar":"","neve_meta_container":"","neve_meta_enable_content_width":"off","neve_meta_content_width":100,"neve_meta_title_alignment":"","neve_meta_author_avatar":"","neve_post_elements_order":"","neve_meta_disable_header":"","neve_meta_disable_footer":"","neve_meta_disable_title":""},"product_brand":[],"product_cat":[46,45,43],"product_tag":[],"class_list":{"0":"post-2221","1":"product","2":"type-product","3":"status-publish","4":"has-post-thumbnail","6":"product_cat-24v-e-bike-battery","7":"product_cat-e-bike-battery","8":"product_cat-power-battery","10":"first","11":"instock","12":"shipping-taxable","13":"product-type-simple"},"uagb_featured_image_src":{"full":["https:\/\/ecavix.com\/wp-content\/uploads\/2025\/07\/24V-10ah-15ah-Electric-Bicycle-Battery-Little-Frosch-Type-for-300W-Ebike2-800-800.webp",550,550,false],"thumbnail":["https:\/\/ecavix.com\/wp-content\/uploads\/2025\/07\/24V-10ah-15ah-Electric-Bicycle-Battery-Little-Frosch-Type-for-300W-Ebike2-800-800-150x150.webp",150,150,true],"medium":["https:\/\/ecavix.com\/wp-content\/uploads\/2025\/07\/24V-10ah-15ah-Electric-Bicycle-Battery-Little-Frosch-Type-for-300W-Ebike2-800-800-300x300.webp",300,300,true],"medium_large":["https:\/\/ecavix.com\/wp-content\/uploads\/2025\/07\/24V-10ah-15ah-Electric-Bicycle-Battery-Little-Frosch-Type-for-300W-Ebike2-800-800.webp",550,550,false],"large":["https:\/\/ecavix.com\/wp-content\/uploads\/2025\/07\/24V-10ah-15ah-Electric-Bicycle-Battery-Little-Frosch-Type-for-300W-Ebike2-800-800.webp",550,550,false],"1536x1536":["https:\/\/ecavix.com\/wp-content\/uploads\/2025\/07\/24V-10ah-15ah-Electric-Bicycle-Battery-Little-Frosch-Type-for-300W-Ebike2-800-800.webp",550,550,false],"2048x2048":["https:\/\/ecavix.com\/wp-content\/uploads\/2025\/07\/24V-10ah-15ah-Electric-Bicycle-Battery-Little-Frosch-Type-for-300W-Ebike2-800-800.webp",550,550,false],"trp-custom-language-flag":["https:\/\/ecavix.com\/wp-content\/uploads\/2025\/07\/24V-10ah-15ah-Electric-Bicycle-Battery-Little-Frosch-Type-for-300W-Ebike2-800-800.webp",12,12,false],"neve-blog":["https:\/\/ecavix.com\/wp-content\/uploads\/2025\/07\/24V-10ah-15ah-Electric-Bicycle-Battery-Little-Frosch-Type-for-300W-Ebike2-800-800.webp",550,550,false],"woocommerce_thumbnail":["https:\/\/ecavix.com\/wp-content\/uploads\/2025\/07\/24V-10ah-15ah-Electric-Bicycle-Battery-Little-Frosch-Type-for-300W-Ebike2-800-800-300x300.webp",300,300,true],"woocommerce_single":["https:\/\/ecavix.com\/wp-content\/uploads\/2025\/07\/24V-10ah-15ah-Electric-Bicycle-Battery-Little-Frosch-Type-for-300W-Ebike2-800-800.webp",550,550,false],"woocommerce_gallery_thumbnail":["https:\/\/ecavix.com\/wp-content\/uploads\/2025\/07\/24V-10ah-15ah-Electric-Bicycle-Battery-Little-Frosch-Type-for-300W-Ebike2-800-800-100x100.webp",100,100,true]},"uagb_author_info":{"display_name":"solvitaenergylimited@gmail.com","author_link":"https:\/\/ecavix.com\/ro\/author\/"},"uagb_comment_info":0,"uagb_excerpt":"The DEL-24V10AH lithium-ion battery pack features a compact frog-style design, perfect for electric bikes and scooters. With a 24V 10Ah capacity, built-in BMS protection, and fast charging support, it delivers reliable power, long cycle life, and high safety performance\u2014ideal for daily commuting and light electric vehicles","_links":{"self":[{"href":"https:\/\/ecavix.com\/ro\/wp-json\/wp\/v2\/product\/2221","targetHints":{"allow":["GET"]}}],"collection":[{"href":"https:\/\/ecavix.com\/ro\/wp-json\/wp\/v2\/product"}],"about":[{"href":"https:\/\/ecavix.com\/ro\/wp-json\/wp\/v2\/types\/product"}],"replies":[{"embeddable":true,"href":"https:\/\/ecavix.com\/ro\/wp-json\/wp\/v2\/comments?post=2221"}],"wp:featuredmedia":[{"embeddable":true,"href":"https:\/\/ecavix.com\/ro\/wp-json\/wp\/v2\/media\/2218"}],"wp:attachment":[{"href":"https:\/\/ecavix.com\/ro\/wp-json\/wp\/v2\/media?parent=2221"}],"wp:term":[{"taxonomy":"product_brand","embeddable":true,"href":"https:\/\/ecavix.com\/ro\/wp-json\/wp\/v2\/product_brand?post=2221"},{"taxonomy":"product_cat","embeddable":true,"href":"https:\/\/ecavix.com\/ro\/wp-json\/wp\/v2\/product_cat?post=2221"},{"taxonomy":"product_tag","embeddable":true,"href":"https:\/\/ecavix.com\/ro\/wp-json\/wp\/v2\/product_tag?post=2221"}],"curies":[{"name":"wp","href":"https:\/\/api.w.org\/{rel}","templated":true}]}}