{"id":2203,"date":"2025-07-17T07:24:17","date_gmt":"2025-07-17T07:24:17","guid":{"rendered":"https:\/\/ecavix.com\/?post_type=product&#038;p=2203"},"modified":"2025-07-18T03:48:48","modified_gmt":"2025-07-18T03:48:48","slug":"fabrica-ciclu-adanc-oem-litiu-ion-pachet-de-baterii-24v-20ah-30ah-40ah-reincarcabila-li-ion-18650","status":"publish","type":"product","link":"https:\/\/ecavix.com\/ro\/product\/factory-deep-cycle-oem-lithium-ion-battery-pack-24v-20ah-30ah-40ah-rechargeable-li-ion-18650\/","title":{"rendered":"Factory Deep Cycle OEM Litiu Ion baterie Pack 24V 20ah 30ah 40ah re\u00eenc\u0103rcabil\u0103 Li-ion 18650"},"content":{"rendered":"<br \/>\n<style>\n<p>    h1, h2 {\n      color: #2c3e50;\n    }\n    h1 {\n      border-bottom: 2px solid #3ca860;\n      padding-bottom: 10px;\n    }\n    h2 {\n      background-color: #f8f9fa;\n      padding: 8px 12px;\n      border-left: 4px solid #3ca860;\n      margin-top: 30px;\n    }\n    table {\n      width: 100%;\n      border-collapse: collapse;\n      margin: 15px 0;\n    }\n    th, td {\n      padding: 12px 15px;\n      text-align: left;\n      border: 1px solid #ddd;\n    }\n    th {\n      background-color: #3ca860;\n      color: white;\n    }\n    tr:nth-child(even) {\n      background-color: #f2f2f2;\n    }\n    .feature-grid {\n      display: grid;\n      grid-template-columns: repeat(2, 1fr);\n      gap: 15px;\n      margin: 20px 0;\n    }\n    .feature-card {\n      background-color: #e8f5ee;\n      padding: 15px;\n      border-radius: 5px;\n      border-left: 4px solid #3ca860;\n    }\n    .protection-grid {\n      display: grid;\n      grid-template-columns: repeat(3, 1fr);\n      gap: 10px;\n      margin: 20px 0;\n    }\n    .protection-item {\n      background-color: #f0f9f3;\n      padding: 12px;\n      border-radius: 5px;\n      text-align: center;\n      border: 1px solid #3ca860;\n    }\n    @media (max-width: 768px) {\n      .feature-grid, .protection-grid {\n        grid-template-columns: 1fr;\n      }\n    }\n  <\/style>\n<h2>Prezentare general\u0103 a produsului<\/h2>\n<table>\n<tr>\n<th>Num\u0103rul modelului<\/th>\n<td>DL-24V 18650<\/td>\n<\/tr>\n<tr>\n<th>Tensiune nominal\u0103<\/th>\n<td>24V<\/td>\n<\/tr>\n<tr>\n<th>Capacitate nominal\u0103<\/th>\n<td>20Ah sau personalizat<\/td>\n<\/tr>\n<tr>\n<th>Tip baterie<\/th>\n<td>18650 Li-ion<\/td>\n<\/tr>\n<tr>\n<th>Carcas\u0103 baterie<\/th>\n<td>PVC Wrap<\/td>\n<\/tr>\n<tr>\n<th>Dimensiuni<\/th>\n<td>Personalizat<\/td>\n<\/tr>\n<tr>\n<th>Greutate<\/th>\n<td>Personalizat<\/td>\n<\/tr>\n<tr>\n<th>Capacitatea de produc\u021bie<\/th>\n<td>10000 buc\/lun\u0103<\/td>\n<\/tr>\n<tr>\n<th>Codul SA<\/th>\n<td>8507600090<\/td>\n<\/tr>\n<\/table>\n<h2>Specifica\u021bii tehnice<\/h2>\n<table>\n<tr>\n<th>Capacitate nominal\u0103<\/th>\n<td>20 Ah (personalizabil)<\/td>\n<\/tr>\n<tr>\n<th>Curent de desc\u0103rcare<\/th>\n<td>Normal: 1C, Max: 2C (\u22645min)<\/td>\n<\/tr>\n<tr>\n<th>Tensiunea de deconectare a desc\u0103rc\u0103rii<\/th>\n<td>18.8V<\/td>\n<\/tr>\n<tr>\n<th>Metoda de \u00eenc\u0103rcare<\/th>\n<td>CC\/CV cu \u00eenc\u0103rc\u0103tor profesional<\/td>\n<\/tr>\n<tr>\n<th>Curent de \u00eenc\u0103rcare<\/th>\n<td>0.5C<\/td>\n<\/tr>\n<tr>\n<th>Tensiunea de oprire a \u00eenc\u0103rc\u0103rii<\/th>\n<td>29.2\u00b10.1V<\/td>\n<\/tr>\n<tr>\n<th>Rezisten\u021ba interioar\u0103<\/th>\n<td>\u226480m\u03a9<\/td>\n<\/tr>\n<tr>\n<th>Temperatura de \u00eenc\u0103rcare<\/th>\n<td>0\u00baC ~ +45\u00baC<\/td>\n<\/tr>\n<tr>\n<th>Temperatura de desc\u0103rcare<\/th>\n<td>-20\u00baC ~ +60\u00baC<\/td>\n<\/tr>\n<tr>\n<th>Intervalul de umiditate<\/th>\n<td>RH \u2264 85%<\/td>\n<\/tr>\n<tr>\n<th>Ciclul de via\u021b\u0103<\/th>\n<td>~500 de cicluri<\/td>\n<\/tr>\n<\/table>\n<h2>Caracteristici de siguran\u021b\u0103<\/h2>\n<div class=\"protection-grid\">\n<div class=\"protection-item\">Protec\u021bie la supra\u00eenc\u0103rcare<\/div>\n<div class=\"protection-item\">Protec\u021bie la supradesc\u0103rcare<\/div>\n<div class=\"protection-item\">Protec\u021bie la supracurent<\/div>\n<div class=\"protection-item\">Protec\u021bie la scurtcircuit<\/div>\n<div class=\"protection-item\">Protec\u021bia \u00eempotriva temperaturii<\/div>\n<div class=\"protection-item\">Func\u021bie echilibrat\u0103<\/div>\n<\/p><\/div>\n<h2>Caracteristici principale<\/h2>\n<div class=\"feature-grid\">\n<div class=\"feature-card\">\n      <strong>F\u0103r\u0103 efect de memorie<\/strong><\/p>\n<p>Poate fi \u00eenc\u0103rcat f\u0103r\u0103 a afecta performan\u021ba.<\/p>\n<\/p><\/div>\n<div class=\"feature-card\">\n      <strong>Ecologic<\/strong><\/p>\n<p>F\u0103r\u0103 mercur, f\u0103r\u0103 foc, f\u0103r\u0103 explozie, f\u0103r\u0103 scurgeri.<\/p>\n<\/p><\/div>\n<div class=\"feature-card\">\n      <strong>Rata sc\u0103zut\u0103 de autodesc\u0103rcare<\/strong><\/p>\n<p>Stocare eficient\u0103 a energiei cu pierderi minime.<\/p>\n<\/p><\/div>\n<div class=\"feature-card\">\n      <strong>Densitate energetic\u0103 ridicat\u0103<\/strong><\/p>\n<p>Mai mult\u0103 putere \u00eentr-o form\u0103 mai mic\u0103, u\u0219oar\u0103.<\/p>\n<\/p><\/div>\n<div class=\"feature-card\">\n      <strong>Dimensiune \u0219i capacitate personalizabile<\/strong><\/p>\n<p>Op\u021biuni flexibile de proiectare pentru a r\u0103spunde nevoilor specifice.<\/p>\n<\/p><\/div>\n<div class=\"feature-card\">\n      <strong>Ciclu de via\u021b\u0103 lung<\/strong><\/p>\n<p>Durabil pentru mai mult de 500 de cicluri de \u00eenc\u0103rcare\/desc\u0103rcare.<\/p>\n<\/p><\/div>\n<\/p><\/div>\n<h2>Aplica\u021bii<\/h2>\n<table>\n<tr>\n<th>Utilizare primar\u0103<\/th>\n<td>Biciclete, motociclete, unelte electrice<\/td>\n<\/tr>\n<tr>\n<th>Alte utiliz\u0103ri<\/th>\n<td>Vehicule electrice, produse solare, lumini<\/td>\n<\/tr>\n<\/table>\n<h2>Certificare \u0219i garan\u021bie<\/h2>\n<table>\n<tr>\n<th>Certificat<\/th>\n<td>CE, RoHS, UN38.3, MSDS<\/td>\n<\/tr>\n<tr>\n<th>Garan\u021bie<\/th>\n<td>1 an<\/td>\n<\/tr>\n<\/table>","protected":false},"excerpt":{"rendered":"<p>Fabrica de ciclu profund OEM litiu ion pachet de baterii 24V 20Ah 30Ah 40Ah Li-ion 18650 baterii re\u00eenc\u0103rcabile 24v litiu pachet de baterii Caracteristici de baz\u0103<\/p>","protected":false},"featured_media":2204,"comment_status":"open","ping_status":"closed","template":"","meta":{"_uag_custom_page_level_css":"","neve_meta_sidebar":"","neve_meta_container":"","neve_meta_enable_content_width":"off","neve_meta_content_width":100,"neve_meta_title_alignment":"","neve_meta_author_avatar":"","neve_post_elements_order":"","neve_meta_disable_header":"","neve_meta_disable_footer":"","neve_meta_disable_title":""},"product_brand":[],"product_cat":[46,45,53,43,55],"product_tag":[],"class_list":{"0":"post-2203","1":"product","2":"type-product","3":"status-publish","4":"has-post-thumbnail","6":"product_cat-24v-e-bike-battery","7":"product_cat-e-bike-battery","8":"product_cat-low-speed-electric-vehicle-battery","9":"product_cat-power-battery","10":"product_cat-scooter-battery","12":"first","13":"instock","14":"shipping-taxable","15":"product-type-simple"},"uagb_featured_image_src":{"full":["https:\/\/ecavix.com\/wp-content\/uploads\/2025\/07\/Factory-Deep-Cycle-OEM-Lithium-Ion-Battery-Pack-24V-20ah-30ah-40ah-Rechargeable-Li-ion-18650-Batteri-800-800.webp",550,550,false],"thumbnail":["https:\/\/ecavix.com\/wp-content\/uploads\/2025\/07\/Factory-Deep-Cycle-OEM-Lithium-Ion-Battery-Pack-24V-20ah-30ah-40ah-Rechargeable-Li-ion-18650-Batteri-800-800-150x150.webp",150,150,true],"medium":["https:\/\/ecavix.com\/wp-content\/uploads\/2025\/07\/Factory-Deep-Cycle-OEM-Lithium-Ion-Battery-Pack-24V-20ah-30ah-40ah-Rechargeable-Li-ion-18650-Batteri-800-800-300x300.webp",300,300,true],"medium_large":["https:\/\/ecavix.com\/wp-content\/uploads\/2025\/07\/Factory-Deep-Cycle-OEM-Lithium-Ion-Battery-Pack-24V-20ah-30ah-40ah-Rechargeable-Li-ion-18650-Batteri-800-800.webp",550,550,false],"large":["https:\/\/ecavix.com\/wp-content\/uploads\/2025\/07\/Factory-Deep-Cycle-OEM-Lithium-Ion-Battery-Pack-24V-20ah-30ah-40ah-Rechargeable-Li-ion-18650-Batteri-800-800.webp",550,550,false],"1536x1536":["https:\/\/ecavix.com\/wp-content\/uploads\/2025\/07\/Factory-Deep-Cycle-OEM-Lithium-Ion-Battery-Pack-24V-20ah-30ah-40ah-Rechargeable-Li-ion-18650-Batteri-800-800.webp",550,550,false],"2048x2048":["https:\/\/ecavix.com\/wp-content\/uploads\/2025\/07\/Factory-Deep-Cycle-OEM-Lithium-Ion-Battery-Pack-24V-20ah-30ah-40ah-Rechargeable-Li-ion-18650-Batteri-800-800.webp",550,550,false],"trp-custom-language-flag":["https:\/\/ecavix.com\/wp-content\/uploads\/2025\/07\/Factory-Deep-Cycle-OEM-Lithium-Ion-Battery-Pack-24V-20ah-30ah-40ah-Rechargeable-Li-ion-18650-Batteri-800-800.webp",12,12,false],"neve-blog":["https:\/\/ecavix.com\/wp-content\/uploads\/2025\/07\/Factory-Deep-Cycle-OEM-Lithium-Ion-Battery-Pack-24V-20ah-30ah-40ah-Rechargeable-Li-ion-18650-Batteri-800-800.webp",550,550,false],"woocommerce_thumbnail":["https:\/\/ecavix.com\/wp-content\/uploads\/2025\/07\/Factory-Deep-Cycle-OEM-Lithium-Ion-Battery-Pack-24V-20ah-30ah-40ah-Rechargeable-Li-ion-18650-Batteri-800-800-300x300.webp",300,300,true],"woocommerce_single":["https:\/\/ecavix.com\/wp-content\/uploads\/2025\/07\/Factory-Deep-Cycle-OEM-Lithium-Ion-Battery-Pack-24V-20ah-30ah-40ah-Rechargeable-Li-ion-18650-Batteri-800-800.webp",550,550,false],"woocommerce_gallery_thumbnail":["https:\/\/ecavix.com\/wp-content\/uploads\/2025\/07\/Factory-Deep-Cycle-OEM-Lithium-Ion-Battery-Pack-24V-20ah-30ah-40ah-Rechargeable-Li-ion-18650-Batteri-800-800-100x100.webp",100,100,true]},"uagb_author_info":{"display_name":"solvitaenergylimited@gmail.com","author_link":"https:\/\/ecavix.com\/ro\/author\/"},"uagb_comment_info":0,"uagb_excerpt":"Factory deep cycle OEM lithium ion battery pack 24V 20Ah 30Ah 40Ah Rechargeable li-ion 18650 batteries 24v lithium battery pack Basic Characteristics","_links":{"self":[{"href":"https:\/\/ecavix.com\/ro\/wp-json\/wp\/v2\/product\/2203","targetHints":{"allow":["GET"]}}],"collection":[{"href":"https:\/\/ecavix.com\/ro\/wp-json\/wp\/v2\/product"}],"about":[{"href":"https:\/\/ecavix.com\/ro\/wp-json\/wp\/v2\/types\/product"}],"replies":[{"embeddable":true,"href":"https:\/\/ecavix.com\/ro\/wp-json\/wp\/v2\/comments?post=2203"}],"wp:featuredmedia":[{"embeddable":true,"href":"https:\/\/ecavix.com\/ro\/wp-json\/wp\/v2\/media\/2204"}],"wp:attachment":[{"href":"https:\/\/ecavix.com\/ro\/wp-json\/wp\/v2\/media?parent=2203"}],"wp:term":[{"taxonomy":"product_brand","embeddable":true,"href":"https:\/\/ecavix.com\/ro\/wp-json\/wp\/v2\/product_brand?post=2203"},{"taxonomy":"product_cat","embeddable":true,"href":"https:\/\/ecavix.com\/ro\/wp-json\/wp\/v2\/product_cat?post=2203"},{"taxonomy":"product_tag","embeddable":true,"href":"https:\/\/ecavix.com\/ro\/wp-json\/wp\/v2\/product_tag?post=2203"}],"curies":[{"name":"wp","href":"https:\/\/api.w.org\/{rel}","templated":true}]}}