{"id":2199,"date":"2025-07-17T07:04:50","date_gmt":"2025-07-17T07:04:50","guid":{"rendered":"https:\/\/ecavix.com\/?post_type=product&#038;p=2199"},"modified":"2025-07-18T03:51:40","modified_gmt":"2025-07-18T03:51:40","slug":"personalizati-bateriile-20ah-reincarcabile-18650-7s4p-24v-10-4ah-li-ion-pachet-de-baterii-pentru-unelte","status":"publish","type":"product","link":"https:\/\/ecavix.com\/ro\/product\/customize-batteries-20ah-rechargeable-18650-7s4p-24v-10-4ah-li-ion-battery-pack-for-tools\/","title":{"rendered":"Personaliza\u021bi bateriile 20ah re\u00eenc\u0103rcabile 18650 7s4p 24V 10,4ah Li Ion pentru scule"},"content":{"rendered":"<br \/>\n<style>\n<p>    h1, h2 {\n      color: #2c3e50;\n    }\n    h1 {\n      border-bottom: 2px solid #3ca860;\n      padding-bottom: 10px;\n    }\n    h2 {\n      background-color: #f8f9fa;\n      padding: 8px 12px;\n      border-left: 4px solid #3ca860;\n      margin-top: 30px;\n    }\n    table {\n      width: 100%;\n      border-collapse: collapse;\n      margin: 15px 0;\n    }\n    th, td {\n      padding: 12px 15px;\n      text-align: left;\n      border: 1px solid #ddd;\n    }\n    th {\n      background-color: #3ca860;\n      color: white;\n    }\n    tr:nth-child(even) {\n      background-color: #f2f2f2;\n    }\n    .feature-grid {\n      display: grid;\n      grid-template-columns: repeat(2, 1fr);\n      gap: 15px;\n      margin: 20px 0;\n    }\n    .feature-card {\n      background-color: #e8f5ee;\n      padding: 15px;\n      border-radius: 5px;\n      border-left: 4px solid #3ca860;\n    }\n    .protection-grid {\n      display: grid;\n      grid-template-columns: repeat(3, 1fr);\n      gap: 10px;\n      margin: 20px 0;\n    }\n    .protection-item {\n      background-color: #f0f9f3;\n      padding: 12px;\n      border-radius: 5px;\n      text-align: center;\n      border: 1px solid #3ca860;\n    }\n    @media (max-width: 768px) {\n      .feature-grid, .protection-grid {\n        grid-template-columns: 1fr;\n      }\n    }\n  <\/style>\n<h2>Prezentare general\u0103 a produsului<\/h2>\n<table>\n<tr>\n<th>Num\u0103rul modelului<\/th>\n<td>DL-2410<\/td>\n<\/tr>\n<tr>\n<th>Tensiune nominal\u0103<\/th>\n<td>24V<\/td>\n<\/tr>\n<tr>\n<th>Capacitate nominal\u0103<\/th>\n<td>10Ah<\/td>\n<\/tr>\n<tr>\n<th>Tip baterie<\/th>\n<td>18650 Li-ion<\/td>\n<\/tr>\n<tr>\n<th>Dimensiuni<\/th>\n<td>Fabricat la comand\u0103<\/td>\n<\/tr>\n<tr>\n<th>Greutate<\/th>\n<td>Fabricat la comand\u0103<\/td>\n<\/tr>\n<tr>\n<th>Carcas\u0103 baterie<\/th>\n<td>PVC Wrap<\/td>\n<\/tr>\n<tr>\n<th>Material carcas\u0103<\/th>\n<td>PVC<\/td>\n<\/tr>\n<tr>\n<th>Capacitatea de produc\u021bie<\/th>\n<td>10000 buc\/s\u0103pt\u0103m\u00e2n\u0103<\/td>\n<\/tr>\n<tr>\n<th>Codul SA<\/th>\n<td>8507600090<\/td>\n<\/tr>\n<\/table>\n<h2>Specifica\u021bii tehnice<\/h2>\n<table>\n<tr>\n<th>Capacitate nominal\u0103<\/th>\n<td>10Ah (la 0,2C)<\/td>\n<\/tr>\n<tr>\n<th>Curent de desc\u0103rcare<\/th>\n<td>Normal: 1C, Max: 2C (\u22645min)<\/td>\n<\/tr>\n<tr>\n<th>Tensiunea de deconectare a desc\u0103rc\u0103rii<\/th>\n<td>18.8V<\/td>\n<\/tr>\n<tr>\n<th>Metoda de \u00eenc\u0103rcare<\/th>\n<td>CC\/CV cu \u00eenc\u0103rc\u0103tor profesional<\/td>\n<\/tr>\n<tr>\n<th>Curent de \u00eenc\u0103rcare<\/th>\n<td>0.5C<\/td>\n<\/tr>\n<tr>\n<th>Tensiunea de oprire a \u00eenc\u0103rc\u0103rii<\/th>\n<td>29.2\u00b10.1V<\/td>\n<\/tr>\n<tr>\n<th>Rezisten\u021ba interioar\u0103<\/th>\n<td>\u226480m\u03a9<\/td>\n<\/tr>\n<tr>\n<th>Temperatura de \u00eenc\u0103rcare<\/th>\n<td>0\u00baC ~ +45\u00baC<\/td>\n<\/tr>\n<tr>\n<th>Temperatura de desc\u0103rcare<\/th>\n<td>-20\u00baC ~ +60\u00baC<\/td>\n<\/tr>\n<tr>\n<th>Intervalul de umiditate<\/th>\n<td>RH \u2264 85%<\/td>\n<\/tr>\n<tr>\n<th>Ciclul de via\u021b\u0103<\/th>\n<td>500 p\u00e2n\u0103 la 800 de cicluri (p\u0103strarea capacit\u0103\u021bii \u226560%)<\/td>\n<\/tr>\n<\/table>\n<h2>Caracteristici de protec\u021bie a siguran\u021bei<\/h2>\n<div class=\"protection-grid\">\n<div class=\"protection-item\">Protec\u021bie la supra\u00eenc\u0103rcare<\/div>\n<div class=\"protection-item\">Protec\u021bie la supradesc\u0103rcare<\/div>\n<div class=\"protection-item\">Protec\u021bie la supracurent<\/div>\n<div class=\"protection-item\">Protec\u021bie la scurtcircuit<\/div>\n<div class=\"protection-item\">Protec\u021bia \u00eempotriva temperaturii<\/div>\n<div class=\"protection-item\">Func\u021bie echilibrat\u0103<\/div>\n<\/p><\/div>\n<h2>Caracteristici principale<\/h2>\n<div class=\"feature-grid\">\n<div class=\"feature-card\">\n      <strong>Prietenos cu mediul<\/strong><\/p>\n<p>F\u0103r\u0103 mercur, f\u0103r\u0103 foc, f\u0103r\u0103 explozie, f\u0103r\u0103 scurgeri.<\/p>\n<\/p><\/div>\n<div class=\"feature-card\">\n      <strong>Densitate energetic\u0103 ridicat\u0103<\/strong><\/p>\n<p>Capacitate ridicat\u0103 pentru furnizarea fiabil\u0103 a energiei.<\/p>\n<\/p><\/div>\n<div class=\"feature-card\">\n      <strong>Design u\u0219or<\/strong><\/p>\n<p>Stocare eficient\u0103 a energiei cu o greutate minim\u0103.<\/p>\n<\/p><\/div>\n<div class=\"feature-card\">\n      <strong>Ciclu de via\u021b\u0103 lung<\/strong><\/p>\n<p>Poate fi \u00eenc\u0103rcat de p\u00e2n\u0103 la 500-800 de ori.<\/p>\n<\/p><\/div>\n<div class=\"feature-card\">\n      <strong>\u00cenc\u0103rcare rapid\u0103<\/strong><\/p>\n<p>Capacitate de \u00eenc\u0103rcare la 90% \u00een 10 minute.<\/p>\n<\/p><\/div>\n<div class=\"feature-card\">\n      <strong>Grosime reglabil\u0103<\/strong><\/p>\n<p>Grosimea poate fi personalizat\u0103, \u00een timp ce l\u0103\u021bimea \u0219i \u00een\u0103l\u021bimea r\u0103m\u00e2n acelea\u0219i.<\/p>\n<\/p><\/div>\n<\/p><\/div>\n<h2>Aplica\u021bii<\/h2>\n<table>\n<tr>\n<th>Utilizare primar\u0103<\/th>\n<td>Scooter electric, motociclet\u0103, barc\u0103<\/td>\n<\/tr>\n<tr>\n<th>Alte utiliz\u0103ri<\/th>\n<td>Vehicule electrice, juc\u0103rii electronice, ma\u0219ini de golf<\/td>\n<\/tr>\n<\/table>","protected":false},"excerpt":{"rendered":"<p>Ecologic<br \/>\nUnelte electrice; scuter, motociclet\u0103, barc\u0103<br \/>\nVehicul electric;<br \/>\nJuc\u0103rii electronice;<br \/>\nMa\u0219in\u0103 de golf, etc;<\/p>","protected":false},"featured_media":2190,"comment_status":"open","ping_status":"closed","template":"","meta":{"_uag_custom_page_level_css":"","neve_meta_sidebar":"","neve_meta_container":"","neve_meta_enable_content_width":"off","neve_meta_content_width":100,"neve_meta_title_alignment":"","neve_meta_author_avatar":"","neve_post_elements_order":"","neve_meta_disable_header":"","neve_meta_disable_footer":"","neve_meta_disable_title":""},"product_brand":[],"product_cat":[46,45,53,43,55],"product_tag":[],"class_list":{"0":"post-2199","1":"product","2":"type-product","3":"status-publish","4":"has-post-thumbnail","6":"product_cat-24v-e-bike-battery","7":"product_cat-e-bike-battery","8":"product_cat-low-speed-electric-vehicle-battery","9":"product_cat-power-battery","10":"product_cat-scooter-battery","12":"first","13":"instock","14":"shipping-taxable","15":"product-type-simple"},"uagb_featured_image_src":{"full":["https:\/\/ecavix.com\/wp-content\/uploads\/2025\/07\/Customized-25-9V-10-4ah-Lithium-Ion-Rechargeable-Batteries-Medical-Battery0-800-800.webp",550,550,false],"thumbnail":["https:\/\/ecavix.com\/wp-content\/uploads\/2025\/07\/Customized-25-9V-10-4ah-Lithium-Ion-Rechargeable-Batteries-Medical-Battery0-800-800-150x150.webp",150,150,true],"medium":["https:\/\/ecavix.com\/wp-content\/uploads\/2025\/07\/Customized-25-9V-10-4ah-Lithium-Ion-Rechargeable-Batteries-Medical-Battery0-800-800-300x300.webp",300,300,true],"medium_large":["https:\/\/ecavix.com\/wp-content\/uploads\/2025\/07\/Customized-25-9V-10-4ah-Lithium-Ion-Rechargeable-Batteries-Medical-Battery0-800-800.webp",550,550,false],"large":["https:\/\/ecavix.com\/wp-content\/uploads\/2025\/07\/Customized-25-9V-10-4ah-Lithium-Ion-Rechargeable-Batteries-Medical-Battery0-800-800.webp",550,550,false],"1536x1536":["https:\/\/ecavix.com\/wp-content\/uploads\/2025\/07\/Customized-25-9V-10-4ah-Lithium-Ion-Rechargeable-Batteries-Medical-Battery0-800-800.webp",550,550,false],"2048x2048":["https:\/\/ecavix.com\/wp-content\/uploads\/2025\/07\/Customized-25-9V-10-4ah-Lithium-Ion-Rechargeable-Batteries-Medical-Battery0-800-800.webp",550,550,false],"trp-custom-language-flag":["https:\/\/ecavix.com\/wp-content\/uploads\/2025\/07\/Customized-25-9V-10-4ah-Lithium-Ion-Rechargeable-Batteries-Medical-Battery0-800-800.webp",12,12,false],"neve-blog":["https:\/\/ecavix.com\/wp-content\/uploads\/2025\/07\/Customized-25-9V-10-4ah-Lithium-Ion-Rechargeable-Batteries-Medical-Battery0-800-800.webp",550,550,false],"woocommerce_thumbnail":["https:\/\/ecavix.com\/wp-content\/uploads\/2025\/07\/Customized-25-9V-10-4ah-Lithium-Ion-Rechargeable-Batteries-Medical-Battery0-800-800-300x300.webp",300,300,true],"woocommerce_single":["https:\/\/ecavix.com\/wp-content\/uploads\/2025\/07\/Customized-25-9V-10-4ah-Lithium-Ion-Rechargeable-Batteries-Medical-Battery0-800-800.webp",550,550,false],"woocommerce_gallery_thumbnail":["https:\/\/ecavix.com\/wp-content\/uploads\/2025\/07\/Customized-25-9V-10-4ah-Lithium-Ion-Rechargeable-Batteries-Medical-Battery0-800-800-100x100.webp",100,100,true]},"uagb_author_info":{"display_name":"solvitaenergylimited@gmail.com","author_link":"https:\/\/ecavix.com\/ro\/author\/"},"uagb_comment_info":0,"uagb_excerpt":"Environmental friendly Electric tools;scooter,motorcycle,boat Electric Vehicle; Electronic Toys; Golf Car, etc;","_links":{"self":[{"href":"https:\/\/ecavix.com\/ro\/wp-json\/wp\/v2\/product\/2199","targetHints":{"allow":["GET"]}}],"collection":[{"href":"https:\/\/ecavix.com\/ro\/wp-json\/wp\/v2\/product"}],"about":[{"href":"https:\/\/ecavix.com\/ro\/wp-json\/wp\/v2\/types\/product"}],"replies":[{"embeddable":true,"href":"https:\/\/ecavix.com\/ro\/wp-json\/wp\/v2\/comments?post=2199"}],"wp:featuredmedia":[{"embeddable":true,"href":"https:\/\/ecavix.com\/ro\/wp-json\/wp\/v2\/media\/2190"}],"wp:attachment":[{"href":"https:\/\/ecavix.com\/ro\/wp-json\/wp\/v2\/media?parent=2199"}],"wp:term":[{"taxonomy":"product_brand","embeddable":true,"href":"https:\/\/ecavix.com\/ro\/wp-json\/wp\/v2\/product_brand?post=2199"},{"taxonomy":"product_cat","embeddable":true,"href":"https:\/\/ecavix.com\/ro\/wp-json\/wp\/v2\/product_cat?post=2199"},{"taxonomy":"product_tag","embeddable":true,"href":"https:\/\/ecavix.com\/ro\/wp-json\/wp\/v2\/product_tag?post=2199"}],"curies":[{"name":"wp","href":"https:\/\/api.w.org\/{rel}","templated":true}]}}