{"id":2185,"date":"2025-07-17T06:06:49","date_gmt":"2025-07-17T06:06:49","guid":{"rendered":"https:\/\/ecavix.com\/?post_type=product&#038;p=2185"},"modified":"2025-07-17T08:33:10","modified_gmt":"2025-07-17T08:33:10","slug":"baterie-litiu-24-v-10-ah-pentru-bicicleta-electrica","status":"publish","type":"product","link":"https:\/\/ecavix.com\/ro\/product\/24v-10ah-lithium-battery-pack-for-ebike\/","title":{"rendered":"Baterie litiu 24V 10ah pentru Ebike"},"content":{"rendered":"<br \/>\n<style>\n<p>        h1, h2 {\n            color: #2c3e50;\n        }\n        h1 {\n            border-bottom: 2px solid #3ca860;\n            padding-bottom: 10px;\n        }\n        h2 {\n            background-color: #f8f9fa;\n            padding: 8px 12px;\n            border-left: 4px solid #3ca860;\n            margin-top: 30px;\n        }\n        table {\n            width: 100%;\n            border-collapse: collapse;\n            margin: 15px 0;\n            box-shadow: 0 1px 3px rgba(0,0,0,0.1);\n        }\n        th, td {\n            padding: 12px 15px;\n            text-align: left;\n            border: 1px solid #ddd;\n        }\n        th {\n            background-color: #3ca860;\n            color: white;\n            width: 25%;\n        }\n        tr:nth-child(even) {\n            background-color: #f2f2f2;\n        }\n        tr:hover {\n            background-color: #e8f5e9;\n        }\n        .specs-table th {\n            width: 30%;\n        }\n        .features {\n            display: grid;\n            grid-template-columns: repeat(2, 1fr);\n            gap: 15px;\n            margin: 20px 0;\n        }\n        .feature-card {\n            background-color: #e8f5e9;\n            padding: 15px;\n            border-radius: 5px;\n            border-left: 4px solid #3ca860;\n        }\n        @media (max-width: 768px) {\n            .features {\n                grid-template-columns: 1fr;\n            }\n        }\n    <\/style>\n<h1>Acumulator litiu Solvitaeco 24V 10Ah<\/h1>\n<h2>Informa\u021bii de baz\u0103<\/h2>\n<table>\n<tr>\n<th>Port<\/th>\n<td>Shenzhen, China<\/td>\n<\/tr>\n<tr>\n<th>Capacitatea de produc\u021bie<\/th>\n<td>1.000 de pachete\/s\u0103pt\u0103m\u00e2n\u0103<\/td>\n<\/tr>\n<tr>\n<th>Condi\u021bii de plat\u0103<\/th>\n<td>T\/T, Paypal<\/td>\n<\/tr>\n<tr>\n<th>Num\u0103r model.<\/th>\n<td>DL-7S4P<\/td>\n<\/tr>\n<tr>\n<th>Marca comercial\u0103<\/th>\n<td>Solvitaeco<\/td>\n<\/tr>\n<tr>\n<th>Pachet de transport<\/th>\n<td>Pachet standard de export<\/td>\n<\/tr>\n<tr>\n<th>Origine<\/th>\n<td>China<\/td>\n<\/tr>\n<tr>\n<th>Codul SA<\/th>\n<td>8507600090<\/td>\n<\/tr>\n<\/table>\n<h2>Specifica\u021bii tehnice<\/h2>\n<table class=\"specs-table\">\n<tr>\n<th>Tensiune nominal\u0103<\/th>\n<td>24V<\/td>\n<\/tr>\n<tr>\n<th>Capacitate nominal\u0103<\/th>\n<td>10 Ah (\u00b11 Ah la o rat\u0103 de desc\u0103rcare de 0,2 C)<\/td>\n<\/tr>\n<tr>\n<th>Tip baterie<\/th>\n<td>18650 Li-ion (LiNiCoMnO2)<\/td>\n<\/tr>\n<tr>\n<th>Configura\u021bie<\/th>\n<td>7S4P<\/td>\n<\/tr>\n<tr>\n<th>Dimensiuni<\/th>\n<td>137*90*70 mm (personalizabil)<\/td>\n<\/tr>\n<tr>\n<th>Greutate net\u0103<\/th>\n<td>1,5 \u00b1 0,1 kg<\/td>\n<\/tr>\n<tr>\n<th>Curent de desc\u0103rcare<\/th>\n<td>Normal: 1C | Maxim continuu: 2C (\u22645min)<\/td>\n<\/tr>\n<tr>\n<th>Tensiunea de deconectare a desc\u0103rc\u0103rii<\/th>\n<td>18.8V<\/td>\n<\/tr>\n<tr>\n<th>Curent de \u00eenc\u0103rcare<\/th>\n<td>0.5C<\/td>\n<\/tr>\n<tr>\n<th>Tensiunea de oprire a \u00eenc\u0103rc\u0103rii<\/th>\n<td>29.2\u00b10.1V<\/td>\n<\/tr>\n<tr>\n<th>Rezisten\u021ba interioar\u0103<\/th>\n<td>\u226480m\u03a9<\/td>\n<\/tr>\n<tr>\n<th>Temperatura de \u00eenc\u0103rcare<\/th>\n<td>0 \u00b0C ~ +45 \u00b0C<\/td>\n<\/tr>\n<tr>\n<th>Temperatura de desc\u0103rcare<\/th>\n<td>-20 \u00b0C ~ +60 \u00b0C<\/td>\n<\/tr>\n<tr>\n<th>Intervalul de umiditate<\/th>\n<td>RH\u226485%<\/td>\n<\/tr>\n<tr>\n<th>Func\u021bii de protec\u021bie<\/th>\n<td>Supra\u00eenc\u0103rcare, desc\u0103rcare excesiv\u0103, supracurent, func\u021bie de echilibrare<\/td>\n<\/tr>\n<tr>\n<th>Material carcas\u0103<\/th>\n<td>\u00cenvelitoare din PVC albastru<\/td>\n<\/tr>\n<tr>\n<th>Ciclul de via\u021b\u0103<\/th>\n<td>\u2265500 cicluri (rata de reten\u021bie a capacit\u0103\u021bii \u226580%)<\/td>\n<\/tr>\n<\/table>\n<h2>Caracteristici principale<\/h2>\n<div class=\"features\">\n<div class=\"feature-card\">\n            <strong>Protec\u021bie avansat\u0103 BMS<\/strong><\/p>\n<p>Protec\u021bie \u00eempotriva scurtcircuitelor, supra\u00eenc\u0103rc\u0103rii, desc\u0103rc\u0103rii excesive \u0219i supracurentului<\/p>\n<\/p><\/div>\n<div class=\"feature-card\">\n            <strong>Ciclu de via\u021b\u0103 lung<\/strong><\/p>\n<p>Peste 500 de cicluri de \u00eenc\u0103rcare cu o capacitate de reten\u021bie \u226580%<\/p>\n<\/p><\/div>\n<div class=\"feature-card\">\n            <strong>Gam\u0103 larg\u0103 de temperaturi<\/strong><\/p>\n<p>Performan\u021b\u0103 stabil\u0103 \u00eentre -20 \u00b0C \u0219i +60 \u00b0C<\/p>\n<\/p><\/div>\n<div class=\"feature-card\">\n            <strong>F\u0103r\u0103 efect de memorie<\/strong><\/p>\n<p>\u00cenc\u0103rca\u021bi oric\u00e2nd f\u0103r\u0103 pierderi de capacitate<\/p>\n<\/p><\/div>\n<div class=\"feature-card\">\n            <strong>Design u\u0219or<\/strong><\/p>\n<p>Doar 1,5 kg pentru o manipulare \u0219i instalare u\u0219oar\u0103<\/p>\n<\/p><\/div>\n<div class=\"feature-card\">\n            <strong>Aplica\u021bii versatile<\/strong><\/p>\n<p>Perfect pentru biciclete electrice, biciclete electrice, produse solare \u0219i sisteme de iluminat<\/p>\n<\/p><\/div>\n<\/p><\/div>\n<h2>Aplica\u021bii<\/h2>\n<table>\n<tr>\n<th>Transport electric<\/th>\n<td>Biciclete electrice, biciclete electrice, scutere<\/td>\n<\/tr>\n<tr>\n<th>Sisteme solare<\/th>\n<td>L\u0103mpi solare stradale, stocare energie solar\u0103<\/td>\n<\/tr>\n<tr>\n<th>Solu\u021bii de iluminat<\/th>\n<td>L\u0103mpi LED, iluminat de urgen\u021b\u0103<\/td>\n<\/tr>\n<tr>\n<th>Alimentare portabil\u0103<\/th>\n<td>Sisteme de alimentare de rezerv\u0103, dispozitive mobile<\/td>\n<\/tr>\n<\/table>","protected":false},"excerpt":{"rendered":"<p>\u2714 Specifica\u021bii cheie:<\/p>\n<p>Baterii Li-ion 7S4P 18650 (LiNiCoMnO2)<\/p>\n<p>Dimensiuni: 137 \u00d7 90 \u00d7 70 mm | Greutate: 1,5 kg<\/p>\n<p>Capacitate de 10 Ah | Peste 500 de cicluri (reten\u021bie 80%)<\/p>\n<p>Desc\u0103rcare 1C (2C max) | \u00cenc\u0103rcare CC\/CV<\/p>\n<p>\u2714 Siguran\u021b\u0103:<\/p>\n<p>BMS cu protec\u021bie \u00eempotriva supra\u00eenc\u0103rc\u0103rii\/desc\u0103rc\u0103rii\/curentului\/scurtcircuitului<\/p>\n<p>Carcas\u0103 din PVC albastru | Conform\u0103 cu UN38.3<\/p>\n<p>\u2714 Aplica\u021bii:<br \/>\nBiciclete electrice | Sisteme solare | Iluminat LED<\/p>\n<p>\ud83d\udd27 Personalizabil | \ud83d\udea2 1.000 de unit\u0103\u021bi\/s\u0103pt\u0103m\u00e2n\u0103 | \ud83d\udcb3 T\/T, PayPal<\/p>\n<p>Solvitaeco \u2013 Solu\u021bii energetice ecologice<\/p>","protected":false},"featured_media":2186,"comment_status":"open","ping_status":"closed","template":"","meta":{"_uag_custom_page_level_css":"","neve_meta_sidebar":"","neve_meta_container":"","neve_meta_enable_content_width":"off","neve_meta_content_width":100,"neve_meta_title_alignment":"","neve_meta_author_avatar":"","neve_post_elements_order":"","neve_meta_disable_header":"","neve_meta_disable_footer":"","neve_meta_disable_title":""},"product_brand":[],"product_cat":[46,45,43],"product_tag":[],"class_list":{"0":"post-2185","1":"product","2":"type-product","3":"status-publish","4":"has-post-thumbnail","6":"product_cat-24v-e-bike-battery","7":"product_cat-e-bike-battery","8":"product_cat-power-battery","10":"first","11":"instock","12":"shipping-taxable","13":"product-type-simple"},"uagb_featured_image_src":{"full":["https:\/\/ecavix.com\/wp-content\/uploads\/2025\/07\/24V-10ah-Lithium-Battery-Pack-for-Ebike0-800-800.webp",550,550,false],"thumbnail":["https:\/\/ecavix.com\/wp-content\/uploads\/2025\/07\/24V-10ah-Lithium-Battery-Pack-for-Ebike0-800-800-150x150.webp",150,150,true],"medium":["https:\/\/ecavix.com\/wp-content\/uploads\/2025\/07\/24V-10ah-Lithium-Battery-Pack-for-Ebike0-800-800-300x300.webp",300,300,true],"medium_large":["https:\/\/ecavix.com\/wp-content\/uploads\/2025\/07\/24V-10ah-Lithium-Battery-Pack-for-Ebike0-800-800.webp",550,550,false],"large":["https:\/\/ecavix.com\/wp-content\/uploads\/2025\/07\/24V-10ah-Lithium-Battery-Pack-for-Ebike0-800-800.webp",550,550,false],"1536x1536":["https:\/\/ecavix.com\/wp-content\/uploads\/2025\/07\/24V-10ah-Lithium-Battery-Pack-for-Ebike0-800-800.webp",550,550,false],"2048x2048":["https:\/\/ecavix.com\/wp-content\/uploads\/2025\/07\/24V-10ah-Lithium-Battery-Pack-for-Ebike0-800-800.webp",550,550,false],"trp-custom-language-flag":["https:\/\/ecavix.com\/wp-content\/uploads\/2025\/07\/24V-10ah-Lithium-Battery-Pack-for-Ebike0-800-800.webp",12,12,false],"neve-blog":["https:\/\/ecavix.com\/wp-content\/uploads\/2025\/07\/24V-10ah-Lithium-Battery-Pack-for-Ebike0-800-800.webp",550,550,false],"woocommerce_thumbnail":["https:\/\/ecavix.com\/wp-content\/uploads\/2025\/07\/24V-10ah-Lithium-Battery-Pack-for-Ebike0-800-800-300x300.webp",300,300,true],"woocommerce_single":["https:\/\/ecavix.com\/wp-content\/uploads\/2025\/07\/24V-10ah-Lithium-Battery-Pack-for-Ebike0-800-800.webp",550,550,false],"woocommerce_gallery_thumbnail":["https:\/\/ecavix.com\/wp-content\/uploads\/2025\/07\/24V-10ah-Lithium-Battery-Pack-for-Ebike0-800-800-100x100.webp",100,100,true]},"uagb_author_info":{"display_name":"solvitaenergylimited@gmail.com","author_link":"https:\/\/ecavix.com\/ro\/author\/"},"uagb_comment_info":0,"uagb_excerpt":"\u2714 Key Specs: 7S4P 18650 Li-ion cells (LiNiCoMnO2) Dimensions: 137\u00d790\u00d770mm | Weight: 1.5kg 10Ah capacity | 500+ cycles (80% retention) 1C discharge (2C max) | CC\/CV charging \u2714 Safety: BMS with overcharge\/discharge\/current\/short-circuit protection Blue PVC casing | UN38.3 compliant \u2714 Applications: E-bikes | Solar systems | LED lighting \ud83d\udd27 Customizable | \ud83d\udea2 1,000 units\/week |&hellip;","_links":{"self":[{"href":"https:\/\/ecavix.com\/ro\/wp-json\/wp\/v2\/product\/2185","targetHints":{"allow":["GET"]}}],"collection":[{"href":"https:\/\/ecavix.com\/ro\/wp-json\/wp\/v2\/product"}],"about":[{"href":"https:\/\/ecavix.com\/ro\/wp-json\/wp\/v2\/types\/product"}],"replies":[{"embeddable":true,"href":"https:\/\/ecavix.com\/ro\/wp-json\/wp\/v2\/comments?post=2185"}],"wp:featuredmedia":[{"embeddable":true,"href":"https:\/\/ecavix.com\/ro\/wp-json\/wp\/v2\/media\/2186"}],"wp:attachment":[{"href":"https:\/\/ecavix.com\/ro\/wp-json\/wp\/v2\/media?parent=2185"}],"wp:term":[{"taxonomy":"product_brand","embeddable":true,"href":"https:\/\/ecavix.com\/ro\/wp-json\/wp\/v2\/product_brand?post=2185"},{"taxonomy":"product_cat","embeddable":true,"href":"https:\/\/ecavix.com\/ro\/wp-json\/wp\/v2\/product_cat?post=2185"},{"taxonomy":"product_tag","embeddable":true,"href":"https:\/\/ecavix.com\/ro\/wp-json\/wp\/v2\/product_tag?post=2185"}],"curies":[{"name":"wp","href":"https:\/\/api.w.org\/{rel}","templated":true}]}}