{"id":2175,"date":"2025-07-17T05:51:38","date_gmt":"2025-07-17T05:51:38","guid":{"rendered":"https:\/\/ecavix.com\/?post_type=product&#038;p=2175"},"modified":"2025-07-17T08:32:49","modified_gmt":"2025-07-17T08:32:49","slug":"baterie-litiu-ion-personalizata-de-24-v-pentru-bicicleta-electrica","status":"publish","type":"product","link":"https:\/\/ecavix.com\/ro\/product\/customized-24v-li-ion-battery-pack-for-electric-bike\/","title":{"rendered":"Baterie Li Ion de 24V personalizat\u0103 pentru biciclete electrice"},"content":{"rendered":"<br \/>\n<style>\n<p>        h1, h2 {\n            color: #2c3e50;\n        }\n        h1 {\n            border-bottom: 2px solid #3ca860;\n            padding-bottom: 10px;\n        }\n        h2 {\n            background-color: #f8f9fa;\n            padding: 8px 12px;\n            border-left: 4px solid #3ca860;\n            margin-top: 30px;\n        }\n        table {\n            width: 100%;\n            border-collapse: collapse;\n            margin: 15px 0;\n            box-shadow: 0 1px 3px rgba(0,0,0,0.1);\n        }\n        th, td {\n            padding: 12px 15px;\n            text-align: left;\n            border: 1px solid #ddd;\n        }\n        th {\n            background-color: #3ca860;\n            color: white;\n            width: 25%;\n        }\n        tr:nth-child(even) {\n            background-color: #f2f2f2;\n        }\n        tr:hover {\n            background-color: #e9f7fe;\n        }\n        .specs-table th {\n            width: 30%;\n        }\n        .advantages {\n            display: grid;\n            grid-template-columns: repeat(4, 1fr);\n            gap: 15px;\n            margin: 20px 0;\n        }\n        .advantage-card {\n            background-color: #e3f2fd;\n            padding: 15px;\n            border-radius: 5px;\n            border-left: 4px solid #3ca860;\n        }\n        @media (max-width: 768px) {\n            .advantages {\n                grid-template-columns: 1fr;\n            }\n        }\n    <\/style>\n<h1>Acumulator litiu Solvitaeco 24V 15Ah<\/h1>\n<h2>Informa\u021bii de baz\u0103<\/h2>\n<table>\n<tr>\n<th>Port<\/th>\n<td>Shenzhen, China<\/td>\n<\/tr>\n<tr>\n<th>Capacitatea de produc\u021bie<\/th>\n<td>4.000 de pachete\/s\u0103pt\u0103m\u00e2n\u0103<\/td>\n<\/tr>\n<tr>\n<th>Condi\u021bii de plat\u0103<\/th>\n<td>L\/C, T\/T, Paypal, Money Gram<\/td>\n<\/tr>\n<tr>\n<th>Num\u0103r model.<\/th>\n<td>DEL-2415<\/td>\n<\/tr>\n<tr>\n<th>Culoare<\/th>\n<td>Albastru<\/td>\n<\/tr>\n<tr>\n<th>Marca comercial\u0103<\/th>\n<td>Solvitaeco<\/td>\n<\/tr>\n<tr>\n<th>Pachet de transport<\/th>\n<td>Cutie standard pentru export<\/td>\n<\/tr>\n<tr>\n<th>Origine<\/th>\n<td>China<\/td>\n<\/tr>\n<tr>\n<th>Codul SA<\/th>\n<td>8507600090<\/td>\n<\/tr>\n<\/table>\n<h2>Specifica\u021bii tehnice<\/h2>\n<table class=\"specs-table\">\n<tr>\n<th>Tensiune nominal\u0103<\/th>\n<td>24V<\/td>\n<\/tr>\n<tr>\n<th>Capacitate nominal\u0103<\/th>\n<td>15Ah<\/td>\n<\/tr>\n<tr>\n<th>Tip baterie<\/th>\n<td>18650 Litiu-ion<\/td>\n<\/tr>\n<tr>\n<th>Configura\u021bie<\/th>\n<td>7S6P<\/td>\n<\/tr>\n<tr>\n<th>Dimensiuni<\/th>\n<td>142*115*68 mm<\/td>\n<\/tr>\n<tr>\n<th>Greutate net\u0103<\/th>\n<td>2,1 kg<\/td>\n<\/tr>\n<tr>\n<th>Tensiunea de \u00eenc\u0103rcare<\/th>\n<td>29,4 V<\/td>\n<\/tr>\n<tr>\n<th>Curent de \u00eenc\u0103rcare standard<\/th>\n<td>3A<\/td>\n<\/tr>\n<tr>\n<th>Curent de desc\u0103rcare continu\u0103<\/th>\n<td>20A<\/td>\n<\/tr>\n<tr>\n<th>Curent de desc\u0103rcare momentan\u0103<\/th>\n<td>60A<\/td>\n<\/tr>\n<tr>\n<th>Tensiunea de deconectare a desc\u0103rc\u0103rii<\/th>\n<td>19,6 V<\/td>\n<\/tr>\n<tr>\n<th>Metoda de \u00eenc\u0103rcare<\/th>\n<td>CC\/CV<\/td>\n<\/tr>\n<tr>\n<th>Ciclul de via\u021b\u0103<\/th>\n<td>500 de ori<\/td>\n<\/tr>\n<tr>\n<th>Garan\u021bie<\/th>\n<td>Un an<\/td>\n<\/tr>\n<tr>\n<th>Temperatura de \u00eenc\u0103rcare<\/th>\n<td>0 \u00b0C ~ +45 \u00b0C<\/td>\n<\/tr>\n<tr>\n<th>Temperatura de desc\u0103rcare<\/th>\n<td>-20 \u00b0C ~ +60 \u00b0C<\/td>\n<\/tr>\n<tr>\n<th>Protec\u021bia BMS<\/th>\n<td>Supra\u00eenc\u0103rcare, desc\u0103rcare excesiv\u0103, supracurent, scurtcircuit<\/td>\n<\/tr>\n<\/table>\n<h2>Avantajele produsului<\/h2>\n<div class=\"advantages\">\n<div class=\"advantage-card\">\n            <strong>Prietenos cu mediul<\/strong><\/p>\n<p>F\u0103r\u0103 mercur, nepoluant<\/p>\n<\/p><\/div>\n<div class=\"advantage-card\">\n            <strong>Densitate energetic\u0103 ridicat\u0103<\/strong><\/p>\n<p>Mai mult\u0103 putere \u00eentr-un format compact<\/p>\n<\/p><\/div>\n<div class=\"advantage-card\">\n            <strong>Greutate redus\u0103<\/strong><\/p>\n<p>Doar 2,1 kg pentru o manipulare u\u0219oar\u0103<\/p>\n<\/p><\/div>\n<div class=\"advantage-card\">\n            <strong>Desc\u0103rcare automat\u0103 redus\u0103<\/strong><\/p>\n<p>Men\u021bine \u00eenc\u0103rcarea mai mult timp<\/p>\n<\/p><\/div>\n<div class=\"advantage-card\">\n            <strong>Ciclu de via\u021b\u0103 lung<\/strong><\/p>\n<p>Peste 500 de cicluri de \u00eenc\u0103rcare<\/p>\n<\/p><\/div>\n<div class=\"advantage-card\">\n            <strong>F\u0103r\u0103 efect de memorie<\/strong><\/p>\n<p>\u00cenc\u0103rca\u021bi oric\u00e2nd f\u0103r\u0103 pierderi de capacitate<\/p>\n<\/p><\/div>\n<div class=\"advantage-card\">\n            <strong>Siguran\u021b\u0103 garantat\u0103<\/strong><\/p>\n<p>F\u0103r\u0103 incendiu, f\u0103r\u0103 explozie, f\u0103r\u0103 scurgeri<\/p>\n<\/p><\/div>\n<div class=\"advantage-card\">\n            <strong>Compatibilitate extins\u0103<\/strong><\/p>\n<p>Pentru diverse vehicule electrice<\/p>\n<\/p><\/div>\n<\/p><\/div>\n<h2>Aplica\u021bii<\/h2>\n<table>\n<tr>\n<th>Vehicule electrice<\/th>\n<td>Biciclete electrice, scutere, ma\u0219ini<\/td>\n<\/tr>\n<tr>\n<th>Alimentare de urgen\u021b\u0103<\/th>\n<td>L\u0103mpi LED, lanterne, l\u0103mpi frontale<\/td>\n<\/tr>\n<tr>\n<th>Aparate electrocasnice<\/th>\n<td>Aspiratoare, juc\u0103rii electrice<\/td>\n<\/tr>\n<tr>\n<th>Electronice de larg consum<\/th>\n<td>Baterii externe, laptopuri, camere foto<\/td>\n<\/tr>\n<tr>\n<th>Echipament pentru exterior<\/th>\n<td>L\u0103mpi de camping, l\u0103mpi pentru biciclete<\/td>\n<\/tr>\n<tr>\n<th>Instrumente<\/th>\n<td>Unelte electrice, ma\u0219ini de tuns iarba<\/td>\n<\/tr>\n<\/table>","protected":false},"excerpt":{"rendered":"<p>\u2714 Specifica\u021bii cheie: celule 18650 | configura\u021bie 7S6P | 142 \u00d7 115 \u00d7 68 mm | 2,1 kg<br \/>\n\u2714 Performan\u021b\u0103 ridicat\u0103: desc\u0103rcare continu\u0103 de 20 A | 500 de cicluri | interval de func\u021bionare -20 \u2103 ~ 60 \u2103<br \/>\n\u2714 Siguran\u021b\u0103: BMS cu protec\u021bie cvadrupl\u0103 (supra\u00eenc\u0103rcare\/desc\u0103rcare\/curent\/scurtcircuit) | Certificat CE\/UN38.3<br \/>\n\u2714 Aplica\u021bii: biciclete electrice\/scutere\/stocare de energie\/unelte electrice<\/p>","protected":false},"featured_media":2179,"comment_status":"open","ping_status":"closed","template":"","meta":{"_uag_custom_page_level_css":"","neve_meta_sidebar":"","neve_meta_container":"","neve_meta_enable_content_width":"off","neve_meta_content_width":100,"neve_meta_title_alignment":"","neve_meta_author_avatar":"","neve_post_elements_order":"","neve_meta_disable_header":"","neve_meta_disable_footer":"","neve_meta_disable_title":""},"product_brand":[],"product_cat":[46,45,43],"product_tag":[],"class_list":{"0":"post-2175","1":"product","2":"type-product","3":"status-publish","4":"has-post-thumbnail","6":"product_cat-24v-e-bike-battery","7":"product_cat-e-bike-battery","8":"product_cat-power-battery","10":"first","11":"instock","12":"shipping-taxable","13":"product-type-simple"},"uagb_featured_image_src":{"full":["https:\/\/ecavix.com\/wp-content\/uploads\/2025\/07\/Customized-24V-Li-Ion-Battery-Pack-for-Electric-Bike5-800-800.webp",550,550,false],"thumbnail":["https:\/\/ecavix.com\/wp-content\/uploads\/2025\/07\/Customized-24V-Li-Ion-Battery-Pack-for-Electric-Bike5-800-800-150x150.webp",150,150,true],"medium":["https:\/\/ecavix.com\/wp-content\/uploads\/2025\/07\/Customized-24V-Li-Ion-Battery-Pack-for-Electric-Bike5-800-800-300x300.webp",300,300,true],"medium_large":["https:\/\/ecavix.com\/wp-content\/uploads\/2025\/07\/Customized-24V-Li-Ion-Battery-Pack-for-Electric-Bike5-800-800.webp",550,550,false],"large":["https:\/\/ecavix.com\/wp-content\/uploads\/2025\/07\/Customized-24V-Li-Ion-Battery-Pack-for-Electric-Bike5-800-800.webp",550,550,false],"1536x1536":["https:\/\/ecavix.com\/wp-content\/uploads\/2025\/07\/Customized-24V-Li-Ion-Battery-Pack-for-Electric-Bike5-800-800.webp",550,550,false],"2048x2048":["https:\/\/ecavix.com\/wp-content\/uploads\/2025\/07\/Customized-24V-Li-Ion-Battery-Pack-for-Electric-Bike5-800-800.webp",550,550,false],"trp-custom-language-flag":["https:\/\/ecavix.com\/wp-content\/uploads\/2025\/07\/Customized-24V-Li-Ion-Battery-Pack-for-Electric-Bike5-800-800.webp",12,12,false],"neve-blog":["https:\/\/ecavix.com\/wp-content\/uploads\/2025\/07\/Customized-24V-Li-Ion-Battery-Pack-for-Electric-Bike5-800-800.webp",550,550,false],"woocommerce_thumbnail":["https:\/\/ecavix.com\/wp-content\/uploads\/2025\/07\/Customized-24V-Li-Ion-Battery-Pack-for-Electric-Bike5-800-800-300x300.webp",300,300,true],"woocommerce_single":["https:\/\/ecavix.com\/wp-content\/uploads\/2025\/07\/Customized-24V-Li-Ion-Battery-Pack-for-Electric-Bike5-800-800.webp",550,550,false],"woocommerce_gallery_thumbnail":["https:\/\/ecavix.com\/wp-content\/uploads\/2025\/07\/Customized-24V-Li-Ion-Battery-Pack-for-Electric-Bike5-800-800-100x100.webp",100,100,true]},"uagb_author_info":{"display_name":"solvitaenergylimited@gmail.com","author_link":"https:\/\/ecavix.com\/ro\/author\/"},"uagb_comment_info":0,"uagb_excerpt":"\u2714 Key Specs: 18650 cells | 7S6P configuration | 142\u00d7115\u00d768mm | 2.1kg \u2714 High Performance: 20A continuous discharge | 500 cycles | -20\u2103~60\u2103 operating range \u2714 Safety: Quad-protection BMS (overcharge\/discharge\/current\/short circuit) | CE\/UN38.3 certified \u2714 Applications: E-bikes\/scooters\/energy storage\/power tools","_links":{"self":[{"href":"https:\/\/ecavix.com\/ro\/wp-json\/wp\/v2\/product\/2175","targetHints":{"allow":["GET"]}}],"collection":[{"href":"https:\/\/ecavix.com\/ro\/wp-json\/wp\/v2\/product"}],"about":[{"href":"https:\/\/ecavix.com\/ro\/wp-json\/wp\/v2\/types\/product"}],"replies":[{"embeddable":true,"href":"https:\/\/ecavix.com\/ro\/wp-json\/wp\/v2\/comments?post=2175"}],"wp:featuredmedia":[{"embeddable":true,"href":"https:\/\/ecavix.com\/ro\/wp-json\/wp\/v2\/media\/2179"}],"wp:attachment":[{"href":"https:\/\/ecavix.com\/ro\/wp-json\/wp\/v2\/media?parent=2175"}],"wp:term":[{"taxonomy":"product_brand","embeddable":true,"href":"https:\/\/ecavix.com\/ro\/wp-json\/wp\/v2\/product_brand?post=2175"},{"taxonomy":"product_cat","embeddable":true,"href":"https:\/\/ecavix.com\/ro\/wp-json\/wp\/v2\/product_cat?post=2175"},{"taxonomy":"product_tag","embeddable":true,"href":"https:\/\/ecavix.com\/ro\/wp-json\/wp\/v2\/product_tag?post=2175"}],"curies":[{"name":"wp","href":"https:\/\/api.w.org\/{rel}","templated":true}]}}