{"id":3343,"date":"2025-08-27T05:46:24","date_gmt":"2025-08-27T05:46:24","guid":{"rendered":"https:\/\/ecavix.com\/?post_type=product&#038;p=3343"},"modified":"2025-08-27T06:10:43","modified_gmt":"2025-08-27T06:10:43","slug":"48v-100ah-5kwh-akumulator-lifepo4-do-szafy-serwerowej","status":"publish","type":"product","link":"https:\/\/ecavix.com\/pl\/product\/48v-100ah-5kwh-server-rack-lifepo4-batter\/","title":{"rendered":"Bateria LiFePO4 48 V\/51,2 V 100 Ah do szaf serwerowych: Najlepsze rozwi\u0105zanie do magazynowania energii s\u0142onecznej o mocy 5 kWh"},"content":{"rendered":"<br \/>\n<article>\n<header>\n<h1>Bateria LiFePO4 48V 100Ah do szaf serwerowych: Najlepsze rozwi\u0105zanie do magazynowania energii s\u0142onecznej o mocy 5 kWh<\/h1>\n<\/header>\n<section>\n<p>The <strong>Akumulator LiFePO4 48V 100Ah 5kWh do szafy serwerowej<\/strong> reprezentuje najnowocze\u015bniejsz\u0105 technologi\u0119 magazynowania energii zaprojektowan\u0105 dla nowoczesnych domowych system\u00f3w solarnych. Zbudowane z wysokiej jako\u015bci ogniw litowo-\u017celazowo-fosforanowych i inteligentnych system\u00f3w zarz\u0105dzania bateri\u0105, to montowane w szafie rozwi\u0105zanie zapewnia wyj\u0105tkow\u0105 wydajno\u015b\u0107, d\u0142ugowieczno\u015b\u0107 i niezawodno\u015b\u0107 w zastosowaniach zwi\u0105zanych z magazynowaniem energii w budynkach mieszkalnych i komercyjnych.<\/p>\n<\/section>\n<section>\n<h2>Zaawansowana technologia LiFePO4 zapewniaj\u0105ca doskona\u0142\u0105 wydajno\u015b\u0107<\/h2>\n<p>Nasza bateria do szaf serwerowych wykorzystuje <strong>Ogniwa LiFePO4 klasy A<\/strong> pochodz\u0105 od wiod\u0105cych w bran\u017cy producent\u00f3w, takich jak CATL. Ta zaawansowana technologia litowo-\u017celazowo-fosforanowa zapewnia optymalne bezpiecze\u0144stwo, stabilno\u015b\u0107 termiczn\u0105 i g\u0119sto\u015b\u0107 energii. Zintegrowany inteligentny system BMS (Battery Management System) z protoko\u0142ami komunikacyjnymi RS485\/CAN utrzymuje idealn\u0105 r\u00f3wnowag\u0119 ogniw, zapewniaj\u0105c jednocze\u015bnie kompleksow\u0105 ochron\u0119 przed prze\u0142adowaniem, nadmiernym roz\u0142adowaniem i niekontrolowanym wzrostem temperatury.<\/p>\n<\/section>\n<p><img decoding=\"async\" src=\"https:\/\/ecavix.com\/wp-content\/uploads\/2025\/08\/rack-mounted-lithium-Battery-13-.webp\" alt=\"Akumulator LiFePO4 do szaf serwerowych 48V\/51.2V 100Ah\" width=\"1100\" height=\"1100\" class=\"aligncenter size-full wp-image-3345\" srcset=\"https:\/\/ecavix.com\/wp-content\/uploads\/2025\/08\/rack-mounted-lithium-Battery-13-.webp 1100w, https:\/\/ecavix.com\/wp-content\/uploads\/2025\/08\/rack-mounted-lithium-Battery-13--300x300.webp 300w, https:\/\/ecavix.com\/wp-content\/uploads\/2025\/08\/rack-mounted-lithium-Battery-13--1024x1024.webp 1024w, https:\/\/ecavix.com\/wp-content\/uploads\/2025\/08\/rack-mounted-lithium-Battery-13--150x150.webp 150w, https:\/\/ecavix.com\/wp-content\/uploads\/2025\/08\/rack-mounted-lithium-Battery-13--768x768.webp 768w, https:\/\/ecavix.com\/wp-content\/uploads\/2025\/08\/rack-mounted-lithium-Battery-13--600x600.webp 600w, https:\/\/ecavix.com\/wp-content\/uploads\/2025\/08\/rack-mounted-lithium-Battery-13--100x100.webp 100w\" sizes=\"(max-width: 1100px) 100vw, 1100px\" \/><\/p>\n<section>\n<h2>Kluczowe cechy i specyfikacja<\/h2>\n<h3>Wyj\u0105tkowa trwa\u0142o\u015b\u0107 i niezawodno\u015b\u0107<\/h3>\n<ul>\n<li><strong>Ponad 12-letnia \u017cywotno\u015b\u0107 konstrukcji<\/strong> eliminuje cz\u0119ste koszty wymiany<\/li>\n<li><strong>\u017bywotno\u015b\u0107 ponad 6 500 cykli<\/strong> zapewnia sta\u0142\u0105 wydajno\u015b\u0107 w czasie<\/li>\n<li><strong>Bezobs\u0142ugowe dzia\u0142anie<\/strong> zmniejsza bie\u017c\u0105ce wymagania serwisowe<\/li>\n<li><strong>10-letnia kompleksowa gwarancja<\/strong> z pomoc\u0105 techniczn\u0105 i bezp\u0142atn\u0105 wymian\u0105 podzespo\u0142\u00f3w<\/li>\n<\/ul>\n<h3>Inteligentna integracja technologii<\/h3>\n<ul>\n<li><strong>Wbudowany inteligentny system BMS<\/strong> z mo\u017cliwo\u015bci\u0105 samobalansowania<\/li>\n<li><strong>Cyfrowy wy\u015bwietlacz LCD<\/strong> do monitorowania stanu baterii w czasie rzeczywistym<\/li>\n<li><strong>Komunikacja RS485\/CAN<\/strong> dla p\u0142ynnej integracji systemu<\/li>\n<li><strong>Zaawansowane obwody zabezpieczaj\u0105ce<\/strong> zabezpieczenie przed usterkami elektrycznymi<\/li>\n<\/ul>\n<h3>Skalowalna i zajmuj\u0105ca niewiele miejsca konstrukcja<\/h3>\n<ul>\n<li><strong>Konfiguracja do monta\u017cu w szafie<\/strong> Optymalizuje wykorzystanie przestrzeni<\/li>\n<li><strong>Obs\u0142uga po\u0142\u0105cze\u0144 r\u00f3wnoleg\u0142ych<\/strong> do 10 akumulator\u00f3w<\/li>\n<li><strong>Rozszerzalna pojemno\u015b\u0107<\/strong> ro\u015bnie wraz z zapotrzebowaniem na energi\u0119<\/li>\n<li><strong>Kompatybilno\u015b\u0107 ze standardowymi szafami serwerowymi<\/strong> zapewnia \u0142atw\u0105 instalacj\u0119<\/li>\n<\/ul>\n<\/section>\n<section>\n<h2>Dlaczego warto wybra\u0107 baterie LiFePO4 montowane w szafie rack?<\/h2>\n<h3>Optymalizacja przestrzeni<\/h3>\n<p>The <strong>konstrukcja szafy serwerowej<\/strong> maksymalizuje pojemno\u015b\u0107 magazynowania energii, jednocze\u015bnie minimalizuj\u0105c zapotrzebowanie na miejsce. Wiele akumulator\u00f3w mo\u017cna uk\u0142ada\u0107 pionowo w standardowych 19-calowych szafach rack, co czyni to rozwi\u0105zanie idealnym do dom\u00f3w, biur i instalacji komercyjnych o ograniczonej przestrzeni.<\/p>\n<h3>Doskona\u0142y profil bezpiecze\u0144stwa<\/h3>\n<p><strong>Chemia LiFePO4<\/strong> oferuje najwy\u017csze standardy bezpiecze\u0144stwa w\u015br\u00f3d technologii baterii litowych. Dzi\u0119ki doskona\u0142ej stabilno\u015bci termicznej i braku ryzyka ucieczki termicznej w normalnych warunkach pracy, baterie te zapewniaj\u0105 spok\u00f3j ducha w instalacjach domowych.<\/p>\n<h3>Op\u0142acalna inwestycja d\u0142ugoterminowa<\/h3>\n<p>Chocia\u017c pocz\u0105tkowa inwestycja mo\u017ce by\u0107 wy\u017csza ni\u017c w przypadku tradycyjnych akumulator\u00f3w kwasowo-o\u0142owiowych, to <strong>12-letnia \u017cywotno\u015b\u0107 i ponad 6 500 cykli pracy<\/strong> zapewniaj\u0105 wyj\u0105tkow\u0105 warto\u015b\u0107 w czasie. Zmniejszona cz\u0119stotliwo\u015b\u0107 wymiany i wymagania konserwacyjne skutkuj\u0105 znacznie ni\u017cszym ca\u0142kowitym kosztem posiadania.<\/p>\n<\/section>\n<section>\n<h2>Wszechstronne zastosowania dla nowoczesnych system\u00f3w energetycznych<\/h2>\n<h3>Magazynowanie energii w budynkach mieszkalnych<\/h3>\n<ul>\n<li><strong>Domowe systemy magazynowania energii s\u0142onecznej<\/strong><\/li>\n<li><strong>Zasilanie awaryjne dla krytycznych urz\u0105dze\u0144<\/strong><\/li>\n<li><strong>Optymalizacja zu\u017cycia energii w czasie<\/strong><\/li>\n<li><strong>Aplikacje typu grid-tie i off-grid<\/strong><\/li>\n<\/ul>\n<h3>Zastosowania komercyjne i przemys\u0142owe<\/h3>\n<ul>\n<li><strong>Systemy UPS<\/strong> dla nieprzerwanego zasilania<\/li>\n<li><strong>Sprz\u0119t telekomunikacyjny<\/strong> zasilanie awaryjne<\/li>\n<li><strong>Bazowe stacje nadawczo-odbiorcze<\/strong> magazynowanie energii<\/li>\n<li><strong>Biuro centralne<\/strong> systemy zasilania<\/li>\n<li><strong>Aplikacje prze\u0142\u0105czaj\u0105ce<\/strong> i sprz\u0119t komunikacyjny<\/li>\n<\/ul>\n<h3>Aplikacje specjalistyczne<\/h3>\n<ul>\n<li><strong>Stabilizacja sieci elektroenergetycznej<\/strong><\/li>\n<li><strong>Mikroprocesorowe maszyny biurowe<\/strong><\/li>\n<li><strong>Infrastruktura krytyczna<\/strong> systemy tworzenia kopii zapasowych<\/li>\n<\/ul>\n<\/section>\n<section>\n<h2>Zapewnienie jako\u015bci i certyfikaty<\/h2>\n<p>Nasz <strong>baterie LiFePO4 do szaf serwerowych<\/strong> spe\u0142niaj\u0105 rygorystyczne mi\u0119dzynarodowe standardy bezpiecze\u0144stwa i jako\u015bci. Kompleksowe certyfikaty obejmuj\u0105:<\/p>\n<ul>\n<li><strong>Certyfikat CE<\/strong> Zgodno\u015b\u0107 z wymogami rynku europejskiego<\/li>\n<li><strong>Lista UL<\/strong> dla p\u00f3\u0142nocnoameryka\u0144skich norm bezpiecze\u0144stwa<\/li>\n<li><strong>Dokumentacja MSDS<\/strong> dla bezpiecznej obs\u0142ugi i transportu<\/li>\n<li><strong>Certyfikat UN38.3<\/strong> zgodno\u015b\u0107 z przepisami dotycz\u0105cymi wysy\u0142ki mi\u0119dzynarodowej<\/li>\n<li><strong>Zarz\u0105dzanie jako\u015bci\u0105 ISO<\/strong> standardy<\/li>\n<li><strong>Mi\u0119dzynarodowe standardy IEC<\/strong> zgodno\u015b\u0107<\/li>\n<\/ul>\n<\/section>\n<section>\n<h2>Dostosowywanie i us\u0142ugi OEM<\/h2>\n<p>Rozumiemy, \u017ce ka\u017cdy projekt magazynowania energii ma unikalne wymagania. Nasz zesp\u00f3\u0142 in\u017cynier\u00f3w zapewnia kompleksowe <strong>us\u0142ugi dostosowywania<\/strong> w tym:<\/p>\n<ul>\n<li>Niestandardowe specyfikacje napi\u0119cia i pr\u0105du<\/li>\n<li>Dostosowane konfiguracje wydajno\u015bci<\/li>\n<li>Zmodyfikowane wymiary fizyczne i wygl\u0105d<\/li>\n<li>Us\u0142ugi produkcyjne OEM\/ODM<\/li>\n<li>Opcje marek w\u0142asnych<\/li>\n<\/ul>\n<\/section>\n<section>\n<h2>Instalacja i integracja systemu<\/h2>\n<p>The <strong>Konstrukcja do monta\u017cu w szafie 48 V<\/strong> zapewnia bezproblemow\u0105 integracj\u0119 z istniej\u0105cymi falownikami solarnymi i systemami zarz\u0105dzania energi\u0105. Znormalizowana obudowa upraszcza instalacj\u0119, a inteligentny system BMS zapewnia kompatybilno\u015b\u0107 typu plug-and-play z wi\u0119kszo\u015bci\u0105 kontroler\u00f3w \u0142adowania i system\u00f3w inwerterowych.<\/p>\n<\/section>\n<section>\n<h2>Podsumowanie: Magazynowanie energii przysz\u0142o\u015bci<\/h2>\n<p>The <strong>Akumulator LiFePO4 48V 100Ah 5kWh do szafy serwerowej<\/strong> reprezentuje szczyt nowoczesnej technologii magazynowania energii. Dzi\u0119ki wyj\u0105tkowej \u017cywotno\u015bci, inteligentnemu systemowi zarz\u0105dzania i skalowalnej konstrukcji, rozwi\u0105zanie to zapewnia niezawodne, d\u0142ugoterminowe magazynowanie energii w zastosowaniach mieszkaniowych i komercyjnych. Wspierane przez kompleksowe gwarancje i profesjonalne wsparcie techniczne, jest to m\u0105dry wyb\u00f3r dla ka\u017cdego, kto powa\u017cnie my\u015bli o zr\u00f3wnowa\u017conej niezale\u017cno\u015bci energetycznej.<\/p>\n<\/section>\n<footer>\n<p><em>Skontaktuj si\u0119 z nami ju\u017c dzi\u015b, aby dowiedzie\u0107 si\u0119 wi\u0119cej o naszej pe\u0142nej gamie rozwi\u0105za\u0144 akumulatorowych LiFePO4 i odkryj, jak nasz akumulator do szaf serwerowych o mocy 5 kWh mo\u017ce zmieni\u0107 Twoje mo\u017cliwo\u015bci magazynowania energii.<\/em><\/p>\n<\/footer>\n<\/article>","protected":false},"excerpt":{"rendered":"<p>48V 100Ah Server Rack LiFePO4 Battery: The Ultimate 5kWh Solar Energy Storage Solution The 48V 100Ah 5kWh server rack LiFePO4 battery represents cutting-edge energy storage technology designed for modern home solar systems. Built with premium lithium iron phosphate cells and intelligent battery management systems, this rack-mounted solution delivers exceptional performance, longevity, and reliability for residential&hellip;&nbsp;<a href=\"https:\/\/ecavix.com\/pl\/product\/48v-100ah-5kwh-server-rack-lifepo4-batter\/\" rel=\"bookmark\"><span class=\"screen-reader-text\">Bateria LiFePO4 48 V\/51,2 V 100 Ah do szaf serwerowych: Najlepsze rozwi\u0105zanie do magazynowania energii s\u0142onecznej o mocy 5 kWh<\/span><\/a><\/p>","protected":false},"featured_media":3348,"comment_status":"closed","ping_status":"closed","template":"","meta":{"_uag_custom_page_level_css":"","neve_meta_sidebar":"","neve_meta_container":"","neve_meta_enable_content_width":"off","neve_meta_content_width":100,"neve_meta_title_alignment":"","neve_meta_author_avatar":"","neve_post_elements_order":"","neve_meta_disable_header":"","neve_meta_disable_footer":"","neve_meta_disable_title":""},"product_brand":[],"product_cat":[82,84],"product_tag":[],"class_list":{"0":"post-3343","1":"product","2":"type-product","3":"status-publish","4":"has-post-thumbnail","6":"product_cat-residential-storage-battery","7":"product_cat-rack-mount-battery-residential-storage-battery","9":"first","10":"instock","11":"shipping-taxable","12":"product-type-simple"},"uagb_featured_image_src":{"full":["https:\/\/ecavix.com\/wp-content\/uploads\/2025\/08\/5kwh-Sever-Rack-Battery-BE51100-001.webp",1000,1000,false],"thumbnail":["https:\/\/ecavix.com\/wp-content\/uploads\/2025\/08\/5kwh-Sever-Rack-Battery-BE51100-001-150x150.webp",150,150,true],"medium":["https:\/\/ecavix.com\/wp-content\/uploads\/2025\/08\/5kwh-Sever-Rack-Battery-BE51100-001-300x300.webp",300,300,true],"medium_large":["https:\/\/ecavix.com\/wp-content\/uploads\/2025\/08\/5kwh-Sever-Rack-Battery-BE51100-001-768x768.webp",768,768,true],"large":["https:\/\/ecavix.com\/wp-content\/uploads\/2025\/08\/5kwh-Sever-Rack-Battery-BE51100-001.webp",1000,1000,false],"1536x1536":["https:\/\/ecavix.com\/wp-content\/uploads\/2025\/08\/5kwh-Sever-Rack-Battery-BE51100-001.webp",1000,1000,false],"2048x2048":["https:\/\/ecavix.com\/wp-content\/uploads\/2025\/08\/5kwh-Sever-Rack-Battery-BE51100-001.webp",1000,1000,false],"trp-custom-language-flag":["https:\/\/ecavix.com\/wp-content\/uploads\/2025\/08\/5kwh-Sever-Rack-Battery-BE51100-001.webp",12,12,false],"neve-blog":["https:\/\/ecavix.com\/wp-content\/uploads\/2025\/08\/5kwh-Sever-Rack-Battery-BE51100-001-930x620.webp",930,620,true],"woocommerce_thumbnail":["https:\/\/ecavix.com\/wp-content\/uploads\/2025\/08\/5kwh-Sever-Rack-Battery-BE51100-001-300x300.webp",300,300,true],"woocommerce_single":["https:\/\/ecavix.com\/wp-content\/uploads\/2025\/08\/5kwh-Sever-Rack-Battery-BE51100-001-600x600.webp",600,600,true],"woocommerce_gallery_thumbnail":["https:\/\/ecavix.com\/wp-content\/uploads\/2025\/08\/5kwh-Sever-Rack-Battery-BE51100-001-100x100.webp",100,100,true]},"uagb_author_info":{"display_name":"solvitaenergylimited@gmail.com","author_link":"https:\/\/ecavix.com\/pl\/author\/"},"uagb_comment_info":0,"uagb_excerpt":"48V 100Ah Server Rack LiFePO4 Battery: The Ultimate 5kWh Solar Energy Storage Solution The 48V 100Ah 5kWh server rack LiFePO4 battery represents cutting-edge energy storage technology designed for modern home solar systems. Built with premium lithium iron phosphate cells and intelligent battery management systems, this rack-mounted solution delivers exceptional performance, longevity, and reliability for residential&hellip;&nbsp;48v\/51.2V&hellip;","_links":{"self":[{"href":"https:\/\/ecavix.com\/pl\/wp-json\/wp\/v2\/product\/3343","targetHints":{"allow":["GET"]}}],"collection":[{"href":"https:\/\/ecavix.com\/pl\/wp-json\/wp\/v2\/product"}],"about":[{"href":"https:\/\/ecavix.com\/pl\/wp-json\/wp\/v2\/types\/product"}],"replies":[{"embeddable":true,"href":"https:\/\/ecavix.com\/pl\/wp-json\/wp\/v2\/comments?post=3343"}],"wp:featuredmedia":[{"embeddable":true,"href":"https:\/\/ecavix.com\/pl\/wp-json\/wp\/v2\/media\/3348"}],"wp:attachment":[{"href":"https:\/\/ecavix.com\/pl\/wp-json\/wp\/v2\/media?parent=3343"}],"wp:term":[{"taxonomy":"product_brand","embeddable":true,"href":"https:\/\/ecavix.com\/pl\/wp-json\/wp\/v2\/product_brand?post=3343"},{"taxonomy":"product_cat","embeddable":true,"href":"https:\/\/ecavix.com\/pl\/wp-json\/wp\/v2\/product_cat?post=3343"},{"taxonomy":"product_tag","embeddable":true,"href":"https:\/\/ecavix.com\/pl\/wp-json\/wp\/v2\/product_tag?post=3343"}],"curies":[{"name":"wp","href":"https:\/\/api.w.org\/{rel}","templated":true}]}}