{"id":3250,"date":"2025-08-18T02:36:34","date_gmt":"2025-08-18T02:36:34","guid":{"rendered":"https:\/\/ecavix.com\/?post_type=product&#038;p=3250"},"modified":"2025-08-18T07:12:32","modified_gmt":"2025-08-18T07:12:32","slug":"zamiennik-kwasu-olowiowego-ecavix-25-6v-200ah","status":"publish","type":"product","link":"https:\/\/ecavix.com\/pl\/product\/ecavix-25-6v-200ah-lead-acid-replacement\/","title":{"rendered":"Zamiennik kwasowo-o\u0142owiowy Ecavix 25,6 V 200 Ah"},"content":{"rendered":"<br \/>\n<h1>Zamiennik kwasowo-o\u0142owiowy Ecavix 25,6 V 200 Ah<\/h1>\n<div class=\"section\">\n<p>The <span class=\"highlight\">Zamiennik kwasowo-o\u0142owiowy Ecavix 25,6 V 200 Ah<\/span> zosta\u0142 zaprojektowany z my\u015bl\u0105 o wysokiej g\u0119sto\u015bci energii, bezpiecze\u0144stwie i d\u0142ugim cyklu pracy. Charakteryzuje si\u0119 stabilnym zachowaniem elektrochemicznym i odporno\u015bci\u0105 termiczn\u0105, dzi\u0119ki czemu dzia\u0142a niezawodnie w wymagaj\u0105cych \u015brodowiskach. Jest idealny do szerokiej gamy zastosowa\u0144, w tym zamiatarek, kamper\u00f3w, w\u00f3zk\u00f3w wid\u0142owych, jacht\u00f3w, pojazd\u00f3w AGV i innych.<\/p>\n<\/p><\/div>\n<h2>Kluczowe cechy<\/h2>\n<ul>\n<li>Zaawansowana chemia LiFePO4 zapewnia wysok\u0105 stabilno\u015b\u0107 termiczn\u0105 i chemiczn\u0105.<\/li>\n<li>Wewn\u0119trzny system BMS zapewniaj\u0105cy pe\u0142n\u0105 ochron\u0119 przed prze\u0142adowaniem, nadmiernym roz\u0142adowaniem, skokami pr\u0105du i wahaniami temperatury.<\/li>\n<li>D\u0142uga \u017cywotno\u015b\u0107 - ponad 3000 cykli przy g\u0142\u0119boko\u015bci roz\u0142adowania 80% (DOD).<\/li>\n<li>Stabilne napi\u0119cie roz\u0142adowania zapewnia sta\u0142\u0105 moc wyj\u015bciow\u0105 a\u017c do ca\u0142kowitego roz\u0142adowania.<\/li>\n<li>Nie zawiera toksycznych metali - jest bezpieczny dla \u015brodowiska i nadaje si\u0119 do recyklingu.<\/li>\n<li>Kompaktowa, wysoce zintegrowana konstrukcja oszcz\u0119dza miejsce instalacji.<\/li>\n<li>Bezobs\u0142ugowa praca bez efektu pami\u0119ci.<\/li>\n<\/ul>\n<h2>Zastosowania zamiennik\u00f3w kwasowo-o\u0142owiowych Ecavix 25,6 V 200 Ah<\/h2>\n<ul>\n<li>Zamiatarki i odkurzacze<\/li>\n<li>Kampery i pojazdy kempingowe<\/li>\n<li>W\u00f3zki wid\u0142owe i AGV<\/li>\n<li>Jachty i wyposa\u017cenie morskie<\/li>\n<li>Elektryczne pojazdy trzy\/czteroko\u0142owe<\/li>\n<li>Systemy magazynowania energii poza sieci\u0105<\/li>\n<\/ul>\n<h2>Specyfikacja techniczna<\/h2>\n<table>\n<tr>\n<th>Marka<\/th>\n<td>Ecavix<\/td>\n<\/tr>\n<tr>\n<th>Pojemno\u015b\u0107 akumulatora<\/th>\n<td>2560 Wh<\/td>\n<\/tr>\n<tr>\n<th>Napi\u0119cie akumulatora<\/th>\n<td>25.6V<\/td>\n<\/tr>\n<tr>\n<th>Pojemno\u015b\u0107 akumulatora<\/th>\n<td>200Ah<\/td>\n<\/tr>\n<tr>\n<th>Technologia kom\u00f3rkowa<\/th>\n<td>LiFePO4<\/td>\n<\/tr>\n<tr>\n<th>Operacja \u017bycie<\/th>\n<td>10+ lat<\/td>\n<\/tr>\n<tr>\n<th>Okres eksploatacji<\/th>\n<td>Ponad 3000 razy<\/td>\n<\/tr>\n<tr>\n<th>Konfiguracja pojedynczego opakowania<\/th>\n<td>8 ogniw w szeregu<\/td>\n<\/tr>\n<tr>\n<th>Napi\u0119cie graniczne \u0142adowarki<\/th>\n<td>29.2V<\/td>\n<\/tr>\n<tr>\n<th>Napi\u0119cie odci\u0119cia roz\u0142adowania<\/th>\n<td>20V<\/td>\n<\/tr>\n<tr>\n<th>Pr\u0105d \u0142adowania akumulatora (maks.)<\/th>\n<td>50A<\/td>\n<\/tr>\n<tr>\n<th>Pr\u0105d roz\u0142adowania akumulatora (maks.)<\/th>\n<td>100A<\/td>\n<\/tr>\n<tr>\n<th>Temperatura \u0142adowania<\/th>\n<td>0~65\u2103<\/td>\n<\/tr>\n<tr>\n<th>Temperatura roz\u0142adowania<\/th>\n<td>-20~65\u2103<\/td>\n<\/tr>\n<tr>\n<th>R\u00f3wnoleg\u0142y\/Seryjny<\/th>\n<td>Obs\u0142ugiwane<\/td>\n<\/tr>\n<tr>\n<th>Typ monta\u017cu<\/th>\n<td>Bezp\u0142atna instalacja<\/td>\n<\/tr>\n<tr>\n<th>Waga<\/th>\n<td>28 kg<\/td>\n<\/tr>\n<tr>\n<th>Wymiary<\/th>\n<td>D\u0142. 405 \u00d7 szer. 345 \u00d7 wys. 163 mm<\/td>\n<\/tr>\n<tr>\n<th>Certyfikaty<\/th>\n<td>CE, ROHS, UN38.3, MSDS<\/td>\n<\/tr>\n<\/table>","protected":false},"excerpt":{"rendered":"<p>Akumulator kwasowo-o\u0142owiowy Ecavix 25.6v 200ah oferuje wysok\u0105 g\u0119sto\u015b\u0107 energii, doskona\u0142e bezpiecze\u0144stwo, d\u0142ug\u0105 \u017cywotno\u015b\u0107 i jest idealny do kamper\u00f3w, w\u00f3zk\u00f3w wid\u0142owych, jacht\u00f3w i zamiatarek.<\/p>","protected":false},"featured_media":3271,"comment_status":"closed","ping_status":"closed","template":"","meta":{"_uag_custom_page_level_css":"","neve_meta_sidebar":"","neve_meta_container":"","neve_meta_enable_content_width":"off","neve_meta_content_width":100,"neve_meta_title_alignment":"","neve_meta_author_avatar":"","neve_post_elements_order":"","neve_meta_disable_header":"","neve_meta_disable_footer":"","neve_meta_disable_title":""},"product_brand":[],"product_cat":[81,82],"product_tag":[],"class_list":{"0":"post-3250","1":"product","2":"type-product","3":"status-publish","4":"has-post-thumbnail","6":"product_cat-lead-acid-replacement","7":"product_cat-residential-storage-battery","9":"first","10":"instock","11":"shipping-taxable","12":"product-type-simple"},"uagb_featured_image_src":{"full":["https:\/\/ecavix.com\/wp-content\/uploads\/2025\/08\/03-3-scaled.jpg",2560,1844,false],"thumbnail":["https:\/\/ecavix.com\/wp-content\/uploads\/2025\/08\/03-3-150x150.jpg",150,150,true],"medium":["https:\/\/ecavix.com\/wp-content\/uploads\/2025\/08\/03-3-300x216.jpg",300,216,true],"medium_large":["https:\/\/ecavix.com\/wp-content\/uploads\/2025\/08\/03-3-768x553.jpg",768,553,true],"large":["https:\/\/ecavix.com\/wp-content\/uploads\/2025\/08\/03-3-1024x738.jpg",1024,738,true],"1536x1536":["https:\/\/ecavix.com\/wp-content\/uploads\/2025\/08\/03-3-1536x1107.jpg",1536,1107,true],"2048x2048":["https:\/\/ecavix.com\/wp-content\/uploads\/2025\/08\/03-3-2048x1475.jpg",2048,1475,true],"trp-custom-language-flag":["https:\/\/ecavix.com\/wp-content\/uploads\/2025\/08\/03-3-scaled.jpg",18,12,false],"neve-blog":["https:\/\/ecavix.com\/wp-content\/uploads\/2025\/08\/03-3-930x620.jpg",930,620,true],"woocommerce_thumbnail":["https:\/\/ecavix.com\/wp-content\/uploads\/2025\/08\/03-3-300x300.jpg",300,300,true],"woocommerce_single":["https:\/\/ecavix.com\/wp-content\/uploads\/2025\/08\/03-3-600x432.jpg",600,432,true],"woocommerce_gallery_thumbnail":["https:\/\/ecavix.com\/wp-content\/uploads\/2025\/08\/03-3-100x100.jpg",100,100,true]},"uagb_author_info":{"display_name":"solvitaenergylimited@gmail.com","author_link":"https:\/\/ecavix.com\/pl\/author\/"},"uagb_comment_info":0,"uagb_excerpt":"Ecavix 25.6v 200ah Lead Acid Replacement offers high energy density, excellent safety, long cycle life, and is ideal for RVs, forklifts, yachts, and sweepers.","_links":{"self":[{"href":"https:\/\/ecavix.com\/pl\/wp-json\/wp\/v2\/product\/3250","targetHints":{"allow":["GET"]}}],"collection":[{"href":"https:\/\/ecavix.com\/pl\/wp-json\/wp\/v2\/product"}],"about":[{"href":"https:\/\/ecavix.com\/pl\/wp-json\/wp\/v2\/types\/product"}],"replies":[{"embeddable":true,"href":"https:\/\/ecavix.com\/pl\/wp-json\/wp\/v2\/comments?post=3250"}],"wp:featuredmedia":[{"embeddable":true,"href":"https:\/\/ecavix.com\/pl\/wp-json\/wp\/v2\/media\/3271"}],"wp:attachment":[{"href":"https:\/\/ecavix.com\/pl\/wp-json\/wp\/v2\/media?parent=3250"}],"wp:term":[{"taxonomy":"product_brand","embeddable":true,"href":"https:\/\/ecavix.com\/pl\/wp-json\/wp\/v2\/product_brand?post=3250"},{"taxonomy":"product_cat","embeddable":true,"href":"https:\/\/ecavix.com\/pl\/wp-json\/wp\/v2\/product_cat?post=3250"},{"taxonomy":"product_tag","embeddable":true,"href":"https:\/\/ecavix.com\/pl\/wp-json\/wp\/v2\/product_tag?post=3250"}],"curies":[{"name":"wp","href":"https:\/\/api.w.org\/{rel}","templated":true}]}}