{"id":3076,"date":"2025-08-05T08:44:08","date_gmt":"2025-08-05T08:44:08","guid":{"rendered":"https:\/\/ecavix.com\/?post_type=product&#038;p=3076"},"modified":"2025-08-12T06:33:14","modified_gmt":"2025-08-12T06:33:14","slug":"48v-51-2v-100ah-5kwh-bateria-domowa-z-mozliwoscia-sztaplowania","status":"publish","type":"product","link":"https:\/\/ecavix.com\/pl\/product\/48v-51-2v-100ah-5kwh-stackable-home-battery\/","title":{"rendered":"Sztaplowana bateria litowa 48V\/51.2v 100ah"},"content":{"rendered":"<br \/>\n<h1>Sztaplowana bateria litowa 48V\/51.2v 100ah<\/h1>\n<p>Dla domowego systemu magazynowania energii s\u0142onecznej ESS<\/p>\n<div class=\"container\">\n<h2>Przegl\u0105d produkt\u00f3w<\/h2>\n<p>\n    Akumulator domowy o pojemno\u015bci 5,12 kWh produkowany przez Ecavix obs\u0142uguje r\u00f3wnoleg\u0142e u\u017cytkowanie.<br \/>\n    Mo\u017cna pod\u0142\u0105czy\u0107 do pi\u0119ciu akumulator\u00f3w o pojemno\u015bci 5,12 kWh, aby uzyska\u0107 \u0142\u0105czn\u0105 pojemno\u015b\u0107 25 kWh.<br \/>\n    Ta modu\u0142owa konstrukcja zapewnia elastyczno\u015b\u0107 i mo\u017cliwo\u015b\u0107 dostosowania do r\u00f3\u017cnych potrzeb w zakresie magazynowania energii.\n  <\/p>\n<h2>Konfiguracje akumulator\u00f3w, kt\u00f3re mo\u017cna uk\u0142ada\u0107 jeden na drugim<\/h2>\n<ul>\n<li>Akumulator do u\u017cytku domowego x 1P - 51.2V 100Ah - 5.12kWh<\/li>\n<li>Bateria do u\u017cytku domowego x 2P - 51.2V 200Ah - 10.24kWh<\/li>\n<li>Bateria do u\u017cytku domowego x 3P - 51.2V 300Ah - 15.36kWh<\/li>\n<li>Bateria do u\u017cytku domowego x 4P - 51.2V 400Ah - 20.48kWh<\/li>\n<li>Bateria do u\u017cytku domowego x 5P - 51.2V 500Ah - 25.6kWh<\/li>\n<\/ul>\n<h2>G\u0142\u00f3wne zalety<\/h2>\n<ul>\n<li>Mo\u017cliwo\u015b\u0107 sztaplowania i przenoszenia dla oszcz\u0119dno\u015bci miejsca<\/li>\n<li>Ogniwa LiFePO4 klasy A i 10-letnia gwarancja<\/li>\n<li>\u017bywotno\u015b\u0107 ponad 6500 cykli i ponad 12-letnia \u017cywotno\u015b\u0107<\/li>\n<li>Inteligentny BMS dla przepi\u0119cia, przet\u0119\u017cenia, prze\u0142adowania itp.<\/li>\n<li>Obs\u0142uguje komunikacj\u0119 RS485, CAN i WiFi<\/li>\n<li>Mo\u017cliwo\u015b\u0107 r\u00f3wnoleg\u0142ej rozbudowy do 25,6 kWh<\/li>\n<li>Mo\u017cliwo\u015b\u0107 dostosowania przez profesjonalny zesp\u00f3\u0142 in\u017cynier\u00f3w<\/li>\n<\/ul>\n<h2>Wbudowany inteligentny system BMS<\/h2>\n<p>\n    Zintegrowany inteligentny system zarz\u0105dzania akumulatorem (BMS) zapewnia ochron\u0119 w czasie rzeczywistym<br \/>\n    przed przepi\u0119ciem, przet\u0119\u017ceniem, nadmiernym roz\u0142adowaniem, przegrzaniem i innymi anomaliami.\n  <\/p>\n<h2>Ruchoma konstrukcja akumulatora<\/h2>\n<p>\n    Konstrukcja umo\u017cliwiaj\u0105ca uk\u0142adanie w stosy jest wyposa\u017cona w zamontowane u do\u0142u ko\u0142a pasowe zapewniaj\u0105ce wygodn\u0105 mobilno\u015b\u0107 w pomieszczeniach.<br \/>\n    Zintegrowany ekran LCD umo\u017cliwia monitorowanie i zarz\u0105dzanie bateri\u0105 w czasie rzeczywistym.\n  <\/p>\n<h2>Scenariusze zastosowa\u0144<\/h2>\n<ul>\n<li>Magazynowanie energii dla gospodarstw domowych<\/li>\n<li>Systemy magazynowania energii s\u0142onecznej<\/li>\n<li>Komercyjne magazynowanie energii<\/li>\n<li>Systemy UPS<\/li>\n<li>Biura centralne i stacje telekomunikacyjne<\/li>\n<li>Infrastruktura elektroenergetyczna<\/li>\n<\/ul>\n<p class=\"note\">\n    Dost\u0119pny jest film demonstracyjny pokazuj\u0105cy stan dzia\u0142ania akumulator\u00f3w Ecavix po pod\u0142\u0105czeniu do falownika.\n  <\/p>\n<\/div>","protected":false},"excerpt":{"rendered":"<p>Sztaplowana bateria litowa 48 V\/51,2 V 100 Ah do domowego systemu magazynowania energii s\u0142onecznej ESS firmy Ecavix, sztaplowana bateria domowa 5,12 kWh produkowana przez firm\u0119 Ecavix obs\u0142uguje r\u00f3wnoleg\u0142e u\u017cytkowanie.<br \/>\n    Mo\u017cna pod\u0142\u0105czy\u0107 do pi\u0119ciu akumulator\u00f3w o pojemno\u015bci 5,12 kWh, aby uzyska\u0107 \u0142\u0105czn\u0105 pojemno\u015b\u0107 25 kWh.<br \/>\n    Ta modu\u0142owa konstrukcja zapewnia elastyczno\u015b\u0107 i mo\u017cliwo\u015b\u0107 dostosowania do r\u00f3\u017cnych potrzeb w zakresie magazynowania energii.<\/p>","protected":false},"featured_media":3077,"comment_status":"closed","ping_status":"closed","template":"","meta":{"_uag_custom_page_level_css":"","neve_meta_sidebar":"","neve_meta_container":"","neve_meta_enable_content_width":"off","neve_meta_content_width":100,"neve_meta_title_alignment":"","neve_meta_author_avatar":"","neve_post_elements_order":"","neve_meta_disable_header":"","neve_meta_disable_footer":"","neve_meta_disable_title":""},"product_brand":[],"product_cat":[82,86],"product_tag":[],"class_list":{"0":"post-3076","1":"product","2":"type-product","3":"status-publish","4":"has-post-thumbnail","6":"product_cat-residential-storage-battery","7":"product_cat-stacked-battery-residential-storage-battery","9":"first","10":"instock","11":"shipping-taxable","12":"product-type-simple"},"uagb_featured_image_src":{"full":["https:\/\/ecavix.com\/wp-content\/uploads\/2025\/08\/Stackable-Home-Battery-HS51100-05-.jpg",1000,1000,false],"thumbnail":["https:\/\/ecavix.com\/wp-content\/uploads\/2025\/08\/Stackable-Home-Battery-HS51100-05--150x150.jpg",150,150,true],"medium":["https:\/\/ecavix.com\/wp-content\/uploads\/2025\/08\/Stackable-Home-Battery-HS51100-05--300x300.jpg",300,300,true],"medium_large":["https:\/\/ecavix.com\/wp-content\/uploads\/2025\/08\/Stackable-Home-Battery-HS51100-05--768x768.jpg",768,768,true],"large":["https:\/\/ecavix.com\/wp-content\/uploads\/2025\/08\/Stackable-Home-Battery-HS51100-05-.jpg",1000,1000,false],"1536x1536":["https:\/\/ecavix.com\/wp-content\/uploads\/2025\/08\/Stackable-Home-Battery-HS51100-05-.jpg",1000,1000,false],"2048x2048":["https:\/\/ecavix.com\/wp-content\/uploads\/2025\/08\/Stackable-Home-Battery-HS51100-05-.jpg",1000,1000,false],"trp-custom-language-flag":["https:\/\/ecavix.com\/wp-content\/uploads\/2025\/08\/Stackable-Home-Battery-HS51100-05-.jpg",12,12,false],"neve-blog":["https:\/\/ecavix.com\/wp-content\/uploads\/2025\/08\/Stackable-Home-Battery-HS51100-05--930x620.jpg",930,620,true],"woocommerce_thumbnail":["https:\/\/ecavix.com\/wp-content\/uploads\/2025\/08\/Stackable-Home-Battery-HS51100-05--300x300.jpg",300,300,true],"woocommerce_single":["https:\/\/ecavix.com\/wp-content\/uploads\/2025\/08\/Stackable-Home-Battery-HS51100-05--600x600.jpg",600,600,true],"woocommerce_gallery_thumbnail":["https:\/\/ecavix.com\/wp-content\/uploads\/2025\/08\/Stackable-Home-Battery-HS51100-05--100x100.jpg",100,100,true]},"uagb_author_info":{"display_name":"solvitaenergylimited@gmail.com","author_link":"https:\/\/ecavix.com\/pl\/author\/"},"uagb_comment_info":0,"uagb_excerpt":"Stackable Lithium Battery 48V\/51.2v 100ah for Ecavix Home Solar Energy Storage System ESS, The 5.12kWh stackable home battery produced by Ecavix supports parallel use. Up to five 5.12kWh batteries can be connected to reach a total capacity of 25kWh. This modular design ensures flexibility and adaptability for various energy storage needs.","_links":{"self":[{"href":"https:\/\/ecavix.com\/pl\/wp-json\/wp\/v2\/product\/3076","targetHints":{"allow":["GET"]}}],"collection":[{"href":"https:\/\/ecavix.com\/pl\/wp-json\/wp\/v2\/product"}],"about":[{"href":"https:\/\/ecavix.com\/pl\/wp-json\/wp\/v2\/types\/product"}],"replies":[{"embeddable":true,"href":"https:\/\/ecavix.com\/pl\/wp-json\/wp\/v2\/comments?post=3076"}],"wp:featuredmedia":[{"embeddable":true,"href":"https:\/\/ecavix.com\/pl\/wp-json\/wp\/v2\/media\/3077"}],"wp:attachment":[{"href":"https:\/\/ecavix.com\/pl\/wp-json\/wp\/v2\/media?parent=3076"}],"wp:term":[{"taxonomy":"product_brand","embeddable":true,"href":"https:\/\/ecavix.com\/pl\/wp-json\/wp\/v2\/product_brand?post=3076"},{"taxonomy":"product_cat","embeddable":true,"href":"https:\/\/ecavix.com\/pl\/wp-json\/wp\/v2\/product_cat?post=3076"},{"taxonomy":"product_tag","embeddable":true,"href":"https:\/\/ecavix.com\/pl\/wp-json\/wp\/v2\/product_tag?post=3076"}],"curies":[{"name":"wp","href":"https:\/\/api.w.org\/{rel}","templated":true}]}}