{"id":3069,"date":"2025-08-05T08:29:58","date_gmt":"2025-08-05T08:29:58","guid":{"rendered":"https:\/\/ecavix.com\/?post_type=product&#038;p=3069"},"modified":"2025-08-12T06:32:21","modified_gmt":"2025-08-12T06:32:21","slug":"51-2v-100ah-200ah-akumulator-bazowy-ecavix","status":"publish","type":"product","link":"https:\/\/ecavix.com\/pl\/product\/51-2v-100ah-200ah-ground-base-battery-ecavix\/","title":{"rendered":"Akumulator bazowy 51.2V 100Ah\uff0c51.2V 200ah"},"content":{"rendered":"<h1>Akumulator bazowy 51.2V 100Ah\uff0c51.2V 200ah<\/h1>\n<p>\n    <a href=\"\/pl\/\">Ecavix w pionie<\/a> <span class=\"highlight\">Akumulator bazowy 51.2V 100Ah\uff0c51.2V 200ah<\/span> jest przeznaczony do magazynowania energii w budynkach mieszkalnych i komercyjnych, oferuj\u0105c modu\u0142owe pojemno\u015bci od <strong>5,12 kWh do 10,24 kWh<\/strong>. Przyjmuje klas\u0119 A <strong>LiFePO4<\/strong> ogniw o wyj\u0105tkowym bezpiecze\u0144stwie i trwa\u0142o\u015bci. Dzi\u0119ki d\u0142ugim cyklom \u017cycia, inteligentnej ochronie BMS i elastycznym mo\u017cliwo\u015bciom pracy r\u00f3wnoleg\u0142ej, bateria ta jest idealna do zasilania awaryjnego, solarnego ESS i zastosowa\u0144 poza sieci\u0105.\n  <\/p>\n<h2>Najwa\u017cniejsze cechy baterii bazowej<\/h2>\n<ul>\n<li>Zupe\u0142nie nowe ogniwa litowo-\u017celazowo-fosforanowe klasy A.<\/li>\n<li>Inteligentny system BMS z monitorowaniem w czasie rzeczywistym i pasywnym r\u00f3wnowa\u017ceniem.<\/li>\n<li>Wysoka \u017cywotno\u015b\u0107: ponad 6500 cykli, 12-letnia \u017cywotno\u015b\u0107.<\/li>\n<li>Obs\u0142uguje do 15 jednostek r\u00f3wnolegle w celu \u0142atwej rozbudowy pojemno\u015bci.<\/li>\n<li>Stabilny termicznie sk\u0142ad chemiczny zapewnia maksymalne bezpiecze\u0144stwo.<\/li>\n<li>W pe\u0142ni konfigurowalne: napi\u0119cie, pr\u0105d, porty, rozmiar, Bluetooth, ogrzewanie itp.<\/li>\n<li>Us\u0142uga OEM\/ODM dost\u0119pna dla projekt\u00f3w przemys\u0142owych i mieszkaniowych.<\/li>\n<\/ul>\n<h2>Skalowalny system magazynowania energii<\/h2>\n<p>Mo\u017cna \u0142\u0105czy\u0107 wiele jednostek r\u00f3wnolegle, aby zaspokoi\u0107 r\u00f3\u017cne potrzeby energetyczne:<\/p>\n<ul>\n<li>3 \u00d7 51,2V 200Ah \u2192 <strong>30,72 kWh<\/strong><\/li>\n<li>15 \u00d7 10,24 kWh jednostek \u2192 <strong>153,6 kWh<\/strong> ESS na du\u017c\u0105 skal\u0119<\/li>\n<\/ul>\n<p><img decoding=\"async\" src=\"https:\/\/ecavix.com\/wp-content\/uploads\/2025\/08\/01-1-249x300.jpg\" style='width:100%;height:auto:margin:auto' alt=\"Bateria naziemna\" width=\"249\" height=\"300\" class=\"alignnone size-medium wp-image-3070\" srcset=\"https:\/\/ecavix.com\/wp-content\/uploads\/2025\/08\/01-1-249x300.jpg 249w, https:\/\/ecavix.com\/wp-content\/uploads\/2025\/08\/01-1-850x1024.jpg 850w, https:\/\/ecavix.com\/wp-content\/uploads\/2025\/08\/01-1-768x925.jpg 768w, https:\/\/ecavix.com\/wp-content\/uploads\/2025\/08\/01-1-1275x1536.jpg 1275w, https:\/\/ecavix.com\/wp-content\/uploads\/2025\/08\/01-1-1700x2048.jpg 1700w, https:\/\/ecavix.com\/wp-content\/uploads\/2025\/08\/01-1-600x723.jpg 600w\" sizes=\"(max-width: 249px) 100vw, 249px\" \/><\/p>\n<h2>Specyfikacja techniczna<\/h2>\n<table>\n<tr>\n<th>Seria modeli<\/th>\n<td>DL-LFP-LVM10 \/ LVM15 \/ LVM15L<\/td>\n<\/tr>\n<tr>\n<th>Napi\u0119cie nominalne<\/th>\n<td>51.2V<\/td>\n<\/tr>\n<tr>\n<th>Nominalny zakres wydajno\u015bci<\/th>\n<td>200Ah do 600Ah<\/td>\n<\/tr>\n<tr>\n<th>Pojemno\u015b\u0107 energetyczna<\/th>\n<td>10,24 kWh ~ 32 kWh<\/td>\n<\/tr>\n<tr>\n<th>Typ kom\u00f3rki<\/th>\n<td>LiFePO4 (klasa A)<\/td>\n<\/tr>\n<tr>\n<th>Cykl \u017cycia<\/th>\n<td>\u2265 6500 cykli<\/td>\n<\/tr>\n<tr>\n<th>Design Life<\/th>\n<td>12 lat<\/td>\n<\/tr>\n<tr>\n<th>Maksymalna liczba jednostek r\u00f3wnoleg\u0142ych<\/th>\n<td>15<\/td>\n<\/tr>\n<tr>\n<th>Komunikacja<\/th>\n<td>RS485 \/ CAN<\/td>\n<\/tr>\n<tr>\n<th>Typ monta\u017cu<\/th>\n<td>Pionowe \/ stoj\u0105ce<\/td>\n<\/tr>\n<tr>\n<th>Temperatura \u0142adowania<\/th>\n<td>0\u2103 ~ 45\u2103<\/td>\n<\/tr>\n<tr>\n<th>Temperatura roz\u0142adowania<\/th>\n<td>-20\u2103 ~ 55\u2103<\/td>\n<\/tr>\n<tr>\n<th>Opcje dostosowywania<\/th>\n<td>Bluetooth, ogrzewanie, wygl\u0105d, porty, rozmiar<\/td>\n<\/tr>\n<tr>\n<th>Certyfikaty<\/th>\n<td>CE, UN38.3, MSDS, RoHS<\/td>\n<\/tr>\n<\/table>\n<h2>Dost\u0119pne konfiguracje<\/h2>\n<ul>\n<li>51,2 V 200 Ah - 10,24 kWh<\/li>\n<li>51,2 V 230 Ah - 11,78 kWh<\/li>\n<li>51.2V 280Ah - 14.34kWh<\/li>\n<li>51.2V 305Ah - 15.62kWh<\/li>\n<li>51,2 V 314 Ah - 16,07 kWh<\/li>\n<li>Inne pojemno\u015bci: 28 kWh, 32 kWh (niestandardowe)<\/li>\n<\/ul>\n<h2>Zastosowania<\/h2>\n<ul>\n<li>Domowy system magazynowania energii s\u0142onecznej (ESS)<\/li>\n<li>Zasilanie awaryjne do u\u017cytku domowego i komercyjnego<\/li>\n<li>Mikrosieci i systemy zasilania poza sieci\u0105<\/li>\n<li>UPS i zmiana energii w celu oszcz\u0119dzania energii w godzinach szczytu<\/li>\n<\/ul>\n<h2>Dlaczego warto wybra\u0107 Ecavix Energy?<\/h2>\n<ul>\n<li>Ponad 11 lat do\u015bwiadczenia w produkcji baterii litowych<\/li>\n<li>Szeroki zakres napi\u0119cia: 12V do 96V LiFePO4 i systemy magazynowania energii<\/li>\n<li>Wewn\u0119trzny zesp\u00f3\u0142 in\u017cynier\u00f3w zapewniaj\u0105cy elastyczne dostosowanie OEM\/ODM<\/li>\n<li>10-letnia gwarancja serwisu posprzeda\u017cowego<\/li>\n<li>\u015acis\u0142e dopasowanie ogniw i inteligentne r\u00f3wnowa\u017cenie zapewniaj\u0105ce sp\u00f3jno\u015b\u0107 baterii<\/li>\n<\/ul>","protected":false},"excerpt":{"rendered":"<p>Pionowa bateria litowa 51,2 V o pojemno\u015bci od 5,12 kWh do 10,24 kWh, wykorzystuj\u0105ca ogniwa LiFePO4 klasy A, ochron\u0119 BMS, mo\u017cliwo\u015b\u0107 rozbudowy r\u00f3wnoleg\u0142ej i d\u0142ug\u0105 \u017cywotno\u015b\u0107. Idealna do system\u00f3w solarnych ESS i tworzenia kopii zapasowych.<\/p>","protected":false},"featured_media":3070,"comment_status":"closed","ping_status":"closed","template":"","meta":{"_uag_custom_page_level_css":"","neve_meta_sidebar":"","neve_meta_container":"","neve_meta_enable_content_width":"off","neve_meta_content_width":100,"neve_meta_title_alignment":"","neve_meta_author_avatar":"","neve_post_elements_order":"","neve_meta_disable_header":"","neve_meta_disable_footer":"","neve_meta_disable_title":""},"product_brand":[],"product_cat":[103,82],"product_tag":[],"class_list":{"0":"post-3069","1":"product","2":"type-product","3":"status-publish","4":"has-post-thumbnail","6":"product_cat-ground-base-battery","7":"product_cat-residential-storage-battery","9":"first","10":"instock","11":"shipping-taxable","12":"product-type-simple"},"uagb_featured_image_src":{"full":["https:\/\/ecavix.com\/wp-content\/uploads\/2025\/08\/01-1-scaled.jpg",2125,2560,false],"thumbnail":["https:\/\/ecavix.com\/wp-content\/uploads\/2025\/08\/01-1-150x150.jpg",150,150,true],"medium":["https:\/\/ecavix.com\/wp-content\/uploads\/2025\/08\/01-1-249x300.jpg",249,300,true],"medium_large":["https:\/\/ecavix.com\/wp-content\/uploads\/2025\/08\/01-1-768x925.jpg",768,925,true],"large":["https:\/\/ecavix.com\/wp-content\/uploads\/2025\/08\/01-1-850x1024.jpg",850,1024,true],"1536x1536":["https:\/\/ecavix.com\/wp-content\/uploads\/2025\/08\/01-1-1275x1536.jpg",1275,1536,true],"2048x2048":["https:\/\/ecavix.com\/wp-content\/uploads\/2025\/08\/01-1-1700x2048.jpg",1700,2048,true],"trp-custom-language-flag":["https:\/\/ecavix.com\/wp-content\/uploads\/2025\/08\/01-1-scaled.jpg",10,12,false],"neve-blog":["https:\/\/ecavix.com\/wp-content\/uploads\/2025\/08\/01-1-930x620.jpg",930,620,true],"woocommerce_thumbnail":["https:\/\/ecavix.com\/wp-content\/uploads\/2025\/08\/01-1-300x300.jpg",300,300,true],"woocommerce_single":["https:\/\/ecavix.com\/wp-content\/uploads\/2025\/08\/01-1-600x723.jpg",600,723,true],"woocommerce_gallery_thumbnail":["https:\/\/ecavix.com\/wp-content\/uploads\/2025\/08\/01-1-100x100.jpg",100,100,true]},"uagb_author_info":{"display_name":"solvitaenergylimited@gmail.com","author_link":"https:\/\/ecavix.com\/pl\/author\/"},"uagb_comment_info":0,"uagb_excerpt":"51.2V vertical lithium battery with capacities from 5.12KWh to 10.24KWh Ground Base Battery, using Grade A LiFePO4 cells, BMS protection, parallel expansion, and long lifespan. Ideal for solar ESS and backup.","_links":{"self":[{"href":"https:\/\/ecavix.com\/pl\/wp-json\/wp\/v2\/product\/3069","targetHints":{"allow":["GET"]}}],"collection":[{"href":"https:\/\/ecavix.com\/pl\/wp-json\/wp\/v2\/product"}],"about":[{"href":"https:\/\/ecavix.com\/pl\/wp-json\/wp\/v2\/types\/product"}],"replies":[{"embeddable":true,"href":"https:\/\/ecavix.com\/pl\/wp-json\/wp\/v2\/comments?post=3069"}],"wp:featuredmedia":[{"embeddable":true,"href":"https:\/\/ecavix.com\/pl\/wp-json\/wp\/v2\/media\/3070"}],"wp:attachment":[{"href":"https:\/\/ecavix.com\/pl\/wp-json\/wp\/v2\/media?parent=3069"}],"wp:term":[{"taxonomy":"product_brand","embeddable":true,"href":"https:\/\/ecavix.com\/pl\/wp-json\/wp\/v2\/product_brand?post=3069"},{"taxonomy":"product_cat","embeddable":true,"href":"https:\/\/ecavix.com\/pl\/wp-json\/wp\/v2\/product_cat?post=3069"},{"taxonomy":"product_tag","embeddable":true,"href":"https:\/\/ecavix.com\/pl\/wp-json\/wp\/v2\/product_tag?post=3069"}],"curies":[{"name":"wp","href":"https:\/\/api.w.org\/{rel}","templated":true}]}}