{"id":2693,"date":"2025-07-22T06:08:42","date_gmt":"2025-07-22T06:08:42","guid":{"rendered":"https:\/\/ecavix.com\/?post_type=product&#038;p=2693"},"modified":"2025-08-12T06:31:24","modified_gmt":"2025-08-12T06:31:24","slug":"25-6v-200ah-5-12kwh-nascienna-bateria-sloneczna-ess-dl-lfp-hw25200","status":"publish","type":"product","link":"https:\/\/ecavix.com\/pl\/product\/25-6v-200ah-5-12kwh-wall-mount-solar-battery-ess-dl-lfp-hw25200\/","title":{"rendered":"Na\u015bcienna bateria litowa 25,6 V 200 Ah 5,12 kWh"},"content":{"rendered":"<br \/>\n<h1>Na\u015bcienna bateria litowa 25,6 V 200 Ah 5,12 kWh<\/h1>\n<p>\n    The <span class=\"highlight\">Na\u015bcienna bateria litowa 25,6 V 200 Ah 5,12 kWh<\/span> zosta\u0142 zaprojektowany z my\u015bl\u0105 o potrzebach magazynowania energii w gospodarstwach domowych i ma\u0142ych firmach. Z pojemno\u015bci\u0105 <strong>5,12 kWh<\/strong>, Oferuje stabilne i wydajne rozwi\u0105zanie zasilania awaryjnego podczas awarii, zapewniaj\u0105c niezale\u017cno\u015b\u0107 energetyczn\u0105 i elastyczno\u015b\u0107 sieci.\n  <\/p>\n<h2>G\u0142\u00f3wne zalety<\/h2>\n<ul>\n<li>Kompaktowa konstrukcja do monta\u017cu na \u015bcianie - oszcz\u0119dno\u015b\u0107 miejsca i \u0142atwo\u015b\u0107 instalacji.<\/li>\n<li>Wbudowany system BMS do ochrony przed prze\u0142adowaniem, nadmiernym roz\u0142adowaniem i zwarciem.<\/li>\n<li>Wysoka \u017cywotno\u015b\u0107 ponad 6500 cykli - d\u0142ugotrwa\u0142a niezawodno\u015b\u0107.<\/li>\n<li>Obs\u0142uguje r\u00f3wnoleg\u0142\u0105 rozbudow\u0119 w celu skalowania magazynowania energii.<\/li>\n<li>Kompatybilny z falownikami RS485 i CAN (np. Deye).<\/li>\n<li>Bezobs\u0142ugowa praca i doskona\u0142a stabilno\u015b\u0107 termiczna.<\/li>\n<\/ul>\n<h2>Na\u015bcienna bateria litowa 25,6 V 200 Ah 5,12 kWh Zastosowania<\/h2>\n<ul>\n<li>Magazynowanie energii dla gospodarstw domowych<\/li>\n<li>System zasilania awaryjnego UPS<\/li>\n<li>System magazynowania energii s\u0142onecznej<\/li>\n<li>Bazowe stacje nadawczo-odbiorcze<\/li>\n<li>Systemy zasilania elektrycznego<\/li>\n<li>Sprz\u0119t telekomunikacyjny<\/li>\n<li>Aplikacje prze\u0142\u0105czaj\u0105ce i nie tylko<\/li>\n<\/ul>\n<h2>Specyfikacja techniczna produktu<\/h2>\n<table>\n<tr>\n<th>Model<\/th>\n<td>DL-LFP-HW25200<\/td>\n<\/tr>\n<tr>\n<th>Napi\u0119cie nominalne<\/th>\n<td>25.6V<\/td>\n<\/tr>\n<tr>\n<th>Pojemno\u015b\u0107 nominalna<\/th>\n<td>200Ah<\/td>\n<\/tr>\n<tr>\n<th>Energia<\/th>\n<td>5,12 kWh<\/td>\n<\/tr>\n<tr>\n<th>Typ kom\u00f3rki<\/th>\n<td>LiFePO4<\/td>\n<\/tr>\n<tr>\n<th>Cykl \u017cycia<\/th>\n<td>\u2265 6500 cykli<\/td>\n<\/tr>\n<tr>\n<th>Zaprojektowane \u017cycie<\/th>\n<td>12 lat<\/td>\n<\/tr>\n<tr>\n<th>Maksymalny pr\u0105d \u0142adowania<\/th>\n<td>100A<\/td>\n<\/tr>\n<tr>\n<th>Maksymalny pr\u0105d roz\u0142adowania<\/th>\n<td>200A<\/td>\n<\/tr>\n<tr>\n<th>Zalecane obci\u0105\u017cenie<\/th>\n<td>3-5 kW<\/td>\n<\/tr>\n<tr>\n<th>Napi\u0119cie odci\u0119cia \u0142adowania<\/th>\n<td>28,8 V \u00b10,2 V<\/td>\n<\/tr>\n<tr>\n<th>Napi\u0119cie odci\u0119cia roz\u0142adowania<\/th>\n<td>22,4 V \u00b10,2 V<\/td>\n<\/tr>\n<tr>\n<th>Terminal<\/th>\n<td>M8<\/td>\n<\/tr>\n<tr>\n<th>Materia\u0142 obudowy<\/th>\n<td>Metalowe pude\u0142ko<\/td>\n<\/tr>\n<tr>\n<th>Komunikacja<\/th>\n<td>RS485 \/ CAN<\/td>\n<\/tr>\n<tr>\n<th>Temperatura \u0142adowania<\/th>\n<td>0 ~ 45\u2103<\/td>\n<\/tr>\n<tr>\n<th>Temperatura roz\u0142adowania<\/th>\n<td>5 ~ 55\u2103<\/td>\n<\/tr>\n<tr>\n<th>Kolor<\/th>\n<td>Bia\u0142y + Czarny<\/td>\n<\/tr>\n<tr>\n<th>Waga<\/th>\n<td>36 \u00b10,5 kg<\/td>\n<\/tr>\n<tr>\n<th>Wymiary (d\u0142.\u00d7szer.\u00d7wys.)<\/th>\n<td>730 \u00d7 330 \u00d7 145\/180 mm<\/td>\n<\/tr>\n<tr>\n<th>Typ monta\u017cu<\/th>\n<td>Monta\u017c na \u015bcianie<\/td>\n<\/tr>\n<\/table>\n<h2>Inne poziome modele na\u015bcienne<\/h2>\n<ul>\n<li><strong>DL-LFP-HW51200<\/strong> - 51,2 V 200 Ah (10,24 kWh)<\/li>\n<li><strong>DL-LFP-HW25200<\/strong> - 25,6 V 200 Ah (5,12 kWh)<\/li>\n<\/ul>\n<h2>Dlaczego warto wybra\u0107 Delong Energy?<\/h2>\n<ul>\n<li>Ponad 11 lat do\u015bwiadczenia w produkcji baterii litowych.<\/li>\n<li>Szeroka gama produkt\u00f3w: 12V-96V litowe, ESS, przeno\u015bne banki energii.<\/li>\n<li>Obs\u0142uguje us\u0142ugi OEM, ODM i OBM.<\/li>\n<li>Mo\u017cliwo\u015b\u0107 dostosowania napi\u0119cia, nat\u0119\u017cenia, pojemno\u015bci i wygl\u0105du.<\/li>\n<li>10-letnia gwarancja posprzeda\u017cowa z profesjonalnym wsparciem technicznym.<\/li>\n<\/ul>","protected":false},"excerpt":{"rendered":"<p>Na\u015bcienna bateria litowa 25,6 V 200 Ah 5,12 kWh do przechowywania energii w gospodarstwie domowym. Bezpieczny, kompaktowy, o d\u0142ugiej \u017cywotno\u015bci, kompatybilny z falownikiem. Idealne rozwi\u0105zanie zapasowe dla dom\u00f3w i ma\u0142ych firm.<\/p>","protected":false},"featured_media":3053,"comment_status":"closed","ping_status":"closed","template":"","meta":{"_uag_custom_page_level_css":"","neve_meta_sidebar":"","neve_meta_container":"","neve_meta_enable_content_width":"off","neve_meta_content_width":100,"neve_meta_title_alignment":"","neve_meta_author_avatar":"","neve_post_elements_order":"","neve_meta_disable_header":"","neve_meta_disable_footer":"","neve_meta_disable_title":""},"product_brand":[],"product_cat":[82,85],"product_tag":[],"class_list":{"0":"post-2693","1":"product","2":"type-product","3":"status-publish","4":"has-post-thumbnail","6":"product_cat-residential-storage-battery","7":"product_cat-wall-mounted-battery-residential-storage-battery","9":"first","10":"instock","11":"shipping-taxable","12":"product-type-simple"},"uagb_featured_image_src":{"full":["https:\/\/ecavix.com\/wp-content\/uploads\/2025\/07\/01-2-scaled.jpg",2560,2188,false],"thumbnail":["https:\/\/ecavix.com\/wp-content\/uploads\/2025\/07\/01-2-150x150.jpg",150,150,true],"medium":["https:\/\/ecavix.com\/wp-content\/uploads\/2025\/07\/01-2-300x256.jpg",300,256,true],"medium_large":["https:\/\/ecavix.com\/wp-content\/uploads\/2025\/07\/01-2-768x656.jpg",768,656,true],"large":["https:\/\/ecavix.com\/wp-content\/uploads\/2025\/07\/01-2-1024x875.jpg",1024,875,true],"1536x1536":["https:\/\/ecavix.com\/wp-content\/uploads\/2025\/07\/01-2-1536x1313.jpg",1536,1313,true],"2048x2048":["https:\/\/ecavix.com\/wp-content\/uploads\/2025\/07\/01-2-2048x1750.jpg",2048,1750,true],"trp-custom-language-flag":["https:\/\/ecavix.com\/wp-content\/uploads\/2025\/07\/01-2-scaled.jpg",14,12,false],"neve-blog":["https:\/\/ecavix.com\/wp-content\/uploads\/2025\/07\/01-2-930x620.jpg",930,620,true],"woocommerce_thumbnail":["https:\/\/ecavix.com\/wp-content\/uploads\/2025\/07\/01-2-300x300.jpg",300,300,true],"woocommerce_single":["https:\/\/ecavix.com\/wp-content\/uploads\/2025\/07\/01-2-600x513.jpg",600,513,true],"woocommerce_gallery_thumbnail":["https:\/\/ecavix.com\/wp-content\/uploads\/2025\/07\/01-2-100x100.jpg",100,100,true]},"uagb_author_info":{"display_name":"solvitaenergylimited@gmail.com","author_link":"https:\/\/ecavix.com\/pl\/author\/"},"uagb_comment_info":0,"uagb_excerpt":"Wall Mount Lithium Battery 25.6V 200Ah 5.12kWh for household energy storage. Safe, compact, long life, inverter compatible. Ideal backup for homes and small businesses.","_links":{"self":[{"href":"https:\/\/ecavix.com\/pl\/wp-json\/wp\/v2\/product\/2693","targetHints":{"allow":["GET"]}}],"collection":[{"href":"https:\/\/ecavix.com\/pl\/wp-json\/wp\/v2\/product"}],"about":[{"href":"https:\/\/ecavix.com\/pl\/wp-json\/wp\/v2\/types\/product"}],"replies":[{"embeddable":true,"href":"https:\/\/ecavix.com\/pl\/wp-json\/wp\/v2\/comments?post=2693"}],"wp:featuredmedia":[{"embeddable":true,"href":"https:\/\/ecavix.com\/pl\/wp-json\/wp\/v2\/media\/3053"}],"wp:attachment":[{"href":"https:\/\/ecavix.com\/pl\/wp-json\/wp\/v2\/media?parent=2693"}],"wp:term":[{"taxonomy":"product_brand","embeddable":true,"href":"https:\/\/ecavix.com\/pl\/wp-json\/wp\/v2\/product_brand?post=2693"},{"taxonomy":"product_cat","embeddable":true,"href":"https:\/\/ecavix.com\/pl\/wp-json\/wp\/v2\/product_cat?post=2693"},{"taxonomy":"product_tag","embeddable":true,"href":"https:\/\/ecavix.com\/pl\/wp-json\/wp\/v2\/product_tag?post=2693"}],"curies":[{"name":"wp","href":"https:\/\/api.w.org\/{rel}","templated":true}]}}