{"id":2688,"date":"2025-07-22T05:54:22","date_gmt":"2025-07-22T05:54:22","guid":{"rendered":"https:\/\/ecavix.com\/?post_type=product&#038;p=2688"},"modified":"2025-08-12T06:28:10","modified_gmt":"2025-08-12T06:28:10","slug":"51-2v-100ah-5-12kwh-bateria-litowa-do-montazu-na-scianie-do-domowych-systemow-magazynowania-energii-klasa-a-ogniwa-lifepo4-ochrona-bms-dluga-zywotnosc-kompatybilnosc-z-falownikiem","status":"publish","type":"product","link":"https:\/\/ecavix.com\/pl\/product\/51-2v-100ah-5-12kwh-wall-mount-lithium-battery-for-home-energy-storage-systems-grade-a-lifepo4-cells-bms-protection-long-lifespan-inverter-compatibility\/","title":{"rendered":"Na\u015bcienna bateria litowa 51,2 V 100 Ah 5,12 kWh"},"content":{"rendered":"<br \/>\n<h1>Na\u015bcienna bateria litowa 51,2 V 100 Ah 5,12 kWh do domowych system\u00f3w magazynowania energii. Ogniwa LiFePO4 klasy A, ochrona BMS, d\u0142uga \u017cywotno\u015b\u0107, kompatybilno\u015b\u0107 z falownikiem.<\/h1>\n<p>\n    The <span class=\"highlight\">Na\u015bcienna bateria litowa 51,2 V 100 Ah 5,12 kWh<\/span> jest niezb\u0119dnym elementem nowoczesnych domowych system\u00f3w magazynowania energii. Dzi\u0119ki pojemno\u015bci <strong>5,12 kWh<\/strong>Magazynuje czyst\u0105 energi\u0119 generowan\u0105 przez panele s\u0142oneczne, umo\u017cliwiaj\u0105c gospodarstwom domowym zmniejszenie zale\u017cno\u015bci od sieci, zarz\u0105dzanie szczytowym zu\u017cyciem energii elektrycznej i zapewnienie bezpiecze\u0144stwa energetycznego podczas przerw w dostawie energii. Kompaktowa konstrukcja, inteligentny system BMS i kompatybilno\u015b\u0107 z falownikiem sprawiaj\u0105, \u017ce jest to idealne rozwi\u0105zanie do zastosowa\u0144 zwi\u0105zanych z magazynowaniem energii w gospodarstwach domowych.\n  <\/p>\n<h2>G\u0142\u00f3wne zalety<\/h2>\n<ul>\n<li>Mo\u017cliwo\u015b\u0107 monta\u017cu na\u015bciennego i pi\u0119trowego zapewnia elastyczno\u015b\u0107 instalacji.<\/li>\n<li>Zintegrowany inteligentny system BMS dla pe\u0142nej ochrony.<\/li>\n<li>Wysoka g\u0119sto\u015b\u0107 energii, stabilna wydajno\u015b\u0107 i d\u0142uga \u017cywotno\u015b\u0107.<\/li>\n<li>Obs\u0142uguje r\u00f3wnoleg\u0142\u0105 rozbudow\u0119 dla wi\u0119kszego zapotrzebowania na energi\u0119.<\/li>\n<li>Kompatybilny z g\u0142\u00f3wnymi falownikami: Deye, Growatt, SMA, Victron itp.<\/li>\n<li>Konfigurowalne protoko\u0142y komunikacyjne i konfiguracje systemu.<\/li>\n<li>Ekologiczne, bezpieczne i bezobs\u0142ugowe dzia\u0142anie.<\/li>\n<\/ul>\n<h2>Ogniwa LiFePO4 klasy A<\/h2>\n<p>\n    Aby zapewni\u0107 trwa\u0142o\u015b\u0107 i bezpiecze\u0144stwo, bateria ta wykorzystuje <strong>Ogniwa litowo-\u017celazowo-fosforanowe klasy A<\/strong> od najlepszych producent\u00f3w, takich jak BYD. Ogniwa te oferuj\u0105 sta\u0142\u0105 wydajno\u015b\u0107, niski poziom samoroz\u0142adowania i wyd\u0142u\u017con\u0105 \u017cywotno\u015b\u0107, dzi\u0119ki czemu idealnie nadaj\u0105 si\u0119 do domowego magazynowania energii.\n  <\/p>\n<h2>Inteligentny system BMS i komunikacja<\/h2>\n<p>\n    Wbudowany <strong>System zarz\u0105dzania akumulatorem (BMS)<\/strong> Zapobiega prze\u0142adowaniu, nadmiernemu roz\u0142adowaniu, zwarciom i przegrzaniu. Obs\u0142uguje protoko\u0142y RS485, RS232 i CANBUS w celu bezproblemowej integracji z oprogramowaniem monitoruj\u0105cym i falownikami. Na \u017cyczenie mo\u017cna skonfigurowa\u0107 niestandardowe ustawienia komunikacji BMS.\n  <\/p>\n<h2>Kompatybilno\u015b\u0107 falownika<\/h2>\n<p>\n    Akumulator ten zosta\u0142 zaprojektowany z my\u015bl\u0105 o pe\u0142nej kompatybilno\u015bci z popularnymi markami falownik\u00f3w i kontroler\u00f3w MPPT, w tym:\n  <\/p>\n<ul>\n<li>Deye<\/li>\n<li>Growatt<\/li>\n<li>SMA<\/li>\n<li>Victron<\/li>\n<\/ul>\n<p>Je\u015bli potrzebujesz dopasowania falownika lub dostosowania protoko\u0142u, SUNNEW zapewnia dostosowane rozwi\u0105zania zapewniaj\u0105ce p\u0142ynn\u0105 integracj\u0119.<\/p>\n<h2>Rozszerzalna pojemno\u015b\u0107 systemu<\/h2>\n<p>\n    Dzi\u0119ki po\u0142\u0105czeniu r\u00f3wnoleg\u0142emu mo\u017cna skalowa\u0107 system akumulator\u00f3w, aby sprosta\u0107 wi\u0119kszym wymaganiom w zakresie magazynowania energii:\n  <\/p>\n<ul>\n<li><strong>DL-LFP51100 \u00d7 1<\/strong> - 5,12 kWh<\/li>\n<li><strong>DL-LFP51100 \u00d7 2<\/strong> - 10,24 kWh<\/li>\n<li><strong>DL-LFP51100 \u00d7 3<\/strong> - 15,36 kWh<\/li>\n<\/ul>\n<h2>Specyfikacja techniczna<\/h2>\n<table>\n<tr>\n<th>Model<\/th>\n<td>DL-LFP51100<\/td>\n<\/tr>\n<tr>\n<th>Napi\u0119cie nominalne<\/th>\n<td>51.2V<\/td>\n<\/tr>\n<tr>\n<th>Pojemno\u015b\u0107 nominalna<\/th>\n<td>100Ah<\/td>\n<\/tr>\n<tr>\n<th>Energia<\/th>\n<td>5,12 kWh<\/td>\n<\/tr>\n<tr>\n<th>Typ kom\u00f3rki<\/th>\n<td>LiFePO4 (klasa A)<\/td>\n<\/tr>\n<tr>\n<th>Cykl \u017cycia<\/th>\n<td>6500+ cykli<\/td>\n<\/tr>\n<tr>\n<th>Temperatura \u0142adowania<\/th>\n<td>0\u2103 ~ 65\u2103<\/td>\n<\/tr>\n<tr>\n<th>Temperatura roz\u0142adowania<\/th>\n<td>-20\u2103 ~ 65\u2103<\/td>\n<\/tr>\n<tr>\n<th>Maksymalny pr\u0105d \u0142adowania<\/th>\n<td>50A<\/td>\n<\/tr>\n<tr>\n<th>Maksymalny pr\u0105d roz\u0142adowania<\/th>\n<td>100A<\/td>\n<\/tr>\n<tr>\n<th>Komunikacja<\/th>\n<td>RS485 \/ RS232 \/ CANBUS<\/td>\n<\/tr>\n<tr>\n<th>Typ monta\u017cu<\/th>\n<td>Montowany na \u015bcianie<\/td>\n<\/tr>\n<tr>\n<th>Wsparcie r\u00f3wnoleg\u0142e<\/th>\n<td>Tak (mo\u017cliwo\u015b\u0107 sztaplowania)<\/td>\n<\/tr>\n<tr>\n<th>Waga<\/th>\n<td>Oko\u0142o 45-50 kg<\/td>\n<\/tr>\n<tr>\n<th>Wymiary<\/th>\n<td>Niestandardowe \/ r\u00f3\u017cni si\u0119 w zale\u017cno\u015bci od przypadku (np. L480\u00d7W170\u00d7H540mm)<\/td>\n<\/tr>\n<tr>\n<th>Certyfikaty<\/th>\n<td>CE, RoHS, UN38.3, MSDS<\/td>\n<\/tr>\n<\/table>\n<h2>Scenariusze przypadk\u00f3w u\u017cycia<\/h2>\n<ul>\n<li>Mieszkaniowy system magazynowania energii s\u0142onecznej ESS (Energy Storage System)<\/li>\n<li>Zasilanie awaryjne dla dom\u00f3w podczas awarii<\/li>\n<li>Niezale\u017cno\u015b\u0107 energetyczna dla \u017cycia poza sieci\u0105<\/li>\n<li>Oszcz\u0119dzanie energii w celu obni\u017cenia rachunk\u00f3w za pr\u0105d<\/li>\n<\/ul>\n<h2>Potrzebujesz 48V 100Ah?<\/h2>\n<p>\n    Je\u015bli Tw\u00f3j system wymaga akumulatora 48V 100Ah, odwied\u017a nasz powi\u0105zany produkt: <strong>DL-LFP48100<\/strong>.\n  <\/p>\n<h2>Specyfikacja techniczna<\/h2>\n<table>\n<tr>\n<th>Model<\/th>\n<td>DL-LFP51100 \u00d7 1P<\/td>\n<td>DL-LFP51100 \u00d7 2P<\/td>\n<td>DL-LFP51100 \u00d7 3P<\/td>\n<\/tr>\n<tr>\n<th>Napi\u0119cie nominalne<\/th>\n<td>51.2V<\/td>\n<td>51.2V<\/td>\n<td>51.2V<\/td>\n<\/tr>\n<tr>\n<th>Pojemno\u015b\u0107 nominalna<\/th>\n<td>100Ah<\/td>\n<td>200Ah<\/td>\n<td>300Ah<\/td>\n<\/tr>\n<tr>\n<th>Energia baterii<\/th>\n<td>5,12 kWh<\/td>\n<td>10,24 kWh<\/td>\n<td>15,36 kWh<\/td>\n<\/tr>\n<tr>\n<th>Maksymalny pr\u0105d \u0142adowania<\/th>\n<td>70A<\/td>\n<td>140A <span style=\"color:#3ca860;\">*<\/span><\/td>\n<td>210A <span style=\"color:#3ca860;\">*<\/span><\/td>\n<\/tr>\n<tr>\n<th>Maksymalny pr\u0105d roz\u0142adowania<\/th>\n<td>100A<\/td>\n<td>200A <span style=\"color:#3ca860;\">*<\/span><\/td>\n<td>300A <span style=\"color:#3ca860;\">*<\/span><\/td>\n<\/tr>\n<tr>\n<th>Zalecane obci\u0105\u017cenie<\/th>\n<td>3~5kW<\/td>\n<td>5~8kW<\/td>\n<td>5~12kW<\/td>\n<\/tr>\n<tr>\n<th>Napi\u0119cie odci\u0119cia \u0142adowania<\/th>\n<td colspan=\"3\">57,6 V \u00b10,2 V<\/td>\n<\/tr>\n<tr>\n<th>Napi\u0119cie odci\u0119cia roz\u0142adowania<\/th>\n<td colspan=\"3\">44,8 V \u00b10,2 V<\/td>\n<\/tr>\n<tr>\n<th>Typ kom\u00f3rki<\/th>\n<td colspan=\"3\">Akumulator LiFePO4<\/td>\n<\/tr>\n<tr>\n<th>Terminal<\/th>\n<td colspan=\"3\">M8<\/td>\n<\/tr>\n<tr>\n<th>Materia\u0142 obudowy<\/th>\n<td colspan=\"3\">Metalowe pude\u0142ko<\/td>\n<\/tr>\n<tr>\n<th>Komunikacja<\/th>\n<td colspan=\"3\">RS485 \/ CAN<\/td>\n<\/tr>\n<tr>\n<th>Temp. \u0142adowania Zakres<\/th>\n<td colspan=\"3\">0\u2103 ~ 45\u2103<\/td>\n<\/tr>\n<tr>\n<th>Temperatura roz\u0142adowania. Zakres<\/th>\n<td colspan=\"3\">-5\u2103 ~ 55\u2103<\/td>\n<\/tr>\n<tr>\n<th>Cykl \u017cycia<\/th>\n<td colspan=\"3\">\u22656500 cykli<\/td>\n<\/tr>\n<tr>\n<th>Design Life<\/th>\n<td colspan=\"3\">12 lat<\/td>\n<\/tr>\n<tr>\n<th>Kolor<\/th>\n<td colspan=\"3\">Bia\u0142y + Czarny<\/td>\n<\/tr>\n<tr>\n<th>Waga<\/th>\n<td>47,5 \u00b10,5 kg<\/td>\n<td>92,5 \u00b10,5 kg<\/td>\n<td>145,5 \u00b10,5 kg<\/td>\n<\/tr>\n<tr>\n<th>Wymiary (d\u0142.\u00d7szer.\u00d7wys.)<\/th>\n<td>483\u00d7220\u00d7460\/490mm<\/td>\n<td>483\u00d7220\u00d7940mm<\/td>\n<td>483\u00d7220\u00d71400mm<\/td>\n<\/tr>\n<tr>\n<th>Typ monta\u017cu<\/th>\n<td colspan=\"3\">Monta\u017c na \u015bcianie \/ mo\u017cliwo\u015b\u0107 uk\u0142adania w stos<\/td>\n<\/tr>\n<\/table>\n<p style=\"font-size: 0.95em; margin-top: 8px;\"><span style=\"color:#3ca860;\">*<\/span> W przypadku po\u0142\u0105czenia r\u00f3wnoleg\u0142ego nale\u017cy upewni\u0107 si\u0119, \u017ce falownik i system obs\u0142uguj\u0105 wy\u017cszy pr\u0105d.<\/p>","protected":false},"excerpt":{"rendered":"<p>Na\u015bcienna bateria litowa 51,2 V 100 Ah 5,12 kWh do domowych system\u00f3w magazynowania energii. Ogniwa LiFePO4 klasy A, ochrona BMS, d\u0142uga \u017cywotno\u015b\u0107, kompatybilno\u015b\u0107 z falownikiem.<\/p>","protected":false},"featured_media":3055,"comment_status":"closed","ping_status":"closed","template":"","meta":{"_uag_custom_page_level_css":"","neve_meta_sidebar":"","neve_meta_container":"","neve_meta_enable_content_width":"off","neve_meta_content_width":100,"neve_meta_title_alignment":"","neve_meta_author_avatar":"","neve_post_elements_order":"","neve_meta_disable_header":"","neve_meta_disable_footer":"","neve_meta_disable_title":""},"product_brand":[],"product_cat":[82,85],"product_tag":[],"class_list":{"0":"post-2688","1":"product","2":"type-product","3":"status-publish","4":"has-post-thumbnail","6":"product_cat-residential-storage-battery","7":"product_cat-wall-mounted-battery-residential-storage-battery","9":"first","10":"instock","11":"shipping-taxable","12":"product-type-simple"},"uagb_featured_image_src":{"full":["https:\/\/ecavix.com\/wp-content\/uploads\/2025\/07\/03-scaled.jpg",2560,2188,false],"thumbnail":["https:\/\/ecavix.com\/wp-content\/uploads\/2025\/07\/03-150x150.jpg",150,150,true],"medium":["https:\/\/ecavix.com\/wp-content\/uploads\/2025\/07\/03-300x256.jpg",300,256,true],"medium_large":["https:\/\/ecavix.com\/wp-content\/uploads\/2025\/07\/03-768x656.jpg",768,656,true],"large":["https:\/\/ecavix.com\/wp-content\/uploads\/2025\/07\/03-1024x875.jpg",1024,875,true],"1536x1536":["https:\/\/ecavix.com\/wp-content\/uploads\/2025\/07\/03-1536x1313.jpg",1536,1313,true],"2048x2048":["https:\/\/ecavix.com\/wp-content\/uploads\/2025\/07\/03-2048x1750.jpg",2048,1750,true],"trp-custom-language-flag":["https:\/\/ecavix.com\/wp-content\/uploads\/2025\/07\/03-scaled.jpg",14,12,false],"neve-blog":["https:\/\/ecavix.com\/wp-content\/uploads\/2025\/07\/03-930x620.jpg",930,620,true],"woocommerce_thumbnail":["https:\/\/ecavix.com\/wp-content\/uploads\/2025\/07\/03-300x300.jpg",300,300,true],"woocommerce_single":["https:\/\/ecavix.com\/wp-content\/uploads\/2025\/07\/03-600x513.jpg",600,513,true],"woocommerce_gallery_thumbnail":["https:\/\/ecavix.com\/wp-content\/uploads\/2025\/07\/03-100x100.jpg",100,100,true]},"uagb_author_info":{"display_name":"solvitaenergylimited@gmail.com","author_link":"https:\/\/ecavix.com\/pl\/author\/"},"uagb_comment_info":0,"uagb_excerpt":"Wall Mount Lithium Battery 51.2V 100Ah 5.12kWh for home energy storage systems. Grade A LiFePO4 cells, BMS protection, long lifespan, inverter compatibility.","_links":{"self":[{"href":"https:\/\/ecavix.com\/pl\/wp-json\/wp\/v2\/product\/2688","targetHints":{"allow":["GET"]}}],"collection":[{"href":"https:\/\/ecavix.com\/pl\/wp-json\/wp\/v2\/product"}],"about":[{"href":"https:\/\/ecavix.com\/pl\/wp-json\/wp\/v2\/types\/product"}],"replies":[{"embeddable":true,"href":"https:\/\/ecavix.com\/pl\/wp-json\/wp\/v2\/comments?post=2688"}],"wp:featuredmedia":[{"embeddable":true,"href":"https:\/\/ecavix.com\/pl\/wp-json\/wp\/v2\/media\/3055"}],"wp:attachment":[{"href":"https:\/\/ecavix.com\/pl\/wp-json\/wp\/v2\/media?parent=2688"}],"wp:term":[{"taxonomy":"product_brand","embeddable":true,"href":"https:\/\/ecavix.com\/pl\/wp-json\/wp\/v2\/product_brand?post=2688"},{"taxonomy":"product_cat","embeddable":true,"href":"https:\/\/ecavix.com\/pl\/wp-json\/wp\/v2\/product_cat?post=2688"},{"taxonomy":"product_tag","embeddable":true,"href":"https:\/\/ecavix.com\/pl\/wp-json\/wp\/v2\/product_tag?post=2688"}],"curies":[{"name":"wp","href":"https:\/\/api.w.org\/{rel}","templated":true}]}}