{"id":2662,"date":"2025-07-22T03:07:55","date_gmt":"2025-07-22T03:07:55","guid":{"rendered":"https:\/\/ecavix.com\/?post_type=product&#038;p=2662"},"modified":"2025-08-18T07:19:25","modified_gmt":"2025-08-18T07:19:25","slug":"12v-150ah-lifepo4-bateria-sloneczna-ecavix","status":"publish","type":"product","link":"https:\/\/ecavix.com\/pl\/product\/12v-150ah-lifepo4-solar-battery-ecavix\/","title":{"rendered":"Zamiennik kwasowo-o\u0142owiowy Ecavix 12v 150ah"},"content":{"rendered":"<br \/>\n<h1>Zamiennik kwasowo-o\u0142owiowy Ecavix 12v 150ah<\/h1>\n<div class=\"section\">\n<p>The <span class=\"highlight\">Zamiennik kwasowo-o\u0142owiowy Ecavix 12v 150ah<\/span> zosta\u0142 zaprojektowany specjalnie do system\u00f3w magazynowania energii s\u0142onecznej i zastosowa\u0144 odnawialnych poza sieci\u0105. Wykorzystuje wy\u0142\u0105cznie naturalne, przyjazne dla \u015brodowiska materia\u0142y wolne od metali ci\u0119\u017ckich, zapewniaj\u0105c zielone rozwi\u0105zanie energetyczne, kt\u00f3re jest bezpieczne, niezawodne i d\u0142ugotrwa\u0142e.<\/p>\n<p>Akumulator ten charakteryzuje si\u0119 wysoce stabiln\u0105 struktur\u0105 chemiczn\u0105, odpowiedni\u0105 do przechowywania i pracy w temperaturach od -20\u00b0C do 60\u00b0C. Jego kompaktowa, wysoce zintegrowana konstrukcja oszcz\u0119dza miejsce instalacji, a wbudowany system BMS zapewnia ochron\u0119 przed prze\u0142adowaniem, g\u0142\u0119bokim roz\u0142adowaniem, przegrzaniem i zwarciami, dzi\u0119ki czemu jest to wysoce bezpieczna i bezobs\u0142ugowa opcja zasilania o \u017cywotno\u015bci ponad 10 lat.<\/p>\n<\/p><\/div>\n<h2>Kluczowe cechy<\/h2>\n<ul>\n<li>Wbudowany system BMS zapewniaj\u0105cy ochron\u0119 przed przepi\u0119ciami, przet\u0119\u017ceniami i przegrzaniem.<\/li>\n<li>Niezwykle bezpieczna chemia LiFePO4 bez ryzyka po\u017caru lub wybuchu.<\/li>\n<li>Obs\u0142uguje aplikacje szeregowe (do 51,2 V) i r\u00f3wnoleg\u0142e.<\/li>\n<li>Do <strong>3000+ cykli<\/strong> przy 80% DOD; ponad 10 lat \u017cywotno\u015bci.<\/li>\n<li>W przybli\u017ceniu <strong>40%-50% zapalniczka<\/strong> ni\u017c alternatywne akumulatory kwasowo-o\u0142owiowe.<\/li>\n<li>Naturalne materia\u0142y niezawieraj\u0105ce metali ci\u0119\u017ckich zapewniaj\u0105 maksymalne bezpiecze\u0144stwo dla \u015brodowiska.<\/li>\n<li>Kompaktowa konstrukcja o wysokiej g\u0119sto\u015bci energii i \u0142atwej instalacji.<\/li>\n<\/ul>\n<h2>Scenariusze zastosowa\u0144<\/h2>\n<ul>\n<li>Systemy magazynowania energii s\u0142onecznej i wiatrowej<\/li>\n<li>Zasilacze bezprzerwowe (UPS)<\/li>\n<li>Pojazdy elektryczne, rowery elektryczne, riksze elektryczne<\/li>\n<li>W\u00f3zki golfowe, skutery i w\u00f3zki inwalidzkie<\/li>\n<li>O\u015bwietlenie zewn\u0119trzne i zasilanie awaryjne<\/li>\n<\/ul>\n<h2>Specyfikacja techniczna<\/h2>\n<table>\n<tr>\n<th>Marka<\/th>\n<td>Ecavix <\/td>\n<\/tr>\n<tr>\n<th>Napi\u0119cie nominalne<\/th>\n<td>12.8V<\/td>\n<\/tr>\n<tr>\n<th>Pojemno\u015b\u0107 nominalna<\/th>\n<td>150Ah \/ 1920Wh<\/td>\n<\/tr>\n<tr>\n<th>Technologia kom\u00f3rkowa<\/th>\n<td>LiFePO4<\/td>\n<\/tr>\n<tr>\n<th>Cykl \u017cycia<\/th>\n<td>3000+ cykli<\/td>\n<\/tr>\n<tr>\n<th>\u017bywotno\u015b\u0107<\/th>\n<td>10+ lat<\/td>\n<\/tr>\n<tr>\n<th>Temperatura \u0142adowania<\/th>\n<td>0\u00b0C ~ 65\u00b0C<\/td>\n<\/tr>\n<tr>\n<th>Temperatura roz\u0142adowania<\/th>\n<td>-20\u00b0C ~ 65\u00b0C<\/td>\n<\/tr>\n<tr>\n<th>Maksymalny pr\u0105d \u0142adowania<\/th>\n<td>50A<\/td>\n<\/tr>\n<tr>\n<th>Maksymalny pr\u0105d roz\u0142adowania<\/th>\n<td>100A<\/td>\n<\/tr>\n<tr>\n<th>Napi\u0119cie graniczne \u0142adowarki<\/th>\n<td>14.6V<\/td>\n<\/tr>\n<tr>\n<th>Napi\u0119cie odci\u0119cia roz\u0142adowania<\/th>\n<td>10V<\/td>\n<\/tr>\n<tr>\n<th>Wymiary<\/th>\n<td>L520 \u00d7 W240 \u00d7 H218 mm<\/td>\n<\/tr>\n<tr>\n<th>Waga<\/th>\n<td>20 kg<\/td>\n<\/tr>\n<tr>\n<th>Instalacja<\/th>\n<td>Swobodna instalacja \/ kompaktowy monta\u017c<\/td>\n<\/tr>\n<tr>\n<th>Obs\u0142uga szeregowa\/r\u00f3wnoleg\u0142a<\/th>\n<td>Tak<\/td>\n<\/tr>\n<tr>\n<th>Certyfikaty<\/th>\n<td>CE, RoHS, UN38.3, MSDS<\/td>\n<\/tr>\n<\/table>","protected":false},"excerpt":{"rendered":"<p>Akumulator kwasowo-o\u0142owiowy Ecavix 12v 150ah jest idealny do magazynowania energii s\u0142onecznej, UPS, pojazd\u00f3w elektrycznych i zastosowa\u0144 odnawialnych. Z ponad 10-letni\u0105 \u017cywotno\u015bci\u0105 i wbudowanym systemem BMS.<\/p>","protected":false},"featured_media":3276,"comment_status":"closed","ping_status":"closed","template":"","meta":{"_uag_custom_page_level_css":"","neve_meta_sidebar":"","neve_meta_container":"","neve_meta_enable_content_width":"off","neve_meta_content_width":100,"neve_meta_title_alignment":"","neve_meta_author_avatar":"","neve_post_elements_order":"","neve_meta_disable_header":"","neve_meta_disable_footer":"","neve_meta_disable_title":""},"product_brand":[],"product_cat":[81,82],"product_tag":[],"class_list":{"0":"post-2662","1":"product","2":"type-product","3":"status-publish","4":"has-post-thumbnail","6":"product_cat-lead-acid-replacement","7":"product_cat-residential-storage-battery","9":"first","10":"instock","11":"shipping-taxable","12":"product-type-simple"},"uagb_featured_image_src":{"full":["https:\/\/ecavix.com\/wp-content\/uploads\/2025\/07\/DSC_5537-scaled.jpg",2560,1877,false],"thumbnail":["https:\/\/ecavix.com\/wp-content\/uploads\/2025\/07\/DSC_5537-150x150.jpg",150,150,true],"medium":["https:\/\/ecavix.com\/wp-content\/uploads\/2025\/07\/DSC_5537-300x220.jpg",300,220,true],"medium_large":["https:\/\/ecavix.com\/wp-content\/uploads\/2025\/07\/DSC_5537-768x563.jpg",768,563,true],"large":["https:\/\/ecavix.com\/wp-content\/uploads\/2025\/07\/DSC_5537-1024x751.jpg",1024,751,true],"1536x1536":["https:\/\/ecavix.com\/wp-content\/uploads\/2025\/07\/DSC_5537-1536x1126.jpg",1536,1126,true],"2048x2048":["https:\/\/ecavix.com\/wp-content\/uploads\/2025\/07\/DSC_5537-2048x1502.jpg",2048,1502,true],"trp-custom-language-flag":["https:\/\/ecavix.com\/wp-content\/uploads\/2025\/07\/DSC_5537-scaled.jpg",16,12,false],"neve-blog":["https:\/\/ecavix.com\/wp-content\/uploads\/2025\/07\/DSC_5537-930x620.jpg",930,620,true],"woocommerce_thumbnail":["https:\/\/ecavix.com\/wp-content\/uploads\/2025\/07\/DSC_5537-300x300.jpg",300,300,true],"woocommerce_single":["https:\/\/ecavix.com\/wp-content\/uploads\/2025\/07\/DSC_5537-600x440.jpg",600,440,true],"woocommerce_gallery_thumbnail":["https:\/\/ecavix.com\/wp-content\/uploads\/2025\/07\/DSC_5537-100x100.jpg",100,100,true]},"uagb_author_info":{"display_name":"solvitaenergylimited@gmail.com","author_link":"https:\/\/ecavix.com\/pl\/author\/"},"uagb_comment_info":0,"uagb_excerpt":"Ecavix 12v 150ah Lead Acid Replacement is ideal for solar energy storage, UPS, electric vehicles, and renewable applications. With 10+ years lifespan and built-in BMS.","_links":{"self":[{"href":"https:\/\/ecavix.com\/pl\/wp-json\/wp\/v2\/product\/2662","targetHints":{"allow":["GET"]}}],"collection":[{"href":"https:\/\/ecavix.com\/pl\/wp-json\/wp\/v2\/product"}],"about":[{"href":"https:\/\/ecavix.com\/pl\/wp-json\/wp\/v2\/types\/product"}],"replies":[{"embeddable":true,"href":"https:\/\/ecavix.com\/pl\/wp-json\/wp\/v2\/comments?post=2662"}],"wp:featuredmedia":[{"embeddable":true,"href":"https:\/\/ecavix.com\/pl\/wp-json\/wp\/v2\/media\/3276"}],"wp:attachment":[{"href":"https:\/\/ecavix.com\/pl\/wp-json\/wp\/v2\/media?parent=2662"}],"wp:term":[{"taxonomy":"product_brand","embeddable":true,"href":"https:\/\/ecavix.com\/pl\/wp-json\/wp\/v2\/product_brand?post=2662"},{"taxonomy":"product_cat","embeddable":true,"href":"https:\/\/ecavix.com\/pl\/wp-json\/wp\/v2\/product_cat?post=2662"},{"taxonomy":"product_tag","embeddable":true,"href":"https:\/\/ecavix.com\/pl\/wp-json\/wp\/v2\/product_tag?post=2662"}],"curies":[{"name":"wp","href":"https:\/\/api.w.org\/{rel}","templated":true}]}}